{"id":3000,"date":"2019-04-14T17:17:33","date_gmt":"2019-04-14T15:17:33","guid":{"rendered":"https:\/\/autistischen-kindern-bruecken-bauen.de\/?page_id=3000"},"modified":"2025-11-09T17:25:25","modified_gmt":"2025-11-09T16:25:25","slug":"the-waldon-method","status":"publish","type":"page","link":"https:\/\/janert.info\/en\/die-waldon-methode\/","title":{"rendered":"The Waldon Method"},"content":{"rendered":"<p>[et_pb_section fb_built=&#8220;1&#8243; admin_label=&#8220;Hero Section&#8220; _builder_version=&#8220;4.16&#8243; background_color=&#8220;#05896a&#8220; use_background_color_gradient=&#8220;on&#8220; background_color_gradient_direction=&#8220;1deg&#8220; background_color_gradient_stops=&#8220;#0fa3ae 0%|#0fa3ae 100%&#8220; background_color_gradient_start=&#8220;#0fa3ae&#8220; background_color_gradient_end=&#8220;#0fa3ae&#8220; custom_padding=&#8220;0||0||true|false&#8220; animation_style=&#8220;slide&#8220; animation_direction=&#8220;top&#8220; animation_intensity_slide=&#8220;2%&#8220; animation_starting_opacity=&#8220;100%&#8220; box_shadow_style=&#8220;preset7&#8243; box_shadow_horizontal=&#8220;0px&#8220; box_shadow_vertical=&#8220;-120px&#8220; box_shadow_color=&#8220;#ffffff&#8220; locked=&#8220;off&#8220; global_colors_info=&#8220;{}&#8220;][et_pb_row column_structure=&#8220;1_2,1_2&#8243; _builder_version=&#8220;4.16&#8243; background_size=&#8220;initial&#8220; background_position=&#8220;top_left&#8220; background_repeat=&#8220;repeat&#8220; custom_padding=&#8220;40px|0px|0|0px|false|false&#8220; custom_width_px=&#8220;1440px&#8220; global_colors_info=&#8220;{}&#8220;][et_pb_column type=&#8220;1_2&#8243; _builder_version=&#8220;4.16&#8243; custom_padding=&#8220;|||&#8220; global_colors_info=&#8220;{}&#8220; custom_padding__hover=&#8220;|||&#8220;][et_pb_text _builder_version=&#8220;4.16&#8243; text_font=&#8220;||||||||&#8220; header_font=&#8220;Yanone Kaffeesatz||||||||&#8220; header_text_color=&#8220;#fbd302&#8243; header_font_size=&#8220;58px&#8220; header_line_height=&#8220;1.5em&#8220; header_2_font=&#8220;||||||||&#8220; header_3_font=&#8220;||||||||&#8220; header_4_font=&#8220;||||||||&#8220; header_5_font=&#8220;||||||||&#8220; header_6_font=&#8220;||||||||&#8220; background_color=&#8220;rgba(255,255,255,0)&#8220; background_size=&#8220;initial&#8220; background_position=&#8220;top_left&#8220; background_repeat=&#8220;repeat&#8220; custom_margin=&#8220;||6px|&#8220; locked=&#8220;off&#8220; inline_fonts=&#8220;Yanone Kaffeesatz&#8220; global_colors_info=&#8220;{}&#8220;]<\/p>\n<h1>&#8222;Lernen lernen&#8220; mit der Waldon Methode<\/h1>\n<p>[\/et_pb_text][et_pb_divider show_divider=&#8220;off&#8220; disabled_on=&#8220;on|on|off&#8220; _builder_version=&#8220;4.16&#8243; max_width=&#8220;80px&#8220; module_alignment=&#8220;left&#8220; height=&#8220;10px&#8220; custom_margin=&#8220;||20px|&#8220; animation_style=&#8220;slide&#8220; animation_direction=&#8220;bottom&#8220; saved_tabs=&#8220;all&#8220; locked=&#8220;off&#8220; global_colors_info=&#8220;{}&#8220;][\/et_pb_divider][et_pb_text _builder_version=&#8220;4.16&#8243; text_font=&#8220;Poppins||||||||&#8220; text_text_color=&#8220;rgba(255,255,255,0.8)&#8220; header_font=&#8220;||||||||&#8220; locked=&#8220;off&#8220; global_colors_info=&#8220;{}&#8220;][\/et_pb_text][et_pb_text _builder_version=&#8220;4.16&#8243; text_font=&#8220;Poppins||||||||&#8220; text_text_color=&#8220;rgba(255,255,255,0.8)&#8220; header_font=&#8220;||||||||&#8220; locked=&#8220;off&#8220; global_colors_info=&#8220;{}&#8220;][\/et_pb_text][\/et_pb_column][et_pb_column type=&#8220;1_2&#8243; _builder_version=&#8220;4.16&#8243; custom_padding=&#8220;|||&#8220; global_colors_info=&#8220;{}&#8220; custom_padding__hover=&#8220;|||&#8220;][et_pb_image src=&#8220;https:\/\/janert.info\/wp-content\/uploads\/2019\/06\/Waldon-Marilyn.jpg&#8220; force_fullwidth=&#8220;on&#8220; _builder_version=&#8220;4.16&#8243; custom_margin=&#8220;|||&#8220; custom_padding=&#8220;|||&#8220; animation_style=&#8220;slide&#8220; animation_direction=&#8220;top&#8220; animation_intensity_slide=&#8220;6%&#8220; animation_starting_opacity=&#8220;100%&#8220; box_shadow_style=&#8220;preset1&#8243; box_shadow_vertical=&#8220;10px&#8220; box_shadow_blur=&#8220;100px&#8220; box_shadow_color=&#8220;rgba(0,0,0,0.2)&#8220; global_colors_info=&#8220;{}&#8220;][\/et_pb_image][\/et_pb_column][\/et_pb_row][\/et_pb_section][et_pb_section fb_built=&#8220;1&#8243; _builder_version=&#8220;4.16&#8243; custom_padding=&#8220;11px|||||&#8220; global_colors_info=&#8220;{}&#8220;][et_pb_row _builder_version=&#8220;4.16&#8243; custom_padding=&#8220;5px|0px|24px|0px|false|false&#8220; global_colors_info=&#8220;{}&#8220;][et_pb_column type=&#8220;4_4&#8243; _builder_version=&#8220;4.16&#8243; custom_padding=&#8220;|||&#8220; global_colors_info=&#8220;{}&#8220; custom_padding__hover=&#8220;|||&#8220;][et_pb_text _builder_version=&#8220;4.16&#8243; global_colors_info=&#8220;{}&#8220;]<\/p>\n<div class=\"dslc-modules-section \" data-section-id=\"fa19a886568\">\n<div class=\"dslc-modules-section-wrapper dslc-clearfix\">\n<div class=\"dslc-modules-area dslc-col dslc-12-col dslc-last-col\" data-size=\"12\">\n<div id=\"dslc-module-6d963980098\" class=\"dslc-module-front dslc-module-DSLC_Text_Simple dslc-in-viewport-check dslc-in-viewport-anim-none  dslc-col dslc-12-col dslc-last-col  dslc-module-handle-like-regular  dslc-in-viewport\" data-module-id=\"6d963980098\" data-dslc-module-id=\"DSLC_Text_Simple\" data-dslc-module-size=\"12\" data-dslc-anim=\"none\" data-dslc-anim-delay=\"\" data-dslc-anim-duration=\"650\" data-dslc-anim-easing=\"ease\" data-dslc-preset=\"none\">\n<div class=\"dslc-text-module-content\">\n<h1><span style=\"font-size: xx-large;\"><b>Machen Sie sich Sorgen, denn<\/b><\/span><\/h1>\n<\/div>\n<\/div>\n<\/div>\n<\/div>\n<\/div>\n<div class=\"dslc-modules-section \" data-section-id=\"03c3f7c5be3\">\n<div class=\"dslc-modules-section-wrapper dslc-clearfix\">\n<div class=\"dslc-modules-area dslc-col dslc-12-col dslc-last-col\" data-size=\"12\">\n<div id=\"dslc-module-4f4e5d28bde\" class=\"dslc-module-front dslc-module-DSLC_Text_Simple dslc-in-viewport-check dslc-in-viewport-anim-none  dslc-col dslc-12-col dslc-last-col  dslc-module-handle-like-regular  dslc-in-viewport\" data-module-id=\"4f4e5d28bde\" data-dslc-module-id=\"DSLC_Text_Simple\" data-dslc-module-size=\"12\" data-dslc-anim=\"none\" data-dslc-anim-delay=\"\" data-dslc-anim-duration=\"650\" data-dslc-anim-easing=\"ease\" data-dslc-preset=\"masterasdstyle\">\n<div class=\"dslc-text-module-content\">\n<ul>\n<li>Ihr Kind spricht nicht, spielt nicht, hat kaum Interesse an Interaktion oder daran, seine Umwelt zu explorieren?<\/li>\n<li>Ihr Kind verweigert alle Ihre Angebote miteinander zu spielen und Sie haben das Gef\u00fchl, ihm nichts wirklich beibringen zu k\u00f6nnen?<\/li>\n<li>Sie fragen sich, wie Ihr Kind lernen kann, wenn es nur dauernd auf und abh\u00fcpft, hin und her rennt oder passiv vor einem Bildschirm hockt?<\/li>\n<\/ul>\n<\/div>\n<\/div>\n<\/div>\n<\/div>\n<\/div>\n<p>[\/et_pb_text][et_pb_text disabled_on=&#8220;on|on|on&#8220; _builder_version=&#8220;4.27.0&#8243; disabled=&#8220;on&#8220; global_colors_info=&#8220;{}&#8220;]<\/p>\n<p>ACHTUNG! Der n\u00e4chste WALDON WORKSHOP findet am Freitag 25.11.2022 in M\u00fcnchen\/ Deutschland statt.<\/p>\n<p>[\/et_pb_text][et_pb_button button_url=&#8220;https:\/\/akademie-muenchen.de\/J2023\/seminare\/index.php?rubrik=5&#038;seminar=6&#8243; button_text=&#8220;N\u00e4chster WALDON Workshop in M\u00fcnchen am 10.-11.3.2023: HIER BUCHEN &#8220; button_alignment=&#8220;center&#8220; disabled_on=&#8220;on|on|on&#8220; _builder_version=&#8220;4.27.0&#8243; box_shadow_style=&#8220;preset1&#8243; disabled=&#8220;on&#8220; global_colors_info=&#8220;{}&#8220;][\/et_pb_button][\/et_pb_column][\/et_pb_row][et_pb_row column_structure=&#8220;1_2,1_2&#8243; _builder_version=&#8220;4.16&#8243; min_height=&#8220;798px&#8220; custom_margin=&#8220;|auto|4px|auto||&#8220; custom_padding=&#8220;||12px|||&#8220; global_colors_info=&#8220;{}&#8220;][et_pb_column type=&#8220;1_2&#8243; _builder_version=&#8220;4.16&#8243; custom_padding=&#8220;|||&#8220; global_colors_info=&#8220;{}&#8220; custom_padding__hover=&#8220;|||&#8220;][et_pb_text _builder_version=&#8220;4.16&#8243; global_colors_info=&#8220;{}&#8220;]<\/p>\n<h4><span style=\"font-size: x-large;\">Der Waldon Ansatz: Lernen zu lernen<\/span><\/h4>\n<div><span>Der Waldon Ansatz ist eine besondere Methode, die von dem Kinderneurologen Geoffrey Walden in den siebziger Jahren entwickelt wurde, um Kindern mit verschiedenen Lernschwierigkeiten zu helfen. Er bietet uns wertvolle Vorgehensweisen, um das Kind zu besch\u00e4ftigen und zu motivieren. Die Waldon Methode ist besonders effektiv, wenn sie fr\u00fch eingef\u00fchrt wird, so da\u00df diese Art zu lernen Teil der allt\u00e4glichen Routine im Spielablauf wird.\u00a0<\/span><\/div>\n<div><span><\/span><\/div>\n<div><span><\/span><\/div>\n<div><span><\/span><\/div>\n<div><span><\/span><\/div>\n<div><span><\/span><\/div>\n<div><span><\/span><\/div>\n<div><span><\/span><\/div>\n<h4><span style=\"font-size: x-large;\"><\/span><\/h4>\n<h4><span style=\"font-size: x-large;\">F\u00e4higkeiten um Lernen zu lernen:<\/span><\/h4>\n<p><span>Der Fokus der Waldon Methode ist die F\u00e4higkeiten des &#8218;Lernen lernens&#8216; zu f\u00f6rdern und zu entwickeln:<\/span><\/p>\n<ol>\n<li><span>sich anstrengen und M\u00fche geben<\/span><\/li>\n<li><span>fokussiert bleiben<\/span><\/li>\n<li><span>mit Interesse an einer Aktivit\u00e4t dran bleiben<\/span><\/li>\n<\/ol>\n<div>\n<h4><span style=\"font-size: x-large;\">Non-verbale F\u00e4higkeiten m\u00fcssen ZUERST gelernt werden<\/span><\/h4>\n<p><span>Das Besondere am &#8218;Lernen lernen&#8216; Ansatz ist, da\u00df er non-verbal vorgeht, &#8211; denn so lernen kleine Kinder, um ihre fr\u00fchen mentalen Kapazit\u00e4ten zu entwickeln. Denn diese lassen sich NUR durch ihre eigenen Bewegungen und k\u00f6rperlichen Erfahrungen erlernen. Nicht durch Sprache. Verbales Sprechen entwickelt sich aus dem prim\u00e4ren Verstehen, das das Kind sich selber und aktiv im Umgang mit seiner Umwelt erarbeitet hat. Ohne dieses fundamentale Verstehen von &#8217;so geht das&#8216;, sowohl seines eigenen K\u00f6rpers als auch der Welt der Gegenst\u00e4nde, ist keine sinnvolle Sprache m\u00f6glich.<\/span><\/p>\n<p><span style=\"background-color: #ffffff; font-size: 14px;\"><\/span><\/p>\n<\/div>\n<p>[\/et_pb_text][\/et_pb_column][et_pb_column type=&#8220;1_2&#8243; _builder_version=&#8220;4.16&#8243; custom_padding=&#8220;|||&#8220; global_colors_info=&#8220;{}&#8220; custom_padding__hover=&#8220;|||&#8220;][et_pb_text _builder_version=&#8220;4.16&#8243; global_colors_info=&#8220;{}&#8220;]<\/p>\n<h4><span style=\"font-size: x-large;\"><strong>Lernen zu lernen HANDBUCH<\/strong><\/span><\/h4>\n<p>F\u00fcr alle, die mehr \u00fcber die Waldon Methode erfahren m\u00f6chten, ist das Buch von Merete Hawkins hilfreich, sowohl um diesen nur wenig bekannten Ansatz besser zu verstehen und um ihn mit erfahrener Anleitung mit Kindern in die Tat umsetzen zu k\u00f6nnen<\/p>\n<p>[\/et_pb_text][et_pb_image src=&#8220;https:\/\/janert.info\/wp-content\/uploads\/2019\/11\/Merete-Book-flyer-01-A5.jpg&#8220; _builder_version=&#8220;4.16&#8243; global_colors_info=&#8220;{}&#8220;][\/et_pb_image][et_pb_button button_url=&#8220;https:\/\/www.amazon.de\/Learning-learn-children-learning-difficulties\/dp\/1912384086\/ref=sr_1_1?__mk_de_DE=%C3%85M%C3%85%C5%BD%C3%95%C3%91&#038;crid=3NJB6KWI4I25&#038;keywords=Merete-Hawkins&#038;qid=1675932096&#038;s=books&#038;sprefix=merete-hawkins%2Cstripbooks%2C79&#038;sr=1-1&#8243; button_text=&#8220;HIER &#8218;Learning to Learn&#8216; BESTELLEN&#8220; button_alignment=&#8220;center&#8220; _builder_version=&#8220;4.27.4&#8243; box_shadow_style=&#8220;preset1&#8243; global_colors_info=&#8220;{}&#8220;][\/et_pb_button][\/et_pb_column][\/et_pb_row][et_pb_row column_structure=&#8220;1_2,1_2&#8243; _builder_version=&#8220;4.16&#8243; global_colors_info=&#8220;{}&#8220;][et_pb_column type=&#8220;1_2&#8243; _builder_version=&#8220;4.16&#8243; global_colors_info=&#8220;{}&#8220;][et_pb_text _builder_version=&#8220;4.16&#8243; global_colors_info=&#8220;{}&#8220;]<\/p>\n<h4><span>Die &#8218;Lernen lernen&#8216; Stunde<\/span><\/h4>\n<p>In der &#8218;Lernen lernen&#8216; Stunde bereitet der Erwachsene Aktivit\u00e4ten vor, die der fr\u00fchen Lernsituation eines Kindes \u00e4hneln, und f\u00fchrt das Kind durch die Bewegungen und leitet es an, die Gegenst\u00e4nde zu handhaben und mit ihnen zu spielen.<\/p>\n<p>Das Kind lernt, sich zu fokussieren und sich anhand von Aktivit\u00e4ten und Spielmaterialien, die sich leicht dem jeweiligen Entwicklungsstand des Kindes und seinen Fortschritten anpassen lassen,\u00a0<span>auf diese Spielabl\u00e4ufe einzulassen.<\/span><\/p>\n<p>Im Bild einfache Spielmaterialien aus Holz mit guter Gr\u00f6\u00dfe und Gewicht, die sich vielf\u00e4ltig kombinieren lassen, um Greif- und Bewegungserfahrungen zu f\u00f6rdern<span><\/span><\/p>\n<p><span><\/span><\/p>\n<p>[\/et_pb_text][\/et_pb_column][et_pb_column type=&#8220;1_2&#8243; _builder_version=&#8220;4.16&#8243; global_colors_info=&#8220;{}&#8220;][et_pb_image src=&#8220;https:\/\/janert.info\/wp-content\/uploads\/2025\/05\/IMG_7097-002.jpg&#8220; title_text=&#8220;IMG_7097 (002)&#8220; _builder_version=&#8220;4.27.4&#8243; _module_preset=&#8220;default&#8220; global_colors_info=&#8220;{}&#8220;][\/et_pb_image][et_pb_button button_url=&#8220;https:\/\/schreiner-zimmerer-kutscherauer.de\/index.php?site=kontakt&#8220; button_text=&#8220;HIER beim Schreiner BESTELLEN&#8220; button_alignment=&#8220;center&#8220; _builder_version=&#8220;4.27.4&#8243; _module_preset=&#8220;default&#8220; global_colors_info=&#8220;{}&#8220;][\/et_pb_button][\/et_pb_column][\/et_pb_row][et_pb_row _builder_version=&#8220;4.27.4&#8243; _module_preset=&#8220;default&#8220; global_colors_info=&#8220;{}&#8220;][et_pb_column type=&#8220;4_4&#8243; _builder_version=&#8220;4.27.4&#8243; _module_preset=&#8220;default&#8220; global_colors_info=&#8220;{}&#8220;][et_pb_text _builder_version=&#8220;4.18.0&#8243; global_colors_info=&#8220;{}&#8220;]<\/p>\n<h4><span>MEHR \u00fcber &#8218;Lernen zu lernen&#8216; LERNEN:<\/span><\/h4>\n<p>Die Waldon Methode ist eine Theorie \u00fcber die grundlegendsten Elemente f\u00fcr Lernen und Entwicklung eines Menschen, dar\u00fcber, wie Verstehen entsteht und wie ein Kind lernt zu verstehen. Wie wir lernen, uns anzupassen, und zu \u00fcberleben. Die p\u00e4dagogische Anwendung dieser Ideen nennt sich Waldon-Ansatz und kann in vielen verschiedenen SItuationen genutzt werden, mit Menschen in jedem Alter und auf jeder Stufe der F\u00e4higkeiten. Am h\u00e4ufigsten wird er benutzt von Eltern und Fachleuten &#8230; <em>hier mehr lesen:<\/em> <span><strong><a href=\"http:\/\/www.waldonassociation.org.uk\/\">The Waldon Association, UK<\/a><\/strong><\/span><\/p>\n<p>[\/et_pb_text][et_pb_button button_url=&#8220;https:\/\/waldonassociation.org.uk\/pdfs\/library-index\/waldon-associates-understanding-understanding.pdf&#8220; button_text=&#8220;DOWNLOAD: Understanding understanding &#8211; G. Waldon&#8220; button_alignment=&#8220;center&#8220; _builder_version=&#8220;4.27.4&#8243; _module_preset=&#8220;default&#8220; hover_enabled=&#8220;0&#8243; global_colors_info=&#8220;{}&#8220; sticky_enabled=&#8220;0&#8243;][\/et_pb_button][\/et_pb_column][\/et_pb_row][et_pb_row column_structure=&#8220;3_4,1_4&#8243; _builder_version=&#8220;4.27.4&#8243; _module_preset=&#8220;default&#8220; global_colors_info=&#8220;{}&#8220;][et_pb_column type=&#8220;3_4&#8243; _builder_version=&#8220;4.27.4&#8243; _module_preset=&#8220;default&#8220; global_colors_info=&#8220;{}&#8220;][et_pb_text _builder_version=&#8220;4.18.0&#8243; global_colors_info=&#8220;{}&#8220;]<\/p>\n<h4><span>Bildmaterial f\u00fcr den Waldon-Ansatz:<\/span><\/h4>\n<p>Dieses Buch ist eine Erg\u00e4nzung zu \u201e<b><i>Learning to learn<\/i><\/b>\u201c (Hawkins, 2019) mit 130 illustrierten kopierbaren Seiten (bunt und schwarz-weiss), um daraus K\u00e4rtchen f\u00fcr fortgeschrittenere angeleitete Waldon-Spielaktivit\u00e4ten zu machen.<\/p>\n<p>Es handelt sich um Unterrichtsmaterial f\u00fcr die Kernkompetenzen Zuordnen, Sortieren, Reihenfolgen bilden und Kodieren. Es enth\u00e4lt alle im Hauptbuch abgebildeten Aktivit\u00e4ten sowie zahlreiche Zusatzaktivit\u00e4ten.<\/p>\n<p><span><\/span><\/p>\n<p>[\/et_pb_text][et_pb_button button_url=&#8220;https:\/\/www.amazon.de\/Learning-Learn-resources-activities-difficulties\/dp\/1912384205\/ref=sr_1_fkmr0_1?__mk_de_DE=%C3%85M%C3%85%C5%BD%C3%95%C3%91&#038;crid=DJ8P2JW0VYCN&#038;dib=eyJ2IjoiMSJ9.8nImpPzS8ZXYAL8YsOAPJYObwsmqIuDWjZzFgS9-ZQw.zgmZR1S9VN0E0fyweaX6pg3FaN-w8HlJpxVxDtNIRJg&#038;dib_tag=se&#038;keywords=merete+hawkins+waldon&#038;qid=1756544373&#038;sprefix=merete+hawkins+waldon%2Caps%2C82&#038;sr=8-1-fkmr0&#8243; button_text=&#8220;HIER &#8218;RESOURCE BOOK Learning to Learn&#8216; BESTELLEN&#8220; button_alignment=&#8220;center&#8220; _builder_version=&#8220;4.27.4&#8243; box_shadow_style=&#8220;preset1&#8243; global_colors_info=&#8220;{}&#8220;][\/et_pb_button][\/et_pb_column][et_pb_column type=&#8220;1_4&#8243; _builder_version=&#8220;4.27.4&#8243; _module_preset=&#8220;default&#8220; global_colors_info=&#8220;{}&#8220;][et_pb_image src=&#8220;https:\/\/janert.info\/wp-content\/uploads\/2025\/06\/Merete-Resource-Book.jpg&#8220; title_text=&#8220;Merete Resource Book&#8220; _builder_version=&#8220;4.27.4&#8243; _module_preset=&#8220;default&#8220; global_colors_info=&#8220;{}&#8220;][\/et_pb_image][\/et_pb_column][\/et_pb_row][et_pb_row column_structure=&#8220;1_2,1_2&#8243; _builder_version=&#8220;4.27.4&#8243; _module_preset=&#8220;default&#8220; global_colors_info=&#8220;{}&#8220;][et_pb_column type=&#8220;1_2&#8243; _builder_version=&#8220;4.27.4&#8243; _module_preset=&#8220;default&#8220; global_colors_info=&#8220;{}&#8220;][et_pb_text disabled_on=&#8220;on|on|on&#8220; _builder_version=&#8220;4.27.4&#8243; disabled=&#8220;on&#8220; inline_fonts=&#8220;Verdana&#8220; global_colors_info=&#8220;{}&#8220;]<\/p>\n<div>\n<h4><span>Workshop: &#8218;Lernen lernen&#8216; WALDON Methode <\/span><span style=\"font-size: large; font-family: Verdana; font-weight: normal;\">f\u00fcr Anf\u00e4nger und f\u00fcr Fortgeschrittene<\/span><\/h4>\n<h4><strong style=\"font-size: 16px; color: #666666; font-family: 'Open Sans', sans-serif;\">In diesem Workshop lernen Sie:<\/strong><\/h4>\n<\/div>\n<ol>\n<li><span>Warum Reintun und Rausnehmen so wichtig sind<\/span><\/li>\n<li><span>Wie Kinder (nur) durch Selbermachen lernen (learning by doing)<\/span><\/li>\n<li><span>Die mentalen und Bewegungsmeilensteine der ersten Lebensjahre einzusch\u00e4tzen<\/span><\/li>\n<li><span>Hauptmerkmale des &#8218;Lernen lernen&#8216; Ansatzes<\/span><\/li>\n<li><span>Wie man Aktivit\u00e4ten f\u00fcr ein Kind zuhause plant <\/span><\/li>\n<li><span>Ideen f\u00fcr passende Aktivit\u00e4ten und Spielmaterialien<\/span><\/li>\n<li><span>Wie mit herausfordernden Verhaltensweisen umgehen<\/span><\/li>\n<\/ol>\n<p>[\/et_pb_text][\/et_pb_column][et_pb_column type=&#8220;1_2&#8243; _builder_version=&#8220;4.27.4&#8243; _module_preset=&#8220;default&#8220; global_colors_info=&#8220;{}&#8220;][et_pb_button button_url=&#8220;https:\/\/www.youtube.com\/playlist?list=PLtMZl2JTOm0k4qiuZIHW6P8h0wb9zcMyf&#8220; button_text=&#8220;Videos: &#8218;The Asocial Lesson&#8216; mit Geoffrey Waldon &#8220; button_alignment=&#8220;center&#8220; disabled_on=&#8220;on|on|on&#8220; _builder_version=&#8220;4.25.1&#8243; _module_preset=&#8220;default&#8220; custom_button=&#8220;on&#8220; button_use_icon=&#8220;off&#8220; disabled=&#8220;on&#8220; global_colors_info=&#8220;{}&#8220;][\/et_pb_button][et_pb_button button_url=&#8220;https:\/\/akademie-muenchen.de\/J2023\/seminare\/index.php?rubrik=5&#038;seminar=6&#8243; button_text=&#8220;N\u00e4chster WALDON Workshop in M\u00fcnchen am 10.-11.3.2023: HIER BUCHEN &#8220; button_alignment=&#8220;center&#8220; disabled_on=&#8220;on|on|on&#8220; _builder_version=&#8220;4.25.1&#8243; box_shadow_style=&#8220;preset1&#8243; disabled=&#8220;on&#8220; global_colors_info=&#8220;{}&#8220;][\/et_pb_button][\/et_pb_column][\/et_pb_row][\/et_pb_section]<\/p>\n<span class=\"et_bloom_bottom_trigger\"><\/span>","protected":false},"excerpt":{"rendered":"<p>&#8222;Lernen lernen&#8220; mit der Waldon Methode Machen Sie sich Sorgen, denn Ihr Kind spricht nicht, spielt nicht, hat kaum Interesse an Interaktion oder daran, seine Umwelt zu explorieren? Ihr Kind verweigert alle Ihre Angebote miteinander zu spielen und Sie haben das Gef\u00fchl, ihm nichts wirklich beibringen zu k\u00f6nnen? Sie fragen sich, wie Ihr Kind lernen [&hellip;]<\/p>\n","protected":false},"author":3,"featured_media":0,"parent":0,"menu_order":0,"comment_status":"closed","ping_status":"closed","template":"","meta":{"_acf_changed":false,"_et_pb_use_builder":"on","_et_pb_old_content":"","_et_gb_content_width":"","footnotes":""},"class_list":["post-3000","page","type-page","status-publish","hentry"],"acf":[],"yoast_head":"<!-- This site is optimized with the Yoast SEO plugin v27.2 - https:\/\/yoast.com\/product\/yoast-seo-wordpress\/ -->\n<title>Die Waldon Methode - Autistische Kinder<\/title>\n<meta name=\"robots\" content=\"index, follow, max-snippet:-1, max-image-preview:large, max-video-preview:-1\" \/>\n<link rel=\"canonical\" href=\"https:\/\/janert.info\/en\/the-waldon-method\/\" \/>\n<meta property=\"og:locale\" content=\"en_US\" \/>\n<meta property=\"og:type\" content=\"article\" \/>\n<meta property=\"og:title\" content=\"Die Waldon Methode - Autistische Kinder\" \/>\n<meta property=\"og:description\" content=\"&quot;Lernen lernen&quot; mit der Waldon Methode Machen Sie sich Sorgen, denn Ihr Kind spricht nicht, spielt nicht, hat kaum Interesse an Interaktion oder daran, seine Umwelt zu explorieren? Ihr Kind verweigert alle Ihre Angebote miteinander zu spielen und Sie haben das Gef\u00fchl, ihm nichts wirklich beibringen zu k\u00f6nnen? Sie fragen sich, wie Ihr Kind lernen [&hellip;]\" \/>\n<meta property=\"og:url\" content=\"https:\/\/janert.info\/en\/the-waldon-method\/\" \/>\n<meta property=\"og:site_name\" content=\"Autistische Kinder\" \/>\n<meta property=\"article:modified_time\" content=\"2025-11-09T16:25:25+00:00\" \/>\n<meta name=\"twitter:card\" content=\"summary_large_image\" \/>\n<meta name=\"twitter:label1\" content=\"Est. reading time\" \/>\n\t<meta name=\"twitter:data1\" content=\"9 minutes\" \/>\n<script type=\"application\/ld+json\" class=\"yoast-schema-graph\">{\"@context\":\"https:\/\/schema.org\",\"@graph\":[{\"@type\":\"WebPage\",\"@id\":\"https:\/\/janert.info\/die-waldon-methode\/\",\"url\":\"https:\/\/janert.info\/die-waldon-methode\/\",\"name\":\"Die Waldon Methode - Autistische Kinder\",\"isPartOf\":{\"@id\":\"https:\/\/janert.info\/#website\"},\"datePublished\":\"2019-04-14T15:17:33+00:00\",\"dateModified\":\"2025-11-09T16:25:25+00:00\",\"breadcrumb\":{\"@id\":\"https:\/\/janert.info\/die-waldon-methode\/#breadcrumb\"},\"inLanguage\":\"en-US\",\"potentialAction\":[{\"@type\":\"ReadAction\",\"target\":[\"https:\/\/janert.info\/die-waldon-methode\/\"]}]},{\"@type\":\"BreadcrumbList\",\"@id\":\"https:\/\/janert.info\/die-waldon-methode\/#breadcrumb\",\"itemListElement\":[{\"@type\":\"ListItem\",\"position\":1,\"name\":\"Startseite\",\"item\":\"https:\/\/janert.info\/\"},{\"@type\":\"ListItem\",\"position\":2,\"name\":\"Die Waldon Methode\"}]},{\"@type\":\"WebSite\",\"@id\":\"https:\/\/janert.info\/#website\",\"url\":\"https:\/\/janert.info\/\",\"name\":\"Autistische Kinder\",\"description\":\"beziehungs-orientiert behandeln\",\"potentialAction\":[{\"@type\":\"SearchAction\",\"target\":{\"@type\":\"EntryPoint\",\"urlTemplate\":\"https:\/\/janert.info\/?s={search_term_string}\"},\"query-input\":{\"@type\":\"PropertyValueSpecification\",\"valueRequired\":true,\"valueName\":\"search_term_string\"}}],\"inLanguage\":\"en-US\"}]}<\/script>\n<!-- \/ Yoast SEO plugin. -->","yoast_head_json":{"title":"The Waldon Method - Autistic Children","robots":{"index":"index","follow":"follow","max-snippet":"max-snippet:-1","max-image-preview":"max-image-preview:large","max-video-preview":"max-video-preview:-1"},"canonical":"https:\/\/janert.info\/en\/the-waldon-method\/","og_locale":"en_US","og_type":"article","og_title":"Die Waldon Methode - Autistische Kinder","og_description":"\"Lernen lernen\" mit der Waldon Methode Machen Sie sich Sorgen, denn Ihr Kind spricht nicht, spielt nicht, hat kaum Interesse an Interaktion oder daran, seine Umwelt zu explorieren? Ihr Kind verweigert alle Ihre Angebote miteinander zu spielen und Sie haben das Gef\u00fchl, ihm nichts wirklich beibringen zu k\u00f6nnen? Sie fragen sich, wie Ihr Kind lernen [&hellip;]","og_url":"https:\/\/janert.info\/en\/the-waldon-method\/","og_site_name":"Autistische Kinder","article_modified_time":"2025-11-09T16:25:25+00:00","twitter_card":"summary_large_image","twitter_misc":{"Est. reading time":"9 minutes"},"schema":{"@context":"https:\/\/schema.org","@graph":[{"@type":"WebPage","@id":"https:\/\/janert.info\/die-waldon-methode\/","url":"https:\/\/janert.info\/die-waldon-methode\/","name":"The Waldon Method - Autistic Children","isPartOf":{"@id":"https:\/\/janert.info\/#website"},"datePublished":"2019-04-14T15:17:33+00:00","dateModified":"2025-11-09T16:25:25+00:00","breadcrumb":{"@id":"https:\/\/janert.info\/die-waldon-methode\/#breadcrumb"},"inLanguage":"en-US","potentialAction":[{"@type":"ReadAction","target":["https:\/\/janert.info\/die-waldon-methode\/"]}]},{"@type":"BreadcrumbList","@id":"https:\/\/janert.info\/die-waldon-methode\/#breadcrumb","itemListElement":[{"@type":"ListItem","position":1,"name":"Startseite","item":"https:\/\/janert.info\/"},{"@type":"ListItem","position":2,"name":"Die Waldon Methode"}]},{"@type":"WebSite","@id":"https:\/\/janert.info\/#website","url":"https:\/\/janert.info\/","name":"Autistic children","description":"treat relationship-oriented","potentialAction":[{"@type":"SearchAction","target":{"@type":"EntryPoint","urlTemplate":"https:\/\/janert.info\/?s={search_term_string}"},"query-input":{"@type":"PropertyValueSpecification","valueRequired":true,"valueName":"search_term_string"}}],"inLanguage":"en-US"}]}},"_links":{"self":[{"href":"https:\/\/janert.info\/en\/wp-json\/wp\/v2\/pages\/3000","targetHints":{"allow":["GET"]}}],"collection":[{"href":"https:\/\/janert.info\/en\/wp-json\/wp\/v2\/pages"}],"about":[{"href":"https:\/\/janert.info\/en\/wp-json\/wp\/v2\/types\/page"}],"author":[{"embeddable":true,"href":"https:\/\/janert.info\/en\/wp-json\/wp\/v2\/users\/3"}],"replies":[{"embeddable":true,"href":"https:\/\/janert.info\/en\/wp-json\/wp\/v2\/comments?post=3000"}],"version-history":[{"count":10,"href":"https:\/\/janert.info\/en\/wp-json\/wp\/v2\/pages\/3000\/revisions"}],"predecessor-version":[{"id":10086,"href":"https:\/\/janert.info\/en\/wp-json\/wp\/v2\/pages\/3000\/revisions\/10086"}],"wp:attachment":[{"href":"https:\/\/janert.info\/en\/wp-json\/wp\/v2\/media?parent=3000"}],"curies":[{"name":"wp","href":"https:\/\/api.w.org\/{rel}","templated":true}]}}