{"id":4964,"date":"2021-04-06T19:44:41","date_gmt":"2021-04-06T17:44:41","guid":{"rendered":"https:\/\/autistischen-kindern-bruecken-bauen.de\/?page_id=4964"},"modified":"2025-07-10T13:07:58","modified_gmt":"2025-07-10T11:07:58","slug":"brain","status":"publish","type":"page","link":"https:\/\/janert.info\/en\/gehirn\/","title":{"rendered":"Brain"},"content":{"rendered":"<p>[et_pb_section fb_built=&#8220;1&#8243; admin_label=&#8220;Hero Section&#8220; _builder_version=&#8220;4.16&#8243; background_color=&#8220;#05896a&#8220; use_background_color_gradient=&#8220;on&#8220; background_color_gradient_direction=&#8220;1deg&#8220; background_color_gradient_stops=&#8220;#0fa3ae 0%|#0fa3ae 100%&#8220; background_color_gradient_start=&#8220;#0fa3ae&#8220; background_color_gradient_end=&#8220;#0fa3ae&#8220; custom_padding=&#8220;0||0||true|false&#8220; animation_style=&#8220;slide&#8220; animation_direction=&#8220;top&#8220; animation_intensity_slide=&#8220;2%&#8220; animation_starting_opacity=&#8220;100%&#8220; box_shadow_style=&#8220;preset7&#8243; box_shadow_horizontal=&#8220;0px&#8220; box_shadow_vertical=&#8220;-120px&#8220; box_shadow_color=&#8220;#ffffff&#8220; locked=&#8220;off&#8220; global_colors_info=&#8220;{}&#8220;][et_pb_row column_structure=&#8220;1_2,1_2&#8243; _builder_version=&#8220;4.16&#8243; background_size=&#8220;initial&#8220; background_position=&#8220;top_left&#8220; background_repeat=&#8220;repeat&#8220; custom_padding=&#8220;40px|0px|0|0px|false|false&#8220; custom_width_px=&#8220;1440px&#8220; global_colors_info=&#8220;{}&#8220;][et_pb_column type=&#8220;1_2&#8243; _builder_version=&#8220;4.16&#8243; custom_padding=&#8220;|||&#8220; global_colors_info=&#8220;{}&#8220; custom_padding__hover=&#8220;|||&#8220;][et_pb_text _builder_version=&#8220;4.16&#8243; text_font=&#8220;||||||||&#8220; header_font=&#8220;Yanone Kaffeesatz||||||||&#8220; header_text_color=&#8220;#fbd302&#8243; header_font_size=&#8220;58px&#8220; header_line_height=&#8220;1.5em&#8220; header_2_font=&#8220;||||||||&#8220; header_3_font=&#8220;||||||||&#8220; header_4_font=&#8220;||||||||&#8220; header_5_font=&#8220;||||||||&#8220; header_6_font=&#8220;||||||||&#8220; background_color=&#8220;rgba(255,255,255,0)&#8220; background_size=&#8220;initial&#8220; background_position=&#8220;top_left&#8220; background_repeat=&#8220;repeat&#8220; custom_margin=&#8220;||6px|&#8220; locked=&#8220;off&#8220; inline_fonts=&#8220;Yanone Kaffeesatz&#8220; global_colors_info=&#8220;{}&#8220;]<\/p>\n<h1>Evidenz-basierte Forschung<\/h1>\n<p>[\/et_pb_text][et_pb_divider show_divider=&#8220;off&#8220; disabled_on=&#8220;on|on|off&#8220; _builder_version=&#8220;4.16&#8243; max_width=&#8220;80px&#8220; module_alignment=&#8220;left&#8220; height=&#8220;10px&#8220; custom_margin=&#8220;||20px|&#8220; animation_style=&#8220;slide&#8220; animation_direction=&#8220;bottom&#8220; saved_tabs=&#8220;all&#8220; locked=&#8220;off&#8220; global_colors_info=&#8220;{}&#8220;][\/et_pb_divider][et_pb_text _builder_version=&#8220;4.16&#8243; text_font=&#8220;Poppins||||||||&#8220; text_text_color=&#8220;rgba(255,255,255,0.8)&#8220; header_font=&#8220;||||||||&#8220; locked=&#8220;off&#8220; global_colors_info=&#8220;{}&#8220;][\/et_pb_text][et_pb_text _builder_version=&#8220;4.16&#8243; text_font=&#8220;Poppins||||||||&#8220; text_text_color=&#8220;rgba(255,255,255,0.8)&#8220; header_font=&#8220;||||||||&#8220; locked=&#8220;off&#8220; global_colors_info=&#8220;{}&#8220;][\/et_pb_text][et_pb_button button_url=&#8220;https:\/\/janert.info\/wp-content\/uploads\/2020\/02\/Floortime-evidenz-basiert-Janert_Forum_Nr100_2020-1.zip&#8220; button_text=&#8220;Floortime Evidenz-basiert: Artikel von S. Janert&#8220; button_alignment=&#8220;left&#8220; _builder_version=&#8220;4.16&#8243; custom_margin=&#8220;||-30px&#8220; custom_padding=&#8220;||10px&#8220; global_colors_info=&#8220;{}&#8220;][\/et_pb_button][\/et_pb_column][et_pb_column type=&#8220;1_2&#8243; _builder_version=&#8220;4.16&#8243; custom_padding=&#8220;|||&#8220; global_colors_info=&#8220;{}&#8220; custom_padding__hover=&#8220;|||&#8220;][et_pb_image src=&#8220;https:\/\/janert.info\/wp-content\/uploads\/2021\/04\/brain-scans-1-pexels-anna-shvets-4226264-scaled.jpg&#8220; title_text=&#8220;brain scans 1 &#8211; pexels-anna-shvets-4226264&#8243; force_fullwidth=&#8220;on&#8220; _builder_version=&#8220;4.16&#8243; custom_margin=&#8220;|||&#8220; custom_padding=&#8220;|||&#8220; animation_style=&#8220;slide&#8220; animation_direction=&#8220;top&#8220; animation_intensity_slide=&#8220;6%&#8220; animation_starting_opacity=&#8220;100%&#8220; box_shadow_style=&#8220;preset1&#8243; box_shadow_vertical=&#8220;10px&#8220; box_shadow_blur=&#8220;100px&#8220; box_shadow_color=&#8220;rgba(0,0,0,0.2)&#8220; always_center_on_mobile=&#8220;off&#8220; global_colors_info=&#8220;{}&#8220;][\/et_pb_image][\/et_pb_column][\/et_pb_row][\/et_pb_section][et_pb_section fb_built=&#8220;1&#8243; _builder_version=&#8220;4.16&#8243; global_colors_info=&#8220;{}&#8220;][et_pb_row _builder_version=&#8220;4.16&#8243; global_colors_info=&#8220;{}&#8220;][et_pb_column type=&#8220;4_4&#8243; _builder_version=&#8220;4.16&#8243; global_colors_info=&#8220;{}&#8220;][et_pb_text _builder_version=&#8220;4.16&#8243; global_colors_info=&#8220;{}&#8220;]<\/p>\n<h1>Wie Floortimespiel das Verhalten und Gehirn eines Kindes ver\u00e4ndern kann<\/h1>\n<p>[\/et_pb_text][et_pb_text _builder_version=&#8220;4.16.0&#8243; text_text_color=&#8220;#000000&#8243; global_colors_info=&#8220;{}&#8220;]<\/p>\n<p>Das menschliche Gehirn ist ein soziales Gehirn. Um sich formen und vernetzen zu k\u00f6nnen, braucht es unbedingt andere Menschen, da es sich nur mihilfe von zwischenmenschlichen Beziehungen entwickeln kann. Prof. Stuart Shanker und sein Forschungsteam am MEHRIT-Centre in Canada zeigten in ihrer herausragenden Studie, wie sich das Gehirn von Kindern mit einer Autismusdiagnose durch spielerische Interaktion mit einem einf\u00fchlsamen Spielpartner ver\u00e4ndert, und wie sich dies messen und wissenschaftlich plausibel nachweisen l\u00e4\u00dft.<\/p>\n<p>[\/et_pb_text][et_pb_text _builder_version=&#8220;4.16.0&#8243; text_font=&#8220;||||||||&#8220; text_text_color=&#8220;#000000&#8243; text_line_height=&#8220;1.6em&#8220; custom_padding=&#8220;30px|30px|30px|30px|true|true&#8220; box_shadow_style=&#8220;preset1&#8243; global_colors_info=&#8220;{}&#8220;]<\/p>\n<p><strong><em><img loading=\"lazy\" decoding=\"async\" src=\"https:\/\/janert.info\/wp-content\/uploads\/2019\/05\/AKBBFavicon-300x300.png\" alt=\"Autistischen Kindern Bruecken Bauen\" class=\"wp-image-3051 alignnone size-medium\" width=\"67\" height=\"67\" srcset=\"https:\/\/janert.info\/wp-content\/uploads\/2019\/05\/AKBBFavicon-300x300.png 300w, https:\/\/janert.info\/wp-content\/uploads\/2019\/05\/AKBBFavicon-150x150.png 150w, https:\/\/janert.info\/wp-content\/uploads\/2019\/05\/AKBBFavicon.png 512w\" sizes=\"(max-width: 67px) 100vw, 67px\" \/> \u201eDann wird das Kind tats\u00e4chlich von selber in Beziehung treten wollen\u201c<\/em><\/strong><\/p>\n<p>\u201aAlle Kinder haben den Trieb zu sozialer Interaktion und wollen in Beziehung sein und sich angenommen f\u00fchlen. Es ist die Essenz des Menschseins. Aber f\u00fcr das Kind mit Autismus bestehen hier biologische Herausforderungen, die Interaktionen qualvoll oder unangenehm machen. Wenn wir also herausfinden k\u00f6nnen, was diese Faktoren sind, und wie man reduzieren k\u00f6nnte, was das Kind als so unertr\u00e4glich und stressvoll erlebt, dann wird das Kind tats\u00e4chlich von selber in Beziehung treten wollen.\u2018 (CBC News 2018)<\/p>\n<p><strong><span style=\"color: #0fa3ae;\">Prof. Stuart Shanker<\/span><br \/><\/strong>Kanadas f\u00fchrender Experte in der psychophysiologischen Theorie und Anwendung der Selbstregulation<\/p>\n<p>[\/et_pb_text][\/et_pb_column][\/et_pb_row][et_pb_row _builder_version=&#8220;4.16.0&#8243; _module_preset=&#8220;default&#8220; global_colors_info=&#8220;{}&#8220;][et_pb_column type=&#8220;4_4&#8243; _builder_version=&#8220;4.16.0&#8243; _module_preset=&#8220;default&#8220; global_colors_info=&#8220;{}&#8220;][et_pb_text _builder_version=&#8220;4.16.0&#8243; _module_preset=&#8220;default&#8220; text_text_color=&#8220;#000000&#8243; global_colors_info=&#8220;{}&#8220;]<\/p>\n<h4>Entwicklungsf\u00f6rdernde Interventionen wie DIRFloortime sind evidenzbasiert<\/h4>\n<p>Im Lichte einer sich \u00e4ndernden Evidenzbasis erschien am 9. November 2020 im Journal of the American Medical Association (JAMA) ein bahnbrechender Artikel zu Interventionsempfehlungen f\u00fcr Kinder mit Autismus. Denn in den letzten Jahren hat sich das Spektrum der empirisch gest\u00fctzten Interventionsans\u00e4tze, die durch RCTs gest\u00fctzt werden, grundlegend ge\u00e4ndert, &#8211; mit Implikationen f\u00fcr Therapieanbieter und Kostentr\u00e4ger. W\u00e4hrend traditionell Verhaltenstherapeutische Interventionen mit eher strukturierten, von Erwachsenen angeleitete Interventionen im Vordergrund standen, bezeugen RCT-gest\u00fctzte Studien f\u00fcr entwicklungsf\u00f6rdernde Interventionen wie DIRFloortime mit ihrem kind-zentrierten Fokus auf emotional-stimmige spielerische Interaktion, die in den Kontext der t\u00e4glichen Routine integriert ist, eine zunehmend gr\u00f6\u00dfere Evidenzbasis.\u00a0<\/p>\n<p>[\/et_pb_text][\/et_pb_column][\/et_pb_row][et_pb_row column_structure=&#8220;1_2,1_2&#8243; _builder_version=&#8220;4.16.0&#8243; _module_preset=&#8220;default&#8220; global_colors_info=&#8220;{}&#8220;][et_pb_column type=&#8220;1_2&#8243; _builder_version=&#8220;4.16.0&#8243; _module_preset=&#8220;default&#8220; global_colors_info=&#8220;{}&#8220;][et_pb_button button_url=&#8220;https:\/\/drive.google.com\/file\/d\/1_W4XNxuUe4QMqlaUJLuLn-nED-pvWX40\/view&#8220; button_text=&#8220;Evidence Base QUICK FACTS DIRFloortime&#8220; button_alignment=&#8220;center&#8220; _builder_version=&#8220;4.16.0&#8243; _module_preset=&#8220;default&#8220; custom_button=&#8220;on&#8220; button_text_color=&#8220;#FBD302&#8243; button_bg_color=&#8220;#35B0B0&#8243; button_border_color=&#8220;#35B0B0&#8243; global_colors_info=&#8220;{}&#8220;][\/et_pb_button][et_pb_button button_url=&#8220;https:\/\/janert.info\/wp-content\/uploads\/2022\/06\/Evidenzbasis-fuer-DIR-ICDL.pdf&#8220; button_text=&#8220;Evidenzbasis KURZFAKTEN DIRFloortime&#8220; button_alignment=&#8220;center&#8220; _builder_version=&#8220;4.16.0&#8243; _module_preset=&#8220;default&#8220; custom_button=&#8220;on&#8220; button_text_color=&#8220;#FBD302&#8243; button_bg_color=&#8220;#35B0B0&#8243; button_border_color=&#8220;#35B0B0&#8243; global_colors_info=&#8220;{}&#8220;][\/et_pb_button][\/et_pb_column][et_pb_column type=&#8220;1_2&#8243; _builder_version=&#8220;4.16.0&#8243; _module_preset=&#8220;default&#8220; global_colors_info=&#8220;{}&#8220;][et_pb_button button_url=&#8220;https:\/\/publications.aap.org\/pediatrics\/article\/145\/1\/e20193447\/36917\/Identification-Evaluation-and-Management-of&#8220; button_text=&#8220;American Academy of Pediatrics, CLINICAL REPORT, January 2020&#8243; button_alignment=&#8220;center&#8220; _builder_version=&#8220;4.16.0&#8243; _module_preset=&#8220;default&#8220; custom_button=&#8220;on&#8220; button_text_color=&#8220;#FBD302&#8243; button_bg_color=&#8220;#35B0B0&#8243; button_border_color=&#8220;#35B0B0&#8243; global_colors_info=&#8220;{}&#8220;][\/et_pb_button][\/et_pb_column][\/et_pb_row][et_pb_row disabled_on=&#8220;off|off|off&#8220; _builder_version=&#8220;4.27.4&#8243; _module_preset=&#8220;default&#8220; global_colors_info=&#8220;{}&#8220;][et_pb_column type=&#8220;4_4&#8243; _builder_version=&#8220;4.16&#8243; _module_preset=&#8220;default&#8220; global_colors_info=&#8220;{}&#8220;][et_pb_text _builder_version=&#8220;4.16.0&#8243; _module_preset=&#8220;default&#8220; text_text_color=&#8220;#000000&#8243; global_colors_info=&#8220;{}&#8220;]<\/p>\n<p>In diesem Video zeigen Prof. Stuart Shanker und Kollegen Ausschnitte aus der DIRFloortimetherapie mit einer Familie und wie sich das Gehirn des Kindes und sein Verhalten im Verlauf ver\u00e4ndert haben.<\/p>\n<p>[\/et_pb_text][et_pb_video src=&#8220;https:\/\/youtu.be\/nzsMiM6l00M?si=DnVPnEa69x7FKe1V&#8220; _builder_version=&#8220;4.27.4&#8243; _module_preset=&#8220;default&#8220; hover_enabled=&#8220;0&#8243; sticky_enabled=&#8220;0&#8243;][\/et_pb_video][\/et_pb_column][\/et_pb_row][et_pb_row _builder_version=&#8220;4.27.4&#8243; _module_preset=&#8220;default&#8220; global_colors_info=&#8220;{}&#8220;][et_pb_column type=&#8220;4_4&#8243; _builder_version=&#8220;4.27.4&#8243; _module_preset=&#8220;default&#8220; global_colors_info=&#8220;{}&#8220;][et_pb_text _builder_version=&#8220;4.16.0&#8243; text_font=&#8220;||||||||&#8220; text_text_color=&#8220;#000000&#8243; text_line_height=&#8220;1.6em&#8220; custom_padding=&#8220;30px|30px|30px|30px|true|true&#8220; box_shadow_style=&#8220;preset1&#8243; global_colors_info=&#8220;{}&#8220;]<\/p>\n<p><strong><em><img loading=\"lazy\" decoding=\"async\" src=\"https:\/\/janert.info\/wp-content\/uploads\/2019\/05\/AKBBFavicon-300x300.png\" alt=\"Autistischen Kindern Bruecken Bauen\" class=\"wp-image-3051 alignnone size-medium\" width=\"67\" height=\"67\" srcset=\"https:\/\/janert.info\/wp-content\/uploads\/2019\/05\/AKBBFavicon-300x300.png 300w, https:\/\/janert.info\/wp-content\/uploads\/2019\/05\/AKBBFavicon-150x150.png 150w, https:\/\/janert.info\/wp-content\/uploads\/2019\/05\/AKBBFavicon.png 512w\" sizes=\"(max-width: 67px) 100vw, 67px\" \/> \u201eMessbare Ver\u00e4nderungen in den Gehirnen dieser Kinder als Ergebnis der Floortimebehandlung\u201c<\/em><\/strong><\/p>\n<p><em>\u201e<\/em>Die Ergebnisse, die wir nach 1 Jahr Elterncoaching und DIRFloortimetherapie in Tristans Gehirn sehen, sind unglaublich, &#8211; vor allem in der Amygdala. Das ist der Teil des Gehirns, der daf\u00fcr verantwortlich war, da\u00df Tristan sich \u00e4ngstlich, aufgedreht und wie hyperaktiv f\u00fchlte. Vor der Behandlung war Tristan\u2019s Amygdala au\u00dferordentlich aktiv. Nach der Behandlung ist das Computerbild halb so hell: Tristan\u2019s Amygdala hat sich beruhigt. Und die Gehirnteile, die ihm helfen, sich auf soziale Signale einzulassen, Mimik und Gesichtsausdruck von Anderen zu lesen, sind jetzt aktiv: Tristans Gehirn hat sich tats\u00e4chlich ver\u00e4ndert, und zwar dramatisch, denn man kann 2-3 mal so viele Ver\u00e4nderungen in diesen Aktivit\u00e4tszentren sehen. Es ist, als ob Tristans soziales Gehirn pl\u00f6tzlich aufgewacht w\u00e4re.\u2018 Und bemerkenswerterweise fand Jim Stieben diese Ver\u00e4nderungen nicht nur bei Tristan, sondern in den Gehirnen von den meisten Kindern in der Studie. \u201aIch w\u00fcrde sagen, das ist einer der gro\u00dfartigsten Untersuchungsbefunde. Solchen au\u00dfergew\u00f6hnlichen Ergebnissen bin ich in meiner ganzen Laufbahn als Wissenschaftler noch nie begegnet, &#8211; da\u00df wir total robuste Ver\u00e4nderungen in den Gehirnen dieser Kinder als Ergebnis der Floortimebehandlung sehen und bildlich zeigen k\u00f6nnen<em>.\u201c<\/em><\/p>\n<p><strong><span style=\"color: #0fa3ae;\">Jim Stieben<\/span><br \/><\/strong>Wissenschaftlicher Mitarbeiter am MEHRIT Centre, Canada<\/p>\n<p>[\/et_pb_text][\/et_pb_column][\/et_pb_row][et_pb_row column_structure=&#8220;1_2,1_2&#8243; _builder_version=&#8220;4.16.0&#8243; _module_preset=&#8220;default&#8220; global_colors_info=&#8220;{}&#8220;][et_pb_column type=&#8220;1_2&#8243; _builder_version=&#8220;4.16.0&#8243; _module_preset=&#8220;default&#8220; global_colors_info=&#8220;{}&#8220;][et_pb_button button_url=&#8220;https:\/\/janert.info\/wp-content\/uploads\/2022\/06\/Autism-2011-Casenhiser-1362361311422052.pdf&#8220; button_text=&#8220;Data from a social-communication-based intervention, 2011&#8243; button_alignment=&#8220;center&#8220; _builder_version=&#8220;4.16.0&#8243; _module_preset=&#8220;default&#8220; custom_button=&#8220;on&#8220; button_text_color=&#8220;#FBD302&#8243; button_bg_color=&#8220;#35B0B0&#8243; button_border_color=&#8220;#35B0B0&#8243; global_colors_info=&#8220;{}&#8220;][\/et_pb_button][\/et_pb_column][et_pb_column type=&#8220;1_2&#8243; _builder_version=&#8220;4.16.0&#8243; _module_preset=&#8220;default&#8220; global_colors_info=&#8220;{}&#8220;][et_pb_button button_url=&#8220;https:\/\/janert.info\/wp-content\/uploads\/2022\/06\/Casenhiser-Binns-McGill-et-al-2015.pdf&#8220; button_text=&#8220;Evidence from a Randomized Control Trial of a Social-Interaction-Based Therapy, 2015&#8243; _builder_version=&#8220;4.16.0&#8243; _module_preset=&#8220;default&#8220; custom_button=&#8220;on&#8220; button_text_color=&#8220;#FBD302&#8243; button_bg_color=&#8220;#35B0B0&#8243; button_border_color=&#8220;#35B0B0&#8243; global_colors_info=&#8220;{}&#8220;][\/et_pb_button][\/et_pb_column][\/et_pb_row][\/et_pb_section]<\/p>\n<span class=\"et_bloom_bottom_trigger\"><\/span>","protected":false},"excerpt":{"rendered":"<p>Evidenz-basierte ForschungWie Floortimespiel das Verhalten und Gehirn eines Kindes ver\u00e4ndern kannDas menschliche Gehirn ist ein soziales Gehirn. Um sich formen und vernetzen zu k\u00f6nnen, braucht es unbedingt andere Menschen, da es sich nur mihilfe von zwischenmenschlichen Beziehungen entwickeln kann. Prof. Stuart Shanker und sein Forschungsteam am MEHRIT-Centre in Canada zeigten in ihrer herausragenden Studie, wie [&hellip;]<\/p>\n","protected":false},"author":3,"featured_media":0,"parent":0,"menu_order":0,"comment_status":"closed","ping_status":"closed","template":"","meta":{"_acf_changed":false,"_et_pb_use_builder":"on","_et_pb_old_content":"","_et_gb_content_width":"","footnotes":""},"class_list":["post-4964","page","type-page","status-publish","hentry"],"acf":[],"yoast_head":"<!-- This site is optimized with the Yoast SEO plugin v27.3 - https:\/\/yoast.com\/product\/yoast-seo-wordpress\/ -->\n<title>Gehirn - Autistische Kinder<\/title>\n<meta name=\"robots\" content=\"index, follow, max-snippet:-1, max-image-preview:large, max-video-preview:-1\" \/>\n<link rel=\"canonical\" href=\"https:\/\/janert.info\/en\/brain\/\" \/>\n<meta property=\"og:locale\" content=\"en_US\" \/>\n<meta property=\"og:type\" content=\"article\" \/>\n<meta property=\"og:title\" content=\"Gehirn - Autistische Kinder\" \/>\n<meta property=\"og:description\" content=\"Evidenz-basierte ForschungWie Floortimespiel das Verhalten und Gehirn eines Kindes ver\u00e4ndern kannDas menschliche Gehirn ist ein soziales Gehirn. Um sich formen und vernetzen zu k\u00f6nnen, braucht es unbedingt andere Menschen, da es sich nur mihilfe von zwischenmenschlichen Beziehungen entwickeln kann. Prof. Stuart Shanker und sein Forschungsteam am MEHRIT-Centre in Canada zeigten in ihrer herausragenden Studie, wie [&hellip;]\" \/>\n<meta property=\"og:url\" content=\"https:\/\/janert.info\/en\/brain\/\" \/>\n<meta property=\"og:site_name\" content=\"Autistische Kinder\" \/>\n<meta property=\"article:modified_time\" content=\"2025-07-10T11:07:58+00:00\" \/>\n<meta property=\"og:image\" content=\"https:\/\/janert.info\/wp-content\/uploads\/2019\/05\/AKBBFavicon-300x300.png\" \/>\n<meta name=\"twitter:card\" content=\"summary_large_image\" \/>\n<meta name=\"twitter:label1\" content=\"Est. reading time\" \/>\n\t<meta name=\"twitter:data1\" content=\"8 minutes\" \/>\n<script type=\"application\/ld+json\" class=\"yoast-schema-graph\">{\"@context\":\"https:\\\/\\\/schema.org\",\"@graph\":[{\"@type\":\"WebPage\",\"@id\":\"https:\\\/\\\/janert.info\\\/gehirn\\\/\",\"url\":\"https:\\\/\\\/janert.info\\\/gehirn\\\/\",\"name\":\"Gehirn - Autistische Kinder\",\"isPartOf\":{\"@id\":\"https:\\\/\\\/janert.info\\\/#website\"},\"primaryImageOfPage\":{\"@id\":\"https:\\\/\\\/janert.info\\\/gehirn\\\/#primaryimage\"},\"image\":{\"@id\":\"https:\\\/\\\/janert.info\\\/gehirn\\\/#primaryimage\"},\"thumbnailUrl\":\"https:\\\/\\\/janert.info\\\/wp-content\\\/uploads\\\/2019\\\/05\\\/AKBBFavicon-300x300.png\",\"datePublished\":\"2021-04-06T17:44:41+00:00\",\"dateModified\":\"2025-07-10T11:07:58+00:00\",\"breadcrumb\":{\"@id\":\"https:\\\/\\\/janert.info\\\/gehirn\\\/#breadcrumb\"},\"inLanguage\":\"en-US\",\"potentialAction\":[{\"@type\":\"ReadAction\",\"target\":[\"https:\\\/\\\/janert.info\\\/gehirn\\\/\"]}]},{\"@type\":\"ImageObject\",\"inLanguage\":\"en-US\",\"@id\":\"https:\\\/\\\/janert.info\\\/gehirn\\\/#primaryimage\",\"url\":\"https:\\\/\\\/janert.info\\\/wp-content\\\/uploads\\\/2019\\\/05\\\/AKBBFavicon-300x300.png\",\"contentUrl\":\"https:\\\/\\\/janert.info\\\/wp-content\\\/uploads\\\/2019\\\/05\\\/AKBBFavicon-300x300.png\"},{\"@type\":\"BreadcrumbList\",\"@id\":\"https:\\\/\\\/janert.info\\\/gehirn\\\/#breadcrumb\",\"itemListElement\":[{\"@type\":\"ListItem\",\"position\":1,\"name\":\"Startseite\",\"item\":\"https:\\\/\\\/janert.info\\\/\"},{\"@type\":\"ListItem\",\"position\":2,\"name\":\"Gehirn\"}]},{\"@type\":\"WebSite\",\"@id\":\"https:\\\/\\\/janert.info\\\/#website\",\"url\":\"https:\\\/\\\/janert.info\\\/\",\"name\":\"Autistische Kinder\",\"description\":\"beziehungs-orientiert behandeln\",\"potentialAction\":[{\"@type\":\"SearchAction\",\"target\":{\"@type\":\"EntryPoint\",\"urlTemplate\":\"https:\\\/\\\/janert.info\\\/?s={search_term_string}\"},\"query-input\":{\"@type\":\"PropertyValueSpecification\",\"valueRequired\":true,\"valueName\":\"search_term_string\"}}],\"inLanguage\":\"en-US\"}]}<\/script>\n<!-- \/ Yoast SEO plugin. -->","yoast_head_json":{"title":"Brain - Autistic children","robots":{"index":"index","follow":"follow","max-snippet":"max-snippet:-1","max-image-preview":"max-image-preview:large","max-video-preview":"max-video-preview:-1"},"canonical":"https:\/\/janert.info\/en\/brain\/","og_locale":"en_US","og_type":"article","og_title":"Gehirn - Autistische Kinder","og_description":"Evidenz-basierte ForschungWie Floortimespiel das Verhalten und Gehirn eines Kindes ver\u00e4ndern kannDas menschliche Gehirn ist ein soziales Gehirn. Um sich formen und vernetzen zu k\u00f6nnen, braucht es unbedingt andere Menschen, da es sich nur mihilfe von zwischenmenschlichen Beziehungen entwickeln kann. Prof. Stuart Shanker und sein Forschungsteam am MEHRIT-Centre in Canada zeigten in ihrer herausragenden Studie, wie [&hellip;]","og_url":"https:\/\/janert.info\/en\/brain\/","og_site_name":"Autistische Kinder","article_modified_time":"2025-07-10T11:07:58+00:00","og_image":[{"url":"https:\/\/janert.info\/wp-content\/uploads\/2019\/05\/AKBBFavicon-300x300.png","type":"","width":"","height":""}],"twitter_card":"summary_large_image","twitter_misc":{"Est. reading time":"8 minutes"},"schema":{"@context":"https:\/\/schema.org","@graph":[{"@type":"WebPage","@id":"https:\/\/janert.info\/gehirn\/","url":"https:\/\/janert.info\/gehirn\/","name":"Brain - Autistic children","isPartOf":{"@id":"https:\/\/janert.info\/#website"},"primaryImageOfPage":{"@id":"https:\/\/janert.info\/gehirn\/#primaryimage"},"image":{"@id":"https:\/\/janert.info\/gehirn\/#primaryimage"},"thumbnailUrl":"https:\/\/janert.info\/wp-content\/uploads\/2019\/05\/AKBBFavicon-300x300.png","datePublished":"2021-04-06T17:44:41+00:00","dateModified":"2025-07-10T11:07:58+00:00","breadcrumb":{"@id":"https:\/\/janert.info\/gehirn\/#breadcrumb"},"inLanguage":"en-US","potentialAction":[{"@type":"ReadAction","target":["https:\/\/janert.info\/gehirn\/"]}]},{"@type":"ImageObject","inLanguage":"en-US","@id":"https:\/\/janert.info\/gehirn\/#primaryimage","url":"https:\/\/janert.info\/wp-content\/uploads\/2019\/05\/AKBBFavicon-300x300.png","contentUrl":"https:\/\/janert.info\/wp-content\/uploads\/2019\/05\/AKBBFavicon-300x300.png"},{"@type":"BreadcrumbList","@id":"https:\/\/janert.info\/gehirn\/#breadcrumb","itemListElement":[{"@type":"ListItem","position":1,"name":"Startseite","item":"https:\/\/janert.info\/"},{"@type":"ListItem","position":2,"name":"Gehirn"}]},{"@type":"WebSite","@id":"https:\/\/janert.info\/#website","url":"https:\/\/janert.info\/","name":"Autistic children","description":"treat relationship-oriented","potentialAction":[{"@type":"SearchAction","target":{"@type":"EntryPoint","urlTemplate":"https:\/\/janert.info\/?s={search_term_string}"},"query-input":{"@type":"PropertyValueSpecification","valueRequired":true,"valueName":"search_term_string"}}],"inLanguage":"en-US"}]}},"_links":{"self":[{"href":"https:\/\/janert.info\/en\/wp-json\/wp\/v2\/pages\/4964","targetHints":{"allow":["GET"]}}],"collection":[{"href":"https:\/\/janert.info\/en\/wp-json\/wp\/v2\/pages"}],"about":[{"href":"https:\/\/janert.info\/en\/wp-json\/wp\/v2\/types\/page"}],"author":[{"embeddable":true,"href":"https:\/\/janert.info\/en\/wp-json\/wp\/v2\/users\/3"}],"replies":[{"embeddable":true,"href":"https:\/\/janert.info\/en\/wp-json\/wp\/v2\/comments?post=4964"}],"version-history":[{"count":10,"href":"https:\/\/janert.info\/en\/wp-json\/wp\/v2\/pages\/4964\/revisions"}],"predecessor-version":[{"id":9848,"href":"https:\/\/janert.info\/en\/wp-json\/wp\/v2\/pages\/4964\/revisions\/9848"}],"wp:attachment":[{"href":"https:\/\/janert.info\/en\/wp-json\/wp\/v2\/media?parent=4964"}],"curies":[{"name":"wp","href":"https:\/\/api.w.org\/{rel}","templated":true}]}}