{"id":5975,"date":"2021-08-03T12:50:21","date_gmt":"2021-08-03T10:50:21","guid":{"rendered":"https:\/\/autistischen-kindern-bruecken-bauen.de\/?page_id=5975"},"modified":"2022-04-09T10:04:17","modified_gmt":"2022-04-09T08:04:17","slug":"dirfloortime-icdl-participation-conditions","status":"publish","type":"page","link":"https:\/\/janert.info\/en\/dirfloortime-icdl-teilnahmebedingungen\/","title":{"rendered":"DIRFloortime ICDL Conditions of Participation"},"content":{"rendered":"<p>[et_pb_section fb_built=&#8220;1&#8243; _builder_version=&#8220;4.16&#8243; _module_preset=&#8220;default&#8220; global_colors_info=&#8220;{}&#8220;][et_pb_row _builder_version=&#8220;4.16&#8243; _module_preset=&#8220;default&#8220; global_colors_info=&#8220;{}&#8220;][et_pb_column type=&#8220;4_4&#8243; _builder_version=&#8220;4.16&#8243; _module_preset=&#8220;default&#8220; global_colors_info=&#8220;{}&#8220;][et_pb_text _builder_version=&#8220;4.16.0&#8243; _module_preset=&#8220;default&#8220; text_line_height=&#8220;1.4em&#8220; header_3_text_color=&#8220;#35B0B0&#8243; hover_enabled=&#8220;0&#8243; global_colors_info=&#8220;{}&#8220; sticky_enabled=&#8220;0&#8243;]<\/p>\n<h1 dir=\"ltr\" class=\"CDt4Ke zfr3Q\"><span><strong>DIRFloortime Kurse\u00a0 201, 202, 203, 204<\/strong><\/span><\/h1>\n<h4 dir=\"ltr\" class=\"CDt4Ke zfr3Q\"><span><strong><\/strong><\/span><\/h4>\n<h4 dir=\"ltr\" class=\"CDt4Ke zfr3Q\"><span><strong><\/strong><\/span><\/h4>\n<h4 dir=\"ltr\" class=\"CDt4Ke zfr3Q\"><span><strong>Teilnahmeberechtigungserkl\u00e4rung: <\/strong><\/span><\/h4>\n<p dir=\"ltr\" class=\"CDt4Ke zfr3Q\">Um sich f\u00fcr diesen DIR 201-Kurs anzumelden, mu\u00dft du einen DIR 101 oder einen anderen von ICDL zugelassenen Einf\u00fchrungskurs besucht haben.<\/p>\n<p dir=\"ltr\" class=\"CDt4Ke zfr3Q\">Wenn du diesen Kurs als &#8222;Basic Provider&#8220; belegst (dies ist die Option zum Erwerben von Zertifikaten f\u00fcr Fachleute), bedeutet das, dass du mit Kindern arbeitest und von ihnen Videoaufzeichnungen machen kannst, um w\u00e4hrend des Kurses 2 Videopr\u00e4sentationen zu halten. Es ist nicht erlaubt, ein Kind zu pr\u00e4sentieren, wenn es dein eigenes oder ein Familienangeh\u00f6riger ist.<\/p>\n<p dir=\"ltr\" class=\"CDt4Ke zfr3Q\">Wenn du dich als Review Student anmeldest, um auf dein DIRFloortime Provider Certificate hinzuarbeiten, mu\u00dft du best\u00e4tigen, dass du diesen Kurs zuvor abgeschlossen hast.<\/p>\n<p dir=\"ltr\" class=\"CDt4Ke zfr3Q\"><span>Wenn du ein Gastzuh\u00f6rer (Auditing-Student) bist, bedeutet das, da\u00df dieser Kurs NICHT zu einem DIRFloortime Provider-Zertifikat f\u00fchrt und auch nicht f\u00fcr Weiterbildungspunkte berechtigt ist. Deine Teilnahme berechtigt dich nicht, dich als DIRFloortime-Anbieter darzustellen. Du stimmst zu, dass dieser Kurs dann nicht dazu berechtigt, ein DIRFloortime-Anbieter zu werden.<\/span><\/p>\n<h4 dir=\"ltr\" class=\"CDt4Ke zfr3Q\"><strong><\/strong><\/h4>\n<h4 dir=\"ltr\" class=\"CDt4Ke zfr3Q\"><strong>Kurrikulum und Vorraussetzungen<\/strong><br \/><span><\/span><\/h4>\n<p dir=\"ltr\" class=\"CDt4Ke zfr3Q\">Es gibt einige Voraussetzungen, um diesen Kurs erfolgreich abzuschlie\u00dfen. Es liegt in der Verantwortung der Teilnehmer, den Lehrplan ( <a href=\"https:\/\/www.icdl.com\/courses\/curriculum\">https:\/\/www.icdl.com\/courses\/curriculum<\/a> ) zu kennen und vorbereitet zu sein:<\/p>\n<ul class=\"n8H08c UVNKR\">\n<li dir=\"ltr\" class=\"CDt4Ke zfr3Q\"><span>pers\u00f6nliche Teilnahme an den Unterrichtsstunden auf einem Ger\u00e4t mit Kamera, so da\u00df du im Kurs gesehen werden und deinen Bildschirm nach Bedarf freigeben kannst. <\/span><\/li>\n<li dir=\"ltr\" class=\"CDt4Ke zfr3Q\"><span>schriftliche Einwilligungserkl\u00e4rung, um Ihre Floortime-Sitzungen mit einem Kind zu auf Video aufzunehmen und im Kurs zu teilen.<\/span><\/li>\n<li dir=\"ltr\" class=\"TYR86d wXCUfe zfr3Q\"><span style=\"font-size: 16px;\">die Videos, die Sie von Ihren Sitzungen aufgenommen haben, auf Youtube oder Vimeo hochlade und den Link mit der Gruppe und den Lehrern auf <a href=\"http:\/\/www.floortime.org\">www.floortime.org<\/a> (ICDL&#8217;s Moodle-Website) zu teilen. <\/span><\/li>\n<li dir=\"ltr\" class=\"TYR86d wXCUfe zfr3Q\"><span style=\"font-size: 16px;\">Teilnahme an den vereinbarten Pr\u00e4sentationszeiten<\/span><\/li>\n<li dir=\"ltr\" class=\"TYR86d wXCUfe zfr3Q\"><span style=\"font-size: 16px;\">Teilnahme an Feedback-Sitzungen, wenn diese von den Ausbildern \/ Schulungsleitern bereitgestellt werden <\/span><\/li>\n<li dir=\"ltr\" class=\"TYR86d wXCUfe zfr3Q\"><span style=\"font-size: 16px;\">Absolvieren der erforderlichen Lieratur, Forenbeitr\u00e4ge und andere Lernaktivit\u00e4ten des Kurses.<\/span><span style=\"font-size: 16px;\"><\/span><\/li>\n<\/ul>\n<h3><strong style=\"font-size: xx-large;\"><\/strong><\/h3>\n<h3><strong style=\"font-size: xx-large;\"><\/strong><\/h3>\n<h3><strong style=\"font-size: xx-large;\">Vertraulichkeitserkl\u00e4rung f\u00fcr KursteilnehmerInnen<\/strong><br \/><span style=\"font-size: 16px;\"><\/span><\/h3>\n<div class=\"module--translations-translatedtext js-module--translations-translatedtext\" data-size=\"s\">Um Ihre Floortime-F\u00e4higkeiten zu verbessern und zu verfeinern, beinhaltet dieser Kurs die Anforderung, sich mit Kindern, Eltern, Fachleuten und\/ oder anderen Betreuern auf Video aufzunehmen und Videos von Kommilitonen anzusehen, die mit Kindern, Eltern, Fachleuten und\/ oder anderen Betreuern arbeiten. Die Eltern dieser Kinder haben sich gro\u00dfz\u00fcgig bereit erkl\u00e4rt, zu diesem Zweck die Erlaubnis zur Videoaufzeichnung zu erteilen. Dar\u00fcber hinaus k\u00f6nnen Sie Videos von anderen Eltern, Kindern und Fachleuten ansehen und diskutieren, deren Identit\u00e4t Ihnen bekannt sein k\u00f6nnte. Da es sich um pers\u00f6nliche Gesundheitsinformationen handelt, ist ein hohes Ma\u00df an Vertraulichkeit erforderlich.\u00a0Bitte lesen und unterschreiben Sie unten:<\/div>\n<ol>\n<li><span>Ich stimme zu, alle Videoaufzeichnungsrichtlinien einzuhalten, die von den Kursleitern zur Verf\u00fcgung gestellt werden, einschlie\u00dflich: Beschaffung von Video- und Videoaufzeichnungsberechtigungen, Kennzeichnung von Videos, Referenzierung eines auf Video angesehenen Kindes, Handhabung, Speicherung und Freigabe von Videos und endg\u00fcltige Entsorgung von Videos.<\/span><span><\/span><\/li>\n<li>Ich stimme zu, alle Informationen \u00fcber Personen, die auf Video angesehen oder in diesem Kurs besprochen werden, vertraulich zu behandeln.<span><\/span><\/li>\n<li>Ich stimme zu, dass ich nur die angegebenen Plattformen (Moodle, Zoom, Vimeo oder YouTube) in der in den Richtlinien des DIRFloortime-Schulungsprogramms festgelegten Weise verwenden und KEINE E-Mails verwenden werde, um Videolinks, PowerPoint-Pr\u00e4sentationen, Videoeinwilligungsformulare oder andere Dokumente, die private, vertrauliche und\/oder identifizierende Informationen enthalten, zu teilen. Ich verstehe, dass E-Mail keine sichere Form der \u00dcbertragung vertraulicher Informationen ist.<span><\/span><\/li>\n<li>Ich stimme zu, dass alle Informationen, die im Unterricht oder auf der Moodle-Website geteilt werden, vertraulich sind und sie in keiner Weise mit anderen au\u00dferhalb des Klassenzimmers ohne ausdr\u00fcckliche schriftliche Zustimmung des DIRFloortime-Schulungsprogramms teilen werden.<\/li>\n<li>Ich habe diese Vertraulichkeitserkl\u00e4rung f\u00fcr Studenten sorgf\u00e4ltig gelesen und \u00fcberpr\u00fcft.<\/li>\n<li>Ich verstehe es voll und ganz und stimme allen Punkten freiwillig zu. Mit dem Abschluss der Anmeldung zu diesem Kurs stimme ich mit meiner Unterschrift auf diesem Dokument allen Bedingungen zu.<\/li>\n<\/ol>\n<h3 dir=\"ltr\" class=\"CDt4Ke zfr3Q\"><span><strong><\/strong><\/span><\/h3>\n<h3 dir=\"ltr\" class=\"CDt4Ke zfr3Q\"><span><strong><\/strong><\/span><\/h3>\n<h3 dir=\"ltr\" class=\"CDt4Ke zfr3Q\"><span><strong>Einverst\u00e4ndniserkl\u00e4rung<\/strong><\/span><\/h3>\n<p dir=\"ltr\" class=\"CDt4Ke zfr3Q\"><span style=\"font-size: 16px;\">Ich verstehe, dass das DIRFloortime-Programm mich nicht qualifiziert, lizenziert oder anderweitig zertifiziert, in irgendeiner Weise zu arbeiten, dass ich nicht bereits von der entsprechenden lokalen, staatlichen, nationalen oder anderen f\u00fcr diese Qualifikation verantwortlichen Stelle qualifiziert, lizenziert oder anderweitig zertifiziert bin.<\/span><\/p>\n<p dir=\"ltr\" class=\"CDt4Ke zfr3Q\"><span>Ich verstehe weiter, dass das DIRFloortime Training Program ein Bildungsprogramm f\u00fcr Einzelpersonen ist, um Kompetenzen in DIRFloortime Theorie und Praxis zu demonstrieren. Es vermittelt, wie man mit verschiedenen Kindern und mit Personen mit unterschiedlichen Profilen in verschiedenen Umgebungen arbeitet. Das Zertifikatsprogramm umfa\u00dft 5 Kernkurse mit Kompetenzzertifikaten nach erfolgreichem Abschluss jedes Kurses ab DIR 201.<\/span><\/p>\n<p dir=\"ltr\" class=\"CDt4Ke zfr3Q\"><span>DIR 201 ist f\u00fcr Anf\u00e4nger der DIRFloortime-Praxis um die Grundlagen von DIRFloortime zu lernen. Der Fokus dieses Kurses richtet sich auf die funktionellen emotionalen Entwicklungsf\u00e4higkeiten 1-4. Der erfolgreiche Abschluss dieses Kurses berechtigt dazu, sich als Basic DIRFloortime-Anbieter zu bezeichnen. <\/span><\/p>\n<p dir=\"ltr\" class=\"CDt4Ke zfr3Q\"><span>DIR 202 richtet sich an diejenigen, die DIR 201 erfolgreich abgeschlossen haben und ihre Kompetenzen in DIRFloortime mit Schwerpunkt auf den funktionellen emotionalen Entwicklungsf\u00e4higkeiten 4, 5 &amp; 6 weiter entwickeln und vorweisen m\u00f6chten. Der erfolgreiche Abschluss dieses Kurses berechtigt dazu, sich als Proficient DIRFloortime Anbieter zu bezeichnen.<\/span><\/p>\n<p dir=\"ltr\" class=\"CDt4Ke zfr3Q\"><span>DIR 203 konzentriert sich auf das Coaching von Eltern, Betreuern und anderen Anbietern. Der erfolgreiche Abschluss von DIR 202 ist Voraussetzung f\u00fcr diesen Kurs. Der erfolgreiche Abschlu\u00df von 203 berechtigt dazu, sich Advanced DIRFloortime zu bezeichnen.<\/span><\/p>\n<p dir=\"ltr\" class=\"CDt4Ke zfr3Q\">DIR 204 A &amp; DIR 204B sind die abschlie\u00dfenden Zertifikatskurse im Kerncurriculum. DIR 204A ist ein intensives 14- bis 18-w\u00f6chiges Praktikum in englisccher Sprache, das zweiw\u00f6chentliche Seminare beinhaltet sowie das Unterrichten als Praktikant in einem der 14-w\u00f6chigen Online-Kurse oder einem anderen vorab genehmigten Vor-Ort-Kurs. Von den Praktikanten wird erwartet, dass sie kompetent sind oder die f\u00fcr die Online-Kurse erforderliche Technologie erlernen, eine Modellfallpr\u00e4sentation halten, sich mit den Kurstrainingsleitern treffen, Unterst\u00fctzung und Anleitung f\u00fcr die Teilnehmer bereitstellen und den Kursteilnehmern Feedback geben.<\/p>\n<div class=\"module--translations-section module--translations-translated js-module--translations-translated\">\n<div class=\"module--translations-translatedtext js-module--translations-translatedtext\" data-size=\"s\">Der erfolgreiche Abschluss von DIR 204A berechtigt dazu, sich als Training Leader und Expert DIRFloortime Provider zu bezeichnen.<\/div>\n<div class=\"module--translations-translatedtext js-module--translations-translatedtext\" data-size=\"s\"><\/div>\n<div class=\"module--translations-translatedtext js-module--translations-translatedtext\" data-size=\"s\">DIR 204 B ist ein 8-w\u00f6chiger Praktikumskurs, in dem Teilnehmer ihre Kompetenz durch Fallpr\u00e4sentation, Kursdiskussion und schriftliche Reflexionen nachweisen k\u00f6nnen. Der erfolgreiche Abschluss von DIR 204B berechtigt einen Studenten, sich als Expert DIRFloortime zu bezeichnen.<\/div>\n<div class=\"module--translations-translatedtext js-module--translations-translatedtext\" data-size=\"s\"><\/div>\n<div class=\"module--translations-translatedtext js-module--translations-translatedtext\" data-size=\"s\">Ich verstehe, dass dies ein bewertungsbasiertes Zertifikatsprogramm ist. Daher akzeptiere ich die Bewertung meiner Ausbildungsleiter als endg\u00fcltig. Ich verstehe, dass individuelles Mentoring und Supervision dringend empfohlen, aber nicht vorgeschrieben sind, um diese Ausbildung abzuschlie\u00dfen. Ich verstehe jedoch, da\u00df zus\u00e4tzliche Supervision notwendig sein k\u00f6nnen, wenn ich die Kompetenzen f\u00fcr den Kurs, den ich besucht habe, nicht zeigen konnte, um meine F\u00e4higkeiten weiterzuentwickeln und zu st\u00e4rken. Es kann mir auch empfohlen werden, zus\u00e4tzliche Supervision oder Mentoring zu erhalten, um meine F\u00e4higkeiten zu vertiefen, bevor ich mich f\u00fcr den folgenden Kurs einschreiben kann. Ich verstehe, dass alle Empfehlungen vor dem n\u00e4chsten Kurs abgeschlossen werden sollten und dass ich, wenn ich sie nicht abschlie\u00dfe, m\u00f6glicherweise nicht in der Lage bin, ausreichende Kompetenzen f\u00fcr jeden nachfolgenden Kurs nachzuweisen.\u00a0<\/div>\n<div class=\"module--translations-translatedtext js-module--translations-translatedtext\" data-size=\"s\"><\/div>\n<div class=\"module--translations-translatedtext js-module--translations-translatedtext\" data-size=\"s\"><\/div>\n<div class=\"module--translations-translatedtext js-module--translations-translatedtext\" data-size=\"s\"><\/div>\n<div class=\"module--translations-translatedtext js-module--translations-translatedtext\" data-size=\"s\"><\/div>\n<div class=\"module--translations-translatedtext js-module--translations-translatedtext\" data-size=\"s\"><\/div>\n<div class=\"module--translations-translatedtext js-module--translations-translatedtext\" data-size=\"s\"><\/div>\n<\/div>\n<div class=\"module--translations-translatedtext js-module--translations-translatedtext\" data-size=\"s\"><\/div>\n<div class=\"module--translations-translatedtext js-module--translations-translatedtext\" data-size=\"s\"><\/div>\n<div class=\"module--translations-translatedtext js-module--translations-translatedtext\" data-size=\"s\">Ich verstehe auch, dass ich w\u00e4hrend dieses Kurses 2 Fallstudien einreichen muss. Fallstudien sind Videoaufnahmen von sich selbst, wie Sie Floortime mit einem Kind anwenden. Bis zum Ende von DIR 201 m\u00fcssen Sie mindestens ein Kind in Ihren 2 Fallpr\u00e4sentationen vorgestellt haben, am Ende von DIR 202 m\u00fcssen Sie mindestens 2 verschiedene Kinder zwischen den 4 Fallpr\u00e4sentationen in DIR 201 und 202 vorgestellt haben, und am Ende von DIR 203 m\u00fcssen Sie 3 verschiedene Kinderf\u00e4lle in den 6 Fallpr\u00e4sentationen in DIR 201, 202 und 203 pr\u00e4sentiert haben. Einfach ausgedr\u00fcckt, k\u00f6nnen Sie w\u00e4hrend Ihrer gesamten Lernreise nicht dasselbe Kind \/ dieselbe Familie pr\u00e4sentieren. Schulungsleiter k\u00f6nnen verlangen, dass zus\u00e4tzliche F\u00e4lle \u00fcber dieses Minimum hinaus vorgelegt werden. Dar\u00fcber hinaus verstehen Sie auch, dass Sie sich nicht pr\u00e4sentieren k\u00f6nnen, wenn Sie mit einem Kind arbeiten, das Ihr eigenes oder ein Familienangeh\u00f6riger ist.<\/div>\n<div class=\"module--translations-translatedtext js-module--translations-translatedtext\" data-size=\"s\"><\/div>\n<p dir=\"ltr\" class=\"CDt4Ke zfr3Q\"><span><\/span><\/p>\n<p dir=\"ltr\" class=\"CDt4Ke zfr3Q\"><span>Ich best\u00e4tige, da\u00df ich Teil A dieses Letter of Understanding und die aktuelle Beschreibung der Kurse des DIRFloortime-Fortbildungsprogramms, DIR 201, DIR 202, DIR 203 und DIR 204, sorgf\u00e4ltig gelesen und die aktuellen Ausbildungsziele und -bedingungen verstanden habe, sowie dass sich die Programmanforderungen \u00e4ndern k\u00f6nnen. Das DIRFloortime\u00ae Training Program und die von und zwischen ICDL und seinen Studenten aufgebauten Beziehungen stellen keine Partnerschaft, kein Joint Venture, kein Franchise, keine Agentur oder keinen Arbeitsvertrag dar.<\/span><\/p>\n<p dir=\"ltr\" class=\"CDt4Ke zfr3Q\">Eine \u00dcbersicht \u00fcber die aktuellen Grundvoraussetzungen f\u00fcr das Programm finden Sie auf unserer Website <a href=\"http:\/\/www.icdl.com\">www.icdl.com<\/a> . ICDL beh\u00e4lt sich das Recht vor, nach eigenem Ermessen die Anforderungen f\u00fcr seine Programme jederzeit und ohne Vorank\u00fcndigung zu \u00e4ndern, zu erg\u00e4nzen, zu erweitern oder anderweitig zu modifizieren. Die Entscheidung \u00fcber den erfolgreichen Abschluss der Anforderungen des Zertifikatsprogramms liegt ausschlie\u00dflich bei ICDL. Ein Teilnehmer mit erfolgreichem Abschlu\u00df kann sich als Student im DIRFloortime\u00ae Trainingsprogramm identifizieren.<\/p>\n<p dir=\"ltr\" class=\"CDt4Ke zfr3Q\">Ich habe die Lernziele und -bedingungen f\u00fcr diesen Kurs \u00fcberpr\u00fcft und verstanden.<\/p>\n<p dir=\"ltr\" class=\"CDt4Ke zfr3Q\">Ich verstehe diese Bedingungen voll und ganz und stimme ihnen freiwillig zu. Mit dem Abschluss der Anmeldung zu diesem Kurs stimme ich mit meiner Unterschrift auf diesem Dokument und allen Bedingungen zu. (Dies wird bei der Anmeldung zum Kurs vereinbart.)<\/p>\n<p>[\/et_pb_text][\/et_pb_column][\/et_pb_row][\/et_pb_section]<\/p>\n<span class=\"et_bloom_bottom_trigger\"><\/span>","protected":false},"excerpt":{"rendered":"<p>DIRFloortime Kurse\u00a0 201, 202, 203, 204 Teilnahmeberechtigungserkl\u00e4rung: Um sich f\u00fcr diesen DIR 201-Kurs anzumelden, mu\u00dft du einen DIR 101 oder einen anderen von ICDL zugelassenen Einf\u00fchrungskurs besucht haben. Wenn du diesen Kurs als &#8222;Basic Provider&#8220; belegst (dies ist die Option zum Erwerben von Zertifikaten f\u00fcr Fachleute), bedeutet das, dass du mit Kindern arbeitest und von [&hellip;]<\/p>\n","protected":false},"author":3,"featured_media":0,"parent":0,"menu_order":0,"comment_status":"closed","ping_status":"closed","template":"","meta":{"_acf_changed":false,"_et_pb_use_builder":"on","_et_pb_old_content":"","_et_gb_content_width":"","footnotes":""},"class_list":["post-5975","page","type-page","status-publish","hentry"],"acf":[],"yoast_head":"<!-- This site is optimized with the Yoast SEO plugin v27.3 - https:\/\/yoast.com\/product\/yoast-seo-wordpress\/ -->\n<title>DIRFloortime ICDL-Teilnahmebedingungen - Autistische Kinder<\/title>\n<meta name=\"robots\" content=\"index, follow, max-snippet:-1, max-image-preview:large, max-video-preview:-1\" \/>\n<link rel=\"canonical\" href=\"https:\/\/janert.info\/en\/dirfloortime-icdl-participation-conditions\/\" \/>\n<meta property=\"og:locale\" content=\"en_US\" \/>\n<meta property=\"og:type\" content=\"article\" \/>\n<meta property=\"og:title\" content=\"DIRFloortime ICDL-Teilnahmebedingungen - Autistische Kinder\" \/>\n<meta property=\"og:description\" content=\"DIRFloortime Kurse\u00a0 201, 202, 203, 204 Teilnahmeberechtigungserkl\u00e4rung: Um sich f\u00fcr diesen DIR 201-Kurs anzumelden, mu\u00dft du einen DIR 101 oder einen anderen von ICDL zugelassenen Einf\u00fchrungskurs besucht haben. Wenn du diesen Kurs als &quot;Basic Provider&quot; belegst (dies ist die Option zum Erwerben von Zertifikaten f\u00fcr Fachleute), bedeutet das, dass du mit Kindern arbeitest und von [&hellip;]\" \/>\n<meta property=\"og:url\" content=\"https:\/\/janert.info\/en\/dirfloortime-icdl-participation-conditions\/\" \/>\n<meta property=\"og:site_name\" content=\"Autistische Kinder\" \/>\n<meta property=\"article:modified_time\" content=\"2022-04-09T08:04:17+00:00\" \/>\n<meta name=\"twitter:card\" content=\"summary_large_image\" \/>\n<script type=\"application\/ld+json\" class=\"yoast-schema-graph\">{\"@context\":\"https:\\\/\\\/schema.org\",\"@graph\":[{\"@type\":\"WebPage\",\"@id\":\"https:\\\/\\\/janert.info\\\/dirfloortime-icdl-teilnahmebedingungen\\\/\",\"url\":\"https:\\\/\\\/janert.info\\\/dirfloortime-icdl-teilnahmebedingungen\\\/\",\"name\":\"DIRFloortime ICDL-Teilnahmebedingungen - Autistische Kinder\",\"isPartOf\":{\"@id\":\"https:\\\/\\\/janert.info\\\/#website\"},\"datePublished\":\"2021-08-03T10:50:21+00:00\",\"dateModified\":\"2022-04-09T08:04:17+00:00\",\"breadcrumb\":{\"@id\":\"https:\\\/\\\/janert.info\\\/dirfloortime-icdl-teilnahmebedingungen\\\/#breadcrumb\"},\"inLanguage\":\"en-US\",\"potentialAction\":[{\"@type\":\"ReadAction\",\"target\":[\"https:\\\/\\\/janert.info\\\/dirfloortime-icdl-teilnahmebedingungen\\\/\"]}]},{\"@type\":\"BreadcrumbList\",\"@id\":\"https:\\\/\\\/janert.info\\\/dirfloortime-icdl-teilnahmebedingungen\\\/#breadcrumb\",\"itemListElement\":[{\"@type\":\"ListItem\",\"position\":1,\"name\":\"Startseite\",\"item\":\"https:\\\/\\\/janert.info\\\/\"},{\"@type\":\"ListItem\",\"position\":2,\"name\":\"DIRFloortime ICDL-Teilnahmebedingungen\"}]},{\"@type\":\"WebSite\",\"@id\":\"https:\\\/\\\/janert.info\\\/#website\",\"url\":\"https:\\\/\\\/janert.info\\\/\",\"name\":\"Autistische Kinder\",\"description\":\"beziehungs-orientiert behandeln\",\"potentialAction\":[{\"@type\":\"SearchAction\",\"target\":{\"@type\":\"EntryPoint\",\"urlTemplate\":\"https:\\\/\\\/janert.info\\\/?s={search_term_string}\"},\"query-input\":{\"@type\":\"PropertyValueSpecification\",\"valueRequired\":true,\"valueName\":\"search_term_string\"}}],\"inLanguage\":\"en-US\"}]}<\/script>\n<!-- \/ Yoast SEO plugin. -->","yoast_head_json":{"title":"DIRFloortime ICDL Conditions of Participation - Autistic Children","robots":{"index":"index","follow":"follow","max-snippet":"max-snippet:-1","max-image-preview":"max-image-preview:large","max-video-preview":"max-video-preview:-1"},"canonical":"https:\/\/janert.info\/en\/dirfloortime-icdl-participation-conditions\/","og_locale":"en_US","og_type":"article","og_title":"DIRFloortime ICDL-Teilnahmebedingungen - Autistische Kinder","og_description":"DIRFloortime Kurse\u00a0 201, 202, 203, 204 Teilnahmeberechtigungserkl\u00e4rung: Um sich f\u00fcr diesen DIR 201-Kurs anzumelden, mu\u00dft du einen DIR 101 oder einen anderen von ICDL zugelassenen Einf\u00fchrungskurs besucht haben. Wenn du diesen Kurs als \"Basic Provider\" belegst (dies ist die Option zum Erwerben von Zertifikaten f\u00fcr Fachleute), bedeutet das, dass du mit Kindern arbeitest und von [&hellip;]","og_url":"https:\/\/janert.info\/en\/dirfloortime-icdl-participation-conditions\/","og_site_name":"Autistische Kinder","article_modified_time":"2022-04-09T08:04:17+00:00","twitter_card":"summary_large_image","schema":{"@context":"https:\/\/schema.org","@graph":[{"@type":"WebPage","@id":"https:\/\/janert.info\/dirfloortime-icdl-teilnahmebedingungen\/","url":"https:\/\/janert.info\/dirfloortime-icdl-teilnahmebedingungen\/","name":"DIRFloortime ICDL Conditions of Participation - Autistic Children","isPartOf":{"@id":"https:\/\/janert.info\/#website"},"datePublished":"2021-08-03T10:50:21+00:00","dateModified":"2022-04-09T08:04:17+00:00","breadcrumb":{"@id":"https:\/\/janert.info\/dirfloortime-icdl-teilnahmebedingungen\/#breadcrumb"},"inLanguage":"en-US","potentialAction":[{"@type":"ReadAction","target":["https:\/\/janert.info\/dirfloortime-icdl-teilnahmebedingungen\/"]}]},{"@type":"BreadcrumbList","@id":"https:\/\/janert.info\/dirfloortime-icdl-teilnahmebedingungen\/#breadcrumb","itemListElement":[{"@type":"ListItem","position":1,"name":"Startseite","item":"https:\/\/janert.info\/"},{"@type":"ListItem","position":2,"name":"DIRFloortime ICDL-Teilnahmebedingungen"}]},{"@type":"WebSite","@id":"https:\/\/janert.info\/#website","url":"https:\/\/janert.info\/","name":"Autistic children","description":"treat relationship-oriented","potentialAction":[{"@type":"SearchAction","target":{"@type":"EntryPoint","urlTemplate":"https:\/\/janert.info\/?s={search_term_string}"},"query-input":{"@type":"PropertyValueSpecification","valueRequired":true,"valueName":"search_term_string"}}],"inLanguage":"en-US"}]}},"_links":{"self":[{"href":"https:\/\/janert.info\/en\/wp-json\/wp\/v2\/pages\/5975","targetHints":{"allow":["GET"]}}],"collection":[{"href":"https:\/\/janert.info\/en\/wp-json\/wp\/v2\/pages"}],"about":[{"href":"https:\/\/janert.info\/en\/wp-json\/wp\/v2\/types\/page"}],"author":[{"embeddable":true,"href":"https:\/\/janert.info\/en\/wp-json\/wp\/v2\/users\/3"}],"replies":[{"embeddable":true,"href":"https:\/\/janert.info\/en\/wp-json\/wp\/v2\/comments?post=5975"}],"version-history":[{"count":9,"href":"https:\/\/janert.info\/en\/wp-json\/wp\/v2\/pages\/5975\/revisions"}],"predecessor-version":[{"id":6455,"href":"https:\/\/janert.info\/en\/wp-json\/wp\/v2\/pages\/5975\/revisions\/6455"}],"wp:attachment":[{"href":"https:\/\/janert.info\/en\/wp-json\/wp\/v2\/media?parent=5975"}],"curies":[{"name":"wp","href":"https:\/\/api.w.org\/{rel}","templated":true}]}}