{"id":6028,"date":"2021-08-17T10:08:03","date_gmt":"2021-08-17T08:08:03","guid":{"rendered":"https:\/\/autistischen-kindern-bruecken-bauen.de\/?page_id=6028"},"modified":"2021-08-28T19:43:22","modified_gmt":"2021-08-28T17:43:22","slug":"play","status":"publish","type":"page","link":"https:\/\/janert.info\/en\/spielen\/","title":{"rendered":"Play"},"content":{"rendered":"<p>[et_pb_section fb_built=&#8220;1&#8243; admin_label=&#8220;Hero Section&#8220; _builder_version=&#8220;3.22&#8243; background_color=&#8220;#05896a&#8220; use_background_color_gradient=&#8220;on&#8220; background_color_gradient_start=&#8220;#0fa3ae&#8220; background_color_gradient_end=&#8220;#0fa3ae&#8220; background_color_gradient_direction=&#8220;1deg&#8220; custom_padding=&#8220;0||0||true|false&#8220; animation_style=&#8220;slide&#8220; animation_direction=&#8220;top&#8220; animation_intensity_slide=&#8220;2%&#8220; animation_starting_opacity=&#8220;100%&#8220; box_shadow_style=&#8220;preset7&#8243; box_shadow_horizontal=&#8220;0px&#8220; box_shadow_vertical=&#8220;-120px&#8220; box_shadow_color=&#8220;#ffffff&#8220; locked=&#8220;off&#8220;][et_pb_row column_structure=&#8220;1_2,1_2&#8243; _builder_version=&#8220;3.25&#8243; background_size=&#8220;initial&#8220; background_position=&#8220;top_left&#8220; background_repeat=&#8220;repeat&#8220; custom_padding=&#8220;40px|0px|0|0px|false|false&#8220; custom_width_px=&#8220;1440px&#8220;][et_pb_column type=&#8220;1_2&#8243; _builder_version=&#8220;3.25&#8243; custom_padding=&#8220;|||&#8220; custom_padding__hover=&#8220;|||&#8220;][et_pb_text _builder_version=&#8220;3.27.4&#8243; text_font=&#8220;||||||||&#8220; header_font=&#8220;Yanone Kaffeesatz||||||||&#8220; header_text_color=&#8220;#fbd302&#8243; header_font_size=&#8220;58px&#8220; header_line_height=&#8220;1.5em&#8220; header_2_font=&#8220;||||||||&#8220; header_3_font=&#8220;||||||||&#8220; header_4_font=&#8220;||||||||&#8220; header_5_font=&#8220;||||||||&#8220; header_6_font=&#8220;||||||||&#8220; background_color=&#8220;rgba(255,255,255,0)&#8220; background_size=&#8220;initial&#8220; background_position=&#8220;top_left&#8220; background_repeat=&#8220;repeat&#8220; custom_margin=&#8220;||6px|&#8220; locked=&#8220;off&#8220; inline_fonts=&#8220;Yanone Kaffeesatz&#8220;]<\/p>\n<h1>Spielen<\/h1>\n<p>[\/et_pb_text][et_pb_divider show_divider=&#8220;off&#8220; disabled_on=&#8220;on|on|off&#8220; _builder_version=&#8220;3.8.1&#8243; max_width=&#8220;80px&#8220; module_alignment=&#8220;left&#8220; height=&#8220;10px&#8220; custom_margin=&#8220;||20px|&#8220; animation_style=&#8220;slide&#8220; animation_direction=&#8220;bottom&#8220; saved_tabs=&#8220;all&#8220; locked=&#8220;off&#8220;][\/et_pb_divider][et_pb_text _builder_version=&#8220;3.27.4&#8243; text_font=&#8220;Poppins||||||||&#8220; text_text_color=&#8220;rgba(255,255,255,0.8)&#8220; text_line_height=&#8220;1.8em&#8220; header_font=&#8220;||||||||&#8220; locked=&#8220;off&#8220;][\/et_pb_text][et_pb_text _builder_version=&#8220;3.27.4&#8243; text_font=&#8220;Poppins||||||||&#8220; text_text_color=&#8220;rgba(255,255,255,0.8)&#8220; text_line_height=&#8220;1.8em&#8220; header_font=&#8220;||||||||&#8220; locked=&#8220;off&#8220;][\/et_pb_text][\/et_pb_column][et_pb_column type=&#8220;1_2&#8243; _builder_version=&#8220;3.25&#8243; custom_padding=&#8220;|||&#8220; custom_padding__hover=&#8220;|||&#8220;][et_pb_image src=&#8220;https:\/\/janert.info\/wp-content\/uploads\/2021\/08\/dad-with-red-pillow-on-his-head-3933110-scaled.jpg&#8220; alt=&#8220;Interaktives Spiel&#8220; title_text=&#8220;Interaktives Spiel&#8220; force_fullwidth=&#8220;on&#8220; _builder_version=&#8220;4.9.4&#8243; custom_margin=&#8220;|||&#8220; custom_padding=&#8220;|||&#8220; animation_style=&#8220;slide&#8220; animation_direction=&#8220;top&#8220; animation_intensity_slide=&#8220;6%&#8220; animation_starting_opacity=&#8220;100%&#8220; hover_enabled=&#8220;0&#8243; box_shadow_style=&#8220;preset1&#8243; box_shadow_vertical=&#8220;10px&#8220; box_shadow_blur=&#8220;100px&#8220; box_shadow_color=&#8220;rgba(0,0,0,0.2)&#8220; always_center_on_mobile=&#8220;off&#8220; sticky_enabled=&#8220;0&#8243;][\/et_pb_image][\/et_pb_column][\/et_pb_row][\/et_pb_section][et_pb_section fb_built=&#8220;1&#8243; _builder_version=&#8220;3.22&#8243;][et_pb_row _builder_version=&#8220;4.4.6&#8243;][et_pb_column type=&#8220;4_4&#8243; _builder_version=&#8220;4.4.6&#8243;][et_pb_text _builder_version=&#8220;4.9.3&#8243;]<\/p>\n<h1>Spielen\u00a0<\/h1>\n<p>[\/et_pb_text][et_pb_text _builder_version=&#8220;4.9.3&#8243;]<\/p>\n<p>Spielen ist die Basis f\u00fcr alle Entwicklungen eines Kindes.\u00a0<\/p>\n<p>Spielen kann allein oder in Interaktion mit anderen Menschen stattfinden.\u00a0<\/p>\n<p>-Kinder brauchen mehr als immer nur dasselbe Puzzle oder Regelspiele oder Spielzeug-auf-Knopfdruck.\u00a0<\/p>\n<p>&#8211; sensorisch, erkundend &#8211; oft alleine und meist non-verbal<\/p>\n<p>&#8211; Muster, Rhythmus&amp;Wiederholdung,\u00a0<\/p>\n<p>&#8211; symbolisch<\/p>\n<p>&#8211; according to FEDCs<\/p>\n<p>&nbsp;<\/p>\n<p>[\/et_pb_text][\/et_pb_column][\/et_pb_row][et_pb_row column_structure=&#8220;1_4,1_2,1_4&#8243; _builder_version=&#8220;4.9.4&#8243; _module_preset=&#8220;default&#8220;][et_pb_column type=&#8220;1_4&#8243; _builder_version=&#8220;4.9.4&#8243; _module_preset=&#8220;default&#8220;][et_pb_image src=&#8220;https:\/\/janert.info\/wp-content\/uploads\/2021\/08\/TreasureBasket.-Elli.1.jpg&#8220; _builder_version=&#8220;4.9.4&#8243; _module_preset=&#8220;default&#8220; hover_enabled=&#8220;0&#8243; sticky_enabled=&#8220;0&#8243; title_text=&#8220;TreasureBasket. Elli.1&#8243;][\/et_pb_image][\/et_pb_column][et_pb_column type=&#8220;1_2&#8243; _builder_version=&#8220;4.9.4&#8243; _module_preset=&#8220;default&#8220;][et_pb_text _builder_version=&#8220;4.9.4&#8243; _module_preset=&#8220;default&#8220; custom_padding=&#8220;1px|||||&#8220;]<\/p>\n<h3>F\u00fcr sich alleine spielen (solitary play)<\/h3>\n<p>Eine der fr\u00fchesten Arten zu spielen besteht darin, da\u00df das kleine Kind beginnt sich daf\u00fcr zu interessieren, was um es herum geschieht und wie es etwas erreichen, f\u00fchlen, sp\u00fcren oder in Bewegung versetzen kann, um neue Erfahrungen zu machen, seinen eigenen K\u00f6rper kennenzulernen, die Dinge in seiner Umwelt zu erkunden und eigene, meist unbewu\u00dfte, Ideen auszuprobieren und weiterzuentwickeln. Dieses explorative Spielen f\u00fcr sich alleine beginnt mit 2-3 Monaten und bildet die Grundlage zu der wichtigen F\u00e4higkeit, sich selbst besch\u00e4ftigen zu k\u00f6nnen und eigene Interessen zu haben. Es findet ungest\u00f6rt f\u00fcr sich alleine und non-verbal statt, oder in der still-beobachtenden Pr\u00e4senz einer Vertrauensperson. &#8218;Playing alone in the presence of the (m)other&#8216;, wie der Kindertherapeut D. Winnicott es nannte, erm\u00f6glicht es dem Kind seine innere Beziehungswelt und sein Selbstgef\u00fchl zu entwickeln. In solchen Situationen ist es wichtig, da\u00df der Erwachsene sich zur\u00fcckh\u00e4lt und mit Interesse, still und wohlwollend emotional teilnimmt, ohne das Kind zu Interaktionen auffordern oder ihm etwas geben, zeigen, beibringen oder seine Reaktionen auf sich selber ziehen zu wollen.\u00a0<\/p>\n<p><span><\/span><\/p>\n<p>[\/et_pb_text][\/et_pb_column][et_pb_column type=&#8220;1_4&#8243; _builder_version=&#8220;4.9.4&#8243; _module_preset=&#8220;default&#8220;][et_pb_text _builder_version=&#8220;4.9.4&#8243; _module_preset=&#8220;default&#8220; custom_padding=&#8220;3px|||||&#8220;]<\/p>\n<h3>Beispiele<\/h3>\n<p>\u00a0&#8211; find<\/p>\n<p>&nbsp;<\/p>\n<p>&nbsp;<\/p>\n<p>[\/et_pb_text][et_pb_text _builder_version=&#8220;4.9.4&#8243; _module_preset=&#8220;default&#8220; custom_padding=&#8220;3px|||||&#8220;]<\/p>\n<h3>Tipps und Aktivit\u00e4ten<\/h3>\n<h3>\u00a0<\/h3>\n<p>&nbsp;<\/p>\n<p>&nbsp;<\/p>\n<p>[\/et_pb_text][et_pb_button button_text=&#8220;Schatzkorb&#8220; _builder_version=&#8220;4.9.4&#8243; _module_preset=&#8220;default&#8220; custom_button=&#8220;on&#8220; button_text_color=&#8220;#FBD302&#8243; button_bg_color=&#8220;#35B0B0&#8243; button_border_color=&#8220;#35B0B0&#8243;][\/et_pb_button][\/et_pb_column][\/et_pb_row][et_pb_row column_structure=&#8220;1_4,1_2,1_4&#8243; _builder_version=&#8220;4.9.4&#8243; _module_preset=&#8220;default&#8220;][et_pb_column type=&#8220;1_4&#8243; _builder_version=&#8220;4.9.4&#8243; _module_preset=&#8220;default&#8220;][et_pb_image src=&#8220;https:\/\/janert.info\/wp-content\/uploads\/2021\/08\/child-dough-hands.jpg&#8220; _builder_version=&#8220;4.9.4&#8243; _module_preset=&#8220;default&#8220; hover_enabled=&#8220;0&#8243; sticky_enabled=&#8220;0&#8243; alt=&#8220;child-dough-hands&#8220; title_text=&#8220;child-dough-hands&#8220;][\/et_pb_image][\/et_pb_column][et_pb_column type=&#8220;1_2&#8243; _builder_version=&#8220;4.9.4&#8243; _module_preset=&#8220;default&#8220;][et_pb_text _builder_version=&#8220;4.9.4&#8243; _module_preset=&#8220;default&#8220; custom_padding=&#8220;1px|||||&#8220;]<\/p>\n<h3>Sensorisches Spiel<\/h3>\n<p>&#8211; mit anderen, um zu kommunizieren und miteinander in Austausch zu treten<\/p>\n<p>[\/et_pb_text][\/et_pb_column][et_pb_column _builder_version=&#8220;4.9.4&#8243; _module_preset=&#8220;default&#8220; type=&#8220;1_4&#8243;][et_pb_button button_text=&#8220;Play Dough selbstgemacht&#8220; _builder_version=&#8220;4.9.4&#8243; _module_preset=&#8220;default&#8220; custom_button=&#8220;on&#8220; button_text_color=&#8220;#FBD302&#8243; button_bg_color=&#8220;#35B0B0&#8243; button_border_color=&#8220;#35B0B0&#8243;][\/et_pb_button][et_pb_text _builder_version=&#8220;4.9.4&#8243; _module_preset=&#8220;default&#8220;]<\/p>\n<h3>Wasserspiel &#8211; Webinar<\/h3>\n<p>\u00a0&#8211; f<\/p>\n<p>[\/et_pb_text][\/et_pb_column][\/et_pb_row][et_pb_row column_structure=&#8220;1_4,1_2,1_4&#8243; _builder_version=&#8220;4.9.4&#8243; _module_preset=&#8220;default&#8220;][et_pb_column type=&#8220;1_4&#8243; _builder_version=&#8220;4.9.4&#8243; _module_preset=&#8220;default&#8220;][et_pb_image src=&#8220;https:\/\/janert.info\/wp-content\/uploads\/2020\/05\/Loose-parts-in-shelf-1.jpg&#8220; _builder_version=&#8220;4.9.4&#8243; _module_preset=&#8220;default&#8220; hover_enabled=&#8220;0&#8243; sticky_enabled=&#8220;0&#8243; title_text=&#8220;Loose parts in shelf 1&#8243;][\/et_pb_image][\/et_pb_column][et_pb_column type=&#8220;1_2&#8243; _builder_version=&#8220;4.9.4&#8243; _module_preset=&#8220;default&#8220;][et_pb_text _builder_version=&#8220;4.9.4&#8243; _module_preset=&#8220;default&#8220; custom_padding=&#8220;1px|||||&#8220;]<\/p>\n<h3>Exploratives Spiel<\/h3>\n<p>&#8211; mit anderen, um zu kommunizieren und miteinander in Austausch zu treten<\/p>\n<p>Muster machen<\/p>\n<p>Probleml\u00f6sen<\/p>\n<p>&nbsp;<\/p>\n<p>[\/et_pb_text][\/et_pb_column][et_pb_column _builder_version=&#8220;4.9.4&#8243; _module_preset=&#8220;default&#8220; type=&#8220;1_4&#8243;][et_pb_text _builder_version=&#8220;4.9.4&#8243; _module_preset=&#8220;default&#8220; width=&#8220;100%&#8220;]<\/p>\n<h3>Kisten &amp; Beh\u00e4lter<\/h3>\n<p>\u00a0&#8211; f<\/p>\n<p>[\/et_pb_text][et_pb_text _builder_version=&#8220;4.9.4&#8243; _module_preset=&#8220;default&#8220;]<\/p>\n<h3>Lose Teile<\/h3>\n<p>\u00a0&#8211; fnd<\/p>\n<p>&nbsp;<\/p>\n<p>[\/et_pb_text][et_pb_text _builder_version=&#8220;4.9.4&#8243; _module_preset=&#8220;default&#8220;]<\/p>\n<h3>Hoher Spielwert<\/h3>\n<p>\u00a0&#8211; f<\/p>\n<p>[\/et_pb_text][\/et_pb_column][\/et_pb_row][et_pb_row column_structure=&#8220;1_4,1_2,1_4&#8243; _builder_version=&#8220;4.9.4&#8243; _module_preset=&#8220;default&#8220;][et_pb_column type=&#8220;1_4&#8243; _builder_version=&#8220;4.9.4&#8243; _module_preset=&#8220;default&#8220;][et_pb_image src=&#8220;https:\/\/janert.info\/wp-content\/uploads\/2021\/07\/Balloons-Nabih6.jpg&#8220; _builder_version=&#8220;4.9.4&#8243; _module_preset=&#8220;default&#8220; hover_enabled=&#8220;0&#8243; sticky_enabled=&#8220;0&#8243; title_text=&#8220;Luftballons&#8220;][\/et_pb_image][\/et_pb_column][et_pb_column type=&#8220;1_2&#8243; _builder_version=&#8220;4.9.4&#8243; _module_preset=&#8220;default&#8220;][et_pb_text _builder_version=&#8220;4.9.4&#8243; _module_preset=&#8220;default&#8220; custom_padding=&#8220;1px|||||&#8220;]<\/p>\n<h3>Parallel-Spiel<\/h3>\n<p>&#8211; mit anderen, um zu kommunizieren und miteinander in Austausch zu treten<\/p>\n<p>[\/et_pb_text][\/et_pb_column][et_pb_column type=&#8220;1_4&#8243; _builder_version=&#8220;4.9.4&#8243; _module_preset=&#8220;default&#8220;][\/et_pb_column][\/et_pb_row][et_pb_row column_structure=&#8220;1_4,1_2,1_4&#8243; _builder_version=&#8220;4.9.4&#8243; _module_preset=&#8220;default&#8220;][et_pb_column type=&#8220;1_4&#8243; _builder_version=&#8220;4.9.4&#8243; _module_preset=&#8220;default&#8220;][et_pb_image src=&#8220;https:\/\/janert.info\/wp-content\/uploads\/2021\/07\/Ibrahim-A-egg-box-on-head-3.jpg&#8220; _builder_version=&#8220;4.9.4&#8243; _module_preset=&#8220;default&#8220; hover_enabled=&#8220;0&#8243; sticky_enabled=&#8220;0&#8243; title_text=&#8220;Ibrahim A + egg box on head 3&#8243;][\/et_pb_image][\/et_pb_column][et_pb_column type=&#8220;1_2&#8243; _builder_version=&#8220;4.9.4&#8243; _module_preset=&#8220;default&#8220;][et_pb_text _builder_version=&#8220;4.9.4&#8243; _module_preset=&#8220;default&#8220; custom_padding=&#8220;1px|||||&#8220;]<\/p>\n<h3>Interaktives Spiel<\/h3>\n<p>&#8211; mit anderen, um zu kommunizieren und miteinander in Austausch zu treten<\/p>\n<p>[\/et_pb_text][\/et_pb_column][et_pb_column type=&#8220;1_4&#8243; _builder_version=&#8220;4.9.4&#8243; _module_preset=&#8220;default&#8220;][et_pb_text _builder_version=&#8220;4.9.4&#8243; _module_preset=&#8220;default&#8220;]<\/p>\n<h3>Bewegungsspiele<\/h3>\n<p>\u00a0&#8211; findet meist non-verbal statt, um neue Er<\/p>\n<p>&nbsp;<\/p>\n<p>&nbsp;<\/p>\n<p>[\/et_pb_text][\/et_pb_column][\/et_pb_row][et_pb_row column_structure=&#8220;1_4,1_2,1_4&#8243; _builder_version=&#8220;4.9.4&#8243; _module_preset=&#8220;default&#8220;][et_pb_column type=&#8220;1_4&#8243; _builder_version=&#8220;4.9.4&#8243; _module_preset=&#8220;default&#8220;][et_pb_image src=&#8220;https:\/\/janert.info\/wp-content\/uploads\/2021\/08\/Dinosaur-in-helicopter-pexels-cottonbro-3662709-scaled.jpg&#8220; _builder_version=&#8220;4.9.4&#8243; _module_preset=&#8220;default&#8220; hover_enabled=&#8220;0&#8243; sticky_enabled=&#8220;0&#8243; title_text=&#8220;Symbolspiel&#8220; alt=&#8220;Symbolspiel&#8220;][\/et_pb_image][\/et_pb_column][et_pb_column type=&#8220;1_2&#8243; _builder_version=&#8220;4.9.4&#8243; _module_preset=&#8220;default&#8220;][et_pb_text _builder_version=&#8220;4.9.4&#8243; _module_preset=&#8220;default&#8220; custom_padding=&#8220;7px|||||&#8220;]<\/p>\n<h3>Symbolisches Spiel<\/h3>\n<p>&#8211; mit anderen, um zu kommunizieren und miteinander in Austausch zu treten<\/p>\n<p>[\/et_pb_text][\/et_pb_column][et_pb_column type=&#8220;1_4&#8243; _builder_version=&#8220;4.9.4&#8243; _module_preset=&#8220;default&#8220;][et_pb_button button_text=&#8220;Ricki, ein besonderer Freund&#8220; _builder_version=&#8220;4.9.4&#8243; _module_preset=&#8220;default&#8220;][\/et_pb_button][\/et_pb_column][\/et_pb_row][et_pb_row _builder_version=&#8220;4.9.4&#8243; _module_preset=&#8220;default&#8220; column_structure=&#8220;1_4,1_2,1_4&#8243;][et_pb_column type=&#8220;1_4&#8243; _builder_version=&#8220;4.9.4&#8243; _module_preset=&#8220;default&#8220;][et_pb_image src=&#8220;https:\/\/janert.info\/wp-content\/uploads\/2021\/08\/Egg-box-games-Nabil-3.jpg&#8220; _builder_version=&#8220;4.9.4&#8243; _module_preset=&#8220;default&#8220; hover_enabled=&#8220;0&#8243; sticky_enabled=&#8220;0&#8243; title_text=&#8220;Egg box games, Nabil 3&#8243;][\/et_pb_image][\/et_pb_column][et_pb_column type=&#8220;1_2&#8243; _builder_version=&#8220;4.9.4&#8243; _module_preset=&#8220;default&#8220;][et_pb_text _builder_version=&#8220;4.9.4&#8243; _module_preset=&#8220;default&#8220; custom_padding=&#8220;7px|||||&#8220;]<\/p>\n<h3>Kooperatives Spiel<\/h3>\n<p>&#8211; mit anderen, um zu kommunizieren und miteinander in Austausch zu treten<\/p>\n<p>[\/et_pb_text][\/et_pb_column][et_pb_column type=&#8220;1_4&#8243; _builder_version=&#8220;4.9.4&#8243; _module_preset=&#8220;default&#8220;][\/et_pb_column][\/et_pb_row][et_pb_row _builder_version=&#8220;4.9.3&#8243; _module_preset=&#8220;default&#8220;][et_pb_column type=&#8220;4_4&#8243; _builder_version=&#8220;4.9.3&#8243; _module_preset=&#8220;default&#8220;][et_pb_text _builder_version=&#8220;4.9.4&#8243; text_font=&#8220;||||||||&#8220; text_line_height=&#8220;1.6em&#8220; custom_padding=&#8220;30px|30px|30px|30px|true|true&#8220; box_shadow_style=&#8220;preset1&#8243;]<\/p>\n<p><strong><em><img loading=\"lazy\" decoding=\"async\" src=\"https:\/\/janert.info\/wp-content\/uploads\/2019\/05\/AKBBFavicon-300x300.png\" alt=\"Autistischen Kindern Bruecken Bauen\" class=\"wp-image-3051 alignnone size-medium\" width=\"67\" height=\"67\" srcset=\"https:\/\/janert.info\/wp-content\/uploads\/2019\/05\/AKBBFavicon-300x300.png 300w, https:\/\/janert.info\/wp-content\/uploads\/2019\/05\/AKBBFavicon-150x150.png 150w, https:\/\/janert.info\/wp-content\/uploads\/2019\/05\/AKBBFavicon.png 512w\" sizes=\"(max-width: 67px) 100vw, 67px\" \/> \u201eandlung\u201c<\/em><\/strong><\/p>\n<p><em>\u201e<\/em>hirn hat sich\u00a0<\/p>\n<p><strong><span style=\"color: #0fa3ae;\">Jin<\/span><br \/><\/strong><\/p>\n<p>[\/et_pb_text][\/et_pb_column][\/et_pb_row][\/et_pb_section]<\/p>\n<span class=\"et_bloom_bottom_trigger\"><\/span>","protected":false},"excerpt":{"rendered":"<p>SpielenSpielen\u00a0Spielen ist die Basis f\u00fcr alle Entwicklungen eines Kindes.\u00a0 Spielen kann allein oder in Interaktion mit anderen Menschen stattfinden.\u00a0 -Kinder brauchen mehr als immer nur dasselbe Puzzle oder Regelspiele oder Spielzeug-auf-Knopfdruck.\u00a0 &#8211; sensorisch, erkundend &#8211; oft alleine und meist non-verbal &#8211; Muster, Rhythmus&amp;Wiederholdung,\u00a0 &#8211; symbolisch &#8211; according to FEDCs &nbsp;F\u00fcr sich alleine spielen (solitary play) [&hellip;]<\/p>\n","protected":false},"author":3,"featured_media":0,"parent":0,"menu_order":0,"comment_status":"closed","ping_status":"closed","template":"","meta":{"_acf_changed":false,"_et_pb_use_builder":"on","_et_pb_old_content":"","_et_gb_content_width":"","footnotes":""},"class_list":["post-6028","page","type-page","status-publish","hentry"],"acf":[],"yoast_head":"<!-- This site is optimized with the Yoast SEO plugin v27.5 - https:\/\/yoast.com\/product\/yoast-seo-wordpress\/ -->\n<title>Spielen - Autistische Kinder<\/title>\n<meta name=\"robots\" content=\"index, follow, max-snippet:-1, max-image-preview:large, max-video-preview:-1\" \/>\n<link rel=\"canonical\" href=\"https:\/\/janert.info\/en\/play\/\" \/>\n<meta property=\"og:locale\" content=\"en_US\" \/>\n<meta property=\"og:type\" content=\"article\" \/>\n<meta property=\"og:title\" content=\"Spielen - Autistische Kinder\" \/>\n<meta property=\"og:description\" content=\"SpielenSpielen\u00a0Spielen ist die Basis f\u00fcr alle Entwicklungen eines Kindes.\u00a0 Spielen kann allein oder in Interaktion mit anderen Menschen stattfinden.\u00a0 -Kinder brauchen mehr als immer nur dasselbe Puzzle oder Regelspiele oder Spielzeug-auf-Knopfdruck.\u00a0 - sensorisch, erkundend - oft alleine und meist non-verbal - Muster, Rhythmus&amp;Wiederholdung,\u00a0 - symbolisch - according to FEDCs &nbsp;F\u00fcr sich alleine spielen (solitary play) [&hellip;]\" \/>\n<meta property=\"og:url\" content=\"https:\/\/janert.info\/en\/play\/\" \/>\n<meta property=\"og:site_name\" content=\"Autistische Kinder\" \/>\n<meta property=\"article:modified_time\" content=\"2021-08-28T17:43:22+00:00\" \/>\n<meta property=\"og:image\" content=\"https:\/\/janert.info\/wp-content\/uploads\/2019\/05\/AKBBFavicon-300x300.png\" \/>\n<meta name=\"twitter:card\" content=\"summary_large_image\" \/>\n<meta name=\"twitter:label1\" content=\"Est. reading time\" \/>\n\t<meta name=\"twitter:data1\" content=\"3 minutes\" \/>\n<script type=\"application\/ld+json\" class=\"yoast-schema-graph\">{\"@context\":\"https:\\\/\\\/schema.org\",\"@graph\":[{\"@type\":\"WebPage\",\"@id\":\"https:\\\/\\\/janert.info\\\/spielen\\\/\",\"url\":\"https:\\\/\\\/janert.info\\\/spielen\\\/\",\"name\":\"Spielen - Autistische Kinder\",\"isPartOf\":{\"@id\":\"https:\\\/\\\/janert.info\\\/#website\"},\"primaryImageOfPage\":{\"@id\":\"https:\\\/\\\/janert.info\\\/spielen\\\/#primaryimage\"},\"image\":{\"@id\":\"https:\\\/\\\/janert.info\\\/spielen\\\/#primaryimage\"},\"thumbnailUrl\":\"https:\\\/\\\/janert.info\\\/wp-content\\\/uploads\\\/2019\\\/05\\\/AKBBFavicon-300x300.png\",\"datePublished\":\"2021-08-17T08:08:03+00:00\",\"dateModified\":\"2021-08-28T17:43:22+00:00\",\"breadcrumb\":{\"@id\":\"https:\\\/\\\/janert.info\\\/spielen\\\/#breadcrumb\"},\"inLanguage\":\"en-US\",\"potentialAction\":[{\"@type\":\"ReadAction\",\"target\":[\"https:\\\/\\\/janert.info\\\/spielen\\\/\"]}]},{\"@type\":\"ImageObject\",\"inLanguage\":\"en-US\",\"@id\":\"https:\\\/\\\/janert.info\\\/spielen\\\/#primaryimage\",\"url\":\"https:\\\/\\\/janert.info\\\/wp-content\\\/uploads\\\/2019\\\/05\\\/AKBBFavicon-300x300.png\",\"contentUrl\":\"https:\\\/\\\/janert.info\\\/wp-content\\\/uploads\\\/2019\\\/05\\\/AKBBFavicon-300x300.png\"},{\"@type\":\"BreadcrumbList\",\"@id\":\"https:\\\/\\\/janert.info\\\/spielen\\\/#breadcrumb\",\"itemListElement\":[{\"@type\":\"ListItem\",\"position\":1,\"name\":\"Startseite\",\"item\":\"https:\\\/\\\/janert.info\\\/\"},{\"@type\":\"ListItem\",\"position\":2,\"name\":\"Spielen\"}]},{\"@type\":\"WebSite\",\"@id\":\"https:\\\/\\\/janert.info\\\/#website\",\"url\":\"https:\\\/\\\/janert.info\\\/\",\"name\":\"Autistische Kinder\",\"description\":\"beziehungs-orientiert behandeln\",\"potentialAction\":[{\"@type\":\"SearchAction\",\"target\":{\"@type\":\"EntryPoint\",\"urlTemplate\":\"https:\\\/\\\/janert.info\\\/?s={search_term_string}\"},\"query-input\":{\"@type\":\"PropertyValueSpecification\",\"valueRequired\":true,\"valueName\":\"search_term_string\"}}],\"inLanguage\":\"en-US\"}]}<\/script>\n<!-- \/ Yoast SEO plugin. -->","yoast_head_json":{"title":"Play - Autistic children","robots":{"index":"index","follow":"follow","max-snippet":"max-snippet:-1","max-image-preview":"max-image-preview:large","max-video-preview":"max-video-preview:-1"},"canonical":"https:\/\/janert.info\/en\/play\/","og_locale":"en_US","og_type":"article","og_title":"Spielen - Autistische Kinder","og_description":"SpielenSpielen\u00a0Spielen ist die Basis f\u00fcr alle Entwicklungen eines Kindes.\u00a0 Spielen kann allein oder in Interaktion mit anderen Menschen stattfinden.\u00a0 -Kinder brauchen mehr als immer nur dasselbe Puzzle oder Regelspiele oder Spielzeug-auf-Knopfdruck.\u00a0 - sensorisch, erkundend - oft alleine und meist non-verbal - Muster, Rhythmus&amp;Wiederholdung,\u00a0 - symbolisch - according to FEDCs &nbsp;F\u00fcr sich alleine spielen (solitary play) [&hellip;]","og_url":"https:\/\/janert.info\/en\/play\/","og_site_name":"Autistische Kinder","article_modified_time":"2021-08-28T17:43:22+00:00","og_image":[{"url":"https:\/\/janert.info\/wp-content\/uploads\/2019\/05\/AKBBFavicon-300x300.png","type":"","width":"","height":""}],"twitter_card":"summary_large_image","twitter_misc":{"Est. reading time":"3 minutes"},"schema":{"@context":"https:\/\/schema.org","@graph":[{"@type":"WebPage","@id":"https:\/\/janert.info\/spielen\/","url":"https:\/\/janert.info\/spielen\/","name":"Play - Autistic children","isPartOf":{"@id":"https:\/\/janert.info\/#website"},"primaryImageOfPage":{"@id":"https:\/\/janert.info\/spielen\/#primaryimage"},"image":{"@id":"https:\/\/janert.info\/spielen\/#primaryimage"},"thumbnailUrl":"https:\/\/janert.info\/wp-content\/uploads\/2019\/05\/AKBBFavicon-300x300.png","datePublished":"2021-08-17T08:08:03+00:00","dateModified":"2021-08-28T17:43:22+00:00","breadcrumb":{"@id":"https:\/\/janert.info\/spielen\/#breadcrumb"},"inLanguage":"en-US","potentialAction":[{"@type":"ReadAction","target":["https:\/\/janert.info\/spielen\/"]}]},{"@type":"ImageObject","inLanguage":"en-US","@id":"https:\/\/janert.info\/spielen\/#primaryimage","url":"https:\/\/janert.info\/wp-content\/uploads\/2019\/05\/AKBBFavicon-300x300.png","contentUrl":"https:\/\/janert.info\/wp-content\/uploads\/2019\/05\/AKBBFavicon-300x300.png"},{"@type":"BreadcrumbList","@id":"https:\/\/janert.info\/spielen\/#breadcrumb","itemListElement":[{"@type":"ListItem","position":1,"name":"Startseite","item":"https:\/\/janert.info\/"},{"@type":"ListItem","position":2,"name":"Spielen"}]},{"@type":"WebSite","@id":"https:\/\/janert.info\/#website","url":"https:\/\/janert.info\/","name":"Autistic children","description":"treat relationship-oriented","potentialAction":[{"@type":"SearchAction","target":{"@type":"EntryPoint","urlTemplate":"https:\/\/janert.info\/?s={search_term_string}"},"query-input":{"@type":"PropertyValueSpecification","valueRequired":true,"valueName":"search_term_string"}}],"inLanguage":"en-US"}]}},"_links":{"self":[{"href":"https:\/\/janert.info\/en\/wp-json\/wp\/v2\/pages\/6028","targetHints":{"allow":["GET"]}}],"collection":[{"href":"https:\/\/janert.info\/en\/wp-json\/wp\/v2\/pages"}],"about":[{"href":"https:\/\/janert.info\/en\/wp-json\/wp\/v2\/types\/page"}],"author":[{"embeddable":true,"href":"https:\/\/janert.info\/en\/wp-json\/wp\/v2\/users\/3"}],"replies":[{"embeddable":true,"href":"https:\/\/janert.info\/en\/wp-json\/wp\/v2\/comments?post=6028"}],"version-history":[{"count":10,"href":"https:\/\/janert.info\/en\/wp-json\/wp\/v2\/pages\/6028\/revisions"}],"predecessor-version":[{"id":6091,"href":"https:\/\/janert.info\/en\/wp-json\/wp\/v2\/pages\/6028\/revisions\/6091"}],"wp:attachment":[{"href":"https:\/\/janert.info\/en\/wp-json\/wp\/v2\/media?parent=6028"}],"curies":[{"name":"wp","href":"https:\/\/api.w.org\/{rel}","templated":true}]}}