{"id":6502,"date":"2022-04-09T22:36:03","date_gmt":"2022-04-09T20:36:03","guid":{"rendered":"https:\/\/janert.info\/?page_id=6502"},"modified":"2025-07-10T19:02:13","modified_gmt":"2025-07-10T17:02:13","slug":"10-central-dirfloortime-playing-techniques","status":"publish","type":"page","link":"https:\/\/janert.info\/en\/10-zentrale-dirfloortime-spieltechniken\/","title":{"rendered":"10 key DIRFloortime playing techniques"},"content":{"rendered":"<p>[et_pb_section fb_built=&#8220;1&#8243; admin_label=&#8220;Hero Section&#8220; _builder_version=&#8220;4.16.0&#8243; background_color=&#8220;#35B0B0&#8243; use_background_color_gradient=&#8220;on&#8220; background_color_gradient_direction=&#8220;131deg&#8220; background_color_gradient_stops=&#8220;#0fa3ae 0%|#0fa3ae 100%&#8220; background_color_gradient_start=&#8220;#0fa3ae&#8220; background_color_gradient_end=&#8220;#0fa3ae&#8220; custom_padding=&#8220;0||0||true|false&#8220; animation_style=&#8220;slide&#8220; animation_direction=&#8220;top&#8220; animation_intensity_slide=&#8220;2%&#8220; animation_starting_opacity=&#8220;100%&#8220; box_shadow_style=&#8220;preset7&#8243; box_shadow_horizontal=&#8220;0px&#8220; box_shadow_vertical=&#8220;-120px&#8220; box_shadow_color=&#8220;#ffffff&#8220; locked=&#8220;off&#8220; global_colors_info=&#8220;{}&#8220;][et_pb_row column_structure=&#8220;1_2,1_2&#8243; _builder_version=&#8220;4.16&#8243; background_size=&#8220;initial&#8220; background_position=&#8220;top_left&#8220; background_repeat=&#8220;repeat&#8220; custom_padding=&#8220;40px|0px|0|0px|false|false&#8220; custom_width_px=&#8220;1440px&#8220; global_colors_info=&#8220;{}&#8220;][et_pb_column type=&#8220;1_2&#8243; _builder_version=&#8220;4.16&#8243; custom_padding=&#8220;|||&#8220; global_colors_info=&#8220;{}&#8220; custom_padding__hover=&#8220;|||&#8220;][et_pb_text _builder_version=&#8220;4.16&#8243; text_font=&#8220;||||||||&#8220; header_font=&#8220;Yanone Kaffeesatz||||||||&#8220; header_text_color=&#8220;#fbd302&#8243; header_font_size=&#8220;58px&#8220; header_line_height=&#8220;1.5em&#8220; header_2_font=&#8220;||||||||&#8220; header_3_font=&#8220;||||||||&#8220; header_4_font=&#8220;||||||||&#8220; header_5_font=&#8220;||||||||&#8220; header_6_font=&#8220;||||||||&#8220; background_color=&#8220;rgba(255,255,255,0)&#8220; background_size=&#8220;initial&#8220; background_position=&#8220;top_left&#8220; background_repeat=&#8220;repeat&#8220; custom_margin=&#8220;||6px|&#8220; locked=&#8220;off&#8220; inline_fonts=&#8220;Yanone Kaffeesatz&#8220; global_colors_info=&#8220;{}&#8220;]<\/p>\n<h1><strong>10 zentrale DIRFloortime Spieltechniken<\/strong><\/h1>\n<p>[\/et_pb_text][et_pb_button button_url=&#8220;\/10-zentrale-dirfloortime-spieltechniken\/#news&#8220; button_text=&#8220;Jetzt abonnieren&#8220; _builder_version=&#8220;4.18.0&#8243; _module_preset=&#8220;default&#8220; global_colors_info=&#8220;{}&#8220;][\/et_pb_button][et_pb_divider show_divider=&#8220;off&#8220; disabled_on=&#8220;on|on|off&#8220; _builder_version=&#8220;4.16&#8243; max_width=&#8220;80px&#8220; module_alignment=&#8220;left&#8220; height=&#8220;10px&#8220; custom_margin=&#8220;||20px|&#8220; animation_style=&#8220;slide&#8220; animation_direction=&#8220;bottom&#8220; saved_tabs=&#8220;all&#8220; locked=&#8220;off&#8220; global_colors_info=&#8220;{}&#8220;][\/et_pb_divider][\/et_pb_column][et_pb_column type=&#8220;1_2&#8243; _builder_version=&#8220;4.16&#8243; custom_padding=&#8220;|||&#8220; global_colors_info=&#8220;{}&#8220; custom_padding__hover=&#8220;|||&#8220;][et_pb_image src=&#8220;https:\/\/janert.info\/wp-content\/uploads\/2018\/04\/Cardboard-castle-3.jpg&#8220; alt=&#8220;Spielen&#8220; title_text=&#8220;Cardboard-castle-3&#8243; force_fullwidth=&#8220;on&#8220; _builder_version=&#8220;4.27.4&#8243; module_alignment=&#8220;right&#8220; custom_margin=&#8220;|||&#8220; custom_padding=&#8220;|||&#8220; animation_style=&#8220;slide&#8220; animation_direction=&#8220;top&#8220; animation_intensity_slide=&#8220;6%&#8220; animation_starting_opacity=&#8220;100%&#8220; hover_enabled=&#8220;0&#8243; box_shadow_style=&#8220;preset1&#8243; box_shadow_vertical=&#8220;10px&#8220; box_shadow_blur=&#8220;100px&#8220; box_shadow_color=&#8220;rgba(0,0,0,0.2)&#8220; always_center_on_mobile=&#8220;off&#8220; global_colors_info=&#8220;{}&#8220; sticky_enabled=&#8220;0&#8243;][\/et_pb_image][\/et_pb_column][\/et_pb_row][\/et_pb_section][et_pb_section fb_built=&#8220;1&#8243; _builder_version=&#8220;4.16&#8243; _module_preset=&#8220;default&#8220; global_colors_info=&#8220;{}&#8220;][et_pb_row _builder_version=&#8220;4.16&#8243; _module_preset=&#8220;default&#8220; custom_padding=&#8220;14px|||||&#8220; global_colors_info=&#8220;{}&#8220;][et_pb_column type=&#8220;4_4&#8243; _builder_version=&#8220;4.16&#8243; _module_preset=&#8220;default&#8220; global_colors_info=&#8220;{}&#8220;][et_pb_text _builder_version=&#8220;4.16&#8243; _module_preset=&#8220;default&#8220; text_font_size=&#8220;19px&#8220; custom_margin=&#8220;||50px|||&#8220; global_colors_info=&#8220;{}&#8220;]<\/p>\n<p>Du suchst nach Anregungen, um dich selber weiterzuentwicklen und zu lernen, wie du ein Kind mit autistisch-\u00e4hnlichen Verhaltensweisen, Autismus oder einer Autismusdiagnose dabei unterst\u00fctzen kannst<\/p>\n<ul>\n<li>sein Entwicklungspotential zu entfalten?<\/li>\n<li>sich freudig auf menschliche Beziehungen einzulassen?<\/li>\n<li>anhand von spielerischen Interaktionen neue Erfahrungen zu machen?<\/li>\n<\/ul>\n<p>Dann sind meine Newsletter sowie die <strong>Checkliste &#8217;10 zentrale DIRFloortime Spieltechniken&#8216;<\/strong> genau das richtige f\u00fcr dich. Und keine Sorge, ich wei\u00df wie es ist und werde dich nicht mit Emails \u00fcbersch\u00fctten.<\/p>\n<p>&nbsp;<\/p>\n<h3><\/h3>\n<h3>In meinem Newsletter erh\u00e4lst du ca 1 mal im Monat<\/h3>\n<ul>\n<li><strong style=\"font-size: 19px;\">Tipps, Spielideen und Inspirationen<\/strong><\/li>\n<li><strong>Webinare<\/strong><span>\u00a0<\/span>f\u00fcr \u00a0Eltern und Fachleute<\/li>\n<li><strong>Fortbildungen<\/strong><span>\u00a0<\/span>und Supervisionsgruppen zur Vernetzung und den Austausch mit gleichgesinnten KollegInnen<\/li>\n<\/ul>\n<div class=\"et_pb_module et_pb_text et_pb_text_14  et_pb_text_align_left et_pb_bg_layout_light\">\n<div class=\"et_pb_text_inner\">\n<p>Als Dankesch\u00f6n f\u00fcr deine Anmeldung bekommst du meine Checkliste <span style=\"font-size: 19px;\">&#8218;<\/span><strong style=\"font-size: 19px;\">10 zentrale DIRFloortime-Spieltechniken\u2018.<\/strong><span style=\"font-size: 19px;\">\u00a0<\/span><\/p>\n<\/div>\n<\/div>\n<p>[\/et_pb_text][et_pb_text _builder_version=&#8220;4.16&#8243; _module_preset=&#8220;default&#8220; text_font_size=&#8220;19px&#8220; custom_margin=&#8220;||14px|||&#8220; custom_padding=&#8220;1px|||||&#8220; global_colors_info=&#8220;{}&#8220;]<\/p>\n<h3>In meiner Checkliste\u00a0<strong>10 zentrale DIRFloortime Spieltechniken\u00a0<\/strong><strong><\/strong>erh\u00e4lst du:<\/h3>\n<p>[\/et_pb_text][et_pb_blurb use_icon=&#8220;on&#8220; font_icon=&#8220;&#x35;||divi||400&#8243; icon_placement=&#8220;left&#8220; content_max_width=&#8220;1100px&#8220; _builder_version=&#8220;4.16&#8243; _module_preset=&#8220;default&#8220; body_font_size=&#8220;19px&#8220; custom_margin=&#8220;||10px||false|false&#8220; custom_padding=&#8220;||||false|false&#8220; global_colors_info=&#8220;{}&#8220;]<\/p>\n<p>Hilfestellung zu h\u00e4ufigen Fragen<\/p>\n<p>[\/et_pb_blurb][et_pb_blurb use_icon=&#8220;on&#8220; font_icon=&#8220;&#x35;||divi||400&#8243; icon_placement=&#8220;left&#8220; content_max_width=&#8220;1100px&#8220; _builder_version=&#8220;4.16&#8243; _module_preset=&#8220;default&#8220; body_font_size=&#8220;19px&#8220; custom_margin=&#8220;||10px||false|false&#8220; custom_padding=&#8220;||||false|false&#8220; global_colors_info=&#8220;{}&#8220;]<\/p>\n<p>Prinzipien einer beziehungsorientierten Haltung des Erwachsenen dem Kind gegen\u00fcber<\/p>\n<p>[\/et_pb_blurb][et_pb_blurb use_icon=&#8220;on&#8220; font_icon=&#8220;&#x35;||divi||400&#8243; icon_placement=&#8220;left&#8220; content_max_width=&#8220;1100px&#8220; _builder_version=&#8220;4.16&#8243; _module_preset=&#8220;default&#8220; body_font_size=&#8220;19px&#8220; custom_margin=&#8220;||10px||false|false&#8220; custom_padding=&#8220;||||false|false&#8220; global_colors_info=&#8220;{}&#8220;]praktische Vorgehensweisen, die jeder umsetzen kann, sowohl als Eltern zuhause sowie als Fachperson [\/et_pb_blurb][et_pb_blurb use_icon=&#8220;on&#8220; font_icon=&#8220;&#x35;||divi||400&#8243; icon_placement=&#8220;left&#8220; content_max_width=&#8220;1100px&#8220; _builder_version=&#8220;4.16&#8243; _module_preset=&#8220;default&#8220; body_font_size=&#8220;19px&#8220; custom_margin=&#8220;||10px||false|false&#8220; custom_padding=&#8220;||||false|false&#8220; global_colors_info=&#8220;{}&#8220;]<\/p>\n<p>Tipps f\u00fcr Spielmaterialien &amp; Aktivit\u00e4ten<\/p>\n<p>[\/et_pb_blurb][et_pb_blurb use_icon=&#8220;on&#8220; font_icon=&#8220;&#x35;||divi||400&#8243; icon_placement=&#8220;left&#8220; content_max_width=&#8220;1100px&#8220; _builder_version=&#8220;4.16&#8243; _module_preset=&#8220;default&#8220; body_font_size=&#8220;19px&#8220; custom_margin=&#8220;||10px||false|false&#8220; custom_padding=&#8220;||||false|false&#8220; global_colors_info=&#8220;{}&#8220;]<\/p>\n<p>Spielideen &amp; Strategien<\/p>\n<p>[\/et_pb_blurb][\/et_pb_column][\/et_pb_row][\/et_pb_section][et_pb_section fb_built=&#8220;1&#8243; module_id=&#8220;news&#8220; _builder_version=&#8220;4.18.0&#8243; _module_preset=&#8220;default&#8220; background_color=&#8220;#f5f5f5&#8243; global_colors_info=&#8220;{}&#8220;][et_pb_row _builder_version=&#8220;4.18.0&#8243; _module_preset=&#8220;default&#8220; max_width=&#8220;800px&#8220; global_colors_info=&#8220;{}&#8220;][et_pb_column type=&#8220;4_4&#8243; _builder_version=&#8220;4.16&#8243; _module_preset=&#8220;default&#8220; global_colors_info=&#8220;{}&#8220;][et_pb_text _builder_version=&#8220;4.16&#8243; _module_preset=&#8220;default&#8220; text_font_size=&#8220;19px&#8220; header_2_text_align=&#8220;center&#8220; header_2_line_height=&#8220;1.2em&#8220; custom_margin=&#8220;||14px|||&#8220; global_colors_info=&#8220;{}&#8220;]<\/p>\n<h2>Melde dich zum Newsletter an<br \/>und bekomm die <span><strong>10 zentralen DIRFloortime-Spieltechniken<\/strong> dazu<\/span><\/h2>\n<p>[\/et_pb_text][et_pb_text _builder_version=&#8220;4.27.4&#8243; _module_preset=&#8220;default&#8220; display_conditions=&#8220;W10=&#8220; global_colors_info=&#8220;{}&#8220;]<br \/>\n <div class='fluentform ff-default fluentform_wrapper_9 ffs_default_wrap'><form data-form_id=\"9\" id=\"fluentform_9\" class=\"frm-fluent-form fluent_form_9 ff-el-form-top ff_form_instance_9_1 ff-form-loading ffs_default\" data-form_instance=\"ff_form_instance_9_1\" method=\"POST\" ><fieldset  style=\"border: none!important;margin: 0!important;padding: 0!important;background-color: transparent!important;box-shadow: none!important;outline: none!important; min-inline-size: 100%;\">\n                    <legend class=\"ff_screen_reader_title\" style=\"display: block; margin: 0!important;padding: 0!important;height: 0!important;text-indent: -999999px;width: 0!important;overflow:hidden;\">Freebie Englisch kurz<\/legend>        <div\n                style=\"display: none!important; position: absolute!important; transform: translateX(1000%)!important;\"\n                class=\"ff-el-group ff-hpsf-container\"\n        >\n            <div class=\"ff-el-input--label asterisk-right\">\n                <label for=\"ff_9_item_sf\" aria-label=\"Notify\">\n                    Notify                <\/label>\n            <\/div>\n            <div class=\"ff-el-input--content\">\n                <input type=\"text\"\n                       name=\"item_9__fluent_sf\"\n                       class=\"ff-el-form-control\"\n                       id=\"ff_9_item_sf\"\n                \/>\n            <\/div>\n        <\/div>\n                <input type=\"hidden\" id=\"__fluent_protection_token_9\" class=\"fluent-form-token-field\" name=\"__fluent_protection_token_9\">\n        <input type='hidden' name='__fluent_form_embded_post_id' value='6502' \/><input type=\"hidden\" id=\"_fluentform_9_fluentformnonce\" name=\"_fluentform_9_fluentformnonce\" value=\"6b1d92c4e4\" \/><input type=\"hidden\" name=\"_wp_http_referer\" value=\"\/en\/wp-json\/wp\/v2\/pages\/6502\" \/><div data-name=\"ff_cn_id_1\"  class='ff-t-container ff-column-container ff_columns_total_4 '><div class='ff-t-cell ff-t-column-1' style='flex-basis: 25%;'><div class='ff-el-group ff-el-form-hide_label'><div class=\"ff-el-input--label asterisk-right\"><label for='ff_9_input_text' id='label_ff_9_input_text' aria-label=\"First Name\">First Name<\/label><\/div><div class='ff-el-input--content'><input type=\"text\" name=\"input_text\" class=\"ff-el-form-control\" placeholder=\"First Name\" data-name=\"input_text\" id=\"ff_9_input_text\"  aria-invalid=\"false\" aria-required=false><\/div><\/div><\/div><div class='ff-t-cell ff-t-column-2' style='flex-basis: 25%;'><div class='ff-el-group ff-el-form-hide_label'><div class=\"ff-el-input--label asterisk-right\"><label for='ff_9_input_text_1' id='label_ff_9_input_text_1' aria-label=\"Nachname\">Nachname<\/label><\/div><div class='ff-el-input--content'><input type=\"text\" name=\"input_text_1\" class=\"ff-el-form-control\" placeholder=\"Last Name\" data-name=\"input_text_1\" id=\"ff_9_input_text_1\"  aria-invalid=\"false\" aria-required=false><\/div><\/div><\/div><div class='ff-t-cell ff-t-column-3' style='flex-basis: 25%;'><div class='ff-el-group'><div class='ff-el-input--content'><input type=\"email\" name=\"email\" id=\"ff_9_email\" class=\"ff-el-form-control\" placeholder=\"Your Email\" data-name=\"email\"  aria-invalid=\"false\" aria-required=true><\/div><\/div><\/div><div class='ff-t-cell ff-t-column-4' style='flex-basis: 25%;'><div class='ff-el-group ff-text-left ff_submit_btn_wrapper ff_submit_btn_wrapper_custom'><button class=\"ff-btn ff-btn-submit ff-btn-lg ff_btn_style wpf_has_custom_css\" type=\"submit\" name=\"custom_submit_button-9_1\" data-name=\"custom_submit_button-9_1\"  aria-label=\"Yes please!\">Yes please!<\/button><style>form.fluent_form_9 .wpf_has_custom_css.ff-btn-submit { background-color:rgba(251, 211, 2, 1);border-color:rgba(251, 211, 2, 1);color:rgba(255, 255, 255, 1);border-radius:0px;min-width:100%; }form.fluent_form_9 .wpf_has_custom_css.ff-btn-submit:hover { background-color:#ffffff;border-color:rgba(251, 211, 2, 1);color:rgba(17, 16, 16, 1);min-width:100%; } <\/style><\/div><\/div><\/div><div class='ff-el-group  ff-custom_html' tabindex='-1' data-name=\"custom_html-9_2\" ><p>Weitere Infos zum Newsletterversand in der\u00a0<a class=\"\" href=\"https:\/\/janert.info\/datenschutzerklarung\/\" target=\"_blank\" rel=\"noopener\">Datenschutzerkl\u00e4rung<\/a>.<\/p><\/div><\/fieldset><\/form><div id='fluentform_9_errors' class='ff-errors-in-stack ff_form_instance_9_1 ff-form-loading_errors ff_form_instance_9_1_errors'><\/div><\/div>            <script type=\"text\/javascript\">\n                window.fluent_form_ff_form_instance_9_1 = {\"id\":\"9\",\"settings\":{\"layout\":{\"labelPlacement\":\"top\",\"helpMessagePlacement\":\"with_label\",\"errorMessagePlacement\":\"inline\"},\"restrictions\":{\"denyEmptySubmission\":{\"enabled\":false}}},\"form_instance\":\"ff_form_instance_9_1\",\"form_id_selector\":\"fluentform_9\",\"rules\":{\"input_text\":{\"required\":{\"value\":false,\"message\":\"Dieses Feld ist erforderlich\",\"global_message\":\"Dieses Feld ist erforderlich\",\"global\":true}},\"input_text_1\":{\"required\":{\"value\":false,\"message\":\"Dieses Feld ist erforderlich\",\"global_message\":\"Dieses Feld ist erforderlich\",\"global\":true}},\"email\":{\"required\":{\"value\":true,\"message\":\"Dieses Feld ist erforderlich\",\"global_message\":\"Dieses Feld ist erforderlich\",\"global\":true},\"email\":{\"value\":true,\"message\":\"Dieses Feld muss eine g\\u00fcltige E-Mail-Adresse enthalten\",\"global_message\":\"Dieses Feld muss eine g\\u00fcltige E-Mail-Adresse enthalten\",\"global\":true}}},\"debounce_time\":300};\n                            <\/script>\n             [\/et_pb_text][\/et_pb_column][\/et_pb_row][\/et_pb_section]<\/p>\n<span class=\"et_bloom_bottom_trigger\"><\/span>","protected":false},"excerpt":{"rendered":"<p>10 zentrale DIRFloortime SpieltechnikenDu suchst nach Anregungen, um dich selber weiterzuentwicklen und zu lernen, wie du ein Kind mit autistisch-\u00e4hnlichen Verhaltensweisen, Autismus oder einer Autismusdiagnose dabei unterst\u00fctzen kannst sein Entwicklungspotential zu entfalten? sich freudig auf menschliche Beziehungen einzulassen? anhand von spielerischen Interaktionen neue Erfahrungen zu machen? Dann sind meine Newsletter sowie die Checkliste &#8217;10 zentrale [&hellip;]<\/p>\n","protected":false},"author":6,"featured_media":0,"parent":0,"menu_order":0,"comment_status":"closed","ping_status":"closed","template":"","meta":{"_acf_changed":false,"_et_pb_use_builder":"on","_et_pb_old_content":"","_et_gb_content_width":"","footnotes":""},"class_list":["post-6502","page","type-page","status-publish","hentry"],"acf":[],"yoast_head":"<!-- This site is optimized with the Yoast SEO plugin v27.3 - https:\/\/yoast.com\/product\/yoast-seo-wordpress\/ -->\n<title>10 zentrale DIRFloortime-Spieltechniken - Autistische Kinder<\/title>\n<meta name=\"robots\" content=\"index, follow, max-snippet:-1, max-image-preview:large, max-video-preview:-1\" \/>\n<link rel=\"canonical\" href=\"https:\/\/janert.info\/en\/10-central-dirfloortime-playing-techniques\/\" \/>\n<meta property=\"og:locale\" content=\"en_US\" \/>\n<meta property=\"og:type\" content=\"article\" \/>\n<meta property=\"og:title\" content=\"10 zentrale DIRFloortime-Spieltechniken - Autistische Kinder\" \/>\n<meta property=\"og:description\" content=\"10 zentrale DIRFloortime SpieltechnikenDu suchst nach Anregungen, um dich selber weiterzuentwicklen und zu lernen, wie du ein Kind mit autistisch-\u00e4hnlichen Verhaltensweisen, Autismus oder einer Autismusdiagnose dabei unterst\u00fctzen kannst sein Entwicklungspotential zu entfalten? sich freudig auf menschliche Beziehungen einzulassen? anhand von spielerischen Interaktionen neue Erfahrungen zu machen? Dann sind meine Newsletter sowie die Checkliste &#039;10 zentrale [&hellip;]\" \/>\n<meta property=\"og:url\" content=\"https:\/\/janert.info\/en\/10-central-dirfloortime-playing-techniques\/\" \/>\n<meta property=\"og:site_name\" content=\"Autistische Kinder\" \/>\n<meta property=\"article:modified_time\" content=\"2025-07-10T17:02:13+00:00\" \/>\n<meta name=\"twitter:card\" content=\"summary_large_image\" \/>\n<meta name=\"twitter:label1\" content=\"Est. reading time\" \/>\n\t<meta name=\"twitter:data1\" content=\"3 minutes\" \/>\n<script type=\"application\/ld+json\" class=\"yoast-schema-graph\">{\"@context\":\"https:\\\/\\\/schema.org\",\"@graph\":[{\"@type\":\"WebPage\",\"@id\":\"https:\\\/\\\/janert.info\\\/10-zentrale-dirfloortime-spieltechniken\\\/\",\"url\":\"https:\\\/\\\/janert.info\\\/10-zentrale-dirfloortime-spieltechniken\\\/\",\"name\":\"10 zentrale DIRFloortime-Spieltechniken - Autistische Kinder\",\"isPartOf\":{\"@id\":\"https:\\\/\\\/janert.info\\\/#website\"},\"datePublished\":\"2022-04-09T20:36:03+00:00\",\"dateModified\":\"2025-07-10T17:02:13+00:00\",\"breadcrumb\":{\"@id\":\"https:\\\/\\\/janert.info\\\/10-zentrale-dirfloortime-spieltechniken\\\/#breadcrumb\"},\"inLanguage\":\"en-US\",\"potentialAction\":[{\"@type\":\"ReadAction\",\"target\":[\"https:\\\/\\\/janert.info\\\/10-zentrale-dirfloortime-spieltechniken\\\/\"]}]},{\"@type\":\"BreadcrumbList\",\"@id\":\"https:\\\/\\\/janert.info\\\/10-zentrale-dirfloortime-spieltechniken\\\/#breadcrumb\",\"itemListElement\":[{\"@type\":\"ListItem\",\"position\":1,\"name\":\"Startseite\",\"item\":\"https:\\\/\\\/janert.info\\\/\"},{\"@type\":\"ListItem\",\"position\":2,\"name\":\"10 zentrale DIRFloortime-Spieltechniken\"}]},{\"@type\":\"WebSite\",\"@id\":\"https:\\\/\\\/janert.info\\\/#website\",\"url\":\"https:\\\/\\\/janert.info\\\/\",\"name\":\"Autistische Kinder\",\"description\":\"beziehungs-orientiert behandeln\",\"potentialAction\":[{\"@type\":\"SearchAction\",\"target\":{\"@type\":\"EntryPoint\",\"urlTemplate\":\"https:\\\/\\\/janert.info\\\/?s={search_term_string}\"},\"query-input\":{\"@type\":\"PropertyValueSpecification\",\"valueRequired\":true,\"valueName\":\"search_term_string\"}}],\"inLanguage\":\"en-US\"}]}<\/script>\n<!-- \/ Yoast SEO plugin. -->","yoast_head_json":{"title":"10 Key DIRFloortime Play Techniques - Autistic Children","robots":{"index":"index","follow":"follow","max-snippet":"max-snippet:-1","max-image-preview":"max-image-preview:large","max-video-preview":"max-video-preview:-1"},"canonical":"https:\/\/janert.info\/en\/10-central-dirfloortime-playing-techniques\/","og_locale":"en_US","og_type":"article","og_title":"10 zentrale DIRFloortime-Spieltechniken - Autistische Kinder","og_description":"10 zentrale DIRFloortime SpieltechnikenDu suchst nach Anregungen, um dich selber weiterzuentwicklen und zu lernen, wie du ein Kind mit autistisch-\u00e4hnlichen Verhaltensweisen, Autismus oder einer Autismusdiagnose dabei unterst\u00fctzen kannst sein Entwicklungspotential zu entfalten? sich freudig auf menschliche Beziehungen einzulassen? anhand von spielerischen Interaktionen neue Erfahrungen zu machen? Dann sind meine Newsletter sowie die Checkliste '10 zentrale [&hellip;]","og_url":"https:\/\/janert.info\/en\/10-central-dirfloortime-playing-techniques\/","og_site_name":"Autistische Kinder","article_modified_time":"2025-07-10T17:02:13+00:00","twitter_card":"summary_large_image","twitter_misc":{"Est. reading time":"3 minutes"},"schema":{"@context":"https:\/\/schema.org","@graph":[{"@type":"WebPage","@id":"https:\/\/janert.info\/10-zentrale-dirfloortime-spieltechniken\/","url":"https:\/\/janert.info\/10-zentrale-dirfloortime-spieltechniken\/","name":"10 Key DIRFloortime Play Techniques - Autistic Children","isPartOf":{"@id":"https:\/\/janert.info\/#website"},"datePublished":"2022-04-09T20:36:03+00:00","dateModified":"2025-07-10T17:02:13+00:00","breadcrumb":{"@id":"https:\/\/janert.info\/10-zentrale-dirfloortime-spieltechniken\/#breadcrumb"},"inLanguage":"en-US","potentialAction":[{"@type":"ReadAction","target":["https:\/\/janert.info\/10-zentrale-dirfloortime-spieltechniken\/"]}]},{"@type":"BreadcrumbList","@id":"https:\/\/janert.info\/10-zentrale-dirfloortime-spieltechniken\/#breadcrumb","itemListElement":[{"@type":"ListItem","position":1,"name":"Startseite","item":"https:\/\/janert.info\/"},{"@type":"ListItem","position":2,"name":"10 zentrale DIRFloortime-Spieltechniken"}]},{"@type":"WebSite","@id":"https:\/\/janert.info\/#website","url":"https:\/\/janert.info\/","name":"Autistic children","description":"treat relationship-oriented","potentialAction":[{"@type":"SearchAction","target":{"@type":"EntryPoint","urlTemplate":"https:\/\/janert.info\/?s={search_term_string}"},"query-input":{"@type":"PropertyValueSpecification","valueRequired":true,"valueName":"search_term_string"}}],"inLanguage":"en-US"}]}},"_links":{"self":[{"href":"https:\/\/janert.info\/en\/wp-json\/wp\/v2\/pages\/6502","targetHints":{"allow":["GET"]}}],"collection":[{"href":"https:\/\/janert.info\/en\/wp-json\/wp\/v2\/pages"}],"about":[{"href":"https:\/\/janert.info\/en\/wp-json\/wp\/v2\/types\/page"}],"author":[{"embeddable":true,"href":"https:\/\/janert.info\/en\/wp-json\/wp\/v2\/users\/6"}],"replies":[{"embeddable":true,"href":"https:\/\/janert.info\/en\/wp-json\/wp\/v2\/comments?post=6502"}],"version-history":[{"count":9,"href":"https:\/\/janert.info\/en\/wp-json\/wp\/v2\/pages\/6502\/revisions"}],"predecessor-version":[{"id":9850,"href":"https:\/\/janert.info\/en\/wp-json\/wp\/v2\/pages\/6502\/revisions\/9850"}],"wp:attachment":[{"href":"https:\/\/janert.info\/en\/wp-json\/wp\/v2\/media?parent=6502"}],"curies":[{"name":"wp","href":"https:\/\/api.w.org\/{rel}","templated":true}]}}