{"id":6603,"date":"2022-05-04T11:48:58","date_gmt":"2022-05-04T09:48:58","guid":{"rendered":"https:\/\/janert.info\/?page_id=6603"},"modified":"2023-01-15T19:30:00","modified_gmt":"2023-01-15T18:30:00","slug":"egu-essen","status":"publish","type":"page","link":"https:\/\/janert.info\/en\/egu-essen\/","title":{"rendered":"EGU Essen"},"content":{"rendered":"<p>[et_pb_section fb_built=&#8220;1&#8243; _builder_version=&#8220;4.16&#8243; global_colors_info=&#8220;{}&#8220;][et_pb_row _builder_version=&#8220;4.16.0&#8243; _module_preset=&#8220;default&#8220; global_colors_info=&#8220;{}&#8220;][et_pb_column type=&#8220;4_4&#8243; _builder_version=&#8220;4.16.0&#8243; _module_preset=&#8220;default&#8220; global_colors_info=&#8220;{}&#8220;][et_pb_image src=&#8220;https:\/\/janert.info\/wp-content\/uploads\/2022\/08\/Essen-ONLINE-COURSE-1000-x-300-px.png&#8220; title_text=&#8220;Essen ONLINE COURSE (1000 x 300 px)&#8220; _builder_version=&#8220;4.16.0&#8243; _module_preset=&#8220;default&#8220; global_colors_info=&#8220;{}&#8220;][\/et_pb_image][\/et_pb_column][\/et_pb_row][et_pb_row _builder_version=&#8220;4.16&#8243; _module_preset=&#8220;default&#8220; custom_padding=&#8220;0px|||||&#8220; global_colors_info=&#8220;{}&#8220;][et_pb_column type=&#8220;4_4&#8243; _builder_version=&#8220;4.16&#8243; _module_preset=&#8220;default&#8220; global_colors_info=&#8220;{}&#8220;][et_pb_button button_url=&#8220;https:\/\/www.digistore24.com\/product\/367499&#8243; button_text=&#8220;Ja, ich will den Kurs buchen&#8220; button_alignment=&#8220;center&#8220; disabled_on=&#8220;off|off|off&#8220; _builder_version=&#8220;4.16.0&#8243; custom_button=&#8220;on&#8220; button_text_color=&#8220;#0fa3ae&#8220; button_bg_color=&#8220;#F1C91A&#8220; button_border_color=&#8220;#F1C91A&#8220; button_border_radius=&#8220;0px&#8220; custom_margin=&#8220;39px|||||&#8220; global_colors_info=&#8220;{}&#8220;][\/et_pb_button][\/et_pb_column][\/et_pb_row][et_pb_row _builder_version=&#8220;4.16&#8243; custom_padding=&#8220;0px|||||&#8220; global_colors_info=&#8220;{}&#8220;][et_pb_column type=&#8220;4_4&#8243; _builder_version=&#8220;4.16&#8243; custom_padding=&#8220;|||&#8220; global_colors_info=&#8220;{}&#8220; custom_padding__hover=&#8220;|||&#8220;][et_pb_text _builder_version=&#8220;4.16.0&#8243; custom_padding=&#8220;||42px|||&#8220; global_colors_info=&#8220;{}&#8220;]<\/p>\n<h2><strong style=\"color: #0fa3ae;\">Wie k\u00f6nnen wir reagieren, wenn Ihr Kind nicht ESSEN will?<\/strong><\/h2>\n<p>Machen Sie sich Sorgen, weil Ihr Kind<\/p>\n<ul>\n<li><span>das meiste von dem, was Sie ihm zu essen oder zu trinken geben, ablehnt?<\/span><\/li>\n<li><span>auf einer sehr eingeschr\u00e4nkten Ern\u00e4hrung mit \u00fcberwiegend s\u00fc\u00dfen und st\u00e4rkehaltigen Lebensmitteln besteht?<\/span><\/li>\n<li><span>die ganze Zeit essen will, und das Essen \u00fcberall verstreut?<\/span><\/li>\n<\/ul>\n<p><span style=\"font-size: 17px;\">Dies ist ein h\u00e4ufiges Problem. Aus irgendeinem Grund haben manche Kinder Schwierigkeiten mit den grundlegendsten Meilensteine der fr\u00fchen Entwicklung und die Eltern suchen verzweifelt nach Unterst\u00fctzung, um ihrem Kind zu helfen. <\/span><\/p>\n<h2><strong><\/strong><\/span><\/h2>\n<h4><strong>Auch Ihr Kind kann das ESSEN lernen, damit Sie sich keine Sorgen mehr machen m\u00fcssen und Ihre Familie kann in Ruhe gemeinsam essen.<\/strong><strong>.<\/strong><\/span><\/h4>\n<p>[\/et_pb_text][et_pb_text _builder_version=&#8220;4.16.0&#8243; text_font=&#8220;||||||||&#8220; text_line_height=&#8220;1.6em&#8220; custom_padding=&#8220;30px|30px|30px|30px|true|true&#8220; box_shadow_style=&#8220;preset1&#8243; global_colors_info=&#8220;{}&#8220;]<\/p>\n<p><strong><em><img loading=\"lazy\" decoding=\"async\" src=\"https:\/\/janert.info\/wp-content\/uploads\/2022\/04\/AKBBFavicon-300x300-1-300x300.png\" alt=\"\" class=\"wp-image-6410 alignnone size-medium\" width=\"58\" height=\"58\" srcset=\"https:\/\/janert.info\/wp-content\/uploads\/2022\/04\/AKBBFavicon-300x300-1.png 300w, https:\/\/janert.info\/wp-content\/uploads\/2022\/04\/AKBBFavicon-300x300-1-150x150.png 150w, https:\/\/janert.info\/wp-content\/uploads\/2022\/04\/AKBBFavicon-300x300-1-12x12.png 12w\" sizes=\"(max-width: 58px) 100vw, 58px\" \/>\u00a0 \u00a0 <\/em>Pl\u00f6tzlich nahm er ein St\u00fcck Pizza von ihrem Teller und begann es zu essen.<\/strong><\/p>\n<p>Als ich die Modin Im Alter von 5 Jahren war er nonverbal und a\u00df nur Chips, S\u00fc\u00dfigkeiten und Wei\u00dfbrot mit Nutella. Er war es gewohnt, sich selbst zu bedienen. Seine Mutter versuchte, die Bonbons und das Nutella-Glas zu verstecken. Aber er fand sie jedes Mal. Es dauerte mehr als ein Jahr, um seine Mutter davon zu \u00fcberzeugen, dass es auch f\u00fcr Kinder mit einer Autismus-Diagnose m\u00f6glich ist, andere Lebensmittel zu essen. Schlie\u00dflich h\u00f6rte sie auf, Nutella zu kaufen. Modin war w\u00fctend: Er setzte sich an den Tisch und schrie. Inzwischen hatte sich vieles ge\u00e4ndert: Jedes Kind hatte einen kindgerechten Stuhl am Tisch, der zu den hilfreichen t\u00e4glichen Routinen geh\u00f6rte. Seine Mutter stellte den leeren Teller leise vor ihn hin und ignorierte sein Geschrei. Es war Pizzatag und der Rest der Familie setzte sich zum Essen hin. Pl\u00f6tzlich riss er ihr ein St\u00fcck Pizza vom Teller und begann es zu essen. Ich konnte es nicht glauben: Ich h\u00e4tte nie gedacht, dass er Pizza essen w\u00fcrde&#8220;, erz\u00e4hlte mir seine Mutter.<em><i>\u2019\u00a0<\/i><\/em><em><i><\/i><\/em><\/p>\n<p>[\/et_pb_text][et_pb_text _builder_version=&#8220;4.16.0&#8243; header_2_text_color=&#8220;#0fa3ae&#8220; header_3_font_size=&#8220;23px&#8220; background_color=&#8220;rgba(15,163,174,0.11)&#8220; custom_margin=&#8220;48px||48px||true|false&#8220; custom_padding=&#8220;41px|30px|41px|30px|true|true&#8220; global_colors_info=&#8220;{}&#8220;]<\/p>\n<h2><span><strong>ktieser Kurs besteht aus 16 Einheiten:<\/strong><\/span><\/h2>\n<h3><span><strong>\u00a0<\/strong><\/span><\/h3>\n<p>Dieses Modul hilft Ihnen in 16 Einheiten, die Essprobleme Ihres Kindes auf durchdachte und einfache Weise zu l\u00f6sen.<\/p>\n<h2><span style=\"font-size: x-large;\"><strong style=\"color: #0fa3ae;\">Lektion <\/strong><\/span><span style=\"font-size: x-large;\"><strong style=\"color: #0fa3ae;\">1 &#8211;\u00a0 Lebensmittel und Essen<\/strong><\/span><span><\/span><\/h2>\n<p>Essen &#8211; Appetit &#8211; Verdauung<\/p>\n<h2><span style=\"font-size: x-large;\"><strong style=\"color: #0fa3ae;\">Lektion\u00a0<\/strong><\/span><span style=\"font-size: x-large;\"><strong>2 &#8211; Gute und gesunde Lebensmittel<\/strong><\/span><\/h2>\n<p>Lebensmittelgruppen &#8211; Gute, schlechte oder NICHT-Nahrungsmittel<\/p>\n<h2><span style=\"font-size: x-large;\"><strong>Lektion 3 &#8211; Wie viel Nahrung ist gut f\u00fcr mein Kind?<\/strong><\/span><\/h2>\n<p>Portionsgr\u00f6\u00dfe &#8211; Die innere Hungeruhr &#8211; Weniger ist mehr<\/p>\n<h2><span style=\"font-size: x-large;\"><strong style=\"color: #0fa3ae;\">Lektion\u00a0<\/strong><strong> 4 &#8211; Minimale Ern\u00e4hrung<\/strong><\/span><\/h2>\n<p>Wie k\u00f6nnen Sie aufh\u00f6ren, sich Sorgen zu machen, ob Ihr Kind \u00fcberlebt?<\/p>\n<h2><span style=\"font-size: x-large;\"><strong style=\"color: #0fa3ae;\">Lektion\u00a0<\/strong><strong> 5 &#8211; Das Essen essen: Wessen Aufgabe ist es?<\/strong><\/span><\/h2>\n<p>Rollen &#8211; Zust\u00e4ndigkeiten &#8211; Machtk\u00e4mpfe<\/p>\n<h2><span style=\"font-size: x-large;\"><strong>Lektion 6 &#8211; Strategien <\/strong><strong>um gesunde Ern\u00e4hrung zu f\u00f6rdern<\/strong><\/span><\/h2>\n<p>Essenszeiten &#8211; Was man tun und was man nicht tun sollte<\/p>\n<h2><span style=\"font-size: x-large;\"><strong>Lektion 7 &#8211; Hilfreiche Richtlinien beim F\u00fcttern und Essen<\/strong><\/span><\/h2>\n<p>Grundregeln f\u00fcr gesundes Essen mit Ihrem Kind<\/p>\n<h2><span style=\"font-size: x-large;\"><strong>Lektion 8 &#8211; Spielerischer Umgang mit Lebensmitteln + Mithilfe in der K\u00fcche<\/strong><\/span><\/h2>\n<p>Lebensmittel erforschen &#8211; sich beteiligen &#8211; etwas \u00fcber die Welt erfahren<\/p>\n<h2><span style=\"font-size: x-large;\"><strong>Lektion 9 &#8211;\u00a0 <\/strong><strong>Einfache Rezepte<\/strong><\/span><\/h2>\n<p>Pizza &#8211; Obstsalat &#8211; Fischfrikadellen &#8211; Bananenjoghurt<\/p>\n<h2><span style=\"font-size: x-large;\"><strong>Lektion 10 &#8211;\u00a0 Kreative Ideen rund um Essen und Trinken<\/strong><\/span><\/h2>\n<p>Einfach zu machen &#8211; Das Kind erfreuen &#8211; Die Fantasie anregen<\/p>\n<h2><span style=\"font-size: x-large;\"><strong>Lektion<\/strong><\/span><span style=\"font-size: x-large;\"><strong> 11 &#8211; W\u00e4hlerisches essen und w\u00e4hlerische Esser<\/strong><\/span><\/h2>\n<p>Grundgedanken &#8211; Strategien &#8211; Was zu vermeiden ist<\/p>\n<h2><span style=\"font-size: large;\"><strong><span style=\"font-size: x-large;\">Lektion 12 &#8211; Was Sie NIEMALS \u00fcber Lebensmittel und Essen sagen sollten<\/span><\/strong><\/span><\/h2>\n<p>Was Sie zu Ihrem Kind sagen, kann die Dinge verschlimmern oder Ver\u00e4nderungen verhindern<\/p>\n<h2><strong><span style=\"font-size: x-large;\">Lektion 13 &#8211;\u00a0 W\u00e4hlerische Essgewohnheiten<\/span><\/strong><\/h2>\n<p><span>Grundlegende Strategien und Beispiele<\/span><\/p>\n<h2><span style=\"font-size: large;\"><strong><span style=\"font-size: x-large;\">Lektion 14 &#8211;\u00a0 TIPPS f\u00fcr w\u00e4hlerische Esser<\/span><\/strong><\/span><\/h2>\n<p><span>Wie man Streit bei den Mahlzeiten vermeidet<\/span><\/p>\n<h2><span style=\"font-size: large;\"><strong><span style=\"font-size: x-large;\">Lektion 15 &#8211;\u00a0 Warum Vielfalt so wichtig ist<\/span><\/strong><\/span><\/h2>\n<p><span>Was anbieten &#8211; wann &#8211; und wie<\/span><\/p>\n<h2><span style=\"font-size: large;\"><strong><span style=\"font-size: x-large;\">Letkion 16 &#8211;\u00a0 Wie man Abwechslung schafft<\/span><\/strong><\/span><\/h2>\n<p><span>Strategien, die funktionieren und was zu vermeiden ist<\/span><\/p>\n<p>[\/et_pb_text][et_pb_text _builder_version=&#8220;4.16.0&#8243; custom_margin=&#8220;31px||-8px|||&#8220; custom_padding=&#8220;||0px|||&#8220; global_colors_info=&#8220;{}&#8220;]<\/p>\n<div class=\"et_pb_module et_pb_text et_pb_text_4  et_pb_text_align_left et_pb_bg_layout_light\">\n<div class=\"et_pb_text_inner\">\n<h4><span>Buchen Sie alle 16 Einheiten des Kurses f\u00fcr nur \u20ac 249,00<\/span>\u00a0<\/h4>\n<\/div>\n<\/div>\n<p>[\/et_pb_text][et_pb_button button_url=&#8220;https:\/\/www.digistore24.com\/product\/367499&#8243; button_text=&#8220;Ja, ich will den Kurs buchen&#8220; button_alignment=&#8220;left&#8220; disabled_on=&#8220;off|off|off&#8220; _builder_version=&#8220;4.16.0&#8243; custom_button=&#8220;on&#8220; button_text_color=&#8220;#0fa3ae&#8220; button_bg_color=&#8220;#F1C91A&#8220; button_border_color=&#8220;#F1C91A&#8220; button_border_radius=&#8220;0px&#8220; button_font=&#8220;|600|||||||&#8220; custom_margin=&#8220;23px|||||&#8220; global_colors_info=&#8220;{}&#8220;][\/et_pb_button][et_pb_text _builder_version=&#8220;4.16.0&#8243; custom_margin=&#8220;10px||||false|false&#8220; global_colors_info=&#8220;{}&#8220;]<\/p>\n<div class=\"et_pb_module et_pb_text et_pb_text_5  et_pb_text_align_left et_pb_bg_layout_light\">\n<div class=\"et_pb_text_inner\">Ihre Zahlung wird verschl\u00fcsselt und sicher \u00fcber den deutschen Zahlungsanbieter DigiStore24 abgewickelt.<\/div>\n<\/div>\n<p>[\/et_pb_text][et_pb_text _builder_version=&#8220;4.16.0&#8243; header_4_font_size=&#8220;24px&#8220; custom_margin=&#8220;48px||-8px|||&#8220; global_colors_info=&#8220;{}&#8220;]<\/p>\n<h4><span>Haben Sie noch Fragen?\u00a0<\/span><span><\/span><\/h4>\n<p>Schreiben Sie eine E-Mail an <a href=\"mailto:perspektiven@janert.info\" target=\"_blank\" rel=\"noopener noreferrer\"><span> <\/span><span>perspektiven@janert.info<\/span><\/a><\/p>\n<p>[\/et_pb_text][\/et_pb_column][\/et_pb_row][\/et_pb_section]<\/p>\n<span class=\"et_bloom_bottom_trigger\"><\/span>","protected":false},"excerpt":{"rendered":"<p>Wie k\u00f6nnen wir reagieren, wenn Ihr Kind nicht ESSEN will? Machen Sie sich Sorgen, weil Ihr Kind das meiste von dem, was Sie ihm zu essen oder zu trinken geben, ablehnt? auf einer sehr eingeschr\u00e4nkten Ern\u00e4hrung mit \u00fcberwiegend s\u00fc\u00dfen und st\u00e4rkehaltigen Lebensmitteln besteht? die ganze Zeit essen will, und das Essen \u00fcberall verstreut? Dies ist [&hellip;]<\/p>\n","protected":false},"author":6,"featured_media":0,"parent":0,"menu_order":0,"comment_status":"closed","ping_status":"closed","template":"","meta":{"_acf_changed":false,"_et_pb_use_builder":"on","_et_pb_old_content":"","_et_gb_content_width":"","footnotes":""},"class_list":["post-6603","page","type-page","status-publish","hentry"],"acf":[],"yoast_head":"<!-- This site is optimized with the Yoast SEO plugin v27.3 - https:\/\/yoast.com\/product\/yoast-seo-wordpress\/ -->\n<title>Mein Kind will nicht essen - Onlinekurs mit Sibylle Janert<\/title>\n<meta name=\"description\" content=\"Machen Sie sich Sorgen, weil Ihr Kind das meiste von dem, was Sie ihm zu essen oder zu trinken geben, ablehnt? Auch Ihr Kind kann Essen lernen\" \/>\n<meta name=\"robots\" content=\"index, follow, max-snippet:-1, max-image-preview:large, max-video-preview:-1\" \/>\n<link rel=\"canonical\" href=\"https:\/\/janert.info\/en\/egu-essen\/\" \/>\n<meta property=\"og:locale\" content=\"en_US\" \/>\n<meta property=\"og:type\" content=\"article\" \/>\n<meta property=\"og:title\" content=\"Mein Kind will nicht essen - Onlinekurs mit Sibylle Janert\" \/>\n<meta property=\"og:description\" content=\"Machen Sie sich Sorgen, weil Ihr Kind das meiste von dem, was Sie ihm zu essen oder zu trinken geben, ablehnt? Auch Ihr Kind kann Essen lernen\" \/>\n<meta property=\"og:url\" content=\"https:\/\/janert.info\/en\/egu-essen\/\" \/>\n<meta property=\"og:site_name\" content=\"Autistische Kinder\" \/>\n<meta property=\"article:modified_time\" content=\"2023-01-15T18:30:00+00:00\" \/>\n<meta property=\"og:image\" content=\"https:\/\/janert.info\/wp-content\/uploads\/2022\/04\/AKBBFavicon-300x300-1-300x300.png\" \/>\n<meta name=\"twitter:card\" content=\"summary_large_image\" \/>\n<meta name=\"twitter:label1\" content=\"Est. reading time\" \/>\n\t<meta name=\"twitter:data1\" content=\"5 minutes\" \/>\n<script type=\"application\/ld+json\" class=\"yoast-schema-graph\">{\"@context\":\"https:\\\/\\\/schema.org\",\"@graph\":[{\"@type\":\"WebPage\",\"@id\":\"https:\\\/\\\/janert.info\\\/egu-essen\\\/\",\"url\":\"https:\\\/\\\/janert.info\\\/egu-essen\\\/\",\"name\":\"Mein Kind will nicht essen - Onlinekurs mit Sibylle Janert\",\"isPartOf\":{\"@id\":\"https:\\\/\\\/janert.info\\\/#website\"},\"primaryImageOfPage\":{\"@id\":\"https:\\\/\\\/janert.info\\\/egu-essen\\\/#primaryimage\"},\"image\":{\"@id\":\"https:\\\/\\\/janert.info\\\/egu-essen\\\/#primaryimage\"},\"thumbnailUrl\":\"https:\\\/\\\/janert.info\\\/wp-content\\\/uploads\\\/2022\\\/04\\\/AKBBFavicon-300x300-1-300x300.png\",\"datePublished\":\"2022-05-04T09:48:58+00:00\",\"dateModified\":\"2023-01-15T18:30:00+00:00\",\"description\":\"Machen Sie sich Sorgen, weil Ihr Kind das meiste von dem, was Sie ihm zu essen oder zu trinken geben, ablehnt? Auch Ihr Kind kann Essen lernen\",\"breadcrumb\":{\"@id\":\"https:\\\/\\\/janert.info\\\/egu-essen\\\/#breadcrumb\"},\"inLanguage\":\"en-US\",\"potentialAction\":[{\"@type\":\"ReadAction\",\"target\":[\"https:\\\/\\\/janert.info\\\/egu-essen\\\/\"]}]},{\"@type\":\"ImageObject\",\"inLanguage\":\"en-US\",\"@id\":\"https:\\\/\\\/janert.info\\\/egu-essen\\\/#primaryimage\",\"url\":\"https:\\\/\\\/janert.info\\\/wp-content\\\/uploads\\\/2022\\\/04\\\/AKBBFavicon-300x300-1-300x300.png\",\"contentUrl\":\"https:\\\/\\\/janert.info\\\/wp-content\\\/uploads\\\/2022\\\/04\\\/AKBBFavicon-300x300-1-300x300.png\"},{\"@type\":\"BreadcrumbList\",\"@id\":\"https:\\\/\\\/janert.info\\\/egu-essen\\\/#breadcrumb\",\"itemListElement\":[{\"@type\":\"ListItem\",\"position\":1,\"name\":\"Startseite\",\"item\":\"https:\\\/\\\/janert.info\\\/\"},{\"@type\":\"ListItem\",\"position\":2,\"name\":\"EGU Essen\"}]},{\"@type\":\"WebSite\",\"@id\":\"https:\\\/\\\/janert.info\\\/#website\",\"url\":\"https:\\\/\\\/janert.info\\\/\",\"name\":\"Autistische Kinder\",\"description\":\"beziehungs-orientiert behandeln\",\"potentialAction\":[{\"@type\":\"SearchAction\",\"target\":{\"@type\":\"EntryPoint\",\"urlTemplate\":\"https:\\\/\\\/janert.info\\\/?s={search_term_string}\"},\"query-input\":{\"@type\":\"PropertyValueSpecification\",\"valueRequired\":true,\"valueName\":\"search_term_string\"}}],\"inLanguage\":\"en-US\"}]}<\/script>\n<!-- \/ Yoast SEO plugin. -->","yoast_head_json":{"title":"My child does not want to eat - online course with Sibylle Janert","description":"Are you worried because your child refuses most of what you give him to eat or drink? Your child can learn to eat too","robots":{"index":"index","follow":"follow","max-snippet":"max-snippet:-1","max-image-preview":"max-image-preview:large","max-video-preview":"max-video-preview:-1"},"canonical":"https:\/\/janert.info\/en\/egu-essen\/","og_locale":"en_US","og_type":"article","og_title":"Mein Kind will nicht essen - Onlinekurs mit Sibylle Janert","og_description":"Machen Sie sich Sorgen, weil Ihr Kind das meiste von dem, was Sie ihm zu essen oder zu trinken geben, ablehnt? Auch Ihr Kind kann Essen lernen","og_url":"https:\/\/janert.info\/en\/egu-essen\/","og_site_name":"Autistische Kinder","article_modified_time":"2023-01-15T18:30:00+00:00","og_image":[{"url":"https:\/\/janert.info\/wp-content\/uploads\/2022\/04\/AKBBFavicon-300x300-1-300x300.png","type":"","width":"","height":""}],"twitter_card":"summary_large_image","twitter_misc":{"Est. reading time":"5 minutes"},"schema":{"@context":"https:\/\/schema.org","@graph":[{"@type":"WebPage","@id":"https:\/\/janert.info\/egu-essen\/","url":"https:\/\/janert.info\/egu-essen\/","name":"My child does not want to eat - online course with Sibylle Janert","isPartOf":{"@id":"https:\/\/janert.info\/#website"},"primaryImageOfPage":{"@id":"https:\/\/janert.info\/egu-essen\/#primaryimage"},"image":{"@id":"https:\/\/janert.info\/egu-essen\/#primaryimage"},"thumbnailUrl":"https:\/\/janert.info\/wp-content\/uploads\/2022\/04\/AKBBFavicon-300x300-1-300x300.png","datePublished":"2022-05-04T09:48:58+00:00","dateModified":"2023-01-15T18:30:00+00:00","description":"Are you worried because your child refuses most of what you give him to eat or drink? Your child can learn to eat too","breadcrumb":{"@id":"https:\/\/janert.info\/egu-essen\/#breadcrumb"},"inLanguage":"en-US","potentialAction":[{"@type":"ReadAction","target":["https:\/\/janert.info\/egu-essen\/"]}]},{"@type":"ImageObject","inLanguage":"en-US","@id":"https:\/\/janert.info\/egu-essen\/#primaryimage","url":"https:\/\/janert.info\/wp-content\/uploads\/2022\/04\/AKBBFavicon-300x300-1-300x300.png","contentUrl":"https:\/\/janert.info\/wp-content\/uploads\/2022\/04\/AKBBFavicon-300x300-1-300x300.png"},{"@type":"BreadcrumbList","@id":"https:\/\/janert.info\/egu-essen\/#breadcrumb","itemListElement":[{"@type":"ListItem","position":1,"name":"Startseite","item":"https:\/\/janert.info\/"},{"@type":"ListItem","position":2,"name":"EGU Essen"}]},{"@type":"WebSite","@id":"https:\/\/janert.info\/#website","url":"https:\/\/janert.info\/","name":"Autistic children","description":"treat relationship-oriented","potentialAction":[{"@type":"SearchAction","target":{"@type":"EntryPoint","urlTemplate":"https:\/\/janert.info\/?s={search_term_string}"},"query-input":{"@type":"PropertyValueSpecification","valueRequired":true,"valueName":"search_term_string"}}],"inLanguage":"en-US"}]}},"_links":{"self":[{"href":"https:\/\/janert.info\/en\/wp-json\/wp\/v2\/pages\/6603","targetHints":{"allow":["GET"]}}],"collection":[{"href":"https:\/\/janert.info\/en\/wp-json\/wp\/v2\/pages"}],"about":[{"href":"https:\/\/janert.info\/en\/wp-json\/wp\/v2\/types\/page"}],"author":[{"embeddable":true,"href":"https:\/\/janert.info\/en\/wp-json\/wp\/v2\/users\/6"}],"replies":[{"embeddable":true,"href":"https:\/\/janert.info\/en\/wp-json\/wp\/v2\/comments?post=6603"}],"version-history":[{"count":10,"href":"https:\/\/janert.info\/en\/wp-json\/wp\/v2\/pages\/6603\/revisions"}],"predecessor-version":[{"id":7986,"href":"https:\/\/janert.info\/en\/wp-json\/wp\/v2\/pages\/6603\/revisions\/7986"}],"wp:attachment":[{"href":"https:\/\/janert.info\/en\/wp-json\/wp\/v2\/media?parent=6603"}],"curies":[{"name":"wp","href":"https:\/\/api.w.org\/{rel}","templated":true}]}}