{"id":6609,"date":"2022-05-04T12:11:47","date_gmt":"2022-05-04T10:11:47","guid":{"rendered":"https:\/\/janert.info\/?page_id=6609"},"modified":"2023-01-16T10:34:07","modified_gmt":"2023-01-16T09:34:07","slug":"egu-toilet-training-2","status":"publish","type":"page","link":"https:\/\/janert.info\/en\/egu-toilettentraining-2\/","title":{"rendered":"EGU Toilet Training"},"content":{"rendered":"<p>[et_pb_section fb_built=&#8220;1&#8243; _builder_version=&#8220;4.16&#8243; global_colors_info=&#8220;{}&#8220;][et_pb_row _builder_version=&#8220;4.16.0&#8243; _module_preset=&#8220;default&#8220; global_colors_info=&#8220;{}&#8220;][et_pb_column type=&#8220;4_4&#8243; _builder_version=&#8220;4.16&#8243; _module_preset=&#8220;default&#8220; global_colors_info=&#8220;{}&#8220;][et_pb_image src=&#8220;https:\/\/janert.info\/wp-content\/uploads\/2022\/06\/Toilettentraining-ONLINE-COURSE-1000-x-300-px.png&#8220; title_text=&#8220;Toilettentraining ONLINE COURSE (1000 x 300 px)&#8220; _builder_version=&#8220;4.16.0&#8243; _module_preset=&#8220;default&#8220; global_colors_info=&#8220;{}&#8220;][\/et_pb_image][\/et_pb_column][\/et_pb_row][et_pb_row _builder_version=&#8220;4.16&#8243; width=&#8220;79.8%&#8220; global_colors_info=&#8220;{}&#8220;][et_pb_column type=&#8220;4_4&#8243; _builder_version=&#8220;4.16&#8243; custom_padding=&#8220;|||&#8220; global_colors_info=&#8220;{}&#8220; custom_padding__hover=&#8220;|||&#8220;][et_pb_text _builder_version=&#8220;4.16.0&#8243; custom_padding=&#8220;3px||42px|||&#8220; global_colors_info=&#8220;{}&#8220;]<\/p>\n<h2><strong><span style=\"color: #0fa3ae;\"><span style=\"color: #0fa3ae;\">Wie k\u00f6nnen wir dem Kind beibringen, auf die Toilette zu gehen?<\/span><\/span><\/strong><\/h2>\n<p>Machen Sie sich Sorgen, weil Ihr Kind<\/p>\n<ul>\n<li>kein Interesse am Toilettentraining zeigen?<\/li>\n<li>sich weigert, sich hinzusetzen oder die Toilette zu benutzen?<\/li>\n<li>darauf besteht, Tag und Nacht Windeln zu tragen?<\/li>\n<\/ul>\n<p>Dies ist ein h\u00e4ufiges Problem. Aus irgendeinem Grund haben manche Kinder Schwierigkeiten mit den grundlegendsten Meilensteine der fr\u00fchen Entwicklung und die Eltern suchen verzweifelt nach Unterst\u00fctzung, um ihrem Kind zu helfen.<\/p>\n<p>&nbsp;<\/p>\n<h3>Ihr Kind kann lernen, sauber zu werden und auf die Toilette zu gehen.<\/h3>\n<p>[\/et_pb_text][et_pb_text _builder_version=&#8220;4.17.6&#8243; text_font=&#8220;||||||||&#8220; text_line_height=&#8220;1.6em&#8220; custom_padding=&#8220;30px|30px|30px|30px|true|true&#8220; box_shadow_style=&#8220;preset1&#8243; global_colors_info=&#8220;{}&#8220;]<\/p>\n<p><strong><em><img loading=\"lazy\" decoding=\"async\" src=\"https:\/\/janert.info\/wp-content\/uploads\/2022\/05\/ASDFavicon2-300x300-1-300x300.png\" width=\"45\" height=\"45\" alt=\"\" class=\"wp-image-6632 alignnone size-medium\" srcset=\"https:\/\/janert.info\/wp-content\/uploads\/2022\/05\/ASDFavicon2-300x300-1.png 300w, https:\/\/janert.info\/wp-content\/uploads\/2022\/05\/ASDFavicon2-300x300-1-150x150.png 150w, https:\/\/janert.info\/wp-content\/uploads\/2022\/05\/ASDFavicon2-300x300-1-12x12.png 12w\" sizes=\"(max-width: 45px) 100vw, 45px\" \/> &#8222;Danke, dass Sie mir geholfen haben zu verstehen, worum es beim Toilettentraining wirklich geht!&#8220;<\/em><\/strong><\/p>\n<p>Wir waren mit dem Versuch, Navid (4,5 Jahre) auf die Toilette zu bringen, v\u00f6llig \u00fcberfordert, bis wir Sie kennenlernten. Ich betrachte das Toilettentraining jetzt auf eine ganz andere Art und Weise. Ich habe mir fr\u00fcher Sorgen gemacht, dass Navids Diagnose und die Tatsache, dass er weder spricht noch zuh\u00f6rt, bedeutet, dass er nicht auf die Toilette gehen kann. Jetzt wei\u00df ich, dass das Erlernen der Toilette eine komplexe Angelegenheit und eine Beziehungsfrage ist, bei der es nicht nur um Gehorsam und Verhaltenstraining geht, sondern vor allem um Gef\u00fchle, Empfindungen und Beziehungen. Navid war so \u00fcberrascht, als ich einfach sagte: &#8222;Ah, du machst Kacka!&#8220;, anstatt ihm eilig die Windel zu wechseln. Man konnte f\u00f6rmlich sehen, dass ihn das zum Nachdenken brachte. Ihm wurde klar, dass er das Gef\u00fchl nicht mochte und dass er etwas \u00e4ndern wollte. Das war definitiv der Anfang, als er auf die Toilette gehen konnte. Anstatt ihm zu sagen, was er tun soll, konzentrierte ich mich darauf, Navid dabei zu unterst\u00fctzen, herauszufinden, wie alles funktioniert: sein K\u00f6rper, seine Empfindungen, seine Gef\u00fchle, die Toilette usw. Und er hat es geschafft! Ich bin so gl\u00fccklich und erleichtert!&#8216;<span><strong><translate-press data-trp-translate-id=\"3610\" data-trp-node-group=\"Liste von Zeichenfolgen\" class=\" trp-highlight\"><\/translate-press><\/strong><\/span><\/p>\n<p>Navids Mutter<\/p>\n<p>[\/et_pb_text][et_pb_text _builder_version=&#8220;4.16.0&#8243; header_2_text_color=&#8220;#0fa3ae&#8220; header_3_font_size=&#8220;23px&#8220; background_color=&#8220;rgba(15,163,174,0.11)&#8220; custom_margin=&#8220;0px||0px||true|false&#8220; custom_padding=&#8220;30px|30px|30px|30px|true|true&#8220; global_colors_info=&#8220;{}&#8220;]<\/p>\n<h2>So k\u00f6nnen Sie Ihrem Kind helfen:<\/h2>\n<p>Dieses Kapitel besteht aus 4 Lektionen, die Ihnen dabei helfen, das Toilettentraining Ihres Kindes auf durchdachte und einfache Weise anzugehen.\u00a0<\/p>\n<h3><span style=\"font-size: xx-large;\">Lektion 1: \u00dcber Toilettentraining<\/span><\/h3>\n<p>Die Toilette zu benutzen ist das neue Spiel eines kleinen Kindes\u00a0<\/p>\n<h3><span style=\"font-size: xx-large;\">Lektion 2: Worum es beim Toilettentraining wirklich geht<\/span><\/h3>\n<p>Beim Toilettentraining geht es nicht nur darum, das Kind physisch auf die Toilette zu setzen.\u00a0<\/p>\n<h3><span style=\"font-size: xx-large;\">Lektion 3: Toilettentraining muss von den Eltern initiiert werden<\/span><\/h3>\n<p>Einen Weg finden, auf die Windel zu verzichten\u00a0<\/p>\n<h3><span style=\"font-size: xx-large;\">Lektion 4: Mit dem Toilettentraining anfangen<\/span><\/h3>\n<p>Schritt f\u00fcr Schritt zum erfolgreichen Toilettentraining\u00a0<\/p>\n<p>[\/et_pb_text][et_pb_text _builder_version=&#8220;4.16.0&#8243; custom_margin=&#8220;31px||-8px|||&#8220; custom_padding=&#8220;21px|||||&#8220; global_colors_info=&#8220;{}&#8220;]<\/p>\n<h4><span>Buchen Sie den Kurs f\u00fcr nur ~ \u20ac 79,00<br \/><\/span><\/h4>\n<p>[\/et_pb_text][et_pb_button button_url=&#8220;https:\/\/www.digistore24.com\/product\/238000&#8243; button_text=&#8220;Ja, ich m\u00f6chte anfangen&#8220; button_alignment=&#8220;left&#8220; disabled_on=&#8220;off|off|off&#8220; _builder_version=&#8220;4.17.6&#8243; custom_button=&#8220;on&#8220; button_text_color=&#8220;#0fa3ae&#8220; button_bg_color=&#8220;#F1C91A&#8220; button_border_color=&#8220;rgba(0,0,0,0)&#8220; button_border_radius=&#8220;0px&#8220; button_font=&#8220;|600|||||||&#8220; custom_margin=&#8220;23px|||||&#8220; global_colors_info=&#8220;{}&#8220;][\/et_pb_button][et_pb_text _builder_version=&#8220;4.16.0&#8243; custom_margin=&#8220;10px||||false|false&#8220; global_colors_info=&#8220;{}&#8220;]<\/p>\n<div class=\"et_pb_module et_pb_text et_pb_text_4  et_pb_text_align_left et_pb_bg_layout_light\">\n<div class=\"et_pb_text_inner\"><translate-press data-trp-translate-id=\"619\" data-trp-node-group=\"Liste von Zeichenfolgen\" class=\" trp-highlight\">Ihre Zahlung wird verschl\u00fcsselt und sicher \u00fcber den deutschen Zahlungsanbieter DigiStore24 abgewickelt.<\/translate-press><\/div>\n<\/div>\n<div class=\"et_pb_module et_pb_text et_pb_text_5  et_pb_text_align_left et_pb_bg_layout_light\">\n<div class=\"et_pb_text_inner\"><\/div>\n<\/div>\n<p>[\/et_pb_text][et_pb_text _builder_version=&#8220;4.16.0&#8243; header_4_font_size=&#8220;24px&#8220; custom_margin=&#8220;48px||-8px|||&#8220; global_colors_info=&#8220;{}&#8220;]<\/p>\n<h4><span>Haben Sie noch Fragen?<br \/>\n\u00a0<\/span><\/h4>\n<p>Schreiben Sie eine E-Mail an <a href=\"mailto:perspektiven@janert.info\" target=\"_blank\" rel=\"noopener noreferrer\"><span>\u00a0<\/span><span>perspektiven@janert.info<\/span><\/a>[\/et_pb_text][\/et_pb_column][\/et_pb_row][\/et_pb_section]<\/p>\n<span class=\"et_bloom_bottom_trigger\"><\/span>","protected":false},"excerpt":{"rendered":"<p>Wie k\u00f6nnen wir dem Kind beibringen, auf die Toilette zu gehen? Machen Sie sich Sorgen, weil Ihr Kind kein Interesse am Toilettentraining zeigen? sich weigert, sich hinzusetzen oder die Toilette zu benutzen? darauf besteht, Tag und Nacht Windeln zu tragen? Dies ist ein h\u00e4ufiges Problem. Aus irgendeinem Grund haben manche Kinder Schwierigkeiten mit den grundlegendsten [&hellip;]<\/p>\n","protected":false},"author":6,"featured_media":0,"parent":0,"menu_order":0,"comment_status":"closed","ping_status":"closed","template":"","meta":{"_acf_changed":false,"_et_pb_use_builder":"on","_et_pb_old_content":"","_et_gb_content_width":"","footnotes":""},"class_list":["post-6609","page","type-page","status-publish","hentry"],"acf":[],"yoast_head":"<!-- This site is optimized with the Yoast SEO plugin v27.2 - https:\/\/yoast.com\/product\/yoast-seo-wordpress\/ -->\n<title>EGU Toilettentraining - Autistische Kinder<\/title>\n<meta name=\"robots\" content=\"index, follow, max-snippet:-1, max-image-preview:large, max-video-preview:-1\" \/>\n<link rel=\"canonical\" href=\"https:\/\/janert.info\/en\/egu-toilet-training-2\/\" \/>\n<meta property=\"og:locale\" content=\"en_US\" \/>\n<meta property=\"og:type\" content=\"article\" \/>\n<meta property=\"og:title\" content=\"EGU Toilettentraining - Autistische Kinder\" \/>\n<meta property=\"og:description\" content=\"Wie k\u00f6nnen wir dem Kind beibringen, auf die Toilette zu gehen? Machen Sie sich Sorgen, weil Ihr Kind kein Interesse am Toilettentraining zeigen? sich weigert, sich hinzusetzen oder die Toilette zu benutzen? darauf besteht, Tag und Nacht Windeln zu tragen? Dies ist ein h\u00e4ufiges Problem. Aus irgendeinem Grund haben manche Kinder Schwierigkeiten mit den grundlegendsten [&hellip;]\" \/>\n<meta property=\"og:url\" content=\"https:\/\/janert.info\/en\/egu-toilet-training-2\/\" \/>\n<meta property=\"og:site_name\" content=\"Autistische Kinder\" \/>\n<meta property=\"article:modified_time\" content=\"2023-01-16T09:34:07+00:00\" \/>\n<meta property=\"og:image\" content=\"https:\/\/janert.info\/wp-content\/uploads\/2022\/05\/ASDFavicon2-300x300-1-300x300.png\" \/>\n<meta name=\"twitter:card\" content=\"summary_large_image\" \/>\n<script type=\"application\/ld+json\" class=\"yoast-schema-graph\">{\"@context\":\"https:\/\/schema.org\",\"@graph\":[{\"@type\":\"WebPage\",\"@id\":\"https:\/\/janert.info\/egu-toilettentraining-2\/\",\"url\":\"https:\/\/janert.info\/egu-toilettentraining-2\/\",\"name\":\"EGU Toilettentraining - Autistische Kinder\",\"isPartOf\":{\"@id\":\"https:\/\/janert.info\/#website\"},\"primaryImageOfPage\":{\"@id\":\"https:\/\/janert.info\/egu-toilettentraining-2\/#primaryimage\"},\"image\":{\"@id\":\"https:\/\/janert.info\/egu-toilettentraining-2\/#primaryimage\"},\"thumbnailUrl\":\"https:\/\/janert.info\/wp-content\/uploads\/2022\/05\/ASDFavicon2-300x300-1-300x300.png\",\"datePublished\":\"2022-05-04T10:11:47+00:00\",\"dateModified\":\"2023-01-16T09:34:07+00:00\",\"breadcrumb\":{\"@id\":\"https:\/\/janert.info\/egu-toilettentraining-2\/#breadcrumb\"},\"inLanguage\":\"en-US\",\"potentialAction\":[{\"@type\":\"ReadAction\",\"target\":[\"https:\/\/janert.info\/egu-toilettentraining-2\/\"]}]},{\"@type\":\"ImageObject\",\"inLanguage\":\"en-US\",\"@id\":\"https:\/\/janert.info\/egu-toilettentraining-2\/#primaryimage\",\"url\":\"https:\/\/janert.info\/wp-content\/uploads\/2022\/05\/ASDFavicon2-300x300-1-300x300.png\",\"contentUrl\":\"https:\/\/janert.info\/wp-content\/uploads\/2022\/05\/ASDFavicon2-300x300-1-300x300.png\"},{\"@type\":\"BreadcrumbList\",\"@id\":\"https:\/\/janert.info\/egu-toilettentraining-2\/#breadcrumb\",\"itemListElement\":[{\"@type\":\"ListItem\",\"position\":1,\"name\":\"Startseite\",\"item\":\"https:\/\/janert.info\/\"},{\"@type\":\"ListItem\",\"position\":2,\"name\":\"EGU Toilettentraining\"}]},{\"@type\":\"WebSite\",\"@id\":\"https:\/\/janert.info\/#website\",\"url\":\"https:\/\/janert.info\/\",\"name\":\"Autistische Kinder\",\"description\":\"beziehungs-orientiert behandeln\",\"potentialAction\":[{\"@type\":\"SearchAction\",\"target\":{\"@type\":\"EntryPoint\",\"urlTemplate\":\"https:\/\/janert.info\/?s={search_term_string}\"},\"query-input\":{\"@type\":\"PropertyValueSpecification\",\"valueRequired\":true,\"valueName\":\"search_term_string\"}}],\"inLanguage\":\"en-US\"}]}<\/script>\n<!-- \/ Yoast SEO plugin. -->","yoast_head_json":{"title":"EGU Toilet Training - Autistic Children","robots":{"index":"index","follow":"follow","max-snippet":"max-snippet:-1","max-image-preview":"max-image-preview:large","max-video-preview":"max-video-preview:-1"},"canonical":"https:\/\/janert.info\/en\/egu-toilet-training-2\/","og_locale":"en_US","og_type":"article","og_title":"EGU Toilettentraining - Autistische Kinder","og_description":"Wie k\u00f6nnen wir dem Kind beibringen, auf die Toilette zu gehen? Machen Sie sich Sorgen, weil Ihr Kind kein Interesse am Toilettentraining zeigen? sich weigert, sich hinzusetzen oder die Toilette zu benutzen? darauf besteht, Tag und Nacht Windeln zu tragen? Dies ist ein h\u00e4ufiges Problem. Aus irgendeinem Grund haben manche Kinder Schwierigkeiten mit den grundlegendsten [&hellip;]","og_url":"https:\/\/janert.info\/en\/egu-toilet-training-2\/","og_site_name":"Autistische Kinder","article_modified_time":"2023-01-16T09:34:07+00:00","og_image":[{"url":"https:\/\/janert.info\/wp-content\/uploads\/2022\/05\/ASDFavicon2-300x300-1-300x300.png","type":"","width":"","height":""}],"twitter_card":"summary_large_image","schema":{"@context":"https:\/\/schema.org","@graph":[{"@type":"WebPage","@id":"https:\/\/janert.info\/egu-toilettentraining-2\/","url":"https:\/\/janert.info\/egu-toilettentraining-2\/","name":"EGU Toilet Training - Autistic Children","isPartOf":{"@id":"https:\/\/janert.info\/#website"},"primaryImageOfPage":{"@id":"https:\/\/janert.info\/egu-toilettentraining-2\/#primaryimage"},"image":{"@id":"https:\/\/janert.info\/egu-toilettentraining-2\/#primaryimage"},"thumbnailUrl":"https:\/\/janert.info\/wp-content\/uploads\/2022\/05\/ASDFavicon2-300x300-1-300x300.png","datePublished":"2022-05-04T10:11:47+00:00","dateModified":"2023-01-16T09:34:07+00:00","breadcrumb":{"@id":"https:\/\/janert.info\/egu-toilettentraining-2\/#breadcrumb"},"inLanguage":"en-US","potentialAction":[{"@type":"ReadAction","target":["https:\/\/janert.info\/egu-toilettentraining-2\/"]}]},{"@type":"ImageObject","inLanguage":"en-US","@id":"https:\/\/janert.info\/egu-toilettentraining-2\/#primaryimage","url":"https:\/\/janert.info\/wp-content\/uploads\/2022\/05\/ASDFavicon2-300x300-1-300x300.png","contentUrl":"https:\/\/janert.info\/wp-content\/uploads\/2022\/05\/ASDFavicon2-300x300-1-300x300.png"},{"@type":"BreadcrumbList","@id":"https:\/\/janert.info\/egu-toilettentraining-2\/#breadcrumb","itemListElement":[{"@type":"ListItem","position":1,"name":"Startseite","item":"https:\/\/janert.info\/"},{"@type":"ListItem","position":2,"name":"EGU Toilettentraining"}]},{"@type":"WebSite","@id":"https:\/\/janert.info\/#website","url":"https:\/\/janert.info\/","name":"Autistic children","description":"treat relationship-oriented","potentialAction":[{"@type":"SearchAction","target":{"@type":"EntryPoint","urlTemplate":"https:\/\/janert.info\/?s={search_term_string}"},"query-input":{"@type":"PropertyValueSpecification","valueRequired":true,"valueName":"search_term_string"}}],"inLanguage":"en-US"}]}},"_links":{"self":[{"href":"https:\/\/janert.info\/en\/wp-json\/wp\/v2\/pages\/6609","targetHints":{"allow":["GET"]}}],"collection":[{"href":"https:\/\/janert.info\/en\/wp-json\/wp\/v2\/pages"}],"about":[{"href":"https:\/\/janert.info\/en\/wp-json\/wp\/v2\/types\/page"}],"author":[{"embeddable":true,"href":"https:\/\/janert.info\/en\/wp-json\/wp\/v2\/users\/6"}],"replies":[{"embeddable":true,"href":"https:\/\/janert.info\/en\/wp-json\/wp\/v2\/comments?post=6609"}],"version-history":[{"count":10,"href":"https:\/\/janert.info\/en\/wp-json\/wp\/v2\/pages\/6609\/revisions"}],"predecessor-version":[{"id":7992,"href":"https:\/\/janert.info\/en\/wp-json\/wp\/v2\/pages\/6609\/revisions\/7992"}],"wp:attachment":[{"href":"https:\/\/janert.info\/en\/wp-json\/wp\/v2\/media?parent=6609"}],"curies":[{"name":"wp","href":"https:\/\/api.w.org\/{rel}","templated":true}]}}