{"id":6618,"date":"2022-05-15T23:23:01","date_gmt":"2022-05-15T21:23:01","guid":{"rendered":"https:\/\/janert.info\/?page_id=6618"},"modified":"2023-01-16T10:32:23","modified_gmt":"2023-01-16T09:32:23","slug":"egu-sleep","status":"publish","type":"page","link":"https:\/\/janert.info\/en\/egu-einschlafen\/","title":{"rendered":"EGU Fall asleep"},"content":{"rendered":"<p>[et_pb_section fb_built=&#8220;1&#8243; _builder_version=&#8220;4.16&#8243; global_colors_info=&#8220;{}&#8220;][et_pb_row _builder_version=&#8220;4.16.0&#8243; _module_preset=&#8220;default&#8220; global_colors_info=&#8220;{}&#8220;][et_pb_column type=&#8220;4_4&#8243; _builder_version=&#8220;4.16.0&#8243; _module_preset=&#8220;default&#8220; global_colors_info=&#8220;{}&#8220;][et_pb_image src=&#8220;https:\/\/janert.info\/wp-content\/uploads\/2022\/08\/Schlafen-dONLINE-COURSE-1000-x-300-px.png&#8220; title_text=&#8220;Schlafen dONLINE COURSE (1000 x 300 px)&#8220; _builder_version=&#8220;4.16.0&#8243; _module_preset=&#8220;default&#8220; global_colors_info=&#8220;{}&#8220;][\/et_pb_image][\/et_pb_column][\/et_pb_row][et_pb_row _builder_version=&#8220;4.16&#8243; _module_preset=&#8220;default&#8220; global_colors_info=&#8220;{}&#8220;][et_pb_column type=&#8220;4_4&#8243; _builder_version=&#8220;4.16&#8243; _module_preset=&#8220;default&#8220; global_colors_info=&#8220;{}&#8220;][et_pb_button button_url=&#8220;https:\/\/www.digistore24.com\/product\/367500&#8243; button_text=&#8220;Ja, ich will den Kurs buchen&#8220; button_alignment=&#8220;center&#8220; disabled_on=&#8220;off|off|off&#8220; _builder_version=&#8220;4.18.0&#8243; custom_button=&#8220;on&#8220; button_text_color=&#8220;#0fa3ae&#8220; button_bg_color=&#8220;#F1C91A&#8220; button_border_color=&#8220;rgba(0,0,0,0)&#8220; button_border_radius=&#8220;0px&#8220; custom_margin=&#8220;7px|||||&#8220; global_colors_info=&#8220;{}&#8220;][\/et_pb_button][\/et_pb_column][\/et_pb_row][et_pb_row _builder_version=&#8220;4.16&#8243; global_colors_info=&#8220;{}&#8220;][et_pb_column type=&#8220;4_4&#8243; _builder_version=&#8220;4.16&#8243; custom_padding=&#8220;|||&#8220; global_colors_info=&#8220;{}&#8220; custom_padding__hover=&#8220;|||&#8220;][et_pb_text _builder_version=&#8220;4.16.0&#8243; custom_padding=&#8220;||42px|||&#8220; global_colors_info=&#8220;{}&#8220;]<\/p>\n<h2>Wie k\u00f6nnen wir unserem Kind helfen, einzuschlafen?<\/h2>\n<p>Ihr Kind kann lernen, einzuschlafen und die Nacht durchzuschlafen, damit auch Sie gut schlafen k\u00f6nnen.<\/p>\n<p>Dies ist ein h\u00e4ufiges Problem in vielen Familien. Aus irgendeinem Grund hat das Kind Schwierigkeiten mit den grundlegendsten Meilensteinen der fr\u00fchen Entwicklung und die Eltern suchen verzweifelt nach Unterst\u00fctzung\/ Hilfe.<\/p>\n<p>Machen Sie sich Sorgen, weil Ihr Kind<\/p>\n<ul>\n<li>sich weigert, ins Bett zu gehen?<\/li>\n<li>verlangt, dass Sie bei ihm liegen oder schlafen m\u00fcssen?<\/li>\n<li>Sie jede Nacht aufweckt und sich weigert, wieder einzuschlafen?<\/li>\n<\/ul>\n<p>[\/et_pb_text][et_pb_text _builder_version=&#8220;4.18.0&#8243; header_2_text_color=&#8220;#0fa3ae&#8220; header_3_font_size=&#8220;23px&#8220; background_color=&#8220;rgba(15,163,174,0.11)&#8220; custom_margin=&#8220;0px||0px||true|false&#8220; custom_padding=&#8220;26px|30px|26px|30px|true|true&#8220; global_colors_info=&#8220;{}&#8220;]<\/p>\n<h3><span><strong>Das ist das Ergebnis:<\/strong><\/span><\/h3>\n<p><span>In diesem Modul gibt es 4 Einheiten, die Ihnen helfen werden, die Schlafprobleme Ihres Kindes auf durchdachte und einfache Weise zu l\u00f6sen.<\/span><\/p>\n<h2><span style=\"font-size: large;\"><b>Einheit 1:<\/b> <b>Schlafenszeit und n\u00e4chtliche Kindererziehung<\/b><\/span><\/h2>\n<p><span>Wie viel Schlaf braucht Ihr Kind? <\/span><\/p>\n<h2><span style=\"font-size: large;\"><b>Einheit 2: <\/b> <b>Planung einer Schlafenszeit-Routine<\/b><\/span><\/h2>\n<p><span>Was passt zu Ihrer Familie? &#8211; Was hilft Ihrem Kind? &#8211; Was brauchen SIE?<\/span><\/p>\n<h2><span style=\"font-size: large;\"><b>Einheit 3: <\/b> <b>Gesunde Schlafenszeiten<\/b><\/span><\/h2>\n<p><span>Schlafenszeit f\u00fcr Kinder &#8211; Zeit nur f\u00fcr Erwachsene &#8211; Reflexion und R\u00fcckblick auf den Tag<\/span><\/p>\n<h2><span style=\"font-size: large;\"><b>Einheit 4:<\/b> <b>Probleme vor dem Schlafengehen<\/b><\/span><\/h2>\n<p><span>Wenn Ihr Kind nicht im Bett bleiben will<\/span><\/p>\n<p><span style=\"color: #0fa3ae; font-size: large; font-weight: bold;\">+ 3 FREE BATHTIME Einheiten <span style=\"color: #f1c91a;\"><a href=\"https:\/\/janert.info\/egu-badezeit\/\" title=\"Bathtime - Mein Kind liebt Wasser\" style=\"color: #f1c91a;\">HIER KLICKEN<\/a><\/span><\/span><\/p>\n<p><span style=\"color: #0fa3ae; font-size: large; font-weight: bold;\"><\/span><\/p>\n<p>[\/et_pb_text][et_pb_text _builder_version=&#8220;4.16.0&#8243; custom_margin=&#8220;31px||-8px|||&#8220; global_colors_info=&#8220;{}&#8220;]<\/p>\n<div class=\"et_pb_module et_pb_text et_pb_text_3  et_pb_text_align_left et_pb_bg_layout_light\">\n<div class=\"et_pb_text_inner\">\n<h4><span>Buchen Sie den Kurs f\u00fcr nur \u20ac 89,00<\/span><\/h4>\n<\/div>\n<\/div>\n<h4><span>\u00a0<\/span><\/h4>\n<p>[\/et_pb_text][et_pb_button button_url=&#8220;https:\/\/www.digistore24.com\/product\/367500&#8243; button_text=&#8220;Ja, ich will den Kurs jetzt buchen&#8220; button_alignment=&#8220;left&#8220; disabled_on=&#8220;off|off|off&#8220; _builder_version=&#8220;4.16.0&#8243; custom_button=&#8220;on&#8220; button_text_color=&#8220;#0FA3AE&#8220; button_bg_color=&#8220;#F1C91A&#8220; button_border_color=&#8220;rgba(0,0,0,0)&#8220; button_border_radius=&#8220;0px&#8220; button_font=&#8220;|600|||||||&#8220; custom_margin=&#8220;23px|||||&#8220; global_colors_info=&#8220;{}&#8220;][\/et_pb_button][et_pb_text _builder_version=&#8220;4.16.0&#8243; custom_margin=&#8220;10px||||false|false&#8220; global_colors_info=&#8220;{}&#8220;]<\/p>\n<div class=\"et_pb_module et_pb_text et_pb_text_4  et_pb_text_align_left et_pb_bg_layout_light\">\n<div class=\"et_pb_text_inner\">Ihre Zahlung wird verschl\u00fcsselt und sicher \u00fcber den deutschen Zahlungsanbieter DigiStore24 abgewickelt.<\/div>\n<\/div>\n<p>[\/et_pb_text][et_pb_text _builder_version=&#8220;4.16.0&#8243; text_font=&#8220;||||||||&#8220; text_line_height=&#8220;1.6em&#8220; custom_padding=&#8220;30px|30px|30px|30px|true|true&#8220; box_shadow_style=&#8220;preset1&#8243; global_colors_info=&#8220;{}&#8220;]<\/p>\n<p><strong><em><img loading=\"lazy\" decoding=\"async\" src=\"https:\/\/janert.info\/wp-content\/uploads\/2022\/04\/AKBBFavicon-300x300-1-300x300.png\" alt=\"\" class=\"wp-image-6410 alignnone size-medium\" width=\"57\" height=\"57\" srcset=\"https:\/\/janert.info\/wp-content\/uploads\/2022\/04\/AKBBFavicon-300x300-1.png 300w, https:\/\/janert.info\/wp-content\/uploads\/2022\/04\/AKBBFavicon-300x300-1-150x150.png 150w, https:\/\/janert.info\/wp-content\/uploads\/2022\/04\/AKBBFavicon-300x300-1-12x12.png 12w\" sizes=\"(max-width: 57px) 100vw, 57px\" \/>\u00a0<\/em><\/strong><strong><em>&#8222;Es hat ihm so gut gefallen, dass er gleich in seinem eigenen Bett eingeschlafen ist!&#8220;<\/em><\/strong><\/p>\n<p><em>Timo muss unbedingt lernen, in seinem eigenen Bett zu schlafen. Er ist jetzt 8 und besteht immer noch darauf, neben mir zu schlafen. Aber ich kann nicht schlafen und ich mag es wirklich nicht, wenn er sich nachts an mich dr\u00fcckt. Gemeinsam besprachen wir, was ein Kind wie Timo f\u00fcr eine angemessene Schlafenszeit braucht, dass der Fernseher oder andere elektronische Ger\u00e4te ihn vom Schlafen abhalten w\u00fcrden und wie man das Zimmer sicher und ruhig gestalten kann. Ein paar Monate sp\u00e4ter hat Timo sein eigenes Zimmer, das ehemalige G\u00e4stezimmer. Ich h\u00e4tte es nie geglaubt: Er liebte es so sehr, dass er von der ersten Nacht an einfach in seinem eigenen Bett einschlief! Das h\u00e4tte ich schon l\u00e4ngst tun sollen! Aber ich habe nicht geglaubt, dass er es schaffen w\u00fcrde, bis Sie mir geholfen haben, die ganze Situation zu \u00fcberdenken.<\/em><\/p>\n<p><strong><em>\u00a0<\/em><\/strong><\/p>\n<p><span style=\"color: #0fa3ae;\"><strong>Timo&#8217;s Mutter<\/strong><\/span><\/p>\n<p>[\/et_pb_text][et_pb_text _builder_version=&#8220;4.16.0&#8243; header_4_font_size=&#8220;24px&#8220; custom_margin=&#8220;48px||-8px|||&#8220; global_colors_info=&#8220;{}&#8220;]<\/p>\n<h3><span>Haben Sie noch Fragen?\u00a0<\/span><\/h3>\n<p>Schreiben Sie eine E-Mail an\u00a0<a href=\"mailto:perspektiven@janert.info\" target=\"_blank\" rel=\"noopener noreferrer\"><span> <\/span><span>perspektiven@janert.info<\/span><\/a><\/p>\n<p>[\/et_pb_text][\/et_pb_column][\/et_pb_row][\/et_pb_section]<\/p>\n<span class=\"et_bloom_bottom_trigger\"><\/span>","protected":false},"excerpt":{"rendered":"<p>Wie k\u00f6nnen wir unserem Kind helfen, einzuschlafen? Ihr Kind kann lernen, einzuschlafen und die Nacht durchzuschlafen, damit auch Sie gut schlafen k\u00f6nnen. Dies ist ein h\u00e4ufiges Problem in vielen Familien. Aus irgendeinem Grund hat das Kind Schwierigkeiten mit den grundlegendsten Meilensteinen der fr\u00fchen Entwicklung und die Eltern suchen verzweifelt nach Unterst\u00fctzung\/ Hilfe. Machen Sie sich [&hellip;]<\/p>\n","protected":false},"author":6,"featured_media":0,"parent":0,"menu_order":0,"comment_status":"closed","ping_status":"closed","template":"","meta":{"_acf_changed":false,"_et_pb_use_builder":"on","_et_pb_old_content":"","_et_gb_content_width":"","footnotes":""},"class_list":["post-6618","page","type-page","status-publish","hentry"],"acf":[],"yoast_head":"<!-- This site is optimized with the Yoast SEO plugin v27.2 - https:\/\/yoast.com\/product\/yoast-seo-wordpress\/ -->\n<title>EGU Einschlafen - Autistische Kinder<\/title>\n<meta name=\"robots\" content=\"index, follow, max-snippet:-1, max-image-preview:large, max-video-preview:-1\" \/>\n<link rel=\"canonical\" href=\"https:\/\/janert.info\/en\/egu-sleep\/\" \/>\n<meta property=\"og:locale\" content=\"en_US\" \/>\n<meta property=\"og:type\" content=\"article\" \/>\n<meta property=\"og:title\" content=\"EGU Einschlafen - Autistische Kinder\" \/>\n<meta property=\"og:description\" content=\"Wie k\u00f6nnen wir unserem Kind helfen, einzuschlafen? Ihr Kind kann lernen, einzuschlafen und die Nacht durchzuschlafen, damit auch Sie gut schlafen k\u00f6nnen. Dies ist ein h\u00e4ufiges Problem in vielen Familien. Aus irgendeinem Grund hat das Kind Schwierigkeiten mit den grundlegendsten Meilensteinen der fr\u00fchen Entwicklung und die Eltern suchen verzweifelt nach Unterst\u00fctzung\/ Hilfe. Machen Sie sich [&hellip;]\" \/>\n<meta property=\"og:url\" content=\"https:\/\/janert.info\/en\/egu-sleep\/\" \/>\n<meta property=\"og:site_name\" content=\"Autistische Kinder\" \/>\n<meta property=\"article:modified_time\" content=\"2023-01-16T09:32:23+00:00\" \/>\n<meta property=\"og:image\" content=\"https:\/\/janert.info\/wp-content\/uploads\/2022\/04\/AKBBFavicon-300x300-1-300x300.png\" \/>\n<meta name=\"twitter:card\" content=\"summary_large_image\" \/>\n<script type=\"application\/ld+json\" class=\"yoast-schema-graph\">{\"@context\":\"https:\/\/schema.org\",\"@graph\":[{\"@type\":\"WebPage\",\"@id\":\"https:\/\/janert.info\/egu-einschlafen\/\",\"url\":\"https:\/\/janert.info\/egu-einschlafen\/\",\"name\":\"EGU Einschlafen - Autistische Kinder\",\"isPartOf\":{\"@id\":\"https:\/\/janert.info\/#website\"},\"primaryImageOfPage\":{\"@id\":\"https:\/\/janert.info\/egu-einschlafen\/#primaryimage\"},\"image\":{\"@id\":\"https:\/\/janert.info\/egu-einschlafen\/#primaryimage\"},\"thumbnailUrl\":\"https:\/\/janert.info\/wp-content\/uploads\/2022\/04\/AKBBFavicon-300x300-1-300x300.png\",\"datePublished\":\"2022-05-15T21:23:01+00:00\",\"dateModified\":\"2023-01-16T09:32:23+00:00\",\"breadcrumb\":{\"@id\":\"https:\/\/janert.info\/egu-einschlafen\/#breadcrumb\"},\"inLanguage\":\"en-US\",\"potentialAction\":[{\"@type\":\"ReadAction\",\"target\":[\"https:\/\/janert.info\/egu-einschlafen\/\"]}]},{\"@type\":\"ImageObject\",\"inLanguage\":\"en-US\",\"@id\":\"https:\/\/janert.info\/egu-einschlafen\/#primaryimage\",\"url\":\"https:\/\/janert.info\/wp-content\/uploads\/2022\/04\/AKBBFavicon-300x300-1-300x300.png\",\"contentUrl\":\"https:\/\/janert.info\/wp-content\/uploads\/2022\/04\/AKBBFavicon-300x300-1-300x300.png\"},{\"@type\":\"BreadcrumbList\",\"@id\":\"https:\/\/janert.info\/egu-einschlafen\/#breadcrumb\",\"itemListElement\":[{\"@type\":\"ListItem\",\"position\":1,\"name\":\"Startseite\",\"item\":\"https:\/\/janert.info\/\"},{\"@type\":\"ListItem\",\"position\":2,\"name\":\"EGU Einschlafen\"}]},{\"@type\":\"WebSite\",\"@id\":\"https:\/\/janert.info\/#website\",\"url\":\"https:\/\/janert.info\/\",\"name\":\"Autistische Kinder\",\"description\":\"beziehungs-orientiert behandeln\",\"potentialAction\":[{\"@type\":\"SearchAction\",\"target\":{\"@type\":\"EntryPoint\",\"urlTemplate\":\"https:\/\/janert.info\/?s={search_term_string}\"},\"query-input\":{\"@type\":\"PropertyValueSpecification\",\"valueRequired\":true,\"valueName\":\"search_term_string\"}}],\"inLanguage\":\"en-US\"}]}<\/script>\n<!-- \/ Yoast SEO plugin. -->","yoast_head_json":{"title":"EGU Fall asleep - Autistic children","robots":{"index":"index","follow":"follow","max-snippet":"max-snippet:-1","max-image-preview":"max-image-preview:large","max-video-preview":"max-video-preview:-1"},"canonical":"https:\/\/janert.info\/en\/egu-sleep\/","og_locale":"en_US","og_type":"article","og_title":"EGU Einschlafen - Autistische Kinder","og_description":"Wie k\u00f6nnen wir unserem Kind helfen, einzuschlafen? Ihr Kind kann lernen, einzuschlafen und die Nacht durchzuschlafen, damit auch Sie gut schlafen k\u00f6nnen. Dies ist ein h\u00e4ufiges Problem in vielen Familien. Aus irgendeinem Grund hat das Kind Schwierigkeiten mit den grundlegendsten Meilensteinen der fr\u00fchen Entwicklung und die Eltern suchen verzweifelt nach Unterst\u00fctzung\/ Hilfe. Machen Sie sich [&hellip;]","og_url":"https:\/\/janert.info\/en\/egu-sleep\/","og_site_name":"Autistische Kinder","article_modified_time":"2023-01-16T09:32:23+00:00","og_image":[{"url":"https:\/\/janert.info\/wp-content\/uploads\/2022\/04\/AKBBFavicon-300x300-1-300x300.png","type":"","width":"","height":""}],"twitter_card":"summary_large_image","schema":{"@context":"https:\/\/schema.org","@graph":[{"@type":"WebPage","@id":"https:\/\/janert.info\/egu-einschlafen\/","url":"https:\/\/janert.info\/egu-einschlafen\/","name":"EGU Fall asleep - Autistic children","isPartOf":{"@id":"https:\/\/janert.info\/#website"},"primaryImageOfPage":{"@id":"https:\/\/janert.info\/egu-einschlafen\/#primaryimage"},"image":{"@id":"https:\/\/janert.info\/egu-einschlafen\/#primaryimage"},"thumbnailUrl":"https:\/\/janert.info\/wp-content\/uploads\/2022\/04\/AKBBFavicon-300x300-1-300x300.png","datePublished":"2022-05-15T21:23:01+00:00","dateModified":"2023-01-16T09:32:23+00:00","breadcrumb":{"@id":"https:\/\/janert.info\/egu-einschlafen\/#breadcrumb"},"inLanguage":"en-US","potentialAction":[{"@type":"ReadAction","target":["https:\/\/janert.info\/egu-einschlafen\/"]}]},{"@type":"ImageObject","inLanguage":"en-US","@id":"https:\/\/janert.info\/egu-einschlafen\/#primaryimage","url":"https:\/\/janert.info\/wp-content\/uploads\/2022\/04\/AKBBFavicon-300x300-1-300x300.png","contentUrl":"https:\/\/janert.info\/wp-content\/uploads\/2022\/04\/AKBBFavicon-300x300-1-300x300.png"},{"@type":"BreadcrumbList","@id":"https:\/\/janert.info\/egu-einschlafen\/#breadcrumb","itemListElement":[{"@type":"ListItem","position":1,"name":"Startseite","item":"https:\/\/janert.info\/"},{"@type":"ListItem","position":2,"name":"EGU Einschlafen"}]},{"@type":"WebSite","@id":"https:\/\/janert.info\/#website","url":"https:\/\/janert.info\/","name":"Autistic children","description":"treat relationship-oriented","potentialAction":[{"@type":"SearchAction","target":{"@type":"EntryPoint","urlTemplate":"https:\/\/janert.info\/?s={search_term_string}"},"query-input":{"@type":"PropertyValueSpecification","valueRequired":true,"valueName":"search_term_string"}}],"inLanguage":"en-US"}]}},"_links":{"self":[{"href":"https:\/\/janert.info\/en\/wp-json\/wp\/v2\/pages\/6618","targetHints":{"allow":["GET"]}}],"collection":[{"href":"https:\/\/janert.info\/en\/wp-json\/wp\/v2\/pages"}],"about":[{"href":"https:\/\/janert.info\/en\/wp-json\/wp\/v2\/types\/page"}],"author":[{"embeddable":true,"href":"https:\/\/janert.info\/en\/wp-json\/wp\/v2\/users\/6"}],"replies":[{"embeddable":true,"href":"https:\/\/janert.info\/en\/wp-json\/wp\/v2\/comments?post=6618"}],"version-history":[{"count":9,"href":"https:\/\/janert.info\/en\/wp-json\/wp\/v2\/pages\/6618\/revisions"}],"predecessor-version":[{"id":7990,"href":"https:\/\/janert.info\/en\/wp-json\/wp\/v2\/pages\/6618\/revisions\/7990"}],"wp:attachment":[{"href":"https:\/\/janert.info\/en\/wp-json\/wp\/v2\/media?parent=6618"}],"curies":[{"name":"wp","href":"https:\/\/api.w.org\/{rel}","templated":true}]}}