{"id":6932,"date":"2022-06-16T09:12:41","date_gmt":"2022-06-16T07:12:41","guid":{"rendered":"https:\/\/janert.info\/?page_id=6932"},"modified":"2024-12-07T18:59:16","modified_gmt":"2024-12-07T17:59:16","slug":"left","status":"publish","type":"page","link":"https:\/\/janert.info\/en\/links\/","title":{"rendered":"Links"},"content":{"rendered":"<p>[et_pb_section fb_built=&#8220;1&#8243; admin_label=&#8220;Hero Section&#8220; _builder_version=&#8220;4.16&#8243; background_color=&#8220;#05896a&#8220; use_background_color_gradient=&#8220;on&#8220; background_color_gradient_direction=&#8220;131deg&#8220; background_color_gradient_stops=&#8220;#0fa3ae 0%|#0fa3ae 100%&#8220; background_color_gradient_start=&#8220;#0fa3ae&#8220; background_color_gradient_end=&#8220;#0fa3ae&#8220; custom_padding=&#8220;0||0||true|false&#8220; animation_style=&#8220;slide&#8220; animation_direction=&#8220;top&#8220; animation_intensity_slide=&#8220;2%&#8220; animation_starting_opacity=&#8220;100%&#8220; box_shadow_style=&#8220;preset7&#8243; box_shadow_horizontal=&#8220;0px&#8220; box_shadow_vertical=&#8220;-120px&#8220; box_shadow_color=&#8220;#ffffff&#8220; locked=&#8220;off&#8220; global_colors_info=&#8220;{}&#8220;][et_pb_row column_structure=&#8220;1_2,1_2&#8243; _builder_version=&#8220;4.16&#8243; background_size=&#8220;initial&#8220; background_position=&#8220;top_left&#8220; background_repeat=&#8220;repeat&#8220; custom_padding=&#8220;40px|0px|0|0px|false|false&#8220; custom_width_px=&#8220;1440px&#8220; global_colors_info=&#8220;{}&#8220;][et_pb_column type=&#8220;1_2&#8243; _builder_version=&#8220;4.16&#8243; custom_padding=&#8220;|||&#8220; global_colors_info=&#8220;{}&#8220; custom_padding__hover=&#8220;|||&#8220;][et_pb_text _builder_version=&#8220;4.16.0&#8243; text_font=&#8220;||||||||&#8220; header_font=&#8220;Yanone Kaffeesatz||||||||&#8220; header_text_color=&#8220;#fbd302&#8243; header_font_size=&#8220;58px&#8220; header_line_height=&#8220;1.5em&#8220; header_2_font=&#8220;||||||||&#8220; header_3_font=&#8220;||||||||&#8220; header_4_font=&#8220;||||||||&#8220; header_5_font=&#8220;||||||||&#8220; header_6_font=&#8220;||||||||&#8220; background_color=&#8220;rgba(255,255,255,0)&#8220; background_size=&#8220;initial&#8220; background_position=&#8220;top_left&#8220; background_repeat=&#8220;repeat&#8220; custom_margin=&#8220;||6px|&#8220; locked=&#8220;off&#8220; inline_fonts=&#8220;Yanone Kaffeesatz&#8220; global_colors_info=&#8220;{}&#8220;]<\/p>\n<h1><strong>Links &amp; Verbindungen<\/strong><\/h1>\n<p>[\/et_pb_text][et_pb_divider show_divider=&#8220;off&#8220; disabled_on=&#8220;on|on|off&#8220; _builder_version=&#8220;4.16&#8243; max_width=&#8220;80px&#8220; module_alignment=&#8220;left&#8220; height=&#8220;10px&#8220; custom_margin=&#8220;||20px|&#8220; animation_style=&#8220;slide&#8220; animation_direction=&#8220;bottom&#8220; saved_tabs=&#8220;all&#8220; locked=&#8220;off&#8220; global_colors_info=&#8220;{}&#8220;][\/et_pb_divider][et_pb_text _builder_version=&#8220;4.16&#8243; text_font=&#8220;Poppins||||||||&#8220; text_text_color=&#8220;rgba(255,255,255,0.8)&#8220; header_font=&#8220;||||||||&#8220; locked=&#8220;off&#8220; global_colors_info=&#8220;{}&#8220;][\/et_pb_text][\/et_pb_column][et_pb_column type=&#8220;1_2&#8243; _builder_version=&#8220;4.16&#8243; custom_padding=&#8220;|||&#8220; global_colors_info=&#8220;{}&#8220; custom_padding__hover=&#8220;|||&#8220;][et_pb_image src=&#8220;https:\/\/janert.info\/wp-content\/uploads\/2022\/06\/Bruecke-im-Fruehling.jpg&#8220; alt=&#8220;Spielen&#8220; title_text=&#8220;Br\u00fccke im Fr\u00fchling&#8220; force_fullwidth=&#8220;on&#8220; _builder_version=&#8220;4.16.0&#8243; module_alignment=&#8220;right&#8220; custom_margin=&#8220;|||&#8220; custom_padding=&#8220;|||&#8220; animation_style=&#8220;slide&#8220; animation_direction=&#8220;top&#8220; animation_intensity_slide=&#8220;6%&#8220; animation_starting_opacity=&#8220;100%&#8220; box_shadow_style=&#8220;preset1&#8243; box_shadow_vertical=&#8220;10px&#8220; box_shadow_blur=&#8220;100px&#8220; box_shadow_color=&#8220;rgba(0,0,0,0.2)&#8220; always_center_on_mobile=&#8220;off&#8220; global_colors_info=&#8220;{}&#8220;][\/et_pb_image][\/et_pb_column][\/et_pb_row][\/et_pb_section][et_pb_section fb_built=&#8220;1&#8243; _builder_version=&#8220;4.16&#8243; _module_preset=&#8220;default&#8220; global_colors_info=&#8220;{}&#8220;][et_pb_row _builder_version=&#8220;4.16.0&#8243; _module_preset=&#8220;default&#8220; custom_padding=&#8220;30px|||||&#8220; global_colors_info=&#8220;{}&#8220;][et_pb_column type=&#8220;4_4&#8243; _builder_version=&#8220;4.16.0&#8243; _module_preset=&#8220;default&#8220; global_colors_info=&#8220;{}&#8220;][et_pb_text _builder_version=&#8220;4.18.0&#8243; _module_preset=&#8220;default&#8220; global_colors_info=&#8220;{}&#8220;]<\/p>\n<h1>Rezensionen:<\/h1>\n<p><a href=\"https:\/\/janert.info\/wp-content\/uploads\/2022\/08\/REZ-2022_04_Janert_Autismus-beziehungsorientiert-behandeln_Inga-Ducque_Ergotherapie-und-Rehabilitation.pdf\"><strong>&#8222;Autismus beziehungsorientiert behandeln\u201c &#8211; in der Zeitschrift \u201eErgotherapie und Rehabilitation\u201c<\/strong><\/a><\/p>\n<p>&nbsp;<\/p>\n<h1>Relevante Webseiten von gesch\u00e4tzten KollegInnen:<\/h1>\n<h1><\/h1>\n<p>Diese Seite ist dabei, sich zu entwickeln mit Unterst\u00fctzung und die Entwicklungsleiter hochzuklettern! Wenn du eine Website hast, die du gerne hier aufgelistet h\u00e4ttest, um von interessierten Eltern oder KollegInnen gefunden zu werden, oder andere gute Ideen f\u00fcr ein beziehungsorientiertes Netzwerk, dann sag mir gerne Bescheid.<\/p>\n<h4><strong><\/strong><\/h4>\n<p><strong><\/strong><\/p>\n<h4><strong>Beziehungsorientierte Kollegen mit einer Praxis:<\/strong><\/h4>\n<p><a href=\"https:\/\/www.seminarinstitut.com\/\">https:\/\/www.seminarinstitut.com\/<\/a><\/p>\n<p><a href=\"https:\/\/tinadiedrichsen.de\/\">https:\/\/tinadiedrichsen.de\/<\/a><\/p>\n<p><a href=\"https:\/\/www.schulte-hoetzel.de\/\">https:\/\/www.schulte-hoetzel.de\/<\/a><\/p>\n<p><a href=\"https:\/\/www.annewiedmer.de\/\">https:\/\/www.annewiedmer.de\/<\/a><\/p>\n<p><a href=\"https:\/\/sites.google.com\/site\/ergotherapiesalzburgkinder\/home-1?authuser=0\">https:\/\/sites.google.com\/site\/ergotherapiesalzburgkinder\/home-1?authuser=0<\/a><\/p>\n<p><a href=\"https:\/\/shoshanalevinfox.com\/\">https:\/\/shoshanalevinfox.com\/<\/a><\/p>\n<p><a href=\"https:\/\/www.drshelleystravitz.com\/\">https:\/\/www.drshelleystravitz.com\/<\/a><\/p>\n<p>&nbsp;<\/p>\n<h4><strong>Online Kurse und Unterst\u00fctzung:<\/strong><\/h4>\n<p><a href=\"https:\/\/shoshanalevinfox.com\/\"><\/a><a href=\"https:\/\/brightandquirky.com\/\">https:\/\/brightandquirky.com\/<\/a><\/p>\n<p><a href=\"https:\/\/gemeckerfrei.de\/\">https:\/\/gemeckerfrei.de\/<\/a><\/p>\n<p><a href=\"https:\/\/self-reg.ca\/\">https:\/\/self-reg.ca\/<\/a><\/p>\n<p>&nbsp;<\/p>\n<h4><strong>Selbst\u00e4ndigkeit &amp; Websites:<\/strong><\/h4>\n<p>Business Coaching und Onlineseminare f\u00fcr Selbstst\u00e4ndige <a href=\"https:\/\/business-empowerment.eu\/angebot\/\">https:\/\/business-empowerment.eu\/angebot\/<\/a><\/p>\n<p>Anziehende Websites f\u00fcr Selbst\u00e4ndige <a href=\"https:\/\/birgithotz.com\/\">https:\/\/birgithotz.com\/<\/a>\u00a0<\/p>\n<p>[\/et_pb_text][\/et_pb_column][\/et_pb_row][\/et_pb_section]<\/p>\n<span class=\"et_bloom_bottom_trigger\"><\/span>","protected":false},"excerpt":{"rendered":"<p>Links &amp; VerbindungenRezensionen: &#8222;Autismus beziehungsorientiert behandeln\u201c &#8211; in der Zeitschrift \u201eErgotherapie und Rehabilitation\u201c &nbsp; Relevante Webseiten von gesch\u00e4tzten KollegInnen: Diese Seite ist dabei, sich zu entwickeln mit Unterst\u00fctzung und die Entwicklungsleiter hochzuklettern! Wenn du eine Website hast, die du gerne hier aufgelistet h\u00e4ttest, um von interessierten Eltern oder KollegInnen gefunden zu werden, oder andere gute [&hellip;]<\/p>\n","protected":false},"author":11,"featured_media":0,"parent":0,"menu_order":0,"comment_status":"closed","ping_status":"closed","template":"","meta":{"_acf_changed":false,"_et_pb_use_builder":"on","_et_pb_old_content":"","_et_gb_content_width":"","footnotes":""},"class_list":["post-6932","page","type-page","status-publish","hentry"],"acf":[],"yoast_head":"<!-- This site is optimized with the Yoast SEO plugin v27.3 - https:\/\/yoast.com\/product\/yoast-seo-wordpress\/ -->\n<title>Links - Autistische Kinder<\/title>\n<meta name=\"robots\" content=\"index, follow, max-snippet:-1, max-image-preview:large, max-video-preview:-1\" \/>\n<link rel=\"canonical\" href=\"https:\/\/janert.info\/en\/left\/\" \/>\n<meta property=\"og:locale\" content=\"en_US\" \/>\n<meta property=\"og:type\" content=\"article\" \/>\n<meta property=\"og:title\" content=\"Links - Autistische Kinder\" \/>\n<meta property=\"og:description\" content=\"Links &amp; VerbindungenRezensionen: &quot;Autismus beziehungsorientiert behandeln\u201c - in der Zeitschrift \u201eErgotherapie und Rehabilitation\u201c &nbsp; Relevante Webseiten von gesch\u00e4tzten KollegInnen: Diese Seite ist dabei, sich zu entwickeln mit Unterst\u00fctzung und die Entwicklungsleiter hochzuklettern! Wenn du eine Website hast, die du gerne hier aufgelistet h\u00e4ttest, um von interessierten Eltern oder KollegInnen gefunden zu werden, oder andere gute [&hellip;]\" \/>\n<meta property=\"og:url\" content=\"https:\/\/janert.info\/en\/left\/\" \/>\n<meta property=\"og:site_name\" content=\"Autistische Kinder\" \/>\n<meta property=\"article:modified_time\" content=\"2024-12-07T17:59:16+00:00\" \/>\n<meta name=\"twitter:card\" content=\"summary_large_image\" \/>\n<meta name=\"twitter:label1\" content=\"Est. reading time\" \/>\n\t<meta name=\"twitter:data1\" content=\"3 minutes\" \/>\n<script type=\"application\/ld+json\" class=\"yoast-schema-graph\">{\"@context\":\"https:\\\/\\\/schema.org\",\"@graph\":[{\"@type\":\"WebPage\",\"@id\":\"https:\\\/\\\/janert.info\\\/links\\\/\",\"url\":\"https:\\\/\\\/janert.info\\\/links\\\/\",\"name\":\"Links - Autistische Kinder\",\"isPartOf\":{\"@id\":\"https:\\\/\\\/janert.info\\\/#website\"},\"datePublished\":\"2022-06-16T07:12:41+00:00\",\"dateModified\":\"2024-12-07T17:59:16+00:00\",\"breadcrumb\":{\"@id\":\"https:\\\/\\\/janert.info\\\/links\\\/#breadcrumb\"},\"inLanguage\":\"en-US\",\"potentialAction\":[{\"@type\":\"ReadAction\",\"target\":[\"https:\\\/\\\/janert.info\\\/links\\\/\"]}]},{\"@type\":\"BreadcrumbList\",\"@id\":\"https:\\\/\\\/janert.info\\\/links\\\/#breadcrumb\",\"itemListElement\":[{\"@type\":\"ListItem\",\"position\":1,\"name\":\"Startseite\",\"item\":\"https:\\\/\\\/janert.info\\\/\"},{\"@type\":\"ListItem\",\"position\":2,\"name\":\"Links\"}]},{\"@type\":\"WebSite\",\"@id\":\"https:\\\/\\\/janert.info\\\/#website\",\"url\":\"https:\\\/\\\/janert.info\\\/\",\"name\":\"Autistische Kinder\",\"description\":\"beziehungs-orientiert behandeln\",\"potentialAction\":[{\"@type\":\"SearchAction\",\"target\":{\"@type\":\"EntryPoint\",\"urlTemplate\":\"https:\\\/\\\/janert.info\\\/?s={search_term_string}\"},\"query-input\":{\"@type\":\"PropertyValueSpecification\",\"valueRequired\":true,\"valueName\":\"search_term_string\"}}],\"inLanguage\":\"en-US\"}]}<\/script>\n<!-- \/ Yoast SEO plugin. -->","yoast_head_json":{"title":"Links - Autistic children","robots":{"index":"index","follow":"follow","max-snippet":"max-snippet:-1","max-image-preview":"max-image-preview:large","max-video-preview":"max-video-preview:-1"},"canonical":"https:\/\/janert.info\/en\/left\/","og_locale":"en_US","og_type":"article","og_title":"Links - Autistische Kinder","og_description":"Links &amp; VerbindungenRezensionen: \"Autismus beziehungsorientiert behandeln\u201c - in der Zeitschrift \u201eErgotherapie und Rehabilitation\u201c &nbsp; Relevante Webseiten von gesch\u00e4tzten KollegInnen: Diese Seite ist dabei, sich zu entwickeln mit Unterst\u00fctzung und die Entwicklungsleiter hochzuklettern! Wenn du eine Website hast, die du gerne hier aufgelistet h\u00e4ttest, um von interessierten Eltern oder KollegInnen gefunden zu werden, oder andere gute [&hellip;]","og_url":"https:\/\/janert.info\/en\/left\/","og_site_name":"Autistische Kinder","article_modified_time":"2024-12-07T17:59:16+00:00","twitter_card":"summary_large_image","twitter_misc":{"Est. reading time":"3 minutes"},"schema":{"@context":"https:\/\/schema.org","@graph":[{"@type":"WebPage","@id":"https:\/\/janert.info\/links\/","url":"https:\/\/janert.info\/links\/","name":"Links - Autistic children","isPartOf":{"@id":"https:\/\/janert.info\/#website"},"datePublished":"2022-06-16T07:12:41+00:00","dateModified":"2024-12-07T17:59:16+00:00","breadcrumb":{"@id":"https:\/\/janert.info\/links\/#breadcrumb"},"inLanguage":"en-US","potentialAction":[{"@type":"ReadAction","target":["https:\/\/janert.info\/links\/"]}]},{"@type":"BreadcrumbList","@id":"https:\/\/janert.info\/links\/#breadcrumb","itemListElement":[{"@type":"ListItem","position":1,"name":"Startseite","item":"https:\/\/janert.info\/"},{"@type":"ListItem","position":2,"name":"Links"}]},{"@type":"WebSite","@id":"https:\/\/janert.info\/#website","url":"https:\/\/janert.info\/","name":"Autistic children","description":"treat relationship-oriented","potentialAction":[{"@type":"SearchAction","target":{"@type":"EntryPoint","urlTemplate":"https:\/\/janert.info\/?s={search_term_string}"},"query-input":{"@type":"PropertyValueSpecification","valueRequired":true,"valueName":"search_term_string"}}],"inLanguage":"en-US"}]}},"_links":{"self":[{"href":"https:\/\/janert.info\/en\/wp-json\/wp\/v2\/pages\/6932","targetHints":{"allow":["GET"]}}],"collection":[{"href":"https:\/\/janert.info\/en\/wp-json\/wp\/v2\/pages"}],"about":[{"href":"https:\/\/janert.info\/en\/wp-json\/wp\/v2\/types\/page"}],"author":[{"embeddable":true,"href":"https:\/\/janert.info\/en\/wp-json\/wp\/v2\/users\/11"}],"replies":[{"embeddable":true,"href":"https:\/\/janert.info\/en\/wp-json\/wp\/v2\/comments?post=6932"}],"version-history":[{"count":10,"href":"https:\/\/janert.info\/en\/wp-json\/wp\/v2\/pages\/6932\/revisions"}],"predecessor-version":[{"id":9427,"href":"https:\/\/janert.info\/en\/wp-json\/wp\/v2\/pages\/6932\/revisions\/9427"}],"wp:attachment":[{"href":"https:\/\/janert.info\/en\/wp-json\/wp\/v2\/media?parent=6932"}],"curies":[{"name":"wp","href":"https:\/\/api.w.org\/{rel}","templated":true}]}}