{"id":7139,"date":"2022-07-25T11:36:22","date_gmt":"2022-07-25T09:36:22","guid":{"rendered":"https:\/\/janert.info\/?page_id=7139"},"modified":"2023-01-15T19:29:00","modified_gmt":"2023-01-15T18:29:00","slug":"time-at-home","status":"publish","type":"page","link":"https:\/\/janert.info\/en\/zeit-zuhause\/","title":{"rendered":"EGU time at home"},"content":{"rendered":"<p>[et_pb_section fb_built=&#8220;1&#8243; _builder_version=&#8220;4.16&#8243; global_colors_info=&#8220;{}&#8220;][et_pb_row _builder_version=&#8220;4.16&#8243; _module_preset=&#8220;default&#8220; global_colors_info=&#8220;{}&#8220;][et_pb_column type=&#8220;4_4&#8243; _builder_version=&#8220;4.16&#8243; _module_preset=&#8220;default&#8220; global_colors_info=&#8220;{}&#8220;][et_pb_image src=&#8220;https:\/\/janert.info\/wp-content\/uploads\/2022\/07\/Zeit-Header-ONLINE-COURSE-1000-x-300-px-1.png&#8220; title_text=&#8220;Zeit Header ONLINE COURSE (1000 x 300 px)&#8220; _builder_version=&#8220;4.16.0&#8243; _module_preset=&#8220;default&#8220; global_colors_info=&#8220;{}&#8220;][\/et_pb_image][\/et_pb_column][\/et_pb_row][et_pb_row _builder_version=&#8220;4.16&#8243; width=&#8220;79.8%&#8220; global_colors_info=&#8220;{}&#8220;][et_pb_column type=&#8220;4_4&#8243; _builder_version=&#8220;4.16&#8243; custom_padding=&#8220;|||&#8220; global_colors_info=&#8220;{}&#8220; custom_padding__hover=&#8220;|||&#8220;][et_pb_text _builder_version=&#8220;4.16.0&#8243; custom_padding=&#8220;||42px|||&#8220; global_colors_info=&#8220;{}&#8220;]<\/p>\n<h2><strong><span style=\"color: #0fa3ae;\"><span style=\"color: #0fa3ae;\">Wie k\u00f6nnen wir dem Kind helfen, sich weniger zerstreut zu f\u00fchlen?<\/span><\/span><\/strong><\/h2>\n<p>Machen Sie sich Sorgen, weil ihr Kind<\/p>\n<ul>\n<li>immer dasselbe, gar nichts oder nur sein eigenes &#8218;Ding&#8216; machen will?<\/li>\n<li>nicht h\u00f6rt oder kommt, wenn Sie es zum Essen rufen, und es ihm egal ist, was was Sie als Eltern von ihm m\u00f6chten?<\/li>\n<li><span style=\"font-size: 16px;\">dominant, selbstzentriert und tyrannisch ist und ausrastet, wenn nicht alles genau so l\u00e4uft, wie das Kind es will?<\/span><\/li>\n<\/ul>\n<p><span>Dies ist ein h\u00e4ufiges Problem. Aus irgendeinem Grund haben manche Kinder Schwierigkeiten mit den grundlegendsten Meilensteine der fr\u00fchen Entwicklung und die Eltern suchen verzweifelt nach Unterst\u00fctzung, um ihrem Kind zu helfen.\u00a0<\/span><span>In diesem Kaitel zeige ich Ihnen, wie Sie Ihr Zuhause zu einer f\u00f6rderlichen Umgebung machen k\u00f6nnen, indem Sie vorhersagbare Zeitabl\u00e4ufe einf\u00fchren und Wege um dies zu kommunizieren.<\/span><\/p>\n<h3><\/h3>\n<h4>Ihr Kind kann lernen, sich einzuf\u00fcgen und weniger zerstreut zu f\u00fchlen &#8230;<\/h4>\n<p>[\/et_pb_text][et_pb_text _builder_version=&#8220;4.16.0&#8243; header_2_text_color=&#8220;#0fa3ae&#8220; header_3_font_size=&#8220;23px&#8220; background_color=&#8220;rgba(15,163,174,0.11)&#8220; custom_margin=&#8220;0px||0px||true|false&#8220; custom_padding=&#8220;30px|30px|30px|30px|true|true&#8220; global_colors_info=&#8220;{}&#8220;]<\/p>\n<h2>So k\u00f6nnen Sie Ihrem Kind helfen:<\/h2>\n<p>In diesem Kapitel erforschen wir die fundamentale Bedeutung von Zeit, Rhythmus und Routinen f\u00fcr die gesunde Entwicklung eines Kindes. Denn um ein klares Selbstgef\u00fchl zu entwickeln und sich gut auf die Welt der Anderen einlassen zu k\u00f6nnen braucht ein kleines Kind vorhersagbare und geregelte Tagesabl\u00e4ufe. Ohne diese ist die Gefahr gro\u00df, dass das Kind dominierende oder tyrannische Verhaltensweisen entwickelt, weil es sich disorientiert, unsicher und zerstreut f\u00fchlt. Dieses Kapitel besteht aus 7 Lektionen, in denen ich Ihnen zeige, wie sich das Zeitgef\u00fchl eines Kindes entwickelt, sowie viele praktische Ideen, wie Sie Ihr Kind dabei unterst\u00fctzen k\u00f6nnen<span><\/span><\/p>\n<h3>Lektion 1: RHYTHMEN und ROUTINEN<\/h3>\n<p>Ein Gef\u00fchl f\u00fcr die ZEIT entwickeln<\/p>\n<h3>Lektion 2:\u00a0<translate-press data-trp-translate-id=\"4129\" data-trp-node-group=\"Liste von Zeichenfolgen\" class=\" trp-highlight\">T\u00c4GLICHE ZEITABL\u00c4UFE<\/translate-press><\/h3>\n<p><translate-press data-trp-translate-id=\"4129\" data-trp-node-group=\"Liste von Zeichenfolgen\" class=\" trp-highlight\">Den TAG strukturieren<\/translate-press><\/p>\n<h3>Lektion 3: ALLTAGS- UND HAUSHALTSAUFGABEN<\/h3>\n<p>jeden Tag zur INTERAKTION mit dem Kind nutzen<\/p>\n<h3>Lektion 4: WOCHEN- UND STUNDENPL\u00c4NE<\/h3>\n<p>Struktur f\u00fcr die WOCHE<\/p>\n<h3>Lektion 5: KALENDER<\/h3>\n<p>Struktur des JAHRES\/ VERGANGENHEIT &amp; ZUKUNFT<\/p>\n<h3>Lektion 6: RITUALE &amp; FAMILIENTRADITIONEN<\/h3>\n<p>Struktur f\u00fcr die FAMILIE<\/p>\n<h3>Lektion 7: SPECIAL TIMES<\/h3>\n<p>f\u00fcr die EMOTIONALE Entwicklung des Kindes<\/p>\n<p>[\/et_pb_text][et_pb_text _builder_version=&#8220;4.16.0&#8243; custom_margin=&#8220;31px||-8px|||&#8220; custom_padding=&#8220;21px|||||&#8220; global_colors_info=&#8220;{}&#8220;]<\/p>\n<h4><span>Buchen Sie den Kurs f\u00fcr nur ~ \u20ac 249.00<br \/><\/span><\/h4>\n<p>[\/et_pb_text][et_pb_button button_url=&#8220;https:\/\/www.digistore24.com\/product\/452466&#8243; button_text=&#8220;Ja, ich m\u00f6chte anfangen&#8220; button_alignment=&#8220;left&#8220; disabled_on=&#8220;off|off|off&#8220; _builder_version=&#8220;4.16.0&#8243; custom_button=&#8220;on&#8220; button_text_color=&#8220;#0fa3ae&#8220; button_bg_color=&#8220;#F1C91A&#8220; button_border_color=&#8220;rgba(0,0,0,0)&#8220; button_border_radius=&#8220;0px&#8220; button_font=&#8220;|600|||||||&#8220; custom_margin=&#8220;23px|||||&#8220; global_colors_info=&#8220;{}&#8220;][\/et_pb_button][et_pb_text _builder_version=&#8220;4.16.0&#8243; custom_margin=&#8220;10px||||false|false&#8220; global_colors_info=&#8220;{}&#8220;]<\/p>\n<div class=\"et_pb_module et_pb_text et_pb_text_4  et_pb_text_align_left et_pb_bg_layout_light\">\n<div class=\"et_pb_text_inner\"><translate-press data-trp-translate-id=\"619\" data-trp-node-group=\"Liste von Zeichenfolgen\" class=\" trp-highlight\">Ihre Zahlung wird verschl\u00fcsselt und sicher \u00fcber den deutschen Zahlungsanbieter DigiStore24 abgewickelt.<\/translate-press><\/div>\n<\/div>\n<div class=\"et_pb_module et_pb_text et_pb_text_5  et_pb_text_align_left et_pb_bg_layout_light\">\n<div class=\"et_pb_text_inner\"><\/div>\n<div class=\"et_pb_text_inner\">60 Tage R\u00fcckgaberecht<\/div>\n<\/div>\n<p>[\/et_pb_text][et_pb_text _builder_version=&#8220;4.16.0&#8243; header_4_font_size=&#8220;24px&#8220; custom_margin=&#8220;48px||-8px|||&#8220; global_colors_info=&#8220;{}&#8220;]<\/p>\n<h4><span>Haben Sie noch Fragen?<br \/>\n\u00a0<\/span><\/h4>\n<p>Schreiben Sie eine E-Mail an <a href=\"mailto:perspektiven@janert.info\" target=\"_blank\" rel=\"noopener noreferrer\"><span>\u00a0<\/span><span>perspektiven@janert.info<\/span><\/a>[\/et_pb_text][\/et_pb_column][\/et_pb_row][\/et_pb_section]<\/p>\n<span class=\"et_bloom_bottom_trigger\"><\/span>","protected":false},"excerpt":{"rendered":"<p>Wie k\u00f6nnen wir dem Kind helfen, sich weniger zerstreut zu f\u00fchlen? Machen Sie sich Sorgen, weil ihr Kind immer dasselbe, gar nichts oder nur sein eigenes &#8218;Ding&#8216; machen will? nicht h\u00f6rt oder kommt, wenn Sie es zum Essen rufen, und es ihm egal ist, was was Sie als Eltern von ihm m\u00f6chten? dominant, selbstzentriert und [&hellip;]<\/p>\n","protected":false},"author":6,"featured_media":0,"parent":0,"menu_order":0,"comment_status":"closed","ping_status":"closed","template":"","meta":{"_acf_changed":false,"_et_pb_use_builder":"on","_et_pb_old_content":"","_et_gb_content_width":"","footnotes":""},"class_list":["post-7139","page","type-page","status-publish","hentry"],"acf":[],"yoast_head":"<!-- This site is optimized with the Yoast SEO plugin v27.2 - https:\/\/yoast.com\/product\/yoast-seo-wordpress\/ -->\n<title>EGU Zeit zu Hause - Autistische Kinder<\/title>\n<meta name=\"description\" content=\"structure-autism-children-therapy-home-\" \/>\n<meta name=\"robots\" content=\"index, follow, max-snippet:-1, max-image-preview:large, max-video-preview:-1\" \/>\n<link rel=\"canonical\" href=\"https:\/\/janert.info\/en\/time-at-home\/\" \/>\n<meta property=\"og:locale\" content=\"en_US\" \/>\n<meta property=\"og:type\" content=\"article\" \/>\n<meta property=\"og:title\" content=\"EGU Zeit zu Hause - Autistische Kinder\" \/>\n<meta property=\"og:description\" content=\"structure-autism-children-therapy-home-\" \/>\n<meta property=\"og:url\" content=\"https:\/\/janert.info\/en\/time-at-home\/\" \/>\n<meta property=\"og:site_name\" content=\"Autistische Kinder\" \/>\n<meta property=\"article:modified_time\" content=\"2023-01-15T18:29:00+00:00\" \/>\n<meta name=\"twitter:card\" content=\"summary_large_image\" \/>\n<meta name=\"twitter:label1\" content=\"Est. reading time\" \/>\n\t<meta name=\"twitter:data1\" content=\"4 minutes\" \/>\n<script type=\"application\/ld+json\" class=\"yoast-schema-graph\">{\"@context\":\"https:\/\/schema.org\",\"@graph\":[{\"@type\":\"WebPage\",\"@id\":\"https:\/\/janert.info\/zeit-zuhause\/\",\"url\":\"https:\/\/janert.info\/zeit-zuhause\/\",\"name\":\"EGU Zeit zu Hause - Autistische Kinder\",\"isPartOf\":{\"@id\":\"https:\/\/janert.info\/#website\"},\"datePublished\":\"2022-07-25T09:36:22+00:00\",\"dateModified\":\"2023-01-15T18:29:00+00:00\",\"description\":\"structure-autism-children-therapy-home-\",\"breadcrumb\":{\"@id\":\"https:\/\/janert.info\/zeit-zuhause\/#breadcrumb\"},\"inLanguage\":\"en-US\",\"potentialAction\":[{\"@type\":\"ReadAction\",\"target\":[\"https:\/\/janert.info\/zeit-zuhause\/\"]}]},{\"@type\":\"BreadcrumbList\",\"@id\":\"https:\/\/janert.info\/zeit-zuhause\/#breadcrumb\",\"itemListElement\":[{\"@type\":\"ListItem\",\"position\":1,\"name\":\"Startseite\",\"item\":\"https:\/\/janert.info\/\"},{\"@type\":\"ListItem\",\"position\":2,\"name\":\"EGU Zeit zu Hause\"}]},{\"@type\":\"WebSite\",\"@id\":\"https:\/\/janert.info\/#website\",\"url\":\"https:\/\/janert.info\/\",\"name\":\"Autistische Kinder\",\"description\":\"beziehungs-orientiert behandeln\",\"potentialAction\":[{\"@type\":\"SearchAction\",\"target\":{\"@type\":\"EntryPoint\",\"urlTemplate\":\"https:\/\/janert.info\/?s={search_term_string}\"},\"query-input\":{\"@type\":\"PropertyValueSpecification\",\"valueRequired\":true,\"valueName\":\"search_term_string\"}}],\"inLanguage\":\"en-US\"}]}<\/script>\n<!-- \/ Yoast SEO plugin. -->","yoast_head_json":{"title":"EGU Time at home - Autistic children","description":"structure-autism-children-therapy-home-","robots":{"index":"index","follow":"follow","max-snippet":"max-snippet:-1","max-image-preview":"max-image-preview:large","max-video-preview":"max-video-preview:-1"},"canonical":"https:\/\/janert.info\/en\/time-at-home\/","og_locale":"en_US","og_type":"article","og_title":"EGU Zeit zu Hause - Autistische Kinder","og_description":"structure-autism-children-therapy-home-","og_url":"https:\/\/janert.info\/en\/time-at-home\/","og_site_name":"Autistische Kinder","article_modified_time":"2023-01-15T18:29:00+00:00","twitter_card":"summary_large_image","twitter_misc":{"Est. reading time":"4 minutes"},"schema":{"@context":"https:\/\/schema.org","@graph":[{"@type":"WebPage","@id":"https:\/\/janert.info\/zeit-zuhause\/","url":"https:\/\/janert.info\/zeit-zuhause\/","name":"EGU Time at home - Autistic children","isPartOf":{"@id":"https:\/\/janert.info\/#website"},"datePublished":"2022-07-25T09:36:22+00:00","dateModified":"2023-01-15T18:29:00+00:00","description":"structure-autism-children-therapy-home-","breadcrumb":{"@id":"https:\/\/janert.info\/zeit-zuhause\/#breadcrumb"},"inLanguage":"en-US","potentialAction":[{"@type":"ReadAction","target":["https:\/\/janert.info\/zeit-zuhause\/"]}]},{"@type":"BreadcrumbList","@id":"https:\/\/janert.info\/zeit-zuhause\/#breadcrumb","itemListElement":[{"@type":"ListItem","position":1,"name":"Startseite","item":"https:\/\/janert.info\/"},{"@type":"ListItem","position":2,"name":"EGU Zeit zu Hause"}]},{"@type":"WebSite","@id":"https:\/\/janert.info\/#website","url":"https:\/\/janert.info\/","name":"Autistic children","description":"treat relationship-oriented","potentialAction":[{"@type":"SearchAction","target":{"@type":"EntryPoint","urlTemplate":"https:\/\/janert.info\/?s={search_term_string}"},"query-input":{"@type":"PropertyValueSpecification","valueRequired":true,"valueName":"search_term_string"}}],"inLanguage":"en-US"}]}},"_links":{"self":[{"href":"https:\/\/janert.info\/en\/wp-json\/wp\/v2\/pages\/7139","targetHints":{"allow":["GET"]}}],"collection":[{"href":"https:\/\/janert.info\/en\/wp-json\/wp\/v2\/pages"}],"about":[{"href":"https:\/\/janert.info\/en\/wp-json\/wp\/v2\/types\/page"}],"author":[{"embeddable":true,"href":"https:\/\/janert.info\/en\/wp-json\/wp\/v2\/users\/6"}],"replies":[{"embeddable":true,"href":"https:\/\/janert.info\/en\/wp-json\/wp\/v2\/comments?post=7139"}],"version-history":[{"count":10,"href":"https:\/\/janert.info\/en\/wp-json\/wp\/v2\/pages\/7139\/revisions"}],"predecessor-version":[{"id":7985,"href":"https:\/\/janert.info\/en\/wp-json\/wp\/v2\/pages\/7139\/revisions\/7985"}],"wp:attachment":[{"href":"https:\/\/janert.info\/en\/wp-json\/wp\/v2\/media?parent=7139"}],"curies":[{"name":"wp","href":"https:\/\/api.w.org\/{rel}","templated":true}]}}