{"id":7180,"date":"2022-07-27T09:07:14","date_gmt":"2022-07-27T07:07:14","guid":{"rendered":"https:\/\/janert.info\/?page_id=7180"},"modified":"2023-01-13T10:12:50","modified_gmt":"2023-01-13T09:12:50","slug":"egu-structure-home","status":"publish","type":"page","link":"https:\/\/janert.info\/en\/egu-structure-home\/","title":{"rendered":"EGU Structure at Home"},"content":{"rendered":"<p>[et_pb_section fb_built=&#8220;1&#8243; _builder_version=&#8220;4.16&#8243; global_colors_info=&#8220;{}&#8220;][et_pb_row _builder_version=&#8220;4.16&#8243; _module_preset=&#8220;default&#8220; global_colors_info=&#8220;{}&#8220;][et_pb_column type=&#8220;4_4&#8243; _builder_version=&#8220;4.16&#8243; _module_preset=&#8220;default&#8220; global_colors_info=&#8220;{}&#8220;][et_pb_image src=&#8220;https:\/\/janert.info\/wp-content\/uploads\/2022\/12\/Strukture-zuhause-ONLINE-Kurs.png&#8220; title_text=&#8220;Strukture zuhause ONLINE Kurs&#8220; _builder_version=&#8220;4.19.2&#8243; _module_preset=&#8220;default&#8220; global_colors_info=&#8220;{}&#8220;][\/et_pb_image][\/et_pb_column][\/et_pb_row][et_pb_row _builder_version=&#8220;4.16&#8243; width=&#8220;79.8%&#8220; global_colors_info=&#8220;{}&#8220;][et_pb_column type=&#8220;4_4&#8243; _builder_version=&#8220;4.16&#8243; custom_padding=&#8220;|||&#8220; global_colors_info=&#8220;{}&#8220; custom_padding__hover=&#8220;|||&#8220;][et_pb_text _builder_version=&#8220;4.16.0&#8243; custom_padding=&#8220;||42px|||&#8220; global_colors_info=&#8220;{}&#8220;]<\/p>\n<h2><strong><span style=\"color: #0fa3ae;\"><span style=\"color: #0fa3ae;\">Wie k\u00f6nnen wir dem Kind helfen, sich nicht so verloren zu f\u00fchlen?<\/span><\/span><\/strong><\/h2>\n<p>Machen Sie sich Sorgen, weil Ihr Kind<\/p>\n<ul>\n<li>dauernd nur hin und herrennt, anstatt mit seinen Spielsachen zu spielen?<\/li>\n<li><span style=\"font-size: 16px;\">orientierungslos scheint und sich nicht selber besch\u00e4ftigen kann?<\/span><\/li>\n<li>zu viele Spielsachen hat, aber mit nichts wirklich spielt und\u00a0<span style=\"font-size: 16px;\">dauernd nur am Handy sein will?<\/span><span><\/span><\/li>\n<\/ul>\n<p><span>Dies ist ein h\u00e4ufiges Problem. Aus irgendeinem Grund haben manche Kinder Schwierigkeiten mit den grundlegendsten Meilensteine der fr\u00fchen Entwicklung und die Eltern suchen verzweifelt nach Unterst\u00fctzung, um ihrem Kind zu helfen.<\/span><\/p>\n<p><span>In diesem Modul zeige ich Ihnen, wie Sie Ihr Zuhause zu einer f\u00f6rderlichen Umgebung machen k\u00f6nnen und welche Arten von Spielzeug und Aktivit\u00e4ten das Spielen, Lernen und die Sprachentwicklung Ihres Kindes f\u00f6rdern.<\/span><\/p>\n<p><span><\/span><\/p>\n<h4>Ihr Kind kann lernen, sich zu besch\u00e4ftigen und weniger verloren zu f\u00fchlen &#8230;<\/h4>\n<p>[\/et_pb_text][et_pb_text _builder_version=&#8220;4.16.0&#8243; text_font=&#8220;||||||||&#8220; text_line_height=&#8220;1.6em&#8220; custom_padding=&#8220;30px|30px|30px|30px|true|true&#8220; box_shadow_style=&#8220;preset1&#8243; global_colors_info=&#8220;{}&#8220;]<\/p>\n<p><strong><em><img loading=\"lazy\" decoding=\"async\" src=\"https:\/\/janert.info\/wp-content\/uploads\/2022\/05\/ASDFavicon2-300x300-1-300x300.png\" width=\"58\" height=\"58\" alt=\"\" class=\"wp-image-6632 alignnone size-medium\" srcset=\"https:\/\/janert.info\/wp-content\/uploads\/2022\/05\/ASDFavicon2-300x300-1.png 300w, https:\/\/janert.info\/wp-content\/uploads\/2022\/05\/ASDFavicon2-300x300-1-150x150.png 150w, https:\/\/janert.info\/wp-content\/uploads\/2022\/05\/ASDFavicon2-300x300-1-12x12.png 12w\" sizes=\"(max-width: 58px) 100vw, 58px\" \/>\u00a0<\/em><\/strong><strong><em>Wie wichtig Struktur zuhause f\u00fcr die Entwicklung eines Kindes ist<\/em><\/strong><\/p>\n<p>&#8218;Wir waren verzweifelt, denn Indigo (8 Jahre) wirkte v\u00f6llig verloren. Und wir auch! Er spielte nicht und machte nicht mit. Er rannte den ganzen Tag im Haus hin und her \u00fcber das Sofa, die Treppe hinauf und wieder hinunter, ununterbrochen. Er schlief, wo er wollte, und meistens nicht in seinem Bett. Er a\u00df nur Toast mit Nutella. \u00dcberall, und ohne sich irgendwo hinzusetzen. Ich war es so leid, \u00fcberall Nutella abzuwischen. Wir hatten zu dieser Zeit noch nicht einmal einen Tisch! Er hat nie mit seinen Spielsachen gespielt, und die gro\u00dfe Spielzeugkiste wurde nie aufgemacht. Seine einzige &#8222;Aktivit\u00e4t&#8220; war das Werfen von Dingen. Es war ein absoluter Albtraum. Wir haben immer noch Netze vor unseren Fenstern, weil sie so oft kaputt gegangen sind! Niemand konnte uns helfen, nicht einmal die Mitarbeiter des psychiatrischen Zentrums, wo wir hofften, Hilfe zu bekommen (au\u00dfer dass sie uns zu Sibylle schickten, wof\u00fcr wir sehr dankbar sind).<\/p>\n<p>Erst durch die Arbeit mit Sibylle wurde uns klar, wie wichtig Struktur zuhause, die richtigen M\u00f6bel und Spielmaterialien, Aktivit\u00e4ten und vor allem Tagesabl\u00e4ufe f\u00fcr die Entwicklung eines Kindes sind. Und dass wir das alles nicht hatten.&#8216;<\/p>\n<h4>Indigos Mutter<\/h4>\n<p>Indigo (10 Jahre), nonverbal mit einer Autismus-Diagnose<\/p>\n<p>[\/et_pb_text][et_pb_text _builder_version=&#8220;4.16.0&#8243; header_2_text_color=&#8220;#0fa3ae&#8220; header_3_font_size=&#8220;23px&#8220; background_color=&#8220;rgba(15,163,174,0.11)&#8220; custom_margin=&#8220;0px||0px||true|false&#8220; custom_padding=&#8220;30px|30px|30px|30px|true|true&#8220; global_colors_info=&#8220;{}&#8220;]<\/p>\n<h2>So k\u00f6nnen Sie Ihrem Kind helfen:<\/h2>\n<p>In diesem Kapitel erforschen wir die Grundlagen der r\u00e4umlichen Strukturierung zuhause, von Dingen, die Ihr Kind tun und mit denen es spielen kann, um dem Gef\u00fchl der Verlorenheit entgegenzuwirken und eine friedliche Umgebung zuhause zu schaffen. Dieses Kapitel besteht aus 6 Lektionen, in denen ich Ihnen zeige, <span>wie Sie Ihr Zuhause zu einer f\u00f6rderlichen Umgebung machen k\u00f6nnen und welche Arten von Spielzeug und Aktivit\u00e4ten das Spielen, Lernen und die Sprachentwicklung Ihres Kindes f\u00f6rdern.<\/span><\/p>\n<h3>Lektion 1: Strukture zuhause schafft Struktur im Kopf<\/h3>\n<p>Klarheit und Struktur zu schaffen ist ein Akt der Liebe<\/p>\n<h3>Lektion 2: N\u00fctzliche M\u00d6BEL: zuhause RAUM schaffen<\/h3>\n<p>Ein Ort, an dem man sich zu Hause f\u00fchlen kann<\/p>\n<h3>Lektion 3: REGALE &amp; AUFBEWAHRUNG von Spielmaterialien<\/h3>\n<p>Kinder brauchen Platz f\u00fcr\u00a0ihre Spiel-Materialien<\/p>\n<h3>Lektion 4: FAULES SPIELZEUG vermeiden: Umgang mit ELEKTRONIK<\/h3>\n<p>Elektronische Bildschirme reden viel, aber sie h\u00f6ren nicht zu<\/p>\n<h3>Lektion 5: ALLT\u00c4GLICHE DINGE erkunden: etwas womit man SPIELEN kann<\/h3>\n<p>Kinder brauchen etwas zu tun und Dinge, mit denen sie spielen k\u00f6nnen<\/p>\n<h3>Lektion 6: Gutes Spielzeug mit hohem Spielwert<\/h3>\n<p>Modernes Spielzeug: Nicht alle Spielsachen sind gute Spielsachen<\/p>\n<p>[\/et_pb_text][et_pb_text _builder_version=&#8220;4.16.0&#8243; custom_margin=&#8220;31px||-8px|||&#8220; custom_padding=&#8220;21px|||||&#8220; global_colors_info=&#8220;{}&#8220;]<\/p>\n<h4><span>Buchen Sie den Kurs f\u00fcr nur ~ \u20ac 249.00<br \/><\/span><\/h4>\n<p>[\/et_pb_text][et_pb_button button_url=&#8220;https:\/\/www.digistore24-app.com\/product\/439352&#8243; button_text=&#8220;Ja, ich m\u00f6chte anfangen&#8220; button_alignment=&#8220;left&#8220; disabled_on=&#8220;off|off|off&#8220; _builder_version=&#8220;4.16.0&#8243; custom_button=&#8220;on&#8220; button_text_color=&#8220;#0fa3ae&#8220; button_bg_color=&#8220;#F1C91A&#8220; button_border_color=&#8220;rgba(0,0,0,0)&#8220; button_border_radius=&#8220;0px&#8220; button_font=&#8220;|600|||||||&#8220; custom_margin=&#8220;23px|||||&#8220; global_colors_info=&#8220;{}&#8220;][\/et_pb_button][et_pb_text _builder_version=&#8220;4.16.0&#8243; custom_margin=&#8220;10px||||false|false&#8220; global_colors_info=&#8220;{}&#8220;]<\/p>\n<div class=\"et_pb_module et_pb_text et_pb_text_4  et_pb_text_align_left et_pb_bg_layout_light\">\n<div class=\"et_pb_text_inner\"><translate-press data-trp-translate-id=\"619\" data-trp-node-group=\"Liste von Zeichenfolgen\" class=\" trp-highlight\">Ihre Zahlung wird verschl\u00fcsselt und sicher \u00fcber den deutschen Zahlungsanbieter DigiStore24 abgewickelt.<\/translate-press><\/div>\n<div class=\"et_pb_text_inner\">14 Tage R\u00fcckgaberecht<\/div>\n<\/div>\n<div class=\"et_pb_module et_pb_text et_pb_text_5  et_pb_text_align_left et_pb_bg_layout_light\">\n<div class=\"et_pb_text_inner\"><\/div>\n<\/div>\n<p>[\/et_pb_text][et_pb_text _builder_version=&#8220;4.16.0&#8243; header_4_font_size=&#8220;24px&#8220; custom_margin=&#8220;48px||-8px|||&#8220; global_colors_info=&#8220;{}&#8220;]<\/p>\n<h4><span>Haben Sie noch Fragen?<br \/>\n\u00a0<\/span><\/h4>\n<p>Schreiben Sie eine E-Mail an <a href=\"mailto:perspektiven@janert.info\" target=\"_blank\" rel=\"noopener noreferrer\"><span>\u00a0<\/span><span>perspektiven@janert.info<\/span><\/a>[\/et_pb_text][\/et_pb_column][\/et_pb_row][\/et_pb_section]<\/p>\n<span class=\"et_bloom_bottom_trigger\"><\/span>","protected":false},"excerpt":{"rendered":"<p>Wie k\u00f6nnen wir dem Kind helfen, sich nicht so verloren zu f\u00fchlen? Machen Sie sich Sorgen, weil Ihr Kind dauernd nur hin und herrennt, anstatt mit seinen Spielsachen zu spielen? orientierungslos scheint und sich nicht selber besch\u00e4ftigen kann? zu viele Spielsachen hat, aber mit nichts wirklich spielt und\u00a0dauernd nur am Handy sein will? Dies ist [&hellip;]<\/p>\n","protected":false},"author":6,"featured_media":0,"parent":0,"menu_order":0,"comment_status":"closed","ping_status":"closed","template":"","meta":{"_acf_changed":false,"_et_pb_use_builder":"on","_et_pb_old_content":"","_et_gb_content_width":"","footnotes":""},"class_list":["post-7180","page","type-page","status-publish","hentry"],"acf":[],"yoast_head":"<!-- This site is optimized with the Yoast SEO plugin v27.2 - https:\/\/yoast.com\/product\/yoast-seo-wordpress\/ -->\n<title>EGU Structure at Home - Autistische Kinder<\/title>\n<meta name=\"description\" content=\"structure-autism-children-therapy-home-\" \/>\n<meta name=\"robots\" content=\"index, follow, max-snippet:-1, max-image-preview:large, max-video-preview:-1\" \/>\n<link rel=\"canonical\" href=\"https:\/\/janert.info\/en\/egu-structure-home\/\" \/>\n<meta property=\"og:locale\" content=\"en_US\" \/>\n<meta property=\"og:type\" content=\"article\" \/>\n<meta property=\"og:title\" content=\"EGU Structure at Home - Autistische Kinder\" \/>\n<meta property=\"og:description\" content=\"structure-autism-children-therapy-home-\" \/>\n<meta property=\"og:url\" content=\"https:\/\/janert.info\/en\/egu-structure-home\/\" \/>\n<meta property=\"og:site_name\" content=\"Autistische Kinder\" \/>\n<meta property=\"article:modified_time\" content=\"2023-01-13T09:12:50+00:00\" \/>\n<meta property=\"og:image\" content=\"https:\/\/janert.info\/wp-content\/uploads\/2022\/05\/ASDFavicon2-300x300-1-300x300.png\" \/>\n<meta name=\"twitter:card\" content=\"summary_large_image\" \/>\n<meta name=\"twitter:label1\" content=\"Est. reading time\" \/>\n\t<meta name=\"twitter:data1\" content=\"4 minutes\" \/>\n<script type=\"application\/ld+json\" class=\"yoast-schema-graph\">{\"@context\":\"https:\/\/schema.org\",\"@graph\":[{\"@type\":\"WebPage\",\"@id\":\"https:\/\/janert.info\/egu-structure-home\/\",\"url\":\"https:\/\/janert.info\/egu-structure-home\/\",\"name\":\"EGU Structure at Home - Autistische Kinder\",\"isPartOf\":{\"@id\":\"https:\/\/janert.info\/#website\"},\"primaryImageOfPage\":{\"@id\":\"https:\/\/janert.info\/egu-structure-home\/#primaryimage\"},\"image\":{\"@id\":\"https:\/\/janert.info\/egu-structure-home\/#primaryimage\"},\"thumbnailUrl\":\"https:\/\/janert.info\/wp-content\/uploads\/2022\/05\/ASDFavicon2-300x300-1-300x300.png\",\"datePublished\":\"2022-07-27T07:07:14+00:00\",\"dateModified\":\"2023-01-13T09:12:50+00:00\",\"description\":\"structure-autism-children-therapy-home-\",\"breadcrumb\":{\"@id\":\"https:\/\/janert.info\/egu-structure-home\/#breadcrumb\"},\"inLanguage\":\"en-US\",\"potentialAction\":[{\"@type\":\"ReadAction\",\"target\":[\"https:\/\/janert.info\/egu-structure-home\/\"]}]},{\"@type\":\"ImageObject\",\"inLanguage\":\"en-US\",\"@id\":\"https:\/\/janert.info\/egu-structure-home\/#primaryimage\",\"url\":\"https:\/\/janert.info\/wp-content\/uploads\/2022\/05\/ASDFavicon2-300x300-1-300x300.png\",\"contentUrl\":\"https:\/\/janert.info\/wp-content\/uploads\/2022\/05\/ASDFavicon2-300x300-1-300x300.png\"},{\"@type\":\"BreadcrumbList\",\"@id\":\"https:\/\/janert.info\/egu-structure-home\/#breadcrumb\",\"itemListElement\":[{\"@type\":\"ListItem\",\"position\":1,\"name\":\"Startseite\",\"item\":\"https:\/\/janert.info\/\"},{\"@type\":\"ListItem\",\"position\":2,\"name\":\"EGU Structure at Home\"}]},{\"@type\":\"WebSite\",\"@id\":\"https:\/\/janert.info\/#website\",\"url\":\"https:\/\/janert.info\/\",\"name\":\"Autistische Kinder\",\"description\":\"beziehungs-orientiert behandeln\",\"potentialAction\":[{\"@type\":\"SearchAction\",\"target\":{\"@type\":\"EntryPoint\",\"urlTemplate\":\"https:\/\/janert.info\/?s={search_term_string}\"},\"query-input\":{\"@type\":\"PropertyValueSpecification\",\"valueRequired\":true,\"valueName\":\"search_term_string\"}}],\"inLanguage\":\"en-US\"}]}<\/script>\n<!-- \/ Yoast SEO plugin. -->","yoast_head_json":{"title":"EGU Structure at Home - Autistic children","description":"structure-autism-children-therapy-home-","robots":{"index":"index","follow":"follow","max-snippet":"max-snippet:-1","max-image-preview":"max-image-preview:large","max-video-preview":"max-video-preview:-1"},"canonical":"https:\/\/janert.info\/en\/egu-structure-home\/","og_locale":"en_US","og_type":"article","og_title":"EGU Structure at Home - Autistische Kinder","og_description":"structure-autism-children-therapy-home-","og_url":"https:\/\/janert.info\/en\/egu-structure-home\/","og_site_name":"Autistische Kinder","article_modified_time":"2023-01-13T09:12:50+00:00","og_image":[{"url":"https:\/\/janert.info\/wp-content\/uploads\/2022\/05\/ASDFavicon2-300x300-1-300x300.png","type":"","width":"","height":""}],"twitter_card":"summary_large_image","twitter_misc":{"Est. reading time":"4 minutes"},"schema":{"@context":"https:\/\/schema.org","@graph":[{"@type":"WebPage","@id":"https:\/\/janert.info\/egu-structure-home\/","url":"https:\/\/janert.info\/egu-structure-home\/","name":"EGU Structure at Home - Autistic children","isPartOf":{"@id":"https:\/\/janert.info\/#website"},"primaryImageOfPage":{"@id":"https:\/\/janert.info\/egu-structure-home\/#primaryimage"},"image":{"@id":"https:\/\/janert.info\/egu-structure-home\/#primaryimage"},"thumbnailUrl":"https:\/\/janert.info\/wp-content\/uploads\/2022\/05\/ASDFavicon2-300x300-1-300x300.png","datePublished":"2022-07-27T07:07:14+00:00","dateModified":"2023-01-13T09:12:50+00:00","description":"structure-autism-children-therapy-home-","breadcrumb":{"@id":"https:\/\/janert.info\/egu-structure-home\/#breadcrumb"},"inLanguage":"en-US","potentialAction":[{"@type":"ReadAction","target":["https:\/\/janert.info\/egu-structure-home\/"]}]},{"@type":"ImageObject","inLanguage":"en-US","@id":"https:\/\/janert.info\/egu-structure-home\/#primaryimage","url":"https:\/\/janert.info\/wp-content\/uploads\/2022\/05\/ASDFavicon2-300x300-1-300x300.png","contentUrl":"https:\/\/janert.info\/wp-content\/uploads\/2022\/05\/ASDFavicon2-300x300-1-300x300.png"},{"@type":"BreadcrumbList","@id":"https:\/\/janert.info\/egu-structure-home\/#breadcrumb","itemListElement":[{"@type":"ListItem","position":1,"name":"Startseite","item":"https:\/\/janert.info\/"},{"@type":"ListItem","position":2,"name":"EGU Structure at Home"}]},{"@type":"WebSite","@id":"https:\/\/janert.info\/#website","url":"https:\/\/janert.info\/","name":"Autistic children","description":"treat relationship-oriented","potentialAction":[{"@type":"SearchAction","target":{"@type":"EntryPoint","urlTemplate":"https:\/\/janert.info\/?s={search_term_string}"},"query-input":{"@type":"PropertyValueSpecification","valueRequired":true,"valueName":"search_term_string"}}],"inLanguage":"en-US"}]}},"_links":{"self":[{"href":"https:\/\/janert.info\/en\/wp-json\/wp\/v2\/pages\/7180","targetHints":{"allow":["GET"]}}],"collection":[{"href":"https:\/\/janert.info\/en\/wp-json\/wp\/v2\/pages"}],"about":[{"href":"https:\/\/janert.info\/en\/wp-json\/wp\/v2\/types\/page"}],"author":[{"embeddable":true,"href":"https:\/\/janert.info\/en\/wp-json\/wp\/v2\/users\/6"}],"replies":[{"embeddable":true,"href":"https:\/\/janert.info\/en\/wp-json\/wp\/v2\/comments?post=7180"}],"version-history":[{"count":9,"href":"https:\/\/janert.info\/en\/wp-json\/wp\/v2\/pages\/7180\/revisions"}],"predecessor-version":[{"id":7976,"href":"https:\/\/janert.info\/en\/wp-json\/wp\/v2\/pages\/7180\/revisions\/7976"}],"wp:attachment":[{"href":"https:\/\/janert.info\/en\/wp-json\/wp\/v2\/media?parent=7180"}],"curies":[{"name":"wp","href":"https:\/\/api.w.org\/{rel}","templated":true}]}}