{"id":7495,"date":"2022-08-21T18:26:07","date_gmt":"2022-08-21T16:26:07","guid":{"rendered":"https:\/\/janert.info\/?page_id=7495"},"modified":"2023-02-09T10:02:41","modified_gmt":"2023-02-09T09:02:41","slug":"course-overview","status":"publish","type":"page","link":"https:\/\/janert.info\/en\/making-sense-of-autism-kursuebersicht\/","title":{"rendered":"Making sense of autism"},"content":{"rendered":"<p>[et_pb_section fb_built=&#8220;1&#8243; _builder_version=&#8220;4.16&#8243; global_colors_info=&#8220;{}&#8220;][et_pb_row _builder_version=&#8220;4.16.0&#8243; _module_preset=&#8220;default&#8220; global_colors_info=&#8220;{}&#8220;][et_pb_column type=&#8220;4_4&#8243; _builder_version=&#8220;4.16.0&#8243; _module_preset=&#8220;default&#8220; global_colors_info=&#8220;{}&#8220;][et_pb_image src=&#8220;https:\/\/janert.info\/wp-content\/uploads\/2022\/08\/Making-sense-of-autism-1000-x-300-px.png&#8220; title_text=&#8220;Making sense of autism (1000 x 300 px)&#8220; _builder_version=&#8220;4.18.0&#8243; _module_preset=&#8220;default&#8220; global_colors_info=&#8220;{}&#8220;][\/et_pb_image][\/et_pb_column][\/et_pb_row][et_pb_row _builder_version=&#8220;4.16&#8243; custom_padding=&#8220;||8px|||&#8220; global_colors_info=&#8220;{}&#8220;][et_pb_column type=&#8220;4_4&#8243; _builder_version=&#8220;4.16&#8243; custom_padding=&#8220;|||&#8220; global_colors_info=&#8220;{}&#8220; custom_padding__hover=&#8220;|||&#8220;][et_pb_text _builder_version=&#8220;4.18.0&#8243; text_font=&#8220;||||||||&#8220; text_line_height=&#8220;1.8em&#8220; header_font=&#8220;||||||||&#8220; custom_padding=&#8220;||0px|||&#8220; inline_fonts=&#8220;Times New Roman&#8220; global_colors_info=&#8220;{}&#8220;]<\/p>\n<h2 style=\"text-align: center;\"><b><translate-press data-trp-translate-id=\"3578\" data-trp-node-group=\"Liste von Zeichenfolgen\" class=\"\">Wie man Autismus verstehen kann<\/translate-press><\/b><em style=\"font-size: 16px; text-align: left; color: #666666; font-family: 'Open Sans', sans-serif;\">\u00a0<\/em><\/h2>\n<p><span style=\"color: #000000;\">Autistische Verhaltensweisen basieren oft auf zugrundeliegenden individuellen Unterschieden in Selbstregulation, Wahrnehmung, Emotionalit\u00e4t, Bewegung und Beziehungsf\u00e4higkeiten. Dies kann zu gewissen <\/span><span style=\"color: #000000; font-family: inherit; font-size: 16px;\">menschlichen R\u00fcckzugsverhaltensweisen zu sich selbst f\u00fchren und einen, oft pr\u00e4symbolischen, sensorisch-dominierten Geisteszustand als Daseinsweise, der das Bewu\u00dftsein des &#8218;Anderen&#8216; vermeidet und damit die eigene Pers\u00f6nlichkeitsentwicklung einschr\u00e4nkt.<\/span><\/p>\n<p><span style=\"color: #000000; font-size: 16px;\">Wenn wir unsere Aufmerksamkeit hierauf richten, anstatt auf von au\u00dfen beobachtete Verhaltensweisen, dann ver\u00e4ndert sich unsere Vorgehensweise mit guten Aussichten f\u00fcr positive Fortschritte.\u00a0<\/span><span style=\"color: #000000;\"><\/span><span style=\"color: #000000;\">Auch diese Art von Daseinsweise und Geisteszustand kann sich \u00e4ndern, wenn wir dem Kind dabei helfen, Interesse f\u00fcr Beziehungen mit &#8218;dem Anderen&#8216; und der Welt um es herum zu entwicklen.<\/span><\/p>\n<p><span style=\"color: #000000;\"><\/span><\/p>\n<ul><\/ul>\n<p>[\/et_pb_text][\/et_pb_column][\/et_pb_row][et_pb_row _builder_version=&#8220;4.18.0&#8243; _module_preset=&#8220;default&#8220; global_colors_info=&#8220;{}&#8220;][et_pb_column type=&#8220;4_4&#8243; _builder_version=&#8220;4.18.0&#8243; _module_preset=&#8220;default&#8220; global_colors_info=&#8220;{}&#8220;][et_pb_text _builder_version=&#8220;4.18.0&#8243; _module_preset=&#8220;default&#8220; global_colors_info=&#8220;{}&#8220;]<\/p>\n<h3><strong><\/strong><strong><\/strong><strong><\/strong><strong><\/strong><strong><\/strong><strong><\/strong><strong>Wie man Autismus verstehen kann <\/strong>ist das Richtige f\u00fcr Sie, wenn Sie<\/h3>\n<ul>\n<li><span style=\"color: #000000;\">ein besonderes Kind mit autistisch-\u00e4hnlichen Verhaltensweisen oder einer Autismusdiagnose besser verstehen wollen<\/span><\/li>\n<li><span style=\"color: #000000; font-size: 16px;\">nach Alternativen suchen zu den g\u00e4ngigen Verhaltenstrainingsinformationen \u00fcber Autismus<\/span><\/li>\n<li><span style=\"color: #000000;\">schon alles M\u00f6gliche ausprobiert haben, aber nichts wirklich geholfen hat und Sie verzweifelt wissen wollen, was Ihr Kind braucht und was Sie selber zuhause tun k\u00f6nnen<\/span><span style=\"color: #000000; font-size: 16px;\"><\/span><\/li>\n<\/ul>\n<p>[\/et_pb_text][et_pb_text _builder_version=&#8220;4.18.0&#8243; text_line_height=&#8220;1.8em&#8220; custom_margin=&#8220;5px|10px|5px|5px&#8220; custom_padding=&#8220;34px|5px|5px|5px||&#8220; global_colors_info=&#8220;{}&#8220;]<\/p>\n<h3><strong>Der online-Kurs &#8218;Wie sich <\/strong><b><translate-press data-trp-translate-id=\"3578\" data-trp-node-group=\"Liste von Zeichenfolgen\" class=\"\">Autismus verstehen l\u00e4sst<\/translate-press><\/b><strong style=\"font-size: 26px;\">&#8218;<\/strong><\/h3>\n<p><span style=\"color: #000000;\">besteht aus einer Reihe von Ressourcen in mehreren Einheiten, um <\/span><span style=\"color: #000000;\">autistische Geisteszust\u00e4nde und Verhaltensweisen von einer ganzheitlichen Entwicklungsperspektive zu erkunden mit Bezug auf beziehungsorientierte Ans\u00e4tze wie DIRFloortime, Enwicklungsans\u00e4tze wie die Waldon Methode und Gedankengut der Britischen psychoanalytischen Objektbeziehungstheorie.<\/span><span style=\"color: #000000; font-size: 16px;\">\u00a0<\/span><\/p>\n<p>[\/et_pb_text][\/et_pb_column][\/et_pb_row][et_pb_row column_structure=&#8220;1_2,1_2&#8243; _builder_version=&#8220;4.16&#8243; custom_padding=&#8220;|3px||&#8220; use_custom_width=&#8220;on&#8220; global_colors_info=&#8220;{}&#8220;][et_pb_column type=&#8220;1_2&#8243; _builder_version=&#8220;4.16&#8243; custom_padding=&#8220;|2px||2px&#8220; global_colors_info=&#8220;{}&#8220; custom_padding__hover=&#8220;|||&#8220;][et_pb_blurb title=&#8220;Mein Kind f\u00fchlt sich so WEIT WEG von mir an&#8220; image=&#8220;https:\/\/janert.info\/wp-content\/uploads\/2022\/08\/5-Naim-on-floor5.jpg&#8220; _builder_version=&#8220;4.19.4&#8243; header_level=&#8220;h2&#8243; header_font=&#8220;|700|||||||&#8220; header_text_align=&#8220;center&#8220; header_font_size=&#8220;22px&#8220; header_line_height=&#8220;1.5em&#8220; body_line_height=&#8220;1.8em&#8220; custom_margin=&#8220;|3px||&#8220; custom_padding=&#8220;|3px||3px&#8220; box_shadow_style_image=&#8220;preset1&#8243; global_colors_info=&#8220;{}&#8220;]<\/p>\n<p>Haben Sie manchmal das Gef\u00fchl, da\u00df sich Ihr Kind ganz weit weg von Ihnen anf\u00fchlt, obwohl es direkt neben Ihnen ist? In diesem Kurs erkunden wir das Gef\u00fchl emotionaler Distanz in unserer Beziehung mit einem autistischen Kind und hilfreiche Reaktionsweisen und Techniken, um Ihr Kind in seiner mental-emotionalen Pers\u00f6nlichkeitsentwicklung einf\u00fchlsam zu unterst\u00fctzen.<\/p>\n<p>[\/et_pb_blurb][et_pb_button button_url=&#8220;https:\/\/www.digistore24.com\/product\/478376&#8243; button_text=&#8220;Hier BUCHEN!&#8220; button_alignment=&#8220;center&#8220; _builder_version=&#8220;4.19.4&#8243; custom_button=&#8220;on&#8220; button_text_color=&#8220;#F1C91A&#8220; button_bg_color=&#8220;#0FA3AE&#8220; button_border_color=&#8220;#0FA3AE&#8220; button_font=&#8220;||||||||&#8220; custom_margin=&#8220;14px||&#8220; global_colors_info=&#8220;{}&#8220;][\/et_pb_button][\/et_pb_column][et_pb_column type=&#8220;1_2&#8243; _builder_version=&#8220;4.18.0&#8243; _module_preset=&#8220;default&#8220; global_colors_info=&#8220;{}&#8220;][et_pb_blurb title=&#8220;Das autistische Kind emotional erreichen&#8220; image=&#8220;https:\/\/janert.info\/wp-content\/uploads\/2021\/02\/Floortime-play-with-black-dad-shutterstock_1070794313-2-scaled.jpg&#8220; alt=&#8220;Spielen&#8220; _builder_version=&#8220;4.19.4&#8243; header_level=&#8220;h2&#8243; header_font=&#8220;|700|||||||&#8220; header_text_align=&#8220;center&#8220; header_font_size=&#8220;22px&#8220; header_line_height=&#8220;1.5em&#8220; body_line_height=&#8220;1.8em&#8220; custom_margin=&#8220;|3px||&#8220; custom_padding=&#8220;|3px||3px&#8220; box_shadow_style_image=&#8220;preset1&#8243; global_colors_info=&#8220;{}&#8220;]<\/p>\n<p style=\"text-align: center;\"><strong><span style=\"color: #35b0b0;\"> 10 hilfreiche Verhaltensweisen f\u00fcr Bezugspersonen<\/span><\/strong><\/p>\n<p style=\"text-align: center;\">\u00a0<\/p>\n<p style=\"text-align: center;\">Dieser Kurs ist zur Zeit in Vorbereitung.<\/p>\n<p>[\/et_pb_blurb][\/et_pb_column][\/et_pb_row][et_pb_row column_structure=&#8220;2_3,1_3&#8243; disabled_on=&#8220;on|on|on&#8220; _builder_version=&#8220;4.18.0&#8243; _module_preset=&#8220;default&#8220; disabled=&#8220;on&#8220; global_colors_info=&#8220;{}&#8220;][et_pb_column type=&#8220;2_3&#8243; _builder_version=&#8220;4.16&#8243; _module_preset=&#8220;default&#8220; global_colors_info=&#8220;{}&#8220;][et_pb_text _builder_version=&#8220;4.16.0&#8243; text_font=&#8220;||||||||&#8220; text_line_height=&#8220;1.6em&#8220; custom_padding=&#8220;30px|30px|30px|30px|true|true&#8220; box_shadow_style=&#8220;preset1&#8243; global_colors_info=&#8220;{}&#8220;]<\/p>\n<p><strong><em><img loading=\"lazy\" decoding=\"async\" src=\"\/wp-content\/uploads\/2022\/05\/ASDFavicon2-300x300-1.png\" alt=\"\" class=\"wp-image-445 alignnone size-medium\" width=\"45\" height=\"45\" \/> \u201eSo tiefe Einsicht, Hingabe und ein breites Spektrum an Erfahrung&#8220;<\/em><\/strong><\/p>\n<p><em>Ich kenne niemanden sonst, der einen so tiefen Einblick, eine solche Hingabe und ein so breites Spektrum an Erfahrung in der Arbeit mit Familien, Autismus und Kindern hat. Sibylle Janert hat mit so vielen Familien und Kindern in ihren eigenen H\u00e4usern gearbeitet, und sie versteht wirklich, was los ist und was gebraucht wird. Sie hat an jedes Detail gedacht und uns auf die praktischste und einfachste Weise geholfen, das umzusetzen, was wir als Eltern brauchen, damit unser Kind endlich die grundlegendsten Meilensteine wie Essen, Schlafen, Toilettengang, Spielen und Sprechen meistert, mit denen wir jahrelang zu k\u00e4mpfen hatten.<\/em><\/p>\n<p><strong><span style=\"color: #35b0b0;\">Marvins Vater<\/span><\/strong><\/p>\n<p>[\/et_pb_text][\/et_pb_column][et_pb_column type=&#8220;1_3&#8243; _builder_version=&#8220;4.16&#8243; _module_preset=&#8220;default&#8220; global_colors_info=&#8220;{}&#8220;][et_pb_text _builder_version=&#8220;4.16.0&#8243; text_font=&#8220;||||||||&#8220; text_line_height=&#8220;1.6em&#8220; custom_padding=&#8220;30px|30px|30px|30px|true|true&#8220; box_shadow_style=&#8220;preset1&#8243; global_colors_info=&#8220;{}&#8220;]<strong><em><img loading=\"lazy\" decoding=\"async\" src=\"\/wp-content\/uploads\/2022\/05\/ASDFavicon2-300x300-1.png\" alt=\"\" class=\"wp-image-445 alignnone size-medium\" width=\"45\" height=\"45\" \/> &#8222;Wir f\u00fchlen uns endlich wie eine richtige Familie&#8220;\u201c<\/em><\/strong><\/p>\n<p><em><i><translate-press data-trp-translate-id=\"584\" data-trp-node-group=\"Liste von Zeichenfolgen\" class=\" trp-highlight\">Mit Sibylles Hilfe essen wir jetzt gemeinsam, schlafen gut, verstehen unser Kind und haben jeden Tag zu Hause Spa\u00df beim Spielen, Reden und gemeinsamen Lernen.\u00a0<\/translate-press><\/i><\/em><\/p>\n<p><span style=\"color: #0fa3ae;\"><strong>Alfie&#8217;s Mutter<\/strong><\/span>[\/et_pb_text][\/et_pb_column][\/et_pb_row][\/et_pb_section]<\/p>\n<span class=\"et_bloom_bottom_trigger\"><\/span>","protected":false},"excerpt":{"rendered":"<p>Wie man Autismus verstehen kann\u00a0 Autistische Verhaltensweisen basieren oft auf zugrundeliegenden individuellen Unterschieden in Selbstregulation, Wahrnehmung, Emotionalit\u00e4t, Bewegung und Beziehungsf\u00e4higkeiten. Dies kann zu gewissen menschlichen R\u00fcckzugsverhaltensweisen zu sich selbst f\u00fchren und einen, oft pr\u00e4symbolischen, sensorisch-dominierten Geisteszustand als Daseinsweise, der das Bewu\u00dftsein des &#8218;Anderen&#8216; vermeidet und damit die eigene Pers\u00f6nlichkeitsentwicklung einschr\u00e4nkt. Wenn wir unsere Aufmerksamkeit hierauf [&hellip;]<\/p>\n","protected":false},"author":11,"featured_media":0,"parent":0,"menu_order":0,"comment_status":"closed","ping_status":"closed","template":"","meta":{"_acf_changed":false,"_et_pb_use_builder":"on","_et_pb_old_content":"","_et_gb_content_width":"","footnotes":""},"class_list":["post-7495","page","type-page","status-publish","hentry"],"acf":[],"yoast_head":"<!-- This site is optimized with the Yoast SEO plugin v27.3 - https:\/\/yoast.com\/product\/yoast-seo-wordpress\/ -->\n<title>Making sense of autism - Autistische Kinder<\/title>\n<meta name=\"robots\" content=\"index, follow, max-snippet:-1, max-image-preview:large, max-video-preview:-1\" \/>\n<link rel=\"canonical\" href=\"https:\/\/janert.info\/en\/course-overview\/\" \/>\n<meta property=\"og:locale\" content=\"en_US\" \/>\n<meta property=\"og:type\" content=\"article\" \/>\n<meta property=\"og:title\" content=\"Making sense of autism - Autistische Kinder\" \/>\n<meta property=\"og:description\" content=\"Wie man Autismus verstehen kann\u00a0 Autistische Verhaltensweisen basieren oft auf zugrundeliegenden individuellen Unterschieden in Selbstregulation, Wahrnehmung, Emotionalit\u00e4t, Bewegung und Beziehungsf\u00e4higkeiten. Dies kann zu gewissen menschlichen R\u00fcckzugsverhaltensweisen zu sich selbst f\u00fchren und einen, oft pr\u00e4symbolischen, sensorisch-dominierten Geisteszustand als Daseinsweise, der das Bewu\u00dftsein des &#039;Anderen&#039; vermeidet und damit die eigene Pers\u00f6nlichkeitsentwicklung einschr\u00e4nkt. Wenn wir unsere Aufmerksamkeit hierauf [&hellip;]\" \/>\n<meta property=\"og:url\" content=\"https:\/\/janert.info\/en\/course-overview\/\" \/>\n<meta property=\"og:site_name\" content=\"Autistische Kinder\" \/>\n<meta property=\"article:modified_time\" content=\"2023-02-09T09:02:41+00:00\" \/>\n<meta name=\"twitter:card\" content=\"summary_large_image\" \/>\n<meta name=\"twitter:label1\" content=\"Est. reading time\" \/>\n\t<meta name=\"twitter:data1\" content=\"4 minutes\" \/>\n<script type=\"application\/ld+json\" class=\"yoast-schema-graph\">{\"@context\":\"https:\\\/\\\/schema.org\",\"@graph\":[{\"@type\":\"WebPage\",\"@id\":\"https:\\\/\\\/janert.info\\\/making-sense-of-autism-kursuebersicht\\\/\",\"url\":\"https:\\\/\\\/janert.info\\\/making-sense-of-autism-kursuebersicht\\\/\",\"name\":\"Making sense of autism - Autistische Kinder\",\"isPartOf\":{\"@id\":\"https:\\\/\\\/janert.info\\\/#website\"},\"datePublished\":\"2022-08-21T16:26:07+00:00\",\"dateModified\":\"2023-02-09T09:02:41+00:00\",\"breadcrumb\":{\"@id\":\"https:\\\/\\\/janert.info\\\/making-sense-of-autism-kursuebersicht\\\/#breadcrumb\"},\"inLanguage\":\"en-US\",\"potentialAction\":[{\"@type\":\"ReadAction\",\"target\":[\"https:\\\/\\\/janert.info\\\/making-sense-of-autism-kursuebersicht\\\/\"]}]},{\"@type\":\"BreadcrumbList\",\"@id\":\"https:\\\/\\\/janert.info\\\/making-sense-of-autism-kursuebersicht\\\/#breadcrumb\",\"itemListElement\":[{\"@type\":\"ListItem\",\"position\":1,\"name\":\"Startseite\",\"item\":\"https:\\\/\\\/janert.info\\\/\"},{\"@type\":\"ListItem\",\"position\":2,\"name\":\"Making sense of autism\"}]},{\"@type\":\"WebSite\",\"@id\":\"https:\\\/\\\/janert.info\\\/#website\",\"url\":\"https:\\\/\\\/janert.info\\\/\",\"name\":\"Autistische Kinder\",\"description\":\"beziehungs-orientiert behandeln\",\"potentialAction\":[{\"@type\":\"SearchAction\",\"target\":{\"@type\":\"EntryPoint\",\"urlTemplate\":\"https:\\\/\\\/janert.info\\\/?s={search_term_string}\"},\"query-input\":{\"@type\":\"PropertyValueSpecification\",\"valueRequired\":true,\"valueName\":\"search_term_string\"}}],\"inLanguage\":\"en-US\"}]}<\/script>\n<!-- \/ Yoast SEO plugin. -->","yoast_head_json":{"title":"Making sense of autism - Autistic children","robots":{"index":"index","follow":"follow","max-snippet":"max-snippet:-1","max-image-preview":"max-image-preview:large","max-video-preview":"max-video-preview:-1"},"canonical":"https:\/\/janert.info\/en\/course-overview\/","og_locale":"en_US","og_type":"article","og_title":"Making sense of autism - Autistische Kinder","og_description":"Wie man Autismus verstehen kann\u00a0 Autistische Verhaltensweisen basieren oft auf zugrundeliegenden individuellen Unterschieden in Selbstregulation, Wahrnehmung, Emotionalit\u00e4t, Bewegung und Beziehungsf\u00e4higkeiten. Dies kann zu gewissen menschlichen R\u00fcckzugsverhaltensweisen zu sich selbst f\u00fchren und einen, oft pr\u00e4symbolischen, sensorisch-dominierten Geisteszustand als Daseinsweise, der das Bewu\u00dftsein des 'Anderen' vermeidet und damit die eigene Pers\u00f6nlichkeitsentwicklung einschr\u00e4nkt. Wenn wir unsere Aufmerksamkeit hierauf [&hellip;]","og_url":"https:\/\/janert.info\/en\/course-overview\/","og_site_name":"Autistische Kinder","article_modified_time":"2023-02-09T09:02:41+00:00","twitter_card":"summary_large_image","twitter_misc":{"Est. reading time":"4 minutes"},"schema":{"@context":"https:\/\/schema.org","@graph":[{"@type":"WebPage","@id":"https:\/\/janert.info\/making-sense-of-autism-kursuebersicht\/","url":"https:\/\/janert.info\/making-sense-of-autism-kursuebersicht\/","name":"Making sense of autism - Autistic children","isPartOf":{"@id":"https:\/\/janert.info\/#website"},"datePublished":"2022-08-21T16:26:07+00:00","dateModified":"2023-02-09T09:02:41+00:00","breadcrumb":{"@id":"https:\/\/janert.info\/making-sense-of-autism-kursuebersicht\/#breadcrumb"},"inLanguage":"en-US","potentialAction":[{"@type":"ReadAction","target":["https:\/\/janert.info\/making-sense-of-autism-kursuebersicht\/"]}]},{"@type":"BreadcrumbList","@id":"https:\/\/janert.info\/making-sense-of-autism-kursuebersicht\/#breadcrumb","itemListElement":[{"@type":"ListItem","position":1,"name":"Startseite","item":"https:\/\/janert.info\/"},{"@type":"ListItem","position":2,"name":"Making sense of autism"}]},{"@type":"WebSite","@id":"https:\/\/janert.info\/#website","url":"https:\/\/janert.info\/","name":"Autistic children","description":"treat relationship-oriented","potentialAction":[{"@type":"SearchAction","target":{"@type":"EntryPoint","urlTemplate":"https:\/\/janert.info\/?s={search_term_string}"},"query-input":{"@type":"PropertyValueSpecification","valueRequired":true,"valueName":"search_term_string"}}],"inLanguage":"en-US"}]}},"_links":{"self":[{"href":"https:\/\/janert.info\/en\/wp-json\/wp\/v2\/pages\/7495","targetHints":{"allow":["GET"]}}],"collection":[{"href":"https:\/\/janert.info\/en\/wp-json\/wp\/v2\/pages"}],"about":[{"href":"https:\/\/janert.info\/en\/wp-json\/wp\/v2\/types\/page"}],"author":[{"embeddable":true,"href":"https:\/\/janert.info\/en\/wp-json\/wp\/v2\/users\/11"}],"replies":[{"embeddable":true,"href":"https:\/\/janert.info\/en\/wp-json\/wp\/v2\/comments?post=7495"}],"version-history":[{"count":10,"href":"https:\/\/janert.info\/en\/wp-json\/wp\/v2\/pages\/7495\/revisions"}],"predecessor-version":[{"id":8042,"href":"https:\/\/janert.info\/en\/wp-json\/wp\/v2\/pages\/7495\/revisions\/8042"}],"wp:attachment":[{"href":"https:\/\/janert.info\/en\/wp-json\/wp\/v2\/media?parent=7495"}],"curies":[{"name":"wp","href":"https:\/\/api.w.org\/{rel}","templated":true}]}}