{"id":7510,"date":"2022-08-21T19:03:56","date_gmt":"2022-08-21T17:03:56","guid":{"rendered":"https:\/\/janert.info\/?page_id=7510"},"modified":"2022-08-30T18:37:40","modified_gmt":"2022-08-30T16:37:40","slug":"egu-structure-home-2","status":"publish","type":"page","link":"https:\/\/janert.info\/en\/feelings-of-distance\/","title":{"rendered":"Autism &amp; Feelings of Distance"},"content":{"rendered":"<p>[et_pb_section fb_built=&#8220;1&#8243; _builder_version=&#8220;4.16&#8243; global_colors_info=&#8220;{}&#8220;][et_pb_row _builder_version=&#8220;4.16&#8243; _module_preset=&#8220;default&#8220; global_colors_info=&#8220;{}&#8220;][et_pb_column type=&#8220;4_4&#8243; _builder_version=&#8220;4.16&#8243; _module_preset=&#8220;default&#8220; global_colors_info=&#8220;{}&#8220;][et_pb_image src=&#8220;https:\/\/janert.info\/wp-content\/uploads\/2022\/08\/Feelings-of-Distance1000-x-300-px-1.png&#8220; title_text=&#8220;Feelings of Distance(1000 x 300 px)&#8220; _builder_version=&#8220;4.18.0&#8243; _module_preset=&#8220;default&#8220; hover_enabled=&#8220;0&#8243; global_colors_info=&#8220;{}&#8220; sticky_enabled=&#8220;0&#8243;][\/et_pb_image][\/et_pb_column][\/et_pb_row][et_pb_row _builder_version=&#8220;4.16&#8243; width=&#8220;79.8%&#8220; global_colors_info=&#8220;{}&#8220;][et_pb_column type=&#8220;4_4&#8243; _builder_version=&#8220;4.16&#8243; custom_padding=&#8220;|||&#8220; global_colors_info=&#8220;{}&#8220; custom_padding__hover=&#8220;|||&#8220;][et_pb_text _builder_version=&#8220;4.16.0&#8243; custom_padding=&#8220;1px||42px|||&#8220; global_colors_info=&#8220;{}&#8220;]<\/p>\n<h2><strong style=\"font-size: 37px;\">Mein Kind f\u00fchlt sich so WEIT WEG von mir an<\/strong><\/h2>\n<div class=\"et_pb_blurb_description\">\n<p>Haben Sie manchmal das Gef\u00fchl, da\u00df sich Ihr Kind ganz weit weg von Ihnen anf\u00fchlt, obwohl es direkt neben Ihnen ist? In diesem Kurs erkunden wir das Gef\u00fchl emotionaler Distanz in unserer Beziehung mit einem autistischen Kind und hilfreiche Reaktionsweisen und Techniquen um Ihr Kind in seiner Per\u00f6nlichkeitsentwicklung zu unterst\u00fctzen.<\/p>\n<\/div>\n<p><strong><span style=\"color: #0fa3ae;\"><span style=\"color: #0fa3ae;\"><\/span><\/span><\/strong><\/p>\n<p>Machen Sie sich Sorgen, weil<\/p>\n<ul>\n<li>Ihr Kind sich oft so weit weg anf\u00fchlt und Sie einen Weg finden wollen, um es zu erreichen?<\/li>\n<li>Sie manchmal einfach keinen Weg finden k\u00f6nnen, um Ihr Kind zu erreichen?<\/li>\n<li>Sie manchmal das Gef\u00fchl haben, da\u00df Ihr Kind &#8218;gegen Sie&#8216; ist und sich nicht erreichen lassen will?<\/li>\n<li>Ihr Kind kaum etwas Neues lernen will<\/li>\n<li>alles, was Ihr Kind lernt, sich bald unecht, mechanisch und robotic anf\u00fchlt<\/li>\n<li><\/li>\n<li>dauernd nur hin und herrennt, anstatt mit seinen Spielsachen zu spielen?<\/li>\n<li><span style=\"font-size: 16px;\">orientierungslos scheint und sich nicht selber besch\u00e4ftigen kann?<\/span><\/li>\n<li>zu viele Spielsachen hat, aber mit nichts wirklich spielt und\u00a0<span style=\"font-size: 16px;\">dauernd nur am Handy sein will?<\/span><\/li>\n<\/ul>\n<p>Dies ist ein h\u00e4ufiges Problem. Aus irgendeinem Grund haben manche Kinder Schwierigkeiten mit den grundlegendsten Meilensteine der fr\u00fchen und Pers\u00f6nlichkeitsentwicklung und Eltern, Lehrer und Therapeuten versuchen verzweifelt, die zugrundeliegenden mentalen Prozesse besser zu verstehen, um das Kind in seiner Entwicklung sinnvoll unterst\u00fctzen zu k\u00f6nnen.<\/p>\n<p>In diesem Modul zeige ich Ihnen, wie Sie Ihr Zuhause zu einer f\u00f6rderlichen Umgebung machen k\u00f6nnen und welche Arten von Spielzeug und Aktivit\u00e4ten das Spielen, Lernen und die Sprachentwicklung Ihres Kindes f\u00f6rdern.<\/p>\n<p><em><\/em><\/p>\n<p>[\/et_pb_text][et_pb_text _builder_version=&#8220;4.18.0&#8243; header_2_text_color=&#8220;#0fa3ae&#8220; header_3_font_size=&#8220;23px&#8220; background_color=&#8220;rgba(15,163,174,0.11)&#8220; custom_margin=&#8220;0px||0px||true|false&#8220; custom_padding=&#8220;30px|30px|30px|30px|true|true&#8220; global_colors_info=&#8220;{}&#8220;]<\/p>\n<h2><strong><span style=\"color: #0fa3ae;\">Was k\u00f6nnen wir tun, damit sich das Kind nicht so weit weg anf\u00fchlt?<\/span><\/strong><\/h2>\n<p>In diesem Kapitel erforschen in 5 Lektionen wir die Situation, wenn man das Gef\u00fchl hat, da\u00df das Kind neben einem ganz weit weg zu sein scheint sowie 3 verschiedene Arten, wie das Kind &#8218;bei mir&#8216; sein kann. Wenn man besser verstehen kann, was diesen Gef\u00fchlssituationen zugrunde liegt, ergeben sich hilfreiche Reaktionsweisen und Techniquen um Ihr Kind in seiner Per\u00f6nlichkeitsentwicklung zu unterst\u00fctzen<\/p>\n<p>&nbsp;<\/p>\n<p><span><\/span><a class=\"et_pb_button et_pb_button_0 et_pb_bg_layout_light\" href=\"https:\/\/janert.info\/egu-structure-home\/\">Hier BUCHEN!<\/a><\/p>\n<p><span><\/span><\/p>\n<p><span><\/span><\/p>\n<p><span><\/span><\/p>\n<h3>Lektion 1: Wenn sich das Kind &#8218;WEIT WEG VON MIR&#8216; anf\u00fchlt<\/h3>\n<p>it tends to feel cold and makes your heart contract, because it seems impossible to reach him.<\/p>\n<h3>Lektion 2: Wenn das Kind &#8218;GEGEN MICH&#8216; zu sein scheint<\/h3>\n<p>It tends to feel hot or as if on fire, or like a fight or a battle. But if you engage in the battle, you\u2019re lost,<\/p>\n<h3>Lektion 3: Wenn das Kind &#8218;BEI MIR&#8216; ist: 3 Arten des &#8218;BEI MIR&#8216; seins<\/h3>\n<p><span style=\"font-family: inherit; font-weight: normal;\">There are 3 Different Qualities of \u2018Being With Me\u2019<\/span><\/p>\n<h3>Lektion 4: Wenn das Kind BEI MIR ist, aber auf eine k\u00fcnstliche\/ unechte Weise<\/h3>\n<p><em>&#8230;..<\/em><\/p>\n<h3>Lektion 5: Wenn das Kind BEI MIR ist, aber mechanisch oder wie ein Roboter<\/h3>\n<p><em>&#8230;.<\/em><\/p>\n<p>[\/et_pb_text][et_pb_text _builder_version=&#8220;4.16.0&#8243; custom_margin=&#8220;31px||-8px|||&#8220; custom_padding=&#8220;21px|||||&#8220; global_colors_info=&#8220;{}&#8220;]<\/p>\n<h4><span>Buchen Sie den Kurs f\u00fcr nur ~ \u20ac 49.00<br \/><\/span><\/h4>\n<p>[\/et_pb_text][et_pb_button button_url=&#8220;https:\/\/www.digistore24-app.com\/product\/439352&#8243; button_text=&#8220;Ja, ich m\u00f6chte anfangen&#8220; button_alignment=&#8220;left&#8220; disabled_on=&#8220;off|off|off&#8220; _builder_version=&#8220;4.16.0&#8243; custom_button=&#8220;on&#8220; button_text_color=&#8220;#0fa3ae&#8220; button_bg_color=&#8220;#F1C91A&#8220; button_border_color=&#8220;rgba(0,0,0,0)&#8220; button_border_radius=&#8220;0px&#8220; button_font=&#8220;|600|||||||&#8220; custom_margin=&#8220;23px|||||&#8220; global_colors_info=&#8220;{}&#8220;][\/et_pb_button][et_pb_text _builder_version=&#8220;4.16.0&#8243; custom_margin=&#8220;10px||||false|false&#8220; global_colors_info=&#8220;{}&#8220;]<\/p>\n<div class=\"et_pb_module et_pb_text et_pb_text_4  et_pb_text_align_left et_pb_bg_layout_light\">\n<div class=\"et_pb_text_inner\"><translate-press data-trp-translate-id=\"619\" data-trp-node-group=\"Liste von Zeichenfolgen\" class=\" trp-highlight\">Ihre Zahlung wird verschl\u00fcsselt und sicher \u00fcber den deutschen Zahlungsanbieter DigiStore24 abgewickelt.<\/translate-press><\/div>\n<div class=\"et_pb_text_inner\">14 Tage R\u00fcckgaberecht<\/div>\n<\/div>\n<div class=\"et_pb_module et_pb_text et_pb_text_5  et_pb_text_align_left et_pb_bg_layout_light\">\n<div class=\"et_pb_text_inner\"><\/div>\n<\/div>\n<p>[\/et_pb_text][et_pb_text _builder_version=&#8220;4.16.0&#8243; header_4_font_size=&#8220;24px&#8220; custom_margin=&#8220;48px||-8px|||&#8220; global_colors_info=&#8220;{}&#8220;]<\/p>\n<h4><span>Haben Sie noch Fragen?<br \/>\n\u00a0<\/span><\/h4>\n<p>Schreiben Sie eine E-Mail an <a href=\"mailto:perspektiven@janert.info\" target=\"_blank\" rel=\"noopener noreferrer\"><span>\u00a0<\/span><span>perspektiven@janert.info<\/span><\/a>[\/et_pb_text][\/et_pb_column][\/et_pb_row][\/et_pb_section]<\/p>\n<span class=\"et_bloom_bottom_trigger\"><\/span>","protected":false},"excerpt":{"rendered":"<p>Mein Kind f\u00fchlt sich so WEIT WEG von mir an Haben Sie manchmal das Gef\u00fchl, da\u00df sich Ihr Kind ganz weit weg von Ihnen anf\u00fchlt, obwohl es direkt neben Ihnen ist? In diesem Kurs erkunden wir das Gef\u00fchl emotionaler Distanz in unserer Beziehung mit einem autistischen Kind und hilfreiche Reaktionsweisen und Techniquen um Ihr Kind [&hellip;]<\/p>\n","protected":false},"author":3,"featured_media":0,"parent":0,"menu_order":0,"comment_status":"closed","ping_status":"closed","template":"","meta":{"_acf_changed":false,"_et_pb_use_builder":"on","_et_pb_old_content":"","_et_gb_content_width":"","footnotes":""},"class_list":["post-7510","page","type-page","status-publish","hentry"],"acf":[],"yoast_head":"<!-- This site is optimized with the Yoast SEO plugin v27.3 - https:\/\/yoast.com\/product\/yoast-seo-wordpress\/ -->\n<title>Autism &amp; Feelings of Distance - Autistische Kinder<\/title>\n<meta name=\"description\" content=\"structure-autism-children-therapy-home-\" \/>\n<meta name=\"robots\" content=\"index, follow, max-snippet:-1, max-image-preview:large, max-video-preview:-1\" \/>\n<link rel=\"canonical\" href=\"https:\/\/janert.info\/en\/egu-structure-home-2\/\" \/>\n<meta property=\"og:locale\" content=\"en_US\" \/>\n<meta property=\"og:type\" content=\"article\" \/>\n<meta property=\"og:title\" content=\"Autism &amp; Feelings of Distance - Autistische Kinder\" \/>\n<meta property=\"og:description\" content=\"structure-autism-children-therapy-home-\" \/>\n<meta property=\"og:url\" content=\"https:\/\/janert.info\/en\/egu-structure-home-2\/\" \/>\n<meta property=\"og:site_name\" content=\"Autistische Kinder\" \/>\n<meta property=\"article:modified_time\" content=\"2022-08-30T16:37:40+00:00\" \/>\n<meta name=\"twitter:card\" content=\"summary_large_image\" \/>\n<meta name=\"twitter:label1\" content=\"Est. reading time\" \/>\n\t<meta name=\"twitter:data1\" content=\"4 minutes\" \/>\n<script type=\"application\/ld+json\" class=\"yoast-schema-graph\">{\"@context\":\"https:\\\/\\\/schema.org\",\"@graph\":[{\"@type\":\"WebPage\",\"@id\":\"https:\\\/\\\/janert.info\\\/feelings-of-distance\\\/\",\"url\":\"https:\\\/\\\/janert.info\\\/feelings-of-distance\\\/\",\"name\":\"Autism & Feelings of Distance - Autistische Kinder\",\"isPartOf\":{\"@id\":\"https:\\\/\\\/janert.info\\\/#website\"},\"datePublished\":\"2022-08-21T17:03:56+00:00\",\"dateModified\":\"2022-08-30T16:37:40+00:00\",\"description\":\"structure-autism-children-therapy-home-\",\"breadcrumb\":{\"@id\":\"https:\\\/\\\/janert.info\\\/feelings-of-distance\\\/#breadcrumb\"},\"inLanguage\":\"en-US\",\"potentialAction\":[{\"@type\":\"ReadAction\",\"target\":[\"https:\\\/\\\/janert.info\\\/feelings-of-distance\\\/\"]}]},{\"@type\":\"BreadcrumbList\",\"@id\":\"https:\\\/\\\/janert.info\\\/feelings-of-distance\\\/#breadcrumb\",\"itemListElement\":[{\"@type\":\"ListItem\",\"position\":1,\"name\":\"Startseite\",\"item\":\"https:\\\/\\\/janert.info\\\/\"},{\"@type\":\"ListItem\",\"position\":2,\"name\":\"Autism &#038; Feelings of Distance\"}]},{\"@type\":\"WebSite\",\"@id\":\"https:\\\/\\\/janert.info\\\/#website\",\"url\":\"https:\\\/\\\/janert.info\\\/\",\"name\":\"Autistische Kinder\",\"description\":\"beziehungs-orientiert behandeln\",\"potentialAction\":[{\"@type\":\"SearchAction\",\"target\":{\"@type\":\"EntryPoint\",\"urlTemplate\":\"https:\\\/\\\/janert.info\\\/?s={search_term_string}\"},\"query-input\":{\"@type\":\"PropertyValueSpecification\",\"valueRequired\":true,\"valueName\":\"search_term_string\"}}],\"inLanguage\":\"en-US\"}]}<\/script>\n<!-- \/ Yoast SEO plugin. -->","yoast_head_json":{"title":"Autism &amp; Feelings of Distance - Autistic children","description":"structure-autism-children-therapy-home-","robots":{"index":"index","follow":"follow","max-snippet":"max-snippet:-1","max-image-preview":"max-image-preview:large","max-video-preview":"max-video-preview:-1"},"canonical":"https:\/\/janert.info\/en\/egu-structure-home-2\/","og_locale":"en_US","og_type":"article","og_title":"Autism & Feelings of Distance - Autistische Kinder","og_description":"structure-autism-children-therapy-home-","og_url":"https:\/\/janert.info\/en\/egu-structure-home-2\/","og_site_name":"Autistische Kinder","article_modified_time":"2022-08-30T16:37:40+00:00","twitter_card":"summary_large_image","twitter_misc":{"Est. reading time":"4 minutes"},"schema":{"@context":"https:\/\/schema.org","@graph":[{"@type":"WebPage","@id":"https:\/\/janert.info\/feelings-of-distance\/","url":"https:\/\/janert.info\/feelings-of-distance\/","name":"Autism &amp; Feelings of Distance - Autistic children","isPartOf":{"@id":"https:\/\/janert.info\/#website"},"datePublished":"2022-08-21T17:03:56+00:00","dateModified":"2022-08-30T16:37:40+00:00","description":"structure-autism-children-therapy-home-","breadcrumb":{"@id":"https:\/\/janert.info\/feelings-of-distance\/#breadcrumb"},"inLanguage":"en-US","potentialAction":[{"@type":"ReadAction","target":["https:\/\/janert.info\/feelings-of-distance\/"]}]},{"@type":"BreadcrumbList","@id":"https:\/\/janert.info\/feelings-of-distance\/#breadcrumb","itemListElement":[{"@type":"ListItem","position":1,"name":"Startseite","item":"https:\/\/janert.info\/"},{"@type":"ListItem","position":2,"name":"Autism &#038; Feelings of Distance"}]},{"@type":"WebSite","@id":"https:\/\/janert.info\/#website","url":"https:\/\/janert.info\/","name":"Autistic children","description":"treat relationship-oriented","potentialAction":[{"@type":"SearchAction","target":{"@type":"EntryPoint","urlTemplate":"https:\/\/janert.info\/?s={search_term_string}"},"query-input":{"@type":"PropertyValueSpecification","valueRequired":true,"valueName":"search_term_string"}}],"inLanguage":"en-US"}]}},"_links":{"self":[{"href":"https:\/\/janert.info\/en\/wp-json\/wp\/v2\/pages\/7510","targetHints":{"allow":["GET"]}}],"collection":[{"href":"https:\/\/janert.info\/en\/wp-json\/wp\/v2\/pages"}],"about":[{"href":"https:\/\/janert.info\/en\/wp-json\/wp\/v2\/types\/page"}],"author":[{"embeddable":true,"href":"https:\/\/janert.info\/en\/wp-json\/wp\/v2\/users\/3"}],"replies":[{"embeddable":true,"href":"https:\/\/janert.info\/en\/wp-json\/wp\/v2\/comments?post=7510"}],"version-history":[{"count":10,"href":"https:\/\/janert.info\/en\/wp-json\/wp\/v2\/pages\/7510\/revisions"}],"predecessor-version":[{"id":7603,"href":"https:\/\/janert.info\/en\/wp-json\/wp\/v2\/pages\/7510\/revisions\/7603"}],"wp:attachment":[{"href":"https:\/\/janert.info\/en\/wp-json\/wp\/v2\/media?parent=7510"}],"curies":[{"name":"wp","href":"https:\/\/api.w.org\/{rel}","templated":true}]}}