{"id":7604,"date":"2022-08-30T18:40:10","date_gmt":"2022-08-30T16:40:10","guid":{"rendered":"https:\/\/janert.info\/?page_id=7604"},"modified":"2024-07-31T17:03:15","modified_gmt":"2024-07-31T15:03:15","slug":"course-overview-3","status":"publish","type":"page","link":"https:\/\/janert.info\/en\/kursuebersicht-3\/","title":{"rendered":"Online courses - Course overview"},"content":{"rendered":"<p>[et_pb_section fb_built=&#8220;1&#8243; admin_label=&#8220;Hero Section&#8220; _builder_version=&#8220;4.16&#8243; background_color=&#8220;#05896a&#8220; use_background_color_gradient=&#8220;on&#8220; background_color_gradient_direction=&#8220;1deg&#8220; background_color_gradient_stops=&#8220;#0fa3ae 0%|#0fa3ae 0%&#8220; background_color_gradient_start=&#8220;#0fa3ae&#8220; background_color_gradient_end=&#8220;#0fa3ae&#8220; background_color_gradient_end_position=&#8220;0%&#8220; custom_padding=&#8220;0||0||true|false&#8220; animation_direction=&#8220;top&#8220; box_shadow_style=&#8220;preset7&#8243; box_shadow_horizontal=&#8220;0px&#8220; box_shadow_vertical=&#8220;-120px&#8220; box_shadow_color=&#8220;#ffffff&#8220; locked=&#8220;off&#8220; global_colors_info=&#8220;{}&#8220;][et_pb_row column_structure=&#8220;1_2,1_2&#8243; _builder_version=&#8220;4.16&#8243; background_size=&#8220;initial&#8220; background_position=&#8220;top_left&#8220; background_repeat=&#8220;repeat&#8220; custom_margin=&#8220;0px|||&#8220; custom_padding=&#8220;10px|0px|0|0px|false|false&#8220; custom_width_px=&#8220;1440px&#8220; global_colors_info=&#8220;{}&#8220;][et_pb_column type=&#8220;1_2&#8243; _builder_version=&#8220;4.16&#8243; custom_padding=&#8220;||1px|&#8220; global_colors_info=&#8220;{}&#8220; custom_padding__hover=&#8220;|||&#8220;][et_pb_text _builder_version=&#8220;4.16&#8243; text_font=&#8220;||||||||&#8220; header_font=&#8220;Yanone Kaffeesatz||||||||&#8220; header_text_color=&#8220;#fbd302&#8243; header_font_size=&#8220;58px&#8220; header_line_height=&#8220;1.5em&#8220; header_2_font=&#8220;||||||||&#8220; header_3_font=&#8220;||||||||&#8220; header_4_font=&#8220;||||||||&#8220; header_5_font=&#8220;||||||||&#8220; header_6_font=&#8220;||||||||&#8220; background_color=&#8220;rgba(255,255,255,0)&#8220; background_size=&#8220;initial&#8220; background_position=&#8220;top_left&#8220; background_repeat=&#8220;repeat&#8220; custom_margin=&#8220;||6px|&#8220; locked=&#8220;off&#8220; inline_fonts=&#8220;Yanone Kaffeesatz&#8220; global_colors_info=&#8220;{}&#8220;]<\/p>\n<h1>MindBuilders&#8216; Online Bibliothek<\/h1>\n<p>[\/et_pb_text][et_pb_divider show_divider=&#8220;off&#8220; disabled_on=&#8220;on|on|off&#8220; _builder_version=&#8220;4.16&#8243; max_width=&#8220;80px&#8220; module_alignment=&#8220;left&#8220; height=&#8220;10px&#8220; custom_margin=&#8220;||20px|&#8220; animation_style=&#8220;slide&#8220; animation_direction=&#8220;bottom&#8220; saved_tabs=&#8220;all&#8220; locked=&#8220;off&#8220; global_colors_info=&#8220;{}&#8220;][\/et_pb_divider][\/et_pb_column][et_pb_column type=&#8220;1_2&#8243; _builder_version=&#8220;4.16&#8243; custom_padding=&#8220;2px|||&#8220; global_colors_info=&#8220;{}&#8220; custom_padding__hover=&#8220;|||&#8220;][et_pb_image src=&#8220;https:\/\/janert.info\/wp-content\/uploads\/2024\/07\/Frau-in-Bibliothek-casarsaGuru-1.jpg&#8220; title_text=&#8220;Frau in Bibliothek &#8211; casarsaGuru (1)&#8220; force_fullwidth=&#8220;on&#8220; _builder_version=&#8220;4.25.2&#8243; custom_margin=&#8220;|||&#8220; custom_padding=&#8220;|||&#8220; animation_style=&#8220;slide&#8220; animation_direction=&#8220;top&#8220; animation_intensity_slide=&#8220;6%&#8220; animation_starting_opacity=&#8220;100%&#8220; box_shadow_style=&#8220;preset1&#8243; box_shadow_vertical=&#8220;10px&#8220; box_shadow_blur=&#8220;100px&#8220; box_shadow_color=&#8220;rgba(0,0,0,0.2)&#8220; always_center_on_mobile=&#8220;off&#8220; global_colors_info=&#8220;{}&#8220;][\/et_pb_image][\/et_pb_column][\/et_pb_row][\/et_pb_section][et_pb_section fb_built=&#8220;1&#8243; _builder_version=&#8220;4.25.2&#8243; custom_padding=&#8220;22px|||||&#8220; global_colors_info=&#8220;{}&#8220;][et_pb_row _builder_version=&#8220;4.16&#8243; custom_padding=&#8220;7px||0px|||&#8220; global_colors_info=&#8220;{}&#8220;][et_pb_column type=&#8220;4_4&#8243; _builder_version=&#8220;4.16&#8243; custom_padding=&#8220;|||&#8220; global_colors_info=&#8220;{}&#8220; custom_padding__hover=&#8220;|||&#8220;][et_pb_text _builder_version=&#8220;4.18.0&#8243; custom_margin=&#8220;5px|10px|5px|5px&#8220; custom_padding=&#8220;20px|5px|5px|7px||&#8220; global_colors_info=&#8220;{}&#8220;]<\/p>\n<h1><strong>MindBuilders online Bibliothek<\/strong><\/h1>\n<p><span style=\"color: #000000;\">besteht aus einer zunehmenden Reihe von Ressourcen in unz\u00e4hligen Kapiteln, die Ihnen helfen, Kinder mit autistischen oder autistisch-\u00e4hnlichen Verhaltensweisen beziehungsorientiert zu verstehen und einf\u00fchlsam in ihrer Pers\u00f6nlichkeitsentwicklung zu unterst\u00fctzen.<\/span><\/p>\n<p><span style=\"color: #000000;\">Hierbei ist unser Ausgangspunkt eine positive nicht-wertende Haltung, in der Gef\u00fchle und Menschlichkeit im Fokus stehen mit dem Fokus auf<\/span><\/p>\n<ul>\n<li><span style=\"color: #000000;\">Was &#8217;sagt&#8216; uns das Kind mit seinen Verhaltensweisen und wie lassen diese sich einf\u00fchlsam verstehen und behandeln?<\/span><\/li>\n<li><span style=\"color: #000000;\">Welche Gef\u00fchle l\u00f6st dies in uns als Betreuer aus und wie k\u00f6nnen wir mit unseren (schwierigen) Gef\u00fchlen gut umgehen?<\/span><\/li>\n<li><span style=\"color: #000000;\">Was braucht das Kind von uns als Bezugspersonen, um sein Entwicklungspotential so gut wie m\u00f6glich entfalten zu k\u00f6nnen?<\/span><\/li>\n<\/ul>\n<p>[\/et_pb_text][\/et_pb_column][\/et_pb_row][et_pb_row disabled_on=&#8220;off|off|off&#8220; _builder_version=&#8220;4.22.2&#8243; custom_padding=&#8220;26px||8px|||&#8220; global_colors_info=&#8220;{}&#8220;][et_pb_column type=&#8220;4_4&#8243; _builder_version=&#8220;4.16&#8243; custom_padding=&#8220;|||&#8220; global_colors_info=&#8220;{}&#8220; custom_padding__hover=&#8220;|||&#8220;][et_pb_text _builder_version=&#8220;4.16.0&#8243; text_font=&#8220;||||||||&#8220; header_font=&#8220;||||||||&#8220; custom_padding=&#8220;||0px|||&#8220; inline_fonts=&#8220;Times New Roman&#8220; global_colors_info=&#8220;{}&#8220;]<\/p>\n<h3 style=\"text-align: left;\">Die Grundlagen f\u00fcr gesunde Entwicklung<\/h3>\n<h2 style=\"text-align: center;\"><\/h2>\n<ul>\n<li>Sind Sie und Ihr Kind immer noch mit den Grundlagen des Lebens wie Essen, Schlafen, die Toilette benutzen besch\u00e4ftigt?<\/li>\n<li>Spricht und spielt Ihr Kind nicht wie andere Kinder im gleichen Alter?<\/li>\n<li>Haben Sie das Gef\u00fchl, dass Sie schon alles versucht haben, z. B. B\u00fccher lesen, im Internet suchen, Online Chatgruppen &#8230; Aber nichts hat wirklich funktioniert. Sie f\u00fchlen sich festgefahren und verzweifelt. Handelt es sich um etwas, das sich nicht \u00e4ndern l\u00e4sst? Oder gibt es noch Hoffnung?<\/li>\n<\/ul>\n<p>Ja, es gibt Hoffnung. Es gibt immer etwas, das man tun kann. Aber der entscheidende Punkt ist, nicht so viel wie m\u00f6glich, sondern das Richtige zu tun &#8211; das Richtige f\u00fcr Sie, das Richtige f\u00fcr Ihr spezielles Kind und das Richtige f\u00fcr Ihre eigene Familie. Im Internet findet man viele Leute, die \u00fcber das eigene Kind sprechen. Aber nicht \u00fcber IHR spezielles Kind. Oder sie diskutieren oder wiederholen allgemein g\u00fcltige Ratschl\u00e4ge, die Sie bereits kennen und die bei Ihnen nicht funktioniert haben.<\/p>\n<p><em>\u00a0<\/em><\/p>\n<h3><strong>MindBuilders online Bibliothek ist <\/strong>das Richtige f\u00fcr Sie, wenn Sie<\/h3>\n<ul>\n<li>ein besonderes Kind haben, das nicht spielt oder spricht, das nicht essen oder schlafen oder die Toilette benutzen will<\/li>\n<li><span style=\"font-size: 16px;\">autistische und autistisch-\u00e4hnliche Verhaltensweisen beziehungorientiert verstehen und behandlen wollen<\/span><\/li>\n<li>schon alles M\u00f6gliche ausprobiert haben, aber nichts wirklich geholfen hat und Sie verzweifelt wissen wollen, was Ihr Kind braucht und was Sie selber zuhause tun k\u00f6nnen<\/li>\n<\/ul>\n<p>[\/et_pb_text][\/et_pb_column][\/et_pb_row][et_pb_row column_structure=&#8220;1_2,1_2&#8243; _builder_version=&#8220;4.16&#8243; custom_padding=&#8220;|3px||&#8220; use_custom_width=&#8220;on&#8220; global_colors_info=&#8220;{}&#8220;][et_pb_column type=&#8220;1_2&#8243; _builder_version=&#8220;4.16&#8243; custom_padding=&#8220;|2px||2px&#8220; global_colors_info=&#8220;{}&#8220; custom_padding__hover=&#8220;|||&#8220;][et_pb_blurb title=&#8220;Das Grundlagen des Aufwachsens&#8220; image=&#8220;https:\/\/janert.info\/wp-content\/uploads\/2022\/08\/admin-ajax.jpg&#8220; _builder_version=&#8220;4.25.2&#8243; header_font=&#8220;|700|||||||&#8220; header_text_align=&#8220;center&#8220; header_font_size=&#8220;30px&#8220; header_line_height=&#8220;1.5em&#8220; custom_margin=&#8220;|3px||&#8220; custom_padding=&#8220;|3px|2px|3px||&#8220; hover_enabled=&#8220;0&#8243; box_shadow_style_image=&#8220;preset1&#8243; global_colors_info=&#8220;{}&#8220; sticky_enabled=&#8220;0&#8243;]<\/p>\n<p><span style=\"color: #000000;\">Sie haben\u00a0<\/span><span style=\"color: #000000; font-size: 16px;\">ein besonderes Kind, das nicht spielt oder spricht, nicht essen oder schlafen oder die Toilette benutzen will? Diese Kursen helfen Ihnen, <\/span><span style=\"color: #000000; font-size: 16px;\">die Grundlagen zu legen f\u00fcr die F\u00e4higkeiten Ihres Kindes um zu kommunizieren, zu spielen und sprechen zu lernen, zu essen, zu schlafen, auf die Toilette zu gehen und seine gesamte\u00a0 Pers\u00f6nlichkeit als Mensch zu entwickeln.<\/span><\/p>\n<p><span style=\"color: #000000;\"><\/span><\/p>\n<p>[\/et_pb_blurb][et_pb_button button_url=&#8220;https:\/\/janert.info\/das-einmaleins-kursuebersicht\/&#8220; button_text=&#8220;Schau&#8217;s dir an!&#8220; button_alignment=&#8220;center&#8220; _builder_version=&#8220;4.24.2&#8243; custom_button=&#8220;on&#8220; button_text_color=&#8220;#F1C91A&#8220; button_bg_color=&#8220;#0FA3AE&#8220; button_border_color=&#8220;#0FA3AE&#8220; button_font=&#8220;||||||||&#8220; custom_margin=&#8220;14px||&#8220; global_colors_info=&#8220;{}&#8220;][\/et_pb_button][\/et_pb_column][et_pb_column type=&#8220;1_2&#8243; _builder_version=&#8220;4.16&#8243; custom_padding=&#8220;|2px||2px&#8220; global_colors_info=&#8220;{}&#8220; custom_padding__hover=&#8220;|||&#8220;][et_pb_blurb title=&#8220;Wie man Autismus verstehen kann&#8220; image=&#8220;https:\/\/janert.info\/wp-content\/uploads\/2017\/10\/Nabil-Mum-Sibylle-Oct.-2007-1.jpg&#8220; _builder_version=&#8220;4.18.0&#8243; header_font=&#8220;|700|||||||&#8220; header_text_align=&#8220;center&#8220; header_font_size=&#8220;30px&#8220; header_line_height=&#8220;1.5em&#8220; custom_margin=&#8220;|3px||&#8220; custom_padding=&#8220;|3px||3px&#8220; box_shadow_style_image=&#8220;preset1&#8243; global_colors_info=&#8220;{}&#8220;]<\/p>\n<p><span style=\"font-size: 16px; color: #000000;\">Sind Sie auf der Suche, um ein Kind mit autistisch-\u00e4hnlichen Verhaltensweisen oder einer Autismusdiagnose besser zu verstehen? In diesen <\/span><span style=\"font-size: 16px; color: #000000;\">Kursen lernen wir <\/span><span style=\"font-size: 16px; color: #000000;\">autistische Geisteszust\u00e4nde und Verhaltensweisen von einer ganzheitlichen Entwicklungsperspektive zu sehen und einf\u00fchlsam zu behandeln, um das Kind in seiner ganzen\u00a0 Pers\u00f6nlichkeitsentwicklung zu unterst\u00fctzen.<\/span><\/p>\n<p><em><\/em><\/p>\n<p>[\/et_pb_blurb][et_pb_button button_url=&#8220;https:\/\/janert.info\/making-sense-of-autism-kursuebersicht\/&#8220; button_text=&#8220;Schau&#8217;s dir an!&#8220; button_alignment=&#8220;center&#8220; _builder_version=&#8220;4.24.2&#8243; custom_button=&#8220;on&#8220; button_text_color=&#8220;#F1C91A&#8220; button_bg_color=&#8220;#0FA3AE&#8220; button_border_color=&#8220;#0FA3AE&#8220; button_font=&#8220;||||||||&#8220; custom_margin=&#8220;14px||&#8220; global_colors_info=&#8220;{}&#8220;][\/et_pb_button][\/et_pb_column][\/et_pb_row][et_pb_row disabled_on=&#8220;off|off|off&#8220; _builder_version=&#8220;4.22.2&#8243; _module_preset=&#8220;default&#8220; global_colors_info=&#8220;{}&#8220;][et_pb_column type=&#8220;4_4&#8243; _builder_version=&#8220;4.16.0&#8243; _module_preset=&#8220;default&#8220; global_colors_info=&#8220;{}&#8220;][et_pb_text _builder_version=&#8220;4.16.0&#8243; text_font=&#8220;||||||||&#8220; text_line_height=&#8220;1.6em&#8220; custom_padding=&#8220;30px|30px|30px|30px|true|true&#8220; box_shadow_style=&#8220;preset1&#8243; global_colors_info=&#8220;{}&#8220;]<\/p>\n<p><strong><em><img loading=\"lazy\" decoding=\"async\" src=\"\/wp-content\/uploads\/2022\/05\/ASDFavicon2-300x300-1.png\" alt=\"\" class=\"wp-image-445 alignnone size-medium\" width=\"45\" height=\"45\" \/> &#8222;Ich w\u00fcnschte, ich h\u00e4tte Sie kontaktiert, als Ossie noch j\u00fcnger war!&#8220;<\/em><\/strong><\/p>\n<p><em>Ossie war bereits 14, als ich ihn kennenlernte. Er sprach nicht und trug noch Windeln. Er trug seine Bettdecke wie ein kleiner Junge mit sich herum und seine Mutter bestand darauf, dass er immer noch seinen Schnuller brauchte. Er k\u00e4mpfte immer noch mit den Grundlagen des Lebens, und Essen und Schlafen waren ein gro\u00dfes Problem. Er wusste nicht, wie er spielen oder sich besch\u00e4ftigen sollte, und verbrachte die meiste Zeit mit seinem iPhone, wo er sich immer wieder die gleichen Videos ansah. Er schrie und schlug sich mit der Hand auf den Kopf, wenn er nicht sofort einen Eislutscher oder das iPhone bekam. Kein Wunder, dass er \u00fcbergewichtig war.<\/em><\/p>\n<p><em>Seine hingebungsvollen Eltern waren verzweifelt. Sie dachten, sie w\u00fcrden mit ihm Floortime machen, aber ohne unterst\u00fctzendes 1:1-Coaching hatten sie &#8222;dem Kind folgen&#8220; damit verwechselt, Ossie zu verw\u00f6hnen und ihm alles durchgehen zu lassen, was er wollte, ohne realistische Erwartungen. Sie waren entt\u00e4uscht, dass Kindergarten und Schule es nicht geschafft hatten, ihm Sprechen und Spielen beizubringen, zu essen und die Toilette zu benutzen. &#8218;Du bist unser letzter Versuchl&#8220;, sagte mir sein Vater bei unserem ersten Besuch zu Hause.<\/em><\/p>\n<p><em>Wir haben gute Fortschritte dabei gemacht, Ossies Verhalten als nonverbale Kommunikation zu verstehen und entsprechend zu reagieren, einschlie\u00dflich der Entw\u00f6hnung von Schnuller und Bettdecke. Er war zum ersten Mal daran interessiert, die einfachen Spielmaterialien zu erkunden und sich an den Entwicklungsaktivit\u00e4ten zu beteiligen, die ich ihnen zeigte.<\/em><\/p>\n<p><em>Aber es war zu sp\u00e4t. Seine Mutter weinte, als sie erkannte, wie viel Entwicklungszeit verloren gegangen war, obwohl sie immer versucht hatte, ihr Bestes zu geben: &#8222;Ich w\u00fcnschte, ich h\u00e4tte mich an Sie gewandt, als Ossie noch j\u00fcnger war! Wenn wir damals das getan h\u00e4tten, was Sie uns jetzt zeigen, w\u00e4ren wir jetzt alle an einem anderen Ort&#8220;. Aber sie war ersch\u00f6pft und konnte sein Schreien und Kopfschlagen nicht mehr ertragen, obwohl ich ihr zeigte, dass er sich trotz des lauten Schlagger\u00e4uschs nicht wirklich weh tat. Die Sozialarbeiterin war besorgt dar\u00fcber, wie sich das st\u00e4ndige Schreien auf die Schularbeiten seiner j\u00fcngeren Schwester und auf die psychische Gesundheit aller Familienmitglieder auswirkte, und arrangierte f\u00fcr Ossie eine schrittweise Einf\u00fchrung in ein \u00f6rtliches Gruppenheim. Seine Mutter str\u00e4ubte sich zun\u00e4chst dagegen, aber Ossie gefiel es, und einige Jahre sp\u00e4ter ist er nun gl\u00fccklich dort untergebracht.<\/em><\/p>\n<p><span style=\"color: #35b0b0;\"><strong>Eltern von Ossie<\/strong><\/span>\u00a0 \u00a0(14 Jahre alt) &#8211; non-verbal mit Autismusdiagnose<em><\/em><\/p>\n<p><em><\/em><\/p>\n<p>[\/et_pb_text][\/et_pb_column][\/et_pb_row][\/et_pb_section]<\/p>\n<span class=\"et_bloom_bottom_trigger\"><\/span>","protected":false},"excerpt":{"rendered":"<p>MindBuilders&#8216; Online BibliothekMindBuilders online Bibliothek besteht aus einer zunehmenden Reihe von Ressourcen in unz\u00e4hligen Kapiteln, die Ihnen helfen, Kinder mit autistischen oder autistisch-\u00e4hnlichen Verhaltensweisen beziehungsorientiert zu verstehen und einf\u00fchlsam in ihrer Pers\u00f6nlichkeitsentwicklung zu unterst\u00fctzen. Hierbei ist unser Ausgangspunkt eine positive nicht-wertende Haltung, in der Gef\u00fchle und Menschlichkeit im Fokus stehen mit dem Fokus auf Was [&hellip;]<\/p>\n","protected":false},"author":3,"featured_media":0,"parent":0,"menu_order":0,"comment_status":"closed","ping_status":"closed","template":"","meta":{"_acf_changed":false,"_et_pb_use_builder":"on","_et_pb_old_content":"","_et_gb_content_width":"","footnotes":""},"class_list":["post-7604","page","type-page","status-publish","hentry"],"acf":[],"yoast_head":"<!-- This site is optimized with the Yoast SEO plugin v27.3 - https:\/\/yoast.com\/product\/yoast-seo-wordpress\/ -->\n<title>Online Kurse - Kurs\u00fcbersicht - Autistische Kinder<\/title>\n<meta name=\"robots\" content=\"index, follow, max-snippet:-1, max-image-preview:large, max-video-preview:-1\" \/>\n<link rel=\"canonical\" href=\"https:\/\/janert.info\/en\/course-overview-3\/\" \/>\n<meta property=\"og:locale\" content=\"en_US\" \/>\n<meta property=\"og:type\" content=\"article\" \/>\n<meta property=\"og:title\" content=\"Online Kurse - Kurs\u00fcbersicht - Autistische Kinder\" \/>\n<meta property=\"og:description\" content=\"MindBuilders&#039; Online BibliothekMindBuilders online Bibliothek besteht aus einer zunehmenden Reihe von Ressourcen in unz\u00e4hligen Kapiteln, die Ihnen helfen, Kinder mit autistischen oder autistisch-\u00e4hnlichen Verhaltensweisen beziehungsorientiert zu verstehen und einf\u00fchlsam in ihrer Pers\u00f6nlichkeitsentwicklung zu unterst\u00fctzen. Hierbei ist unser Ausgangspunkt eine positive nicht-wertende Haltung, in der Gef\u00fchle und Menschlichkeit im Fokus stehen mit dem Fokus auf Was [&hellip;]\" \/>\n<meta property=\"og:url\" content=\"https:\/\/janert.info\/en\/course-overview-3\/\" \/>\n<meta property=\"og:site_name\" content=\"Autistische Kinder\" \/>\n<meta property=\"article:modified_time\" content=\"2024-07-31T15:03:15+00:00\" \/>\n<meta name=\"twitter:card\" content=\"summary_large_image\" \/>\n<meta name=\"twitter:label1\" content=\"Est. reading time\" \/>\n\t<meta name=\"twitter:data1\" content=\"7 minutes\" \/>\n<script type=\"application\/ld+json\" class=\"yoast-schema-graph\">{\"@context\":\"https:\\\/\\\/schema.org\",\"@graph\":[{\"@type\":\"WebPage\",\"@id\":\"https:\\\/\\\/janert.info\\\/kursuebersicht-3\\\/\",\"url\":\"https:\\\/\\\/janert.info\\\/kursuebersicht-3\\\/\",\"name\":\"Online Kurse - Kurs\u00fcbersicht - Autistische Kinder\",\"isPartOf\":{\"@id\":\"https:\\\/\\\/janert.info\\\/#website\"},\"datePublished\":\"2022-08-30T16:40:10+00:00\",\"dateModified\":\"2024-07-31T15:03:15+00:00\",\"breadcrumb\":{\"@id\":\"https:\\\/\\\/janert.info\\\/kursuebersicht-3\\\/#breadcrumb\"},\"inLanguage\":\"en-US\",\"potentialAction\":[{\"@type\":\"ReadAction\",\"target\":[\"https:\\\/\\\/janert.info\\\/kursuebersicht-3\\\/\"]}]},{\"@type\":\"BreadcrumbList\",\"@id\":\"https:\\\/\\\/janert.info\\\/kursuebersicht-3\\\/#breadcrumb\",\"itemListElement\":[{\"@type\":\"ListItem\",\"position\":1,\"name\":\"Startseite\",\"item\":\"https:\\\/\\\/janert.info\\\/\"},{\"@type\":\"ListItem\",\"position\":2,\"name\":\"Online Kurse &#8211; Kurs\u00fcbersicht\"}]},{\"@type\":\"WebSite\",\"@id\":\"https:\\\/\\\/janert.info\\\/#website\",\"url\":\"https:\\\/\\\/janert.info\\\/\",\"name\":\"Autistische Kinder\",\"description\":\"beziehungs-orientiert behandeln\",\"potentialAction\":[{\"@type\":\"SearchAction\",\"target\":{\"@type\":\"EntryPoint\",\"urlTemplate\":\"https:\\\/\\\/janert.info\\\/?s={search_term_string}\"},\"query-input\":{\"@type\":\"PropertyValueSpecification\",\"valueRequired\":true,\"valueName\":\"search_term_string\"}}],\"inLanguage\":\"en-US\"}]}<\/script>\n<!-- \/ Yoast SEO plugin. -->","yoast_head_json":{"title":"Online courses - Course overview - Autistic children","robots":{"index":"index","follow":"follow","max-snippet":"max-snippet:-1","max-image-preview":"max-image-preview:large","max-video-preview":"max-video-preview:-1"},"canonical":"https:\/\/janert.info\/en\/course-overview-3\/","og_locale":"en_US","og_type":"article","og_title":"Online Kurse - Kurs\u00fcbersicht - Autistische Kinder","og_description":"MindBuilders' Online BibliothekMindBuilders online Bibliothek besteht aus einer zunehmenden Reihe von Ressourcen in unz\u00e4hligen Kapiteln, die Ihnen helfen, Kinder mit autistischen oder autistisch-\u00e4hnlichen Verhaltensweisen beziehungsorientiert zu verstehen und einf\u00fchlsam in ihrer Pers\u00f6nlichkeitsentwicklung zu unterst\u00fctzen. Hierbei ist unser Ausgangspunkt eine positive nicht-wertende Haltung, in der Gef\u00fchle und Menschlichkeit im Fokus stehen mit dem Fokus auf Was [&hellip;]","og_url":"https:\/\/janert.info\/en\/course-overview-3\/","og_site_name":"Autistische Kinder","article_modified_time":"2024-07-31T15:03:15+00:00","twitter_card":"summary_large_image","twitter_misc":{"Est. reading time":"7 minutes"},"schema":{"@context":"https:\/\/schema.org","@graph":[{"@type":"WebPage","@id":"https:\/\/janert.info\/kursuebersicht-3\/","url":"https:\/\/janert.info\/kursuebersicht-3\/","name":"Online courses - Course overview - Autistic children","isPartOf":{"@id":"https:\/\/janert.info\/#website"},"datePublished":"2022-08-30T16:40:10+00:00","dateModified":"2024-07-31T15:03:15+00:00","breadcrumb":{"@id":"https:\/\/janert.info\/kursuebersicht-3\/#breadcrumb"},"inLanguage":"en-US","potentialAction":[{"@type":"ReadAction","target":["https:\/\/janert.info\/kursuebersicht-3\/"]}]},{"@type":"BreadcrumbList","@id":"https:\/\/janert.info\/kursuebersicht-3\/#breadcrumb","itemListElement":[{"@type":"ListItem","position":1,"name":"Startseite","item":"https:\/\/janert.info\/"},{"@type":"ListItem","position":2,"name":"Online Kurse &#8211; Kurs\u00fcbersicht"}]},{"@type":"WebSite","@id":"https:\/\/janert.info\/#website","url":"https:\/\/janert.info\/","name":"Autistic children","description":"treat relationship-oriented","potentialAction":[{"@type":"SearchAction","target":{"@type":"EntryPoint","urlTemplate":"https:\/\/janert.info\/?s={search_term_string}"},"query-input":{"@type":"PropertyValueSpecification","valueRequired":true,"valueName":"search_term_string"}}],"inLanguage":"en-US"}]}},"_links":{"self":[{"href":"https:\/\/janert.info\/en\/wp-json\/wp\/v2\/pages\/7604","targetHints":{"allow":["GET"]}}],"collection":[{"href":"https:\/\/janert.info\/en\/wp-json\/wp\/v2\/pages"}],"about":[{"href":"https:\/\/janert.info\/en\/wp-json\/wp\/v2\/types\/page"}],"author":[{"embeddable":true,"href":"https:\/\/janert.info\/en\/wp-json\/wp\/v2\/users\/3"}],"replies":[{"embeddable":true,"href":"https:\/\/janert.info\/en\/wp-json\/wp\/v2\/comments?post=7604"}],"version-history":[{"count":10,"href":"https:\/\/janert.info\/en\/wp-json\/wp\/v2\/pages\/7604\/revisions"}],"predecessor-version":[{"id":9197,"href":"https:\/\/janert.info\/en\/wp-json\/wp\/v2\/pages\/7604\/revisions\/9197"}],"wp:attachment":[{"href":"https:\/\/janert.info\/en\/wp-json\/wp\/v2\/media?parent=7604"}],"curies":[{"name":"wp","href":"https:\/\/api.w.org\/{rel}","templated":true}]}}