{"id":7729,"date":"2022-09-21T21:05:43","date_gmt":"2022-09-21T19:05:43","guid":{"rendered":"https:\/\/janert.info\/?page_id=7729"},"modified":"2022-09-22T08:28:45","modified_gmt":"2022-09-22T06:28:45","slug":"egu-bath-time","status":"publish","type":"page","link":"https:\/\/janert.info\/en\/egu-badezeit\/","title":{"rendered":"EGU bath time"},"content":{"rendered":"<p>[et_pb_section fb_built=&#8220;1&#8243; _builder_version=&#8220;4.16&#8243; global_colors_info=&#8220;{}&#8220;][et_pb_row _builder_version=&#8220;4.18.0&#8243; _module_preset=&#8220;default&#8220; hover_enabled=&#8220;0&#8243; sticky_enabled=&#8220;0&#8243;][et_pb_column _builder_version=&#8220;4.18.0&#8243; _module_preset=&#8220;default&#8220; type=&#8220;4_4&#8243;][et_pb_image src=&#8220;https:\/\/janert.info\/wp-content\/uploads\/2022\/09\/Badespass-ONLINE-COURSE-1000-x-300-px.png&#8220; _builder_version=&#8220;4.18.0&#8243; _module_preset=&#8220;default&#8220; hover_enabled=&#8220;0&#8243; sticky_enabled=&#8220;0&#8243; title_text=&#8220;Badespass ONLINE COURSE (1000 x 300 px)&#8220;][\/et_pb_image][\/et_pb_column][\/et_pb_row][et_pb_row _builder_version=&#8220;4.16&#8243; global_colors_info=&#8220;{}&#8220;][et_pb_column type=&#8220;4_4&#8243; _builder_version=&#8220;4.16&#8243; custom_padding=&#8220;|||&#8220; global_colors_info=&#8220;{}&#8220; custom_padding__hover=&#8220;|||&#8220;][et_pb_text _builder_version=&#8220;4.18.0&#8243; custom_padding=&#8220;||15px|||&#8220; global_colors_info=&#8220;{}&#8220;]<\/p>\n<h2><span style=\"font-size: x-large;\">Mein Kind liebt Wasser: BADEN-ZEIT<br \/><\/span><\/h2>\n<p>Machen Sie sich Sorgen, weil Ihr Kind<\/p>\n<ul>\n<li>mehr als alles andere mit Wasser spielen?<\/li>\n<li>Sie finden das Baden beruhigend und entspannend?<\/li>\n<li>Schwierigkeiten haben, zur Ruhe zu kommen und sich bettfertig zu machen?<\/li>\n<\/ul>\n<p>[\/et_pb_text][et_pb_text _builder_version=&#8220;4.18.0&#8243; header_2_text_color=&#8220;#0fa3ae&#8220; header_3_font_size=&#8220;23px&#8220; background_color=&#8220;rgba(15,163,174,0.11)&#8220; custom_margin=&#8220;0px||0px||true|false&#8220; custom_padding=&#8220;30px|30px|30px|30px|true|true&#8220; global_colors_info=&#8220;{}&#8220;]<\/p>\n<h3><span><strong>Sie bekommen das:<br \/>\n<\/strong><\/span><\/h3>\n<p><span>In diesem Modul gibt es 3 Einheiten, die Ihnen helfen werden, Ihre Schlafenszeitroutine zu erweitern und das Spielen und Lernen Ihres Kindes durch ein regelm\u00e4\u00dfiges Bad auf einfache und kreative Weise zu f\u00f6rdern.<br \/>\n<\/span><\/p>\n<h2><span style=\"font-size: large;\">Lektion 1: Spiel in der Badewanne<\/span><br \/>\n<span><\/span><\/h2>\n<p><span>Lernen durch Erkunden &#8211; Einfaches Badespielzeug und Aktivit\u00e4ten<br \/>\n<\/span><\/p>\n<h2><span style=\"font-size: large;\">Lektion 2: Badezeit-Routine<br \/>\n<\/span><\/h2>\n<p>Priorit\u00e4ten setzen &#8211; vorbereiten &#8211; spielen &#8211; entspannen<\/p>\n<h2><span style=\"font-size: large;\">Lektion 3: Weitere Badeaktivit\u00e4ten<br \/>\n<\/span><\/h2>\n<p>Kreativ &#8211; Fantasievoll &#8211; Interaktiv &#8211; Sch\u00f6n &#8211; Stimmungsvoll[\/et_pb_text][et_pb_button button_url=&#8220;https:\/\/www.digistore24.com\/product\/367501&#8243; button_text=&#8220;Ja, ich m\u00f6chte jetzt anfangen&#8220; button_alignment=&#8220;left&#8220; _builder_version=&#8220;4.18.0&#8243; custom_button=&#8220;on&#8220; button_text_color=&#8220;#0fa3ae&#8220; button_bg_color=&#8220;#edf000&#8243; button_border_color=&#8220;rgba(0,0,0,0)&#8220; button_border_radius=&#8220;0px&#8220; button_font=&#8220;|600|||||||&#8220; custom_margin=&#8220;23px|||||&#8220; global_colors_info=&#8220;{}&#8220;][\/et_pb_button][et_pb_text _builder_version=&#8220;4.18.0&#8243; header_4_font_size=&#8220;24px&#8220; custom_margin=&#8220;48px||-8px|||&#8220; global_colors_info=&#8220;{}&#8220;]<\/p>\n<h4><span>Haben Sie noch Fragen? \u00a0<\/span><\/h4>\n<p>Schreiben Sie eine E-Mail an \u00a0<a href=\"mailto:perspektiven@janert.info\" target=\"_blank\" rel=\"noopener noreferrer\"><span>\u00a0<\/span><span>perspektiven@janert.info<\/span><\/a>[\/et_pb_text][\/et_pb_column][\/et_pb_row][\/et_pb_section]<\/p>\n<span class=\"et_bloom_bottom_trigger\"><\/span>","protected":false},"excerpt":{"rendered":"<p>Mein Kind liebt Wasser: BADEN-ZEIT Machen Sie sich Sorgen, weil Ihr Kind mehr als alles andere mit Wasser spielen? Sie finden das Baden beruhigend und entspannend? Schwierigkeiten haben, zur Ruhe zu kommen und sich bettfertig zu machen? Sie bekommen das: In diesem Modul gibt es 3 Einheiten, die Ihnen helfen werden, Ihre Schlafenszeitroutine zu erweitern [&hellip;]<\/p>\n","protected":false},"author":6,"featured_media":0,"parent":0,"menu_order":0,"comment_status":"closed","ping_status":"closed","template":"","meta":{"_acf_changed":false,"_et_pb_use_builder":"on","_et_pb_old_content":"","_et_gb_content_width":"","footnotes":""},"class_list":["post-7729","page","type-page","status-publish","hentry"],"acf":[],"yoast_head":"<!-- This site is optimized with the Yoast SEO plugin v27.3 - https:\/\/yoast.com\/product\/yoast-seo-wordpress\/ -->\n<title>EGU Badezeit - Autistische Kinder<\/title>\n<meta name=\"robots\" content=\"index, follow, max-snippet:-1, max-image-preview:large, max-video-preview:-1\" \/>\n<link rel=\"canonical\" href=\"https:\/\/janert.info\/en\/egu-bath-time\/\" \/>\n<meta property=\"og:locale\" content=\"en_US\" \/>\n<meta property=\"og:type\" content=\"article\" \/>\n<meta property=\"og:title\" content=\"EGU Badezeit - Autistische Kinder\" \/>\n<meta property=\"og:description\" content=\"Mein Kind liebt Wasser: BADEN-ZEIT Machen Sie sich Sorgen, weil Ihr Kind mehr als alles andere mit Wasser spielen? Sie finden das Baden beruhigend und entspannend? Schwierigkeiten haben, zur Ruhe zu kommen und sich bettfertig zu machen? Sie bekommen das: In diesem Modul gibt es 3 Einheiten, die Ihnen helfen werden, Ihre Schlafenszeitroutine zu erweitern [&hellip;]\" \/>\n<meta property=\"og:url\" content=\"https:\/\/janert.info\/en\/egu-bath-time\/\" \/>\n<meta property=\"og:site_name\" content=\"Autistische Kinder\" \/>\n<meta property=\"article:modified_time\" content=\"2022-09-22T06:28:45+00:00\" \/>\n<meta name=\"twitter:card\" content=\"summary_large_image\" \/>\n<script type=\"application\/ld+json\" class=\"yoast-schema-graph\">{\"@context\":\"https:\\\/\\\/schema.org\",\"@graph\":[{\"@type\":\"WebPage\",\"@id\":\"https:\\\/\\\/janert.info\\\/egu-badezeit\\\/\",\"url\":\"https:\\\/\\\/janert.info\\\/egu-badezeit\\\/\",\"name\":\"EGU Badezeit - Autistische Kinder\",\"isPartOf\":{\"@id\":\"https:\\\/\\\/janert.info\\\/#website\"},\"datePublished\":\"2022-09-21T19:05:43+00:00\",\"dateModified\":\"2022-09-22T06:28:45+00:00\",\"breadcrumb\":{\"@id\":\"https:\\\/\\\/janert.info\\\/egu-badezeit\\\/#breadcrumb\"},\"inLanguage\":\"en-US\",\"potentialAction\":[{\"@type\":\"ReadAction\",\"target\":[\"https:\\\/\\\/janert.info\\\/egu-badezeit\\\/\"]}]},{\"@type\":\"BreadcrumbList\",\"@id\":\"https:\\\/\\\/janert.info\\\/egu-badezeit\\\/#breadcrumb\",\"itemListElement\":[{\"@type\":\"ListItem\",\"position\":1,\"name\":\"Startseite\",\"item\":\"https:\\\/\\\/janert.info\\\/\"},{\"@type\":\"ListItem\",\"position\":2,\"name\":\"EGU Badezeit\"}]},{\"@type\":\"WebSite\",\"@id\":\"https:\\\/\\\/janert.info\\\/#website\",\"url\":\"https:\\\/\\\/janert.info\\\/\",\"name\":\"Autistische Kinder\",\"description\":\"beziehungs-orientiert behandeln\",\"potentialAction\":[{\"@type\":\"SearchAction\",\"target\":{\"@type\":\"EntryPoint\",\"urlTemplate\":\"https:\\\/\\\/janert.info\\\/?s={search_term_string}\"},\"query-input\":{\"@type\":\"PropertyValueSpecification\",\"valueRequired\":true,\"valueName\":\"search_term_string\"}}],\"inLanguage\":\"en-US\"}]}<\/script>\n<!-- \/ Yoast SEO plugin. -->","yoast_head_json":{"title":"EGU Bath Time - Autistic Children","robots":{"index":"index","follow":"follow","max-snippet":"max-snippet:-1","max-image-preview":"max-image-preview:large","max-video-preview":"max-video-preview:-1"},"canonical":"https:\/\/janert.info\/en\/egu-bath-time\/","og_locale":"en_US","og_type":"article","og_title":"EGU Badezeit - Autistische Kinder","og_description":"Mein Kind liebt Wasser: BADEN-ZEIT Machen Sie sich Sorgen, weil Ihr Kind mehr als alles andere mit Wasser spielen? Sie finden das Baden beruhigend und entspannend? Schwierigkeiten haben, zur Ruhe zu kommen und sich bettfertig zu machen? Sie bekommen das: In diesem Modul gibt es 3 Einheiten, die Ihnen helfen werden, Ihre Schlafenszeitroutine zu erweitern [&hellip;]","og_url":"https:\/\/janert.info\/en\/egu-bath-time\/","og_site_name":"Autistische Kinder","article_modified_time":"2022-09-22T06:28:45+00:00","twitter_card":"summary_large_image","schema":{"@context":"https:\/\/schema.org","@graph":[{"@type":"WebPage","@id":"https:\/\/janert.info\/egu-badezeit\/","url":"https:\/\/janert.info\/egu-badezeit\/","name":"EGU Bath Time - Autistic Children","isPartOf":{"@id":"https:\/\/janert.info\/#website"},"datePublished":"2022-09-21T19:05:43+00:00","dateModified":"2022-09-22T06:28:45+00:00","breadcrumb":{"@id":"https:\/\/janert.info\/egu-badezeit\/#breadcrumb"},"inLanguage":"en-US","potentialAction":[{"@type":"ReadAction","target":["https:\/\/janert.info\/egu-badezeit\/"]}]},{"@type":"BreadcrumbList","@id":"https:\/\/janert.info\/egu-badezeit\/#breadcrumb","itemListElement":[{"@type":"ListItem","position":1,"name":"Startseite","item":"https:\/\/janert.info\/"},{"@type":"ListItem","position":2,"name":"EGU Badezeit"}]},{"@type":"WebSite","@id":"https:\/\/janert.info\/#website","url":"https:\/\/janert.info\/","name":"Autistic children","description":"treat relationship-oriented","potentialAction":[{"@type":"SearchAction","target":{"@type":"EntryPoint","urlTemplate":"https:\/\/janert.info\/?s={search_term_string}"},"query-input":{"@type":"PropertyValueSpecification","valueRequired":true,"valueName":"search_term_string"}}],"inLanguage":"en-US"}]}},"_links":{"self":[{"href":"https:\/\/janert.info\/en\/wp-json\/wp\/v2\/pages\/7729","targetHints":{"allow":["GET"]}}],"collection":[{"href":"https:\/\/janert.info\/en\/wp-json\/wp\/v2\/pages"}],"about":[{"href":"https:\/\/janert.info\/en\/wp-json\/wp\/v2\/types\/page"}],"author":[{"embeddable":true,"href":"https:\/\/janert.info\/en\/wp-json\/wp\/v2\/users\/6"}],"replies":[{"embeddable":true,"href":"https:\/\/janert.info\/en\/wp-json\/wp\/v2\/comments?post=7729"}],"version-history":[{"count":8,"href":"https:\/\/janert.info\/en\/wp-json\/wp\/v2\/pages\/7729\/revisions"}],"predecessor-version":[{"id":7744,"href":"https:\/\/janert.info\/en\/wp-json\/wp\/v2\/pages\/7729\/revisions\/7744"}],"wp:attachment":[{"href":"https:\/\/janert.info\/en\/wp-json\/wp\/v2\/media?parent=7729"}],"curies":[{"name":"wp","href":"https:\/\/api.w.org\/{rel}","templated":true}]}}