{"id":7864,"date":"2022-12-28T13:32:00","date_gmt":"2022-12-28T12:32:00","guid":{"rendered":"https:\/\/janert.info\/?page_id=7864"},"modified":"2023-08-02T11:19:09","modified_gmt":"2023-08-02T09:19:09","slug":"behavior-reinterpretation","status":"publish","type":"page","link":"https:\/\/janert.info\/en\/selbstregulation\/","title":{"rendered":"Self-regulation"},"content":{"rendered":"<p>[et_pb_section fb_built=&#8220;1&#8243; admin_label=&#8220;Hero Section&#8220; _builder_version=&#8220;4.16&#8243; background_color=&#8220;#05896a&#8220; use_background_color_gradient=&#8220;on&#8220; background_color_gradient_direction=&#8220;1deg&#8220; background_color_gradient_stops=&#8220;#0fa3ae 0%|#0fa3ae 100%&#8220; background_color_gradient_start=&#8220;#0fa3ae&#8220; background_color_gradient_end=&#8220;#0fa3ae&#8220; custom_padding=&#8220;0||0||true|false&#8220; animation_style=&#8220;slide&#8220; animation_direction=&#8220;top&#8220; animation_intensity_slide=&#8220;2%&#8220; animation_starting_opacity=&#8220;100%&#8220; box_shadow_style=&#8220;preset7&#8243; box_shadow_horizontal=&#8220;0px&#8220; box_shadow_vertical=&#8220;-120px&#8220; box_shadow_color=&#8220;#ffffff&#8220; locked=&#8220;off&#8220; global_colors_info=&#8220;{}&#8220;][et_pb_row column_structure=&#8220;1_2,1_2&#8243; _builder_version=&#8220;4.16&#8243; background_size=&#8220;initial&#8220; background_position=&#8220;top_left&#8220; background_repeat=&#8220;repeat&#8220; custom_padding=&#8220;40px|0px|0|0px|false|false&#8220; custom_width_px=&#8220;1440px&#8220; global_colors_info=&#8220;{}&#8220;][et_pb_column type=&#8220;1_2&#8243; _builder_version=&#8220;4.16&#8243; custom_padding=&#8220;|||&#8220; global_colors_info=&#8220;{}&#8220; custom_padding__hover=&#8220;|||&#8220;][et_pb_text _builder_version=&#8220;4.16&#8243; text_font=&#8220;||||||||&#8220; header_font=&#8220;Yanone Kaffeesatz||||||||&#8220; header_text_color=&#8220;#fbd302&#8243; header_font_size=&#8220;58px&#8220; header_line_height=&#8220;1.5em&#8220; header_2_font=&#8220;||||||||&#8220; header_3_font=&#8220;||||||||&#8220; header_4_font=&#8220;||||||||&#8220; header_5_font=&#8220;||||||||&#8220; header_6_font=&#8220;||||||||&#8220; background_color=&#8220;rgba(255,255,255,0)&#8220; background_size=&#8220;initial&#8220; background_position=&#8220;top_left&#8220; background_repeat=&#8220;repeat&#8220; custom_margin=&#8220;||6px|&#8220; locked=&#8220;off&#8220; inline_fonts=&#8220;Yanone Kaffeesatz&#8220; global_colors_info=&#8220;{}&#8220;]<\/p>\n<h1>Selbstregulation<\/h1>\n<p>[\/et_pb_text][et_pb_divider show_divider=&#8220;off&#8220; disabled_on=&#8220;on|on|off&#8220; _builder_version=&#8220;4.16&#8243; max_width=&#8220;80px&#8220; module_alignment=&#8220;left&#8220; height=&#8220;10px&#8220; custom_margin=&#8220;||20px|&#8220; animation_style=&#8220;slide&#8220; animation_direction=&#8220;bottom&#8220; saved_tabs=&#8220;all&#8220; locked=&#8220;off&#8220; global_colors_info=&#8220;{}&#8220;][\/et_pb_divider][et_pb_text _builder_version=&#8220;4.16.0&#8243; text_font=&#8220;||||||||&#8220; text_text_color=&#8220;#000000&#8243; text_line_height=&#8220;1.6em&#8220; background_color=&#8220;#FFFFFF&#8220; custom_padding=&#8220;30px|30px|30px|30px|true|true&#8220; box_shadow_style=&#8220;preset1&#8243; inline_fonts=&#8220;Arial&#8220; global_colors_info=&#8220;{}&#8220;]<\/p>\n<p><strong><em><img loading=\"lazy\" decoding=\"async\" src=\"https:\/\/janert.info\/wp-content\/uploads\/2019\/05\/AKBBFavicon-300x300.png\" alt=\"Autistischen Kindern Bruecken Bauen\" class=\"wp-image-3051 alignnone size-medium\" width=\"67\" height=\"67\" srcset=\"https:\/\/janert.info\/wp-content\/uploads\/2019\/05\/AKBBFavicon-300x300.png 300w, https:\/\/janert.info\/wp-content\/uploads\/2019\/05\/AKBBFavicon-150x150.png 150w, https:\/\/janert.info\/wp-content\/uploads\/2019\/05\/AKBBFavicon.png 512w\" sizes=\"(max-width: 67px) 100vw, 67px\" \/> \u00a0<\/em><\/strong><span style=\"color: #000000; font-family: 'Yanone Kaffeesatz', Helvetica, Arial, Lucida, sans-serif; font-size: x-large; letter-spacing: 1px;\">&#8222;Selbstregulierung ist das, was Selbstkontrolle m\u00f6glich und oft unn\u00f6tig macht.<\/span><span style=\"color: #000000; font-family: 'Yanone Kaffeesatz', Helvetica, Arial, Lucida, sans-serif; font-size: x-large; letter-spacing: 1px;\">&#8220; <span style=\"font-size: medium;\">Prof. Stuart Shanker<\/span><\/span><\/p>\n<p>[\/et_pb_text][et_pb_text _builder_version=&#8220;4.16&#8243; global_colors_info=&#8220;{}&#8220;][\/et_pb_text][\/et_pb_column][et_pb_column type=&#8220;1_2&#8243; _builder_version=&#8220;4.16&#8243; custom_padding=&#8220;|||&#8220; global_colors_info=&#8220;{}&#8220; custom_padding__hover=&#8220;|||&#8220;][et_pb_image src=&#8220;https:\/\/janert.info\/wp-content\/uploads\/2023\/08\/Feeling-safe.jpg&#8220; title_text=&#8220;Feeling safe&#8220; force_fullwidth=&#8220;on&#8220; _builder_version=&#8220;4.21.0&#8243; custom_margin=&#8220;|||&#8220; custom_padding=&#8220;|||&#8220; animation_style=&#8220;slide&#8220; animation_direction=&#8220;top&#8220; animation_intensity_slide=&#8220;6%&#8220; animation_starting_opacity=&#8220;100%&#8220; box_shadow_style=&#8220;preset1&#8243; box_shadow_vertical=&#8220;10px&#8220; box_shadow_blur=&#8220;100px&#8220; box_shadow_color=&#8220;rgba(0,0,0,0.2)&#8220; always_center_on_mobile=&#8220;off&#8220; global_colors_info=&#8220;{}&#8220;][\/et_pb_image][\/et_pb_column][\/et_pb_row][\/et_pb_section][et_pb_section fb_built=&#8220;1&#8243; _builder_version=&#8220;4.16&#8243; global_colors_info=&#8220;{}&#8220;][et_pb_row _builder_version=&#8220;4.16&#8243; custom_margin=&#8220;-25px|auto||auto||&#8220; custom_padding=&#8220;13px||0px|||&#8220; global_colors_info=&#8220;{}&#8220;][et_pb_column type=&#8220;4_4&#8243; _builder_version=&#8220;4.16&#8243; global_colors_info=&#8220;{}&#8220;][et_pb_text _builder_version=&#8220;4.19.2&#8243; custom_padding=&#8220;2px|||||&#8220; global_colors_info=&#8220;{}&#8220;]<\/p>\n<h1>Selbstregulation<\/h1>\n<ul>\n<li>Machen Sie sich Sorgen, weil Ihr Kind so schnell ausrastet, &#8211; und Sie selber auch?<\/li>\n<li>W\u00fcnschten Sie, jemand k\u00f6nnte Ihnen zeigen, wie Sie Ihrem Kind helfen k\u00f6nnen, sich besser regulieren zu k\u00f6nnen?<\/li>\n<li>Versuchen Sie den Unterschied zu verstehen zwischen Selbstregulation und Selbstkontrolle?<\/li>\n<\/ul>\n<p>Selbstregulation bedeutet zu erkennen, wie es sich f\u00fcr einen selbst anf\u00fchlt, ruhig zu sein, oder sich gestresst zu f\u00fchlen. Hierbei handelt es sich um psychophysiologische Reaktionen auf Stress, die entweder gesundheitsf\u00f6rderlich oder wachstumshemmend sein k\u00f6nnen. Wir alle regulieren uns selbst, wenn auch manchmal in unangemessener Art und Weise, d.h. so da\u00df es uns vielleicht nicht hilft, uns von Stress zu erholen, oder zu sogar zu noch gr\u00f6\u00dferem Stress f\u00fchren kann. Adaptive (effektive und hilfreiche) Selbstregulierung f\u00f6rdert Wachstum und Lernen und hilft einem dabei, sich von Stress zu erholen. Bei der Selbstregulierung geht es darum, Gef\u00fchle, Gedanken und Verhaltensweisen von uns selbst und anderen zu verstehen, und nicht diese zu kontrollieren, zu unterdr\u00fccken oder zu beherrschen.\u00a0<\/p>\n<p>[\/et_pb_text][\/et_pb_column][\/et_pb_row][et_pb_row column_structure=&#8220;3_5,2_5&#8243; _builder_version=&#8220;4.19.2&#8243; _module_preset=&#8220;default&#8220; global_colors_info=&#8220;{}&#8220;][et_pb_column type=&#8220;3_5&#8243; _builder_version=&#8220;4.19.2&#8243; _module_preset=&#8220;default&#8220; global_colors_info=&#8220;{}&#8220;][et_pb_text _builder_version=&#8220;4.19.2&#8243; _module_preset=&#8220;default&#8220; global_colors_info=&#8220;{}&#8220;]<\/p>\n<h3>Selbstregulation ist nicht dasselbe wie Selbstkontrolle<\/h3>\n<p>Selbstkontrolle bedeutet, st\u00f6rende Impulse zu unterdr\u00fccken.\u00a0 Selbstregulierung unterscheidet sich grundlegend von Selbstkontrolle: Selbstregulation zielt darauf ab, st\u00f6rende Impulse zu reduzieren, in dem man die zugrunde liegenden Gef\u00fchle versteht und sich auf sie einstimmt, und nicht, indem man sie unterdr\u00fcckt. Effektive Selbstregulierung reduziert die stressbedingten Gef\u00fchle, die zu Impulsivit\u00e4t f\u00fchren.<\/p>\n<p>[\/et_pb_text][et_pb_text _builder_version=&#8220;4.16.0&#8243; text_font=&#8220;||||||||&#8220; text_text_color=&#8220;#000000&#8243; text_line_height=&#8220;1.6em&#8220; background_color=&#8220;#FFFFFF&#8220; custom_padding=&#8220;30px|30px|30px|30px|true|true&#8220; box_shadow_style=&#8220;preset1&#8243; inline_fonts=&#8220;Arial&#8220; global_colors_info=&#8220;{}&#8220;]<\/p>\n<p><strong><em><img loading=\"lazy\" decoding=\"async\" src=\"https:\/\/janert.info\/wp-content\/uploads\/2019\/05\/AKBBFavicon-300x300.png\" alt=\"Autistischen Kindern Bruecken Bauen\" class=\"wp-image-3051 alignnone size-medium\" width=\"67\" height=\"67\" srcset=\"https:\/\/janert.info\/wp-content\/uploads\/2019\/05\/AKBBFavicon-300x300.png 300w, https:\/\/janert.info\/wp-content\/uploads\/2019\/05\/AKBBFavicon-150x150.png 150w, https:\/\/janert.info\/wp-content\/uploads\/2019\/05\/AKBBFavicon.png 512w\" sizes=\"(max-width: 67px) 100vw, 67px\" \/><\/em><\/strong><span style=\"color: #000000; font-family: 'Yanone Kaffeesatz', Helvetica, Arial, Lucida, sans-serif; font-size: x-large; letter-spacing: 1px;\">&#8222;<span style=\"font-size: large; font-family: Arial; font-weight: normal;\">Ein st\u00e4ndiger Kampf-Flucht-Zustand erzeugt das Verlangen, sich sicher und geborgen zu f\u00fchlen.<\/span><\/span><span style=\"color: #000000; font-family: 'Yanone Kaffeesatz', Helvetica, Arial, Lucida, sans-serif; font-size: x-large; letter-spacing: 1px;\">&#8220; <span style=\"font-size: medium;\">Prof. Stuart Shanker<\/span><\/span><\/p>\n<p>[\/et_pb_text][\/et_pb_column][et_pb_column type=&#8220;2_5&#8243; _builder_version=&#8220;4.19.2&#8243; _module_preset=&#8220;default&#8220; global_colors_info=&#8220;{}&#8220;][et_pb_text _builder_version=&#8220;4.16&#8243; text_font=&#8220;||||||||&#8220; text_line_height=&#8220;1.6em&#8220; custom_padding=&#8220;30px|30px|30px|30px|true|true&#8220; box_shadow_style=&#8220;preset1&#8243; inline_fonts=&#8220;Trebuchet,Arial&#8220; global_colors_info=&#8220;{}&#8220;]<\/p>\n<p><strong><em><img loading=\"lazy\" decoding=\"async\" src=\"https:\/\/janert.info\/wp-content\/uploads\/2019\/05\/AKBBFavicon-300x300.png\" alt=\"Autistischen Kindern Bruecken Bauen\" class=\"wp-image-3051 alignnone size-medium\" width=\"67\" height=\"67\" srcset=\"https:\/\/janert.info\/wp-content\/uploads\/2019\/05\/AKBBFavicon-300x300.png 300w, https:\/\/janert.info\/wp-content\/uploads\/2019\/05\/AKBBFavicon-150x150.png 150w, https:\/\/janert.info\/wp-content\/uploads\/2019\/05\/AKBBFavicon.png 512w\" sizes=\"(max-width: 67px) 100vw, 67px\" \/>\u00a0 &#8218;<\/em><\/strong><span style=\"font-size: medium; color: #000000; font-family: Arial; font-weight: normal;\"><em>Wenn wir dem Kind &#8218;unsere Ruhe geben&#8216; wollen, m\u00fcssen wir zun\u00e4chst unseren eigenen Stress verstehen und wissen, wie wir unsere eigene Energie und Anspannung steuern k\u00f6nnen.<\/em>&#8218; <\/span><\/p>\n<p><span style=\"font-size: medium; color: #000000; font-family: Arial; font-weight: normal;\">Stuart Shanker<\/span><\/p>\n<p><span style=\"font-size: medium; color: #000000; font-family: Arial; font-weight: normal;\"><\/span><\/p>\n<p>[\/et_pb_text][et_pb_text _builder_version=&#8220;4.19.2&#8243; _module_preset=&#8220;default&#8220; global_colors_info=&#8220;{}&#8220;]<\/p>\n<h2><span style=\"font-size: x-large;\"><\/span><\/h2>\n<h2><span style=\"font-size: x-large;\"><\/span><\/h2>\n<h2><span style=\"font-size: x-large;\"><\/span><\/h2>\n<h2><span style=\"font-size: x-large;\">Man sollte sich immer wieder fragen:\u00a0<strong><\/strong><strong><\/strong><\/span><\/h2>\n<h2><span style=\"font-size: x-large;\"><strong>Bin ich ko-eskalierend oder koregulierend?<\/strong>\u00a0<\/span><\/h2>\n<p>[\/et_pb_text][\/et_pb_column][\/et_pb_row][et_pb_row _builder_version=&#8220;4.16&#8243; custom_padding=&#8220;13px||14px|||&#8220; global_colors_info=&#8220;{}&#8220;][et_pb_column type=&#8220;4_4&#8243; _builder_version=&#8220;4.16&#8243; global_colors_info=&#8220;{}&#8220;][et_pb_text _builder_version=&#8220;4.16&#8243; custom_padding=&#8220;||1px|||&#8220; global_colors_info=&#8220;{}&#8220;]<\/p>\n<h2>Wenn SEIN Sturm UNSERE Ruhe antrifft, dann findet <span style=\"text-decoration: underline;\"><a href=\"https:\/\/janert.info\/2021\/03\/co-regulation\/\">Co-Regulation<\/a><\/span> statt<\/h2>\n<p>[\/et_pb_text][\/et_pb_column][\/et_pb_row][et_pb_row column_structure=&#8220;1_2,1_2&#8243; _builder_version=&#8220;4.16&#8243; custom_padding=&#8220;37px|||||&#8220; global_colors_info=&#8220;{}&#8220;][et_pb_column type=&#8220;1_2&#8243; _builder_version=&#8220;4.16&#8243; global_colors_info=&#8220;{}&#8220;][et_pb_image src=&#8220;https:\/\/janert.info\/wp-content\/uploads\/2021\/03\/Co-regulation-boats.jpg&#8220; title_text=&#8220;Co-regulation boats&#8220; url=&#8220;https:\/\/janert.info\/2021\/03\/co-regulation\/&#8220; _builder_version=&#8220;4.16&#8243; global_colors_info=&#8220;{}&#8220;][\/et_pb_image][\/et_pb_column][et_pb_column type=&#8220;1_2&#8243; _builder_version=&#8220;4.16&#8243; global_colors_info=&#8220;{}&#8220;][et_pb_text _builder_version=&#8220;4.16&#8243; ol_line_height=&#8220;2em&#8220; global_colors_info=&#8220;{}&#8220;]<\/p>\n<h3>Selbst-Regulation entwickelt sich durch Co-Regulation<\/h3>\n<p>Hierzu mu\u00df der Erwachsene<\/p>\n<ol>\n<li>die Anzeichen erkennen lernen, da\u00df das Kind gestresst ist<\/li>\n<li>die Stressoren identifizieren<\/li>\n<li>die Stressoren reduzieren<\/li>\n<li>dem Kind helfen zu erkennen und zu unterscheiden, wie es sich anf\u00fchlt ausgeglichen bzw. aufgew\u00fchlt zu sein<\/li>\n<li>dem Kind helfen Strategien zu finden, um in einen ausgeglichenen ruhigen Zustand zur\u00fcckzukehren, wenn es gestre\u00dft ist<\/li>\n<\/ol>\n<p>[\/et_pb_text][\/et_pb_column][\/et_pb_row][et_pb_row _builder_version=&#8220;4.16&#8243; _module_preset=&#8220;default&#8220; global_colors_info=&#8220;{}&#8220;][et_pb_column type=&#8220;4_4&#8243; _builder_version=&#8220;4.16&#8243; _module_preset=&#8220;default&#8220; global_colors_info=&#8220;{}&#8220;][et_pb_text _builder_version=&#8220;4.16&#8243; _module_preset=&#8220;default&#8220; global_colors_info=&#8220;{}&#8220;]<\/p>\n<p>Infographiken auf dieser Seite von Kristin Wiens of <a href=\"https:\/\/northstarpaths.com\/\">North Star Paths<\/a><\/p>\n<p>[\/et_pb_text][\/et_pb_column][\/et_pb_row][et_pb_row column_structure=&#8220;3_5,2_5&#8243; disabled_on=&#8220;on|on|on&#8220; _builder_version=&#8220;4.19.2&#8243; _module_preset=&#8220;default&#8220; min_height=&#8220;441.9px&#8220; custom_padding=&#8220;||0px|||&#8220; disabled=&#8220;on&#8220; global_colors_info=&#8220;{}&#8220;][et_pb_column type=&#8220;3_5&#8243; _builder_version=&#8220;4.16&#8243; _module_preset=&#8220;default&#8220; global_colors_info=&#8220;{}&#8220;][et_pb_text _builder_version=&#8220;4.16&#8243; _module_preset=&#8220;default&#8220; global_colors_info=&#8220;{}&#8220;]<\/p>\n<h3>Verhalten ist immer eine Kommunikation<\/h3>\n<p>Die Wurzel von allen schwierigen Verhaltensweisen sind in zugrundeliegenden schwierigen Gef\u00fchlen zu finden, die verstanden werden wollen. Denn Verhalten ist eine Art der non-verbalen Kommunikation, und Kommunikation ist immer emotional. Nur wenn wir angemessen auf die emotionale Situation eingehen und sie in ihrer Komplexit\u00e4t wahrnehmen, kann sich etwas neues entwickeln und \u00e4ndern. Ein Kind kann das nicht alleine. Es braucht unsere einf\u00fchlsame Unterst\u00fctzung, um seine F\u00e4higkeiten zur Selbstregulation und den Umgang mit Gef\u00fchlen zu entwickeln.<\/p>\n<p>[\/et_pb_text][\/et_pb_column][et_pb_column type=&#8220;2_5&#8243; _builder_version=&#8220;4.16&#8243; _module_preset=&#8220;default&#8220; global_colors_info=&#8220;{}&#8220;][et_pb_button button_url=&#8220;https:\/\/janert.info\/mein-angebot\/&#8220; button_text=&#8220;Ich m\u00f6chte mehr erfahren&#8220; button_alignment=&#8220;center&#8220; _builder_version=&#8220;4.18.0&#8243; custom_button=&#8220;on&#8220; button_text_color=&#8220;#05896a&#8220; button_bg_color=&#8220;#fbd302&#8243; button_border_color=&#8220;#fbd302&#8243; button_letter_spacing=&#8220;1px&#8220; global_colors_info=&#8220;{}&#8220;][\/et_pb_button][\/et_pb_column][\/et_pb_row][et_pb_row disabled_on=&#8220;on|on|on&#8220; _builder_version=&#8220;4.19.2&#8243; disabled=&#8220;on&#8220; global_colors_info=&#8220;{}&#8220;][et_pb_column type=&#8220;4_4&#8243; _builder_version=&#8220;4.16&#8243; global_colors_info=&#8220;{}&#8220;][et_pb_text _builder_version=&#8220;4.16&#8243; text_font=&#8220;||||||||&#8220; text_line_height=&#8220;1.6em&#8220; custom_padding=&#8220;30px|30px|30px|30px|true|true&#8220; box_shadow_style=&#8220;preset1&#8243; global_colors_info=&#8220;{}&#8220;]<\/p>\n<p><strong><em><img loading=\"lazy\" decoding=\"async\" src=\"https:\/\/janert.info\/wp-content\/uploads\/2019\/05\/AKBBFavicon-300x300.png\" alt=\"Autistischen Kindern Bruecken Bauen\" class=\"wp-image-3051 alignnone size-medium\" width=\"67\" height=\"67\" srcset=\"https:\/\/janert.info\/wp-content\/uploads\/2019\/05\/AKBBFavicon-300x300.png 300w, https:\/\/janert.info\/wp-content\/uploads\/2019\/05\/AKBBFavicon-150x150.png 150w, https:\/\/janert.info\/wp-content\/uploads\/2019\/05\/AKBBFavicon.png 512w\" sizes=\"(max-width: 67px) 100vw, 67px\" \/>\u00a0\u201eEndlich tun sich neue Perspektiven auf\u201c<\/em><\/strong><\/p>\n<p><em>\u201e<\/em><span style=\"font-size: 16px;\">Bei unserem Sohn sind schon sooo viele Personen und Therapien gescheitert, das ist wirklich eine riesige Herausforderung in jeder Hinsicht und f\u00fcr alle Beteiligten. Er war jahrelang in der Verhaltenstherapie mit leider keinerlei sichtbarem Erfolg. Wir hatten schon fast alle Hoffnung aufgegeben. Jetzt sind wir so froh, da\u00df uns endlich jemand wirklich zuh\u00f6rt und mit uns zusammenarbeitet, um die eingefahrene Situation beziehungsorientiert von einer neuen Perspektive zu sehen, damit sich endlich nachhaltige Ver\u00e4nderungen ergeben k\u00f6nnen. Seit wir mit Ihnen zusammenarbeiten, sehen wir Walter mit ganz anderen Augen. Und allein das hat schon ganz viel ver\u00e4ndert. Wir w\u00fcnschten zwar, es w\u00fcrde schneller gehen. Aber wir verstehen inzwischen, wieviel Geduld, Ausdauer, Flexibilit\u00e4t und innere emotionale Arbeit an uns selber f\u00fcr solche tiefgreifenden Verhaltensver\u00e4nderungen notwendig ist. Bitte lassen Sie uns nicht im Stich, bis wir festeren Boden unter den F\u00fc\u00dfen haben!<\/span><em>\u201c<\/em><\/p>\n<p><strong><span style=\"color: #0fa3ae;\">Eltern von Walter (13 Jahre)<\/span><\/strong><\/p>\n<p>[\/et_pb_text][\/et_pb_column][\/et_pb_row][\/et_pb_section]<\/p>\n<span class=\"et_bloom_bottom_trigger\"><\/span>","protected":false},"excerpt":{"rendered":"<p>Selbstregulation \u00a0&#8222;Selbstregulierung ist das, was Selbstkontrolle m\u00f6glich und oft unn\u00f6tig macht.&#8220; Prof. Stuart ShankerSelbstregulation Machen Sie sich Sorgen, weil Ihr Kind so schnell ausrastet, &#8211; und Sie selber auch? W\u00fcnschten Sie, jemand k\u00f6nnte Ihnen zeigen, wie Sie Ihrem Kind helfen k\u00f6nnen, sich besser regulieren zu k\u00f6nnen? Versuchen Sie den Unterschied zu verstehen zwischen Selbstregulation und [&hellip;]<\/p>\n","protected":false},"author":3,"featured_media":0,"parent":0,"menu_order":0,"comment_status":"closed","ping_status":"closed","template":"","meta":{"_acf_changed":false,"_et_pb_use_builder":"on","_et_pb_old_content":"","_et_gb_content_width":"","footnotes":""},"class_list":["post-7864","page","type-page","status-publish","hentry"],"acf":[],"yoast_head":"<!-- This site is optimized with the Yoast SEO plugin v27.2 - https:\/\/yoast.com\/product\/yoast-seo-wordpress\/ -->\n<title>Selbstregulation - Autistische Kinder<\/title>\n<meta name=\"robots\" content=\"index, follow, max-snippet:-1, max-image-preview:large, max-video-preview:-1\" \/>\n<link rel=\"canonical\" href=\"https:\/\/janert.info\/en\/behavior-reinterpretation\/\" \/>\n<meta property=\"og:locale\" content=\"en_US\" \/>\n<meta property=\"og:type\" content=\"article\" \/>\n<meta property=\"og:title\" content=\"Selbstregulation - Autistische Kinder\" \/>\n<meta property=\"og:description\" content=\"Selbstregulation \u00a0&quot;Selbstregulierung ist das, was Selbstkontrolle m\u00f6glich und oft unn\u00f6tig macht.&quot; Prof. Stuart ShankerSelbstregulation Machen Sie sich Sorgen, weil Ihr Kind so schnell ausrastet, - und Sie selber auch? W\u00fcnschten Sie, jemand k\u00f6nnte Ihnen zeigen, wie Sie Ihrem Kind helfen k\u00f6nnen, sich besser regulieren zu k\u00f6nnen? Versuchen Sie den Unterschied zu verstehen zwischen Selbstregulation und [&hellip;]\" \/>\n<meta property=\"og:url\" content=\"https:\/\/janert.info\/en\/behavior-reinterpretation\/\" \/>\n<meta property=\"og:site_name\" content=\"Autistische Kinder\" \/>\n<meta property=\"article:modified_time\" content=\"2023-08-02T09:19:09+00:00\" \/>\n<meta property=\"og:image\" content=\"https:\/\/janert.info\/wp-content\/uploads\/2019\/05\/AKBBFavicon-300x300.png\" \/>\n<meta name=\"twitter:card\" content=\"summary_large_image\" \/>\n<meta name=\"twitter:label1\" content=\"Est. reading time\" \/>\n\t<meta name=\"twitter:data1\" content=\"8 minutes\" \/>\n<script type=\"application\/ld+json\" class=\"yoast-schema-graph\">{\"@context\":\"https:\/\/schema.org\",\"@graph\":[{\"@type\":\"WebPage\",\"@id\":\"https:\/\/janert.info\/selbstregulation\/\",\"url\":\"https:\/\/janert.info\/selbstregulation\/\",\"name\":\"Selbstregulation - Autistische Kinder\",\"isPartOf\":{\"@id\":\"https:\/\/janert.info\/#website\"},\"primaryImageOfPage\":{\"@id\":\"https:\/\/janert.info\/selbstregulation\/#primaryimage\"},\"image\":{\"@id\":\"https:\/\/janert.info\/selbstregulation\/#primaryimage\"},\"thumbnailUrl\":\"https:\/\/janert.info\/wp-content\/uploads\/2019\/05\/AKBBFavicon-300x300.png\",\"datePublished\":\"2022-12-28T12:32:00+00:00\",\"dateModified\":\"2023-08-02T09:19:09+00:00\",\"breadcrumb\":{\"@id\":\"https:\/\/janert.info\/selbstregulation\/#breadcrumb\"},\"inLanguage\":\"en-US\",\"potentialAction\":[{\"@type\":\"ReadAction\",\"target\":[\"https:\/\/janert.info\/selbstregulation\/\"]}]},{\"@type\":\"ImageObject\",\"inLanguage\":\"en-US\",\"@id\":\"https:\/\/janert.info\/selbstregulation\/#primaryimage\",\"url\":\"https:\/\/janert.info\/wp-content\/uploads\/2019\/05\/AKBBFavicon-300x300.png\",\"contentUrl\":\"https:\/\/janert.info\/wp-content\/uploads\/2019\/05\/AKBBFavicon-300x300.png\"},{\"@type\":\"BreadcrumbList\",\"@id\":\"https:\/\/janert.info\/selbstregulation\/#breadcrumb\",\"itemListElement\":[{\"@type\":\"ListItem\",\"position\":1,\"name\":\"Startseite\",\"item\":\"https:\/\/janert.info\/\"},{\"@type\":\"ListItem\",\"position\":2,\"name\":\"Selbstregulation\"}]},{\"@type\":\"WebSite\",\"@id\":\"https:\/\/janert.info\/#website\",\"url\":\"https:\/\/janert.info\/\",\"name\":\"Autistische Kinder\",\"description\":\"beziehungs-orientiert behandeln\",\"potentialAction\":[{\"@type\":\"SearchAction\",\"target\":{\"@type\":\"EntryPoint\",\"urlTemplate\":\"https:\/\/janert.info\/?s={search_term_string}\"},\"query-input\":{\"@type\":\"PropertyValueSpecification\",\"valueRequired\":true,\"valueName\":\"search_term_string\"}}],\"inLanguage\":\"en-US\"}]}<\/script>\n<!-- \/ Yoast SEO plugin. -->","yoast_head_json":{"title":"Self-regulation - Autistic children","robots":{"index":"index","follow":"follow","max-snippet":"max-snippet:-1","max-image-preview":"max-image-preview:large","max-video-preview":"max-video-preview:-1"},"canonical":"https:\/\/janert.info\/en\/behavior-reinterpretation\/","og_locale":"en_US","og_type":"article","og_title":"Selbstregulation - Autistische Kinder","og_description":"Selbstregulation \u00a0\"Selbstregulierung ist das, was Selbstkontrolle m\u00f6glich und oft unn\u00f6tig macht.\" Prof. Stuart ShankerSelbstregulation Machen Sie sich Sorgen, weil Ihr Kind so schnell ausrastet, - und Sie selber auch? W\u00fcnschten Sie, jemand k\u00f6nnte Ihnen zeigen, wie Sie Ihrem Kind helfen k\u00f6nnen, sich besser regulieren zu k\u00f6nnen? Versuchen Sie den Unterschied zu verstehen zwischen Selbstregulation und [&hellip;]","og_url":"https:\/\/janert.info\/en\/behavior-reinterpretation\/","og_site_name":"Autistische Kinder","article_modified_time":"2023-08-02T09:19:09+00:00","og_image":[{"url":"https:\/\/janert.info\/wp-content\/uploads\/2019\/05\/AKBBFavicon-300x300.png","type":"","width":"","height":""}],"twitter_card":"summary_large_image","twitter_misc":{"Est. reading time":"8 minutes"},"schema":{"@context":"https:\/\/schema.org","@graph":[{"@type":"WebPage","@id":"https:\/\/janert.info\/selbstregulation\/","url":"https:\/\/janert.info\/selbstregulation\/","name":"Self-regulation - Autistic children","isPartOf":{"@id":"https:\/\/janert.info\/#website"},"primaryImageOfPage":{"@id":"https:\/\/janert.info\/selbstregulation\/#primaryimage"},"image":{"@id":"https:\/\/janert.info\/selbstregulation\/#primaryimage"},"thumbnailUrl":"https:\/\/janert.info\/wp-content\/uploads\/2019\/05\/AKBBFavicon-300x300.png","datePublished":"2022-12-28T12:32:00+00:00","dateModified":"2023-08-02T09:19:09+00:00","breadcrumb":{"@id":"https:\/\/janert.info\/selbstregulation\/#breadcrumb"},"inLanguage":"en-US","potentialAction":[{"@type":"ReadAction","target":["https:\/\/janert.info\/selbstregulation\/"]}]},{"@type":"ImageObject","inLanguage":"en-US","@id":"https:\/\/janert.info\/selbstregulation\/#primaryimage","url":"https:\/\/janert.info\/wp-content\/uploads\/2019\/05\/AKBBFavicon-300x300.png","contentUrl":"https:\/\/janert.info\/wp-content\/uploads\/2019\/05\/AKBBFavicon-300x300.png"},{"@type":"BreadcrumbList","@id":"https:\/\/janert.info\/selbstregulation\/#breadcrumb","itemListElement":[{"@type":"ListItem","position":1,"name":"Startseite","item":"https:\/\/janert.info\/"},{"@type":"ListItem","position":2,"name":"Selbstregulation"}]},{"@type":"WebSite","@id":"https:\/\/janert.info\/#website","url":"https:\/\/janert.info\/","name":"Autistic children","description":"treat relationship-oriented","potentialAction":[{"@type":"SearchAction","target":{"@type":"EntryPoint","urlTemplate":"https:\/\/janert.info\/?s={search_term_string}"},"query-input":{"@type":"PropertyValueSpecification","valueRequired":true,"valueName":"search_term_string"}}],"inLanguage":"en-US"}]}},"_links":{"self":[{"href":"https:\/\/janert.info\/en\/wp-json\/wp\/v2\/pages\/7864","targetHints":{"allow":["GET"]}}],"collection":[{"href":"https:\/\/janert.info\/en\/wp-json\/wp\/v2\/pages"}],"about":[{"href":"https:\/\/janert.info\/en\/wp-json\/wp\/v2\/types\/page"}],"author":[{"embeddable":true,"href":"https:\/\/janert.info\/en\/wp-json\/wp\/v2\/users\/3"}],"replies":[{"embeddable":true,"href":"https:\/\/janert.info\/en\/wp-json\/wp\/v2\/comments?post=7864"}],"version-history":[{"count":10,"href":"https:\/\/janert.info\/en\/wp-json\/wp\/v2\/pages\/7864\/revisions"}],"predecessor-version":[{"id":8434,"href":"https:\/\/janert.info\/en\/wp-json\/wp\/v2\/pages\/7864\/revisions\/8434"}],"wp:attachment":[{"href":"https:\/\/janert.info\/en\/wp-json\/wp\/v2\/media?parent=7864"}],"curies":[{"name":"wp","href":"https:\/\/api.w.org\/{rel}","templated":true}]}}