{"id":8283,"date":"2023-07-05T16:47:53","date_gmt":"2023-07-05T14:47:53","guid":{"rendered":"https:\/\/janert.info\/?page_id=8283"},"modified":"2023-09-09T08:56:34","modified_gmt":"2023-09-09T06:56:34","slug":"relationships-landingpage-en","status":"publish","type":"page","link":"https:\/\/janert.info\/en\/relationships-landingpage\/","title":{"rendered":"Relationships landing page"},"content":{"rendered":"<p>[et_pb_section fb_built=&#8220;1&#8243; _builder_version=&#8220;4.16&#8243; global_colors_info=&#8220;{}&#8220;][et_pb_row _builder_version=&#8220;4.16&#8243; _module_preset=&#8220;default&#8220; global_colors_info=&#8220;{}&#8220;][et_pb_column type=&#8220;4_4&#8243; _builder_version=&#8220;4.16&#8243; _module_preset=&#8220;default&#8220; global_colors_info=&#8220;{}&#8220;][et_pb_image src=&#8220;https:\/\/janert.info\/wp-content\/uploads\/2023\/09\/Beziehungen-Interaktion-HEADER.jpg&#8220; title_text=&#8220;Beziehungen &#038; Interaktion HEADER&#8220; _builder_version=&#8220;4.21.2&#8243; _module_preset=&#8220;default&#8220; global_colors_info=&#8220;{}&#8220;][\/et_pb_image][\/et_pb_column][\/et_pb_row][et_pb_row _builder_version=&#8220;4.16&#8243; width=&#8220;79.8%&#8220; global_colors_info=&#8220;{}&#8220;][et_pb_column type=&#8220;4_4&#8243; _builder_version=&#8220;4.16&#8243; custom_padding=&#8220;|||&#8220; global_colors_info=&#8220;{}&#8220; custom_padding__hover=&#8220;|||&#8220;][et_pb_text _builder_version=&#8220;4.16.0&#8243; custom_padding=&#8220;||12px|||&#8220; global_colors_info=&#8220;{}&#8220;]<\/p>\n<h2><strong><span style=\"color: #0fa3ae;\"><span style=\"color: #0fa3ae;\">Wie k\u00f6nnen wir dem Kind helfen mitzumachen?<\/span><\/span><\/strong><\/h2>\n<p>Machen Sie sich Sorgen, weil Ihr Kind<\/p>\n<ul>\n<li><span style=\"font-size: 16px;\">nicht mitmacht und <\/span><span style=\"font-size: 16px;\">kein Interesse daran hat, mit Ihnen zu spielen?<\/span><\/li>\n<li><span style=\"font-size: 16px;\">nicht kommt, wenn Sie es rufen und nicht zuh\u00f6rt, wenn Sie ihm etwas sagen?<\/span><\/li>\n<li><span style=\"font-size: 16px;\">nicht spricht, wie andere Kinder seines Alters und keine, oder nur wenige, Worte sagt?<\/span><\/li>\n<\/ul>\n<p><span style=\"font-size: 16px;\"><\/span><\/p>\n<p><span style=\"font-size: 16px;\">Dies ist ein h\u00e4ufiges Problem. Manche Kinder haben Schwierigkeiten in der grundlegenden fr\u00fchen Entwicklung mit Interesse an der Welt und Beziehungen mit anderen Menschen, mit interaktivem Spiel und Sprechen lernen. Die Erwachsenen sind oft verzweifelt, weil das Kind nicht mit ihnen spielen will und die Welt nicht zu verstehen scheint, und suchen dringend <\/span><span style=\"font-size: 16px;\">nach Unterst\u00fctzung, um ihrem Kind zu helfen.<\/span><\/p>\n<p><span>In diesem Kapitel zeige <\/span><span style=\"font-size: 16px;\">ich Ihnen, wie Sie Ihr Kind besser verstehen und die Entwicklung seines Interesses an der Welt, an Beziehungen und Sprache durch interaktives Spiel unterst\u00fctzen k\u00f6nnen.<\/span><\/p>\n<p><span><\/span><\/p>\n<h4>Ihr Kind kann lernen, mit Interesse an der Welt teilnehmen zu wollen!<\/h4>\n<p>[\/et_pb_text][et_pb_button button_url=&#8220;https:\/\/www.digistore24.com\/product\/511293&#8243; button_text=&#8220;HIER BUCHEN&#8220; button_alignment=&#8220;left&#8220; disabled_on=&#8220;off|off|off&#8220; _builder_version=&#8220;4.22.1&#8243; custom_button=&#8220;on&#8220; button_text_color=&#8220;#0fa3ae&#8220; button_bg_color=&#8220;#F1C91A&#8220; button_border_color=&#8220;rgba(0,0,0,0)&#8220; button_border_radius=&#8220;0px&#8220; button_font=&#8220;|600|||||||&#8220; custom_margin=&#8220;23px|||||&#8220; hover_enabled=&#8220;0&#8243; global_colors_info=&#8220;{}&#8220; sticky_enabled=&#8220;0&#8243;][\/et_pb_button][et_pb_text _builder_version=&#8220;4.21.0&#8243; text_font=&#8220;||||||||&#8220; text_line_height=&#8220;1.6em&#8220; custom_padding=&#8220;30px|30px|30px|30px|true|true&#8220; box_shadow_style=&#8220;preset1&#8243; global_colors_info=&#8220;{}&#8220;]<\/p>\n<h4><strong><em><img loading=\"lazy\" decoding=\"async\" src=\"https:\/\/janert.info\/wp-content\/uploads\/2022\/05\/ASDFavicon2-300x300-1-300x300.png\" width=\"58\" height=\"58\" alt=\"\" class=\"wp-image-6632 alignnone size-medium\" srcset=\"https:\/\/janert.info\/wp-content\/uploads\/2022\/05\/ASDFavicon2-300x300-1.png 300w, https:\/\/janert.info\/wp-content\/uploads\/2022\/05\/ASDFavicon2-300x300-1-150x150.png 150w, https:\/\/janert.info\/wp-content\/uploads\/2022\/05\/ASDFavicon2-300x300-1-12x12.png 12w\" sizes=\"(max-width: 58px) 100vw, 58px\" \/>\u00a0 \u00a0 <\/em><\/strong>Wir freuen uns so \u00fcber seine gute Entwicklung<\/h4>\n<p><em>Sunil war sehr passiv und an nichts interessiert. Er sprach und spielte nicht. Meist rannte er hin und her, h\u00fcpfte oder lag herum. Seine Eltern hatten Mitleid mit ihm und taten alles, was sie konnten, um es ihm leicht zu machen. Angebote f\u00fcr Verhaltenstraining hatten sie abgelehnt. Als sie von einem beziehungsorientierten Entwicklungsansatz h\u00f6rten und Floortime h\u00f6rten, waren sie erstaunt zu sehen, dass Kinder mit \u00e4hnlichen Verhaltensweisen wie Sunil sich so vorteilhaft entwickeln k\u00f6nnen.<\/em><\/p>\n<p><em style=\"font-size: 16px;\">Seine Eltern kennen sich inzwischen mit der Floortime-Entwicklungsleiter gut aus, verstehen ihr Kind viel besser und Sunil beginnt seine ersten Worte zu sprechen. M<em>it der spielerischen Hilfe seiner Eltern hat er sich in gut einem Jahr von einem passiven Kind zu einem relativ aktiven Jungen mit einigen probleml\u00f6sungs- und schelmischen F\u00e4higkeiten entwickelt. <\/em><\/em><em style=\"font-size: 16px;\">Die Eltern freuen sich: &#8222;Jetzt kann man mit ihm spielen und Spa\u00df haben. Wir freuen uns so \u00fcber seine gute Entwicklung!&#8220;\u00a0<\/em><\/p>\n<p><strong style=\"color: #0fa3ae; font-size: 16px;\">Sunil, 3 Jahre<\/strong><\/p>\n<p>Boy with autistic-like behaviours<strong style=\"color: #0fa3ae; font-size: 16px;\"><\/strong><\/p>\n<p><strong style=\"color: #0fa3ae; font-size: 16px;\"><\/strong><\/p>\n<p>[\/et_pb_text][et_pb_text _builder_version=&#8220;4.21.0&#8243; header_2_text_color=&#8220;#0fa3ae&#8220; header_3_font_size=&#8220;23px&#8220; background_color=&#8220;rgba(15,163,174,0.11)&#8220; custom_margin=&#8220;0px||0px||true|false&#8220; custom_padding=&#8220;30px|30px|30px|30px|true|true&#8220; global_colors_info=&#8220;{}&#8220;]<\/p>\n<h2>Wie k\u00f6nnen Sie Ihrem Kind helfen:<\/h2>\n<p>In diesem Kapitel betrachten wir die sozio-emotionale Entwicklung eines Kindes und wie Sie ein Kind mit autistisch-\u00e4hnlichen Verhaltensweisen, Autismus oder einer Autismusdiagnose besser verstehen und beziehungsorientiert unterst\u00fctzen k\u00f6nnen<span style=\"font-size: 16px;\">. <\/span><span style=\"font-size: 16px;\">Es enth\u00e4lt in kurzen Texten vieles, was ich seit 40 Jahren \u00fcber einen beziehungsorientieren Entwicklungsansatz und in meiner eigenen Ausbildung, unter anderem \u00fcber D<\/span><span style=\"font-size: 16px;\">IRFloortime, PLAY-Project, Self-Reg und von vielen erfahrenen KollegInnen <\/span>gelernt habe, und hier gesammelt zur Verf\u00fcgung stellen m\u00f6chte, vieles davon zum ersten Mal auf deutsch.\u00a0<\/p>\n<p>Dieses Kapitel besteht aus 9 Lektionen, in denen ich Ihnen zeige, <span style=\"font-size: 16px;\">wie Sie Ihr Kind durch interaktives Spiel dabei unterst\u00fctzen k\u00f6nnen, sein Interesse an der Welt und an Beziehungen zu entwickeln, und spielen und sprechen zu lernen. Jedes Kapitel enth\u00e4lt\u00a0<\/span><\/p>\n<ul>\n<li><span style=\"font-size: 16px;\"><strong>\u00dcberblick &amp; praktische Tipps<\/strong>, um ein Kind von einer beziehungsorientierten Perspektive zu f\u00f6rdern<\/span><\/li>\n<li><span style=\"font-size: 16px;\"><strong>Beispiele &amp; echte Geschichten<\/strong> \u00fcber die interaktiven Entwicklungsfortschritte von Kindern<\/span><\/li>\n<li><strong style=\"font-size: 16px;\">Strategien &amp; Interaktionstechniken<\/strong><span style=\"font-size: 16px;\"> zu Beziehungsaufbau und Unterst\u00fctzung von Kommunikation und Sprache<\/span><\/li>\n<li><strong>Praktische Tipps f\u00fcr interaktive Spielideen <\/strong>f\u00fcr ein freudiges Miteinander, die emotional auf das Kind eingehen<\/li>\n<li><strong>Checklisten<\/strong> als PDF zum Herunterladen<\/li>\n<\/ul>\n<p><span style=\"font-size: 16px;\">Manches in diesem Kapitel mag Sie \u00fcberraschen und Sie einladen, sich auf neue und vielleicht ungewohnte Weise auf das Kind einzulassen mit dem Ziel zu einem freudigen Miteinander zu finden, denn &#8218;wenn man ein Kind anders sieht, dann sieht man ein anderes Kind!&#8216;<\/span><span><\/span><\/p>\n<p><span><\/span><\/p>\n<h3>Lektion 1:\u00a0 \u00a0Die SOZIAL-EMOTIONALE Entwicklung von SPIEL &amp; SPRACHE<\/h3>\n<p>Beziehungen sind Der Schl\u00fcssel f\u00fcr Sprechen, Lernen und Spielen<\/p>\n<h3><span><\/span><\/h3>\n<h3>Lektion 2:\u00a0 \u00a0Das GEHIRN ver\u00e4ndert sich durch ERFAHRUNGEN<\/h3>\n<p>Das Gehirn ist ein Organ zur sozialen Anpassung<span style=\"color: #0fa3ae;\"><\/span><\/p>\n<h3>Lektion 3:\u00a0 \u00a0Die INDIVIDUELLEN UNTERSCHIEDE wertsch\u00e4tzen<\/h3>\n<p>Sensorische Verarbeitung um die Welt zu erfahren<\/p>\n<h3>Lektion 4:\u00a0 \u00a0Von KO-REGULATION zu SELBST-REGULATION<\/h3>\n<p>Sicherheit in einer Beziehung ist die Basis f\u00fcr Selbst-Regulierung<\/p>\n<h3>Lektion 5:\u00a0 \u00a0INTERESSE &amp; emotionales MITEINANDER<\/h3>\n<p>Aufmerksamkeit; sich sicher f\u00fchlen &amp; emotionale Beteiligung<\/p>\n<p><span style=\"color: #35b0b0; font-family: 'Yanone Kaffeesatz', sans-serif; font-size: 23px; letter-spacing: 1px;\">Lektion 6:\u00a0 \u00a0SPRACHENTWICKLUNG beginnt mit INTERAKTION<\/span><\/p>\n<p>Sprechen beginnt mit dem Gef\u00fchl, ohne Worte verstanden zu werden<\/p>\n<h3>Lektion 7:\u00a0 \u00a0DIALOG &amp; gemeinsame ERFAHRUNGEN<\/h3>\n<p>Intentionale emotionale Hin-und-Her-Rhythmen, Gesten &amp; erste Worte\u00a0<\/p>\n<h3>Lektion 8:\u00a0 \u00a0MEHRSPRACHIG aufwachsen<\/h3>\n<p>Sollte man Englisch, die Landes- oder die Familiensprache\/Muttersprache verwenden?<\/p>\n<h3>Lektion 9:\u00a0 \u00a0IDEEN sinnvoll VERBINDEN &amp; dar\u00fcber SPRECHEN<\/h3>\n<p>Symbole erschaffen, Worte benutzen &amp; emotionales Denken<\/p>\n<p><span><\/span><\/p>\n<p>[\/et_pb_text][et_pb_button button_url=&#8220;https:\/\/www.digistore24.com\/product\/511293&#8243; button_text=&#8220;Ja, ich m\u00f6chte anfangen&#8220; button_alignment=&#8220;left&#8220; disabled_on=&#8220;off|off|off&#8220; _builder_version=&#8220;4.22.1&#8243; custom_button=&#8220;on&#8220; button_text_color=&#8220;#0fa3ae&#8220; button_bg_color=&#8220;#F1C91A&#8220; button_border_color=&#8220;rgba(0,0,0,0)&#8220; button_border_radius=&#8220;0px&#8220; button_font=&#8220;|600|||||||&#8220; custom_margin=&#8220;23px|||||&#8220; hover_enabled=&#8220;0&#8243; global_colors_info=&#8220;{}&#8220; sticky_enabled=&#8220;0&#8243;][\/et_pb_button][et_pb_text _builder_version=&#8220;4.16.0&#8243; custom_margin=&#8220;31px||-8px|||&#8220; custom_padding=&#8220;21px|||||&#8220; global_colors_info=&#8220;{}&#8220;]<\/p>\n<h4><span>Buchen Sie den Kurs f\u00fcr nur ~ \u20ac 249.00<br \/><\/span><\/h4>\n<p>[\/et_pb_text][et_pb_text _builder_version=&#8220;4.16.0&#8243; custom_margin=&#8220;10px||||false|false&#8220; global_colors_info=&#8220;{}&#8220;]<\/p>\n<div class=\"et_pb_module et_pb_text et_pb_text_4  et_pb_text_align_left et_pb_bg_layout_light\">\n<div class=\"et_pb_text_inner\"><translate-press data-trp-translate-id=\"619\" data-trp-node-group=\"Liste von Zeichenfolgen\" class=\" trp-highlight\">Ihre Zahlung wird verschl\u00fcsselt und sicher \u00fcber den deutschen Zahlungsanbieter DigiStore24 abgewickelt.<\/translate-press><\/div>\n<div class=\"et_pb_text_inner\">14 Tage R\u00fcckgaberecht<\/div>\n<\/div>\n<div class=\"et_pb_module et_pb_text et_pb_text_5  et_pb_text_align_left et_pb_bg_layout_light\">\n<div class=\"et_pb_text_inner\"><\/div>\n<\/div>\n<p>[\/et_pb_text][et_pb_text _builder_version=&#8220;4.16.0&#8243; header_4_font_size=&#8220;24px&#8220; custom_margin=&#8220;48px||-8px|||&#8220; global_colors_info=&#8220;{}&#8220;]<\/p>\n<h4><span>Haben Sie noch Fragen?\u00a0<br \/>\u00a0<\/span><\/h4>\n<p>Schreiben Sie eine E-Mail an <a href=\"mailto:perspektiven@janert.info\" target=\"_blank\" rel=\"noopener noreferrer\"><span>\u00a0<\/span><span>perspektiven@janert.info<\/span><\/a><\/p>\n<p>[\/et_pb_text][\/et_pb_column][\/et_pb_row][\/et_pb_section]<\/p>\n<span class=\"et_bloom_bottom_trigger\"><\/span>","protected":false},"excerpt":{"rendered":"<p>Wie k\u00f6nnen wir dem Kind helfen mitzumachen? Machen Sie sich Sorgen, weil Ihr Kind nicht mitmacht und kein Interesse daran hat, mit Ihnen zu spielen? nicht kommt, wenn Sie es rufen und nicht zuh\u00f6rt, wenn Sie ihm etwas sagen? nicht spricht, wie andere Kinder seines Alters und keine, oder nur wenige, Worte sagt? Dies ist [&hellip;]<\/p>\n","protected":false},"author":3,"featured_media":0,"parent":0,"menu_order":0,"comment_status":"closed","ping_status":"closed","template":"","meta":{"_acf_changed":false,"_et_pb_use_builder":"on","_et_pb_old_content":"","_et_gb_content_width":"","footnotes":""},"class_list":["post-8283","page","type-page","status-publish","hentry"],"acf":[],"yoast_head":"<!-- This site is optimized with the Yoast SEO plugin v27.2 - https:\/\/yoast.com\/product\/yoast-seo-wordpress\/ -->\n<title>Relationships Landing-Page - Autistische Kinder<\/title>\n<meta name=\"description\" content=\"structure-autism-children-therapy-home-\" \/>\n<meta name=\"robots\" content=\"index, follow, max-snippet:-1, max-image-preview:large, max-video-preview:-1\" \/>\n<link rel=\"canonical\" href=\"https:\/\/janert.info\/en\/relationships-landingpage-en\/\" \/>\n<meta property=\"og:locale\" content=\"en_US\" \/>\n<meta property=\"og:type\" content=\"article\" \/>\n<meta property=\"og:title\" content=\"Relationships Landing-Page - Autistische Kinder\" \/>\n<meta property=\"og:description\" content=\"structure-autism-children-therapy-home-\" \/>\n<meta property=\"og:url\" content=\"https:\/\/janert.info\/en\/relationships-landingpage-en\/\" \/>\n<meta property=\"og:site_name\" content=\"Autistische Kinder\" \/>\n<meta property=\"article:modified_time\" content=\"2023-09-09T06:56:34+00:00\" \/>\n<meta property=\"og:image\" content=\"https:\/\/janert.info\/wp-content\/uploads\/2022\/05\/ASDFavicon2-300x300-1-300x300.png\" \/>\n<meta name=\"twitter:card\" content=\"summary_large_image\" \/>\n<meta name=\"twitter:label1\" content=\"Est. reading time\" \/>\n\t<meta name=\"twitter:data1\" content=\"4 minutes\" \/>\n<script type=\"application\/ld+json\" class=\"yoast-schema-graph\">{\"@context\":\"https:\/\/schema.org\",\"@graph\":[{\"@type\":\"WebPage\",\"@id\":\"https:\/\/janert.info\/relationships-landingpage\/\",\"url\":\"https:\/\/janert.info\/relationships-landingpage\/\",\"name\":\"Relationships Landing-Page - Autistische Kinder\",\"isPartOf\":{\"@id\":\"https:\/\/janert.info\/#website\"},\"primaryImageOfPage\":{\"@id\":\"https:\/\/janert.info\/relationships-landingpage\/#primaryimage\"},\"image\":{\"@id\":\"https:\/\/janert.info\/relationships-landingpage\/#primaryimage\"},\"thumbnailUrl\":\"https:\/\/janert.info\/wp-content\/uploads\/2022\/05\/ASDFavicon2-300x300-1-300x300.png\",\"datePublished\":\"2023-07-05T14:47:53+00:00\",\"dateModified\":\"2023-09-09T06:56:34+00:00\",\"description\":\"structure-autism-children-therapy-home-\",\"breadcrumb\":{\"@id\":\"https:\/\/janert.info\/relationships-landingpage\/#breadcrumb\"},\"inLanguage\":\"en-US\",\"potentialAction\":[{\"@type\":\"ReadAction\",\"target\":[\"https:\/\/janert.info\/relationships-landingpage\/\"]}]},{\"@type\":\"ImageObject\",\"inLanguage\":\"en-US\",\"@id\":\"https:\/\/janert.info\/relationships-landingpage\/#primaryimage\",\"url\":\"https:\/\/janert.info\/wp-content\/uploads\/2022\/05\/ASDFavicon2-300x300-1-300x300.png\",\"contentUrl\":\"https:\/\/janert.info\/wp-content\/uploads\/2022\/05\/ASDFavicon2-300x300-1-300x300.png\"},{\"@type\":\"BreadcrumbList\",\"@id\":\"https:\/\/janert.info\/relationships-landingpage\/#breadcrumb\",\"itemListElement\":[{\"@type\":\"ListItem\",\"position\":1,\"name\":\"Startseite\",\"item\":\"https:\/\/janert.info\/\"},{\"@type\":\"ListItem\",\"position\":2,\"name\":\"Relationships Landing-Page\"}]},{\"@type\":\"WebSite\",\"@id\":\"https:\/\/janert.info\/#website\",\"url\":\"https:\/\/janert.info\/\",\"name\":\"Autistische Kinder\",\"description\":\"beziehungs-orientiert behandeln\",\"potentialAction\":[{\"@type\":\"SearchAction\",\"target\":{\"@type\":\"EntryPoint\",\"urlTemplate\":\"https:\/\/janert.info\/?s={search_term_string}\"},\"query-input\":{\"@type\":\"PropertyValueSpecification\",\"valueRequired\":true,\"valueName\":\"search_term_string\"}}],\"inLanguage\":\"en-US\"}]}<\/script>\n<!-- \/ Yoast SEO plugin. -->","yoast_head_json":{"title":"Relationships landing page - Autistic children","description":"structure-autism-children-therapy-home-","robots":{"index":"index","follow":"follow","max-snippet":"max-snippet:-1","max-image-preview":"max-image-preview:large","max-video-preview":"max-video-preview:-1"},"canonical":"https:\/\/janert.info\/en\/relationships-landingpage-en\/","og_locale":"en_US","og_type":"article","og_title":"Relationships Landing-Page - Autistische Kinder","og_description":"structure-autism-children-therapy-home-","og_url":"https:\/\/janert.info\/en\/relationships-landingpage-en\/","og_site_name":"Autistische Kinder","article_modified_time":"2023-09-09T06:56:34+00:00","og_image":[{"url":"https:\/\/janert.info\/wp-content\/uploads\/2022\/05\/ASDFavicon2-300x300-1-300x300.png","type":"","width":"","height":""}],"twitter_card":"summary_large_image","twitter_misc":{"Est. reading time":"4 minutes"},"schema":{"@context":"https:\/\/schema.org","@graph":[{"@type":"WebPage","@id":"https:\/\/janert.info\/relationships-landingpage\/","url":"https:\/\/janert.info\/relationships-landingpage\/","name":"Relationships landing page - Autistic children","isPartOf":{"@id":"https:\/\/janert.info\/#website"},"primaryImageOfPage":{"@id":"https:\/\/janert.info\/relationships-landingpage\/#primaryimage"},"image":{"@id":"https:\/\/janert.info\/relationships-landingpage\/#primaryimage"},"thumbnailUrl":"https:\/\/janert.info\/wp-content\/uploads\/2022\/05\/ASDFavicon2-300x300-1-300x300.png","datePublished":"2023-07-05T14:47:53+00:00","dateModified":"2023-09-09T06:56:34+00:00","description":"structure-autism-children-therapy-home-","breadcrumb":{"@id":"https:\/\/janert.info\/relationships-landingpage\/#breadcrumb"},"inLanguage":"en-US","potentialAction":[{"@type":"ReadAction","target":["https:\/\/janert.info\/relationships-landingpage\/"]}]},{"@type":"ImageObject","inLanguage":"en-US","@id":"https:\/\/janert.info\/relationships-landingpage\/#primaryimage","url":"https:\/\/janert.info\/wp-content\/uploads\/2022\/05\/ASDFavicon2-300x300-1-300x300.png","contentUrl":"https:\/\/janert.info\/wp-content\/uploads\/2022\/05\/ASDFavicon2-300x300-1-300x300.png"},{"@type":"BreadcrumbList","@id":"https:\/\/janert.info\/relationships-landingpage\/#breadcrumb","itemListElement":[{"@type":"ListItem","position":1,"name":"Startseite","item":"https:\/\/janert.info\/"},{"@type":"ListItem","position":2,"name":"Relationships Landing-Page"}]},{"@type":"WebSite","@id":"https:\/\/janert.info\/#website","url":"https:\/\/janert.info\/","name":"Autistic children","description":"treat relationship-oriented","potentialAction":[{"@type":"SearchAction","target":{"@type":"EntryPoint","urlTemplate":"https:\/\/janert.info\/?s={search_term_string}"},"query-input":{"@type":"PropertyValueSpecification","valueRequired":true,"valueName":"search_term_string"}}],"inLanguage":"en-US"}]}},"_links":{"self":[{"href":"https:\/\/janert.info\/en\/wp-json\/wp\/v2\/pages\/8283","targetHints":{"allow":["GET"]}}],"collection":[{"href":"https:\/\/janert.info\/en\/wp-json\/wp\/v2\/pages"}],"about":[{"href":"https:\/\/janert.info\/en\/wp-json\/wp\/v2\/types\/page"}],"author":[{"embeddable":true,"href":"https:\/\/janert.info\/en\/wp-json\/wp\/v2\/users\/3"}],"replies":[{"embeddable":true,"href":"https:\/\/janert.info\/en\/wp-json\/wp\/v2\/comments?post=8283"}],"version-history":[{"count":9,"href":"https:\/\/janert.info\/en\/wp-json\/wp\/v2\/pages\/8283\/revisions"}],"predecessor-version":[{"id":8656,"href":"https:\/\/janert.info\/en\/wp-json\/wp\/v2\/pages\/8283\/revisions\/8656"}],"wp:attachment":[{"href":"https:\/\/janert.info\/en\/wp-json\/wp\/v2\/media?parent=8283"}],"curies":[{"name":"wp","href":"https:\/\/api.w.org\/{rel}","templated":true}]}}