{"id":8456,"date":"2023-08-06T10:06:49","date_gmt":"2023-08-06T08:06:49","guid":{"rendered":"https:\/\/janert.info\/?page_id=8456"},"modified":"2023-08-06T11:07:27","modified_gmt":"2023-08-06T09:07:27","slug":"community-3","status":"publish","type":"page","link":"https:\/\/janert.info\/en\/webinar-anmeldung-2\/","title":{"rendered":"WEBINAR Early game - Registration"},"content":{"rendered":"<p>[et_pb_section fb_built=&#8220;1&#8243; admin_label=&#8220;Hero Section&#8220; _builder_version=&#8220;4.16&#8243; background_color=&#8220;#05896a&#8220; use_background_color_gradient=&#8220;on&#8220; background_color_gradient_direction=&#8220;1deg&#8220; background_color_gradient_stops=&#8220;#0fa3ae 0%|#0fa3ae 100%&#8220; background_color_gradient_start=&#8220;#0fa3ae&#8220; background_color_gradient_end=&#8220;#0fa3ae&#8220; custom_padding=&#8220;0||0||true|false&#8220; animation_style=&#8220;slide&#8220; animation_direction=&#8220;top&#8220; animation_intensity_slide=&#8220;2%&#8220; animation_starting_opacity=&#8220;100%&#8220; box_shadow_style=&#8220;preset7&#8243; box_shadow_horizontal=&#8220;0px&#8220; box_shadow_vertical=&#8220;-120px&#8220; box_shadow_color=&#8220;#ffffff&#8220; locked=&#8220;off&#8220; global_colors_info=&#8220;{}&#8220;][et_pb_row column_structure=&#8220;1_2,1_2&#8243; _builder_version=&#8220;4.16&#8243; background_size=&#8220;initial&#8220; background_position=&#8220;top_left&#8220; background_repeat=&#8220;repeat&#8220; custom_padding=&#8220;40px|0px|0|0px|false|false&#8220; custom_width_px=&#8220;1440px&#8220; global_colors_info=&#8220;{}&#8220;][et_pb_column type=&#8220;1_2&#8243; _builder_version=&#8220;4.16&#8243; custom_padding=&#8220;|||&#8220; global_colors_info=&#8220;{}&#8220; custom_padding__hover=&#8220;|||&#8220;][et_pb_text _builder_version=&#8220;4.16&#8243; text_font=&#8220;||||||||&#8220; header_font=&#8220;Yanone Kaffeesatz||||||||&#8220; header_text_color=&#8220;#fbd302&#8243; header_font_size=&#8220;58px&#8220; header_line_height=&#8220;1.5em&#8220; header_2_font=&#8220;||||||||&#8220; header_3_font=&#8220;||||||||&#8220; header_4_font=&#8220;||||||||&#8220; header_5_font=&#8220;||||||||&#8220; header_6_font=&#8220;||||||||&#8220; background_color=&#8220;rgba(255,255,255,0)&#8220; background_size=&#8220;initial&#8220; background_position=&#8220;top_left&#8220; background_repeat=&#8220;repeat&#8220; min_height=&#8220;101px&#8220; custom_margin=&#8220;||6px|&#8220; locked=&#8220;off&#8220; inline_fonts=&#8220;Yanone Kaffeesatz&#8220; global_colors_info=&#8220;{}&#8220;]<\/p>\n<h1>WEBINAR\u00a0 &amp; DISKUSSIONSRUNDE\u00a0<\/h1>\n<h1><\/h1>\n<h1><\/h1>\n<p>&nbsp;<\/p>\n<p>[\/et_pb_text][et_pb_text _builder_version=&#8220;4.16.0&#8243; _module_preset=&#8220;default&#8220; global_colors_info=&#8220;{}&#8220;][\/et_pb_text][et_pb_divider show_divider=&#8220;off&#8220; disabled_on=&#8220;on|on|off&#8220; _builder_version=&#8220;4.16&#8243; max_width=&#8220;80px&#8220; module_alignment=&#8220;left&#8220; height=&#8220;10px&#8220; custom_margin=&#8220;||20px|&#8220; animation_style=&#8220;slide&#8220; animation_direction=&#8220;bottom&#8220; saved_tabs=&#8220;all&#8220; locked=&#8220;off&#8220; global_colors_info=&#8220;{}&#8220;][\/et_pb_divider][\/et_pb_column][et_pb_column type=&#8220;1_2&#8243; _builder_version=&#8220;4.16&#8243; custom_padding=&#8220;|||&#8220; global_colors_info=&#8220;{}&#8220; custom_padding__hover=&#8220;|||&#8220;][et_pb_image src=&#8220;https:\/\/janert.info\/wp-content\/uploads\/2023\/08\/Kind-als-Superhero-e1691312762610.jpg&#8220; title_text=&#8220;Kind als Superhero&#8220; force_fullwidth=&#8220;on&#8220; _builder_version=&#8220;4.21.0&#8243; background_color=&#8220;#35B0B0&#8243; custom_margin=&#8220;|||&#8220; custom_padding=&#8220;|||&#8220; animation_style=&#8220;slide&#8220; animation_direction=&#8220;top&#8220; animation_intensity_slide=&#8220;6%&#8220; animation_starting_opacity=&#8220;100%&#8220; hover_enabled=&#8220;0&#8243; border_color_all=&#8220;#35B0B0&#8243; box_shadow_style=&#8220;preset1&#8243; box_shadow_horizontal=&#8220;-3px&#8220; box_shadow_color=&#8220;rgba(0,0,0,0.2)&#8220; always_center_on_mobile=&#8220;off&#8220; global_colors_info=&#8220;{}&#8220; sticky_enabled=&#8220;0&#8243;][\/et_pb_image][\/et_pb_column][\/et_pb_row][\/et_pb_section][et_pb_section fb_built=&#8220;1&#8243; _builder_version=&#8220;4.16&#8243; global_colors_info=&#8220;{}&#8220;][et_pb_row disabled_on=&#8220;off|off|off&#8220; module_id=&#8220;community&#8220; _builder_version=&#8220;4.16.0&#8243; _module_preset=&#8220;default&#8220; custom_padding=&#8220;|20px|3px|20px|false|true&#8220; border_width_all=&#8220;2px&#8220; border_color_all=&#8220;#35B0B0&#8243; global_colors_info=&#8220;{}&#8220;][et_pb_column type=&#8220;4_4&#8243; _builder_version=&#8220;4.16.0&#8243; _module_preset=&#8220;default&#8220; global_colors_info=&#8220;{}&#8220;][et_pb_blurb icon_placement=&#8220;left&#8220; content_max_width=&#8220;1100px&#8220; _builder_version=&#8220;4.21.0&#8243; _module_preset=&#8220;default&#8220; custom_margin=&#8220;0px||0px||true|false&#8220; custom_padding=&#8220;4px||4px||true|false&#8220; global_colors_info=&#8220;{}&#8220;]<\/p>\n<div><\/div>\n<div><\/div>\n<div><\/div>\n<div>\n<h2>WEBINAR &amp; DISCUSSIONSRUNDE: Fr\u00fches Spiel und kreative Spielideen<\/h2>\n<\/div>\n<p>[\/et_pb_blurb][et_pb_text _builder_version=&#8220;4.21.0&#8243; _module_preset=&#8220;default&#8220; hover_enabled=&#8220;0&#8243; sticky_enabled=&#8220;0&#8243;]<\/p>\n<ul>\n<li><span style=\"font-weight: inherit;\">Gehen dir manchmal die Ideen aus, wie sich dein Spiel mit einem Kind kreativ gestalten oder erweitern lie\u00dfe? <\/span><\/li>\n<li><span style=\"font-weight: inherit;\">Wie ist das mit einem Kind, das immer nur rumrennt und sich nicht f\u00fcr dich oder deine Spielangebote interessiert? <\/span><\/li>\n<li><span style=\"font-weight: inherit;\">Was braucht dieses Kind von uns? <\/span><\/li>\n<\/ul>\n<p><span style=\"font-weight: inherit;\">Oft stellt sich das Gef\u00fchl ein, man m\u00fcsse sich nur mehr oder andere Spielsachen zulegen, dann w\u00fcrde das Kind schon Interesse zeigen und sich freudig zuwenden. Aber in Wirklichkeit ist auch hier weniger oft mehr. <\/span><\/p>\n<p><span style=\"font-weight: inherit;\">Die L\u00f6sung ist meist sowohl viel einfacher und gleichzeitig involvierter als anfangs gedacht. Denn sie erfordert die Bereitschaft, vorgefa\u00dfte Ideen loszulassen (das ist der schwierigste Teil!) und sich emotional ganz auf dieses einzigartige Kind und seine Interessen einzustellen und sich dort &#8218;einzuf\u00e4deln&#8216;. <\/span><\/p>\n<p><span style=\"font-weight: inherit;\">Das ist eigentlich ganz einfach. Aber dann wieder auch nicht, denn was genau sind eigentlich die Ideen\/ Interessen des Kindes? Was interessiert ihn so an Autos oder Herumrennen? Handelt es sich da \u00fcberhaupt um Interessen? Oder sind es vielleicht Anzeichen von Leerlauf oder stressbedingte Ersatzhandlungen? F\u00fchlt sich das Kind vielleicht von unseren Angeboten und Erwartungen gestre\u00dft? Wie k\u00f6nnen wir hierauf eingehen? <\/span><\/p>\n<p><span style=\"font-weight: inherit;\">Um solche Fragen mit Beispielen von TeilnehmerInnen und praktische Tipps und Ideen f\u00fcr interaktives Spiel geht es in diesen Diskussionsrunden, von denen jedes Webinar deswegen andere Themen, Tipps und Fragen beleuchtet und behandelt.<\/span><\/p>\n<p>[\/et_pb_text][et_pb_text _builder_version=&#8220;4.16.0&#8243; _module_preset=&#8220;default&#8220; custom_margin=&#8220;||23px|||&#8220; custom_padding=&#8220;15px||||false|false&#8220; global_colors_info=&#8220;{}&#8220;]<\/p>\n<p><strong><span style=\"font-weight: inherit;\">Maximale Teilnehmerzahl: 24<br \/>Teilnahmegeb\u00fchr: \u20ac 45,00 <br \/><\/span><\/strong>Du erh\u00e4lst den Zoomlink 1-2 Tage vor dem Webinar.<\/p>\n<p><span style=\"font-size: 16px;\"><\/span><\/p>\n<p>[\/et_pb_text][\/et_pb_column][\/et_pb_row][et_pb_row column_structure=&#8220;2_5,3_5&#8243; disabled_on=&#8220;off|off|off&#8220; _builder_version=&#8220;4.18.0&#8243; _module_preset=&#8220;default&#8220; custom_padding=&#8220;11px||5px|||&#8220; global_colors_info=&#8220;{}&#8220;][et_pb_column type=&#8220;2_5&#8243; _builder_version=&#8220;4.18.0&#8243; _module_preset=&#8220;default&#8220; global_colors_info=&#8220;{}&#8220;][et_pb_button button_url=&#8220;https:\/\/www.digistore24.com\/product\/503021&#8243; button_text=&#8220;Hier WEBINAR buchen&#8220; button_alignment=&#8220;left&#8220; disabled_on=&#8220;off|off|off&#8220; _builder_version=&#8220;4.21.0&#8243; custom_button=&#8220;on&#8220; button_text_color=&#8220;#FBD302&#8243; button_bg_color=&#8220;#0FA3AE&#8220; button_border_color=&#8220;#0FA3AE&#8220; button_font=&#8220;||||||||&#8220; custom_margin=&#8220;28px|||||&#8220; global_colors_info=&#8220;{}&#8220; hover_enabled=&#8220;0&#8243; sticky_enabled=&#8220;0&#8243;][\/et_pb_button][\/et_pb_column][et_pb_column type=&#8220;3_5&#8243; _builder_version=&#8220;4.18.0&#8243; _module_preset=&#8220;default&#8220; global_colors_info=&#8220;{}&#8220;][et_pb_text _builder_version=&#8220;4.16.0&#8243; _module_preset=&#8220;default&#8220; text_font_size=&#8220;14px&#8220; custom_margin=&#8220;-20px||||false|false&#8220; custom_padding=&#8220;3px|||||&#8220; global_colors_info=&#8220;{}&#8220;][\/et_pb_text][et_pb_text _builder_version=&#8220;4.16.0&#8243; _module_preset=&#8220;default&#8220; text_font_size=&#8220;14px&#8220; custom_margin=&#8220;-20px||||false|false&#8220; global_colors_info=&#8220;{}&#8220;]<\/p>\n<p>Sie werden weitergeleitet zum Zahlungsanbieter Digistore24.<\/p>\n<p>[\/et_pb_text][et_pb_text _builder_version=&#8220;4.18.0&#8243; _module_preset=&#8220;default&#8220; text_font_size=&#8220;14px&#8220; custom_margin=&#8220;-20px||||false|false&#8220; global_colors_info=&#8220;{}&#8220;][\/et_pb_text][\/et_pb_column][\/et_pb_row][\/et_pb_section]<\/p>\n<span class=\"et_bloom_bottom_trigger\"><\/span>","protected":false},"excerpt":{"rendered":"<p>WEBINAR\u00a0 &amp; DISKUSSIONSRUNDE\u00a0 &nbsp; WEBINAR &amp; DISCUSSIONSRUNDE: Fr\u00fches Spiel und kreative Spielideen Gehen dir manchmal die Ideen aus, wie sich dein Spiel mit einem Kind kreativ gestalten oder erweitern lie\u00dfe? Wie ist das mit einem Kind, das immer nur rumrennt und sich nicht f\u00fcr dich oder deine Spielangebote interessiert? Was braucht dieses Kind von uns? [&hellip;]<\/p>\n","protected":false},"author":11,"featured_media":0,"parent":0,"menu_order":0,"comment_status":"closed","ping_status":"closed","template":"","meta":{"_acf_changed":false,"_et_pb_use_builder":"on","_et_pb_old_content":"","_et_gb_content_width":"","footnotes":""},"class_list":["post-8456","page","type-page","status-publish","hentry"],"acf":[],"yoast_head":"<!-- This site is optimized with the Yoast SEO plugin v27.3 - https:\/\/yoast.com\/product\/yoast-seo-wordpress\/ -->\n<title>WEBINAR Fr\u00fches Spiel - Anmeldung - Autistische Kinder<\/title>\n<meta name=\"robots\" content=\"index, follow, max-snippet:-1, max-image-preview:large, max-video-preview:-1\" \/>\n<link rel=\"canonical\" href=\"https:\/\/janert.info\/en\/community-3\/\" \/>\n<meta property=\"og:locale\" content=\"en_US\" \/>\n<meta property=\"og:type\" content=\"article\" \/>\n<meta property=\"og:title\" content=\"WEBINAR Fr\u00fches Spiel - Anmeldung - Autistische Kinder\" \/>\n<meta property=\"og:description\" content=\"WEBINAR\u00a0 &amp; DISKUSSIONSRUNDE\u00a0 &nbsp; WEBINAR &amp; DISCUSSIONSRUNDE: Fr\u00fches Spiel und kreative Spielideen Gehen dir manchmal die Ideen aus, wie sich dein Spiel mit einem Kind kreativ gestalten oder erweitern lie\u00dfe? Wie ist das mit einem Kind, das immer nur rumrennt und sich nicht f\u00fcr dich oder deine Spielangebote interessiert? Was braucht dieses Kind von uns? [&hellip;]\" \/>\n<meta property=\"og:url\" content=\"https:\/\/janert.info\/en\/community-3\/\" \/>\n<meta property=\"og:site_name\" content=\"Autistische Kinder\" \/>\n<meta property=\"article:modified_time\" content=\"2023-08-06T09:07:27+00:00\" \/>\n<meta name=\"twitter:card\" content=\"summary_large_image\" \/>\n<meta name=\"twitter:label1\" content=\"Est. reading time\" \/>\n\t<meta name=\"twitter:data1\" content=\"2 minutes\" \/>\n<script type=\"application\/ld+json\" class=\"yoast-schema-graph\">{\"@context\":\"https:\\\/\\\/schema.org\",\"@graph\":[{\"@type\":\"WebPage\",\"@id\":\"https:\\\/\\\/janert.info\\\/webinar-anmeldung-2\\\/\",\"url\":\"https:\\\/\\\/janert.info\\\/webinar-anmeldung-2\\\/\",\"name\":\"WEBINAR Fr\u00fches Spiel - Anmeldung - Autistische Kinder\",\"isPartOf\":{\"@id\":\"https:\\\/\\\/janert.info\\\/#website\"},\"datePublished\":\"2023-08-06T08:06:49+00:00\",\"dateModified\":\"2023-08-06T09:07:27+00:00\",\"breadcrumb\":{\"@id\":\"https:\\\/\\\/janert.info\\\/webinar-anmeldung-2\\\/#breadcrumb\"},\"inLanguage\":\"en-US\",\"potentialAction\":[{\"@type\":\"ReadAction\",\"target\":[\"https:\\\/\\\/janert.info\\\/webinar-anmeldung-2\\\/\"]}]},{\"@type\":\"BreadcrumbList\",\"@id\":\"https:\\\/\\\/janert.info\\\/webinar-anmeldung-2\\\/#breadcrumb\",\"itemListElement\":[{\"@type\":\"ListItem\",\"position\":1,\"name\":\"Startseite\",\"item\":\"https:\\\/\\\/janert.info\\\/\"},{\"@type\":\"ListItem\",\"position\":2,\"name\":\"WEBINAR Fr\u00fches Spiel &#8211; Anmeldung\"}]},{\"@type\":\"WebSite\",\"@id\":\"https:\\\/\\\/janert.info\\\/#website\",\"url\":\"https:\\\/\\\/janert.info\\\/\",\"name\":\"Autistische Kinder\",\"description\":\"beziehungs-orientiert behandeln\",\"potentialAction\":[{\"@type\":\"SearchAction\",\"target\":{\"@type\":\"EntryPoint\",\"urlTemplate\":\"https:\\\/\\\/janert.info\\\/?s={search_term_string}\"},\"query-input\":{\"@type\":\"PropertyValueSpecification\",\"valueRequired\":true,\"valueName\":\"search_term_string\"}}],\"inLanguage\":\"en-US\"}]}<\/script>\n<!-- \/ Yoast SEO plugin. -->","yoast_head_json":{"title":"WEBINAR Early Play - Registration - Autistic Children","robots":{"index":"index","follow":"follow","max-snippet":"max-snippet:-1","max-image-preview":"max-image-preview:large","max-video-preview":"max-video-preview:-1"},"canonical":"https:\/\/janert.info\/en\/community-3\/","og_locale":"en_US","og_type":"article","og_title":"WEBINAR Fr\u00fches Spiel - Anmeldung - Autistische Kinder","og_description":"WEBINAR\u00a0 &amp; DISKUSSIONSRUNDE\u00a0 &nbsp; WEBINAR &amp; DISCUSSIONSRUNDE: Fr\u00fches Spiel und kreative Spielideen Gehen dir manchmal die Ideen aus, wie sich dein Spiel mit einem Kind kreativ gestalten oder erweitern lie\u00dfe? Wie ist das mit einem Kind, das immer nur rumrennt und sich nicht f\u00fcr dich oder deine Spielangebote interessiert? Was braucht dieses Kind von uns? [&hellip;]","og_url":"https:\/\/janert.info\/en\/community-3\/","og_site_name":"Autistische Kinder","article_modified_time":"2023-08-06T09:07:27+00:00","twitter_card":"summary_large_image","twitter_misc":{"Est. reading time":"2 minutes"},"schema":{"@context":"https:\/\/schema.org","@graph":[{"@type":"WebPage","@id":"https:\/\/janert.info\/webinar-anmeldung-2\/","url":"https:\/\/janert.info\/webinar-anmeldung-2\/","name":"WEBINAR Early Play - Registration - Autistic Children","isPartOf":{"@id":"https:\/\/janert.info\/#website"},"datePublished":"2023-08-06T08:06:49+00:00","dateModified":"2023-08-06T09:07:27+00:00","breadcrumb":{"@id":"https:\/\/janert.info\/webinar-anmeldung-2\/#breadcrumb"},"inLanguage":"en-US","potentialAction":[{"@type":"ReadAction","target":["https:\/\/janert.info\/webinar-anmeldung-2\/"]}]},{"@type":"BreadcrumbList","@id":"https:\/\/janert.info\/webinar-anmeldung-2\/#breadcrumb","itemListElement":[{"@type":"ListItem","position":1,"name":"Startseite","item":"https:\/\/janert.info\/"},{"@type":"ListItem","position":2,"name":"WEBINAR Fr\u00fches Spiel &#8211; Anmeldung"}]},{"@type":"WebSite","@id":"https:\/\/janert.info\/#website","url":"https:\/\/janert.info\/","name":"Autistic children","description":"treat relationship-oriented","potentialAction":[{"@type":"SearchAction","target":{"@type":"EntryPoint","urlTemplate":"https:\/\/janert.info\/?s={search_term_string}"},"query-input":{"@type":"PropertyValueSpecification","valueRequired":true,"valueName":"search_term_string"}}],"inLanguage":"en-US"}]}},"_links":{"self":[{"href":"https:\/\/janert.info\/en\/wp-json\/wp\/v2\/pages\/8456","targetHints":{"allow":["GET"]}}],"collection":[{"href":"https:\/\/janert.info\/en\/wp-json\/wp\/v2\/pages"}],"about":[{"href":"https:\/\/janert.info\/en\/wp-json\/wp\/v2\/types\/page"}],"author":[{"embeddable":true,"href":"https:\/\/janert.info\/en\/wp-json\/wp\/v2\/users\/11"}],"replies":[{"embeddable":true,"href":"https:\/\/janert.info\/en\/wp-json\/wp\/v2\/comments?post=8456"}],"version-history":[{"count":7,"href":"https:\/\/janert.info\/en\/wp-json\/wp\/v2\/pages\/8456\/revisions"}],"predecessor-version":[{"id":8474,"href":"https:\/\/janert.info\/en\/wp-json\/wp\/v2\/pages\/8456\/revisions\/8474"}],"wp:attachment":[{"href":"https:\/\/janert.info\/en\/wp-json\/wp\/v2\/media?parent=8456"}],"curies":[{"name":"wp","href":"https:\/\/api.w.org\/{rel}","templated":true}]}}