{"id":8476,"date":"2023-08-06T11:08:36","date_gmt":"2023-08-06T09:08:36","guid":{"rendered":"https:\/\/janert.info\/?page_id=8476"},"modified":"2025-12-08T11:06:09","modified_gmt":"2025-12-08T10:06:09","slug":"community-4","status":"publish","type":"page","link":"https:\/\/janert.info\/en\/webinar-toiletten-training-anmeldung\/","title":{"rendered":"TOILET TRAINING webinar - Registration"},"content":{"rendered":"<p>[et_pb_section fb_built=&#8220;1&#8243; admin_label=&#8220;Hero Section&#8220; _builder_version=&#8220;4.16&#8243; background_color=&#8220;#05896a&#8220; use_background_color_gradient=&#8220;on&#8220; background_color_gradient_direction=&#8220;1deg&#8220; background_color_gradient_stops=&#8220;#0fa3ae 0%|#0fa3ae 100%&#8220; background_color_gradient_start=&#8220;#0fa3ae&#8220; background_color_gradient_end=&#8220;#0fa3ae&#8220; min_height=&#8220;477.4px&#8220; custom_margin=&#8220;||-40px|||&#8220; custom_padding=&#8220;81px||81px||true|false&#8220; animation_style=&#8220;slide&#8220; animation_direction=&#8220;top&#8220; animation_intensity_slide=&#8220;2%&#8220; animation_starting_opacity=&#8220;100%&#8220; box_shadow_style=&#8220;preset7&#8243; box_shadow_horizontal=&#8220;0px&#8220; box_shadow_vertical=&#8220;-120px&#8220; box_shadow_color=&#8220;#ffffff&#8220; locked=&#8220;off&#8220; global_colors_info=&#8220;{}&#8220;][et_pb_row column_structure=&#8220;1_2,1_2&#8243; _builder_version=&#8220;4.16&#8243; background_size=&#8220;initial&#8220; background_position=&#8220;top_left&#8220; background_repeat=&#8220;repeat&#8220; custom_padding=&#8220;40px|0px|31px|0px|false|false&#8220; custom_width_px=&#8220;1440px&#8220; global_colors_info=&#8220;{}&#8220;][et_pb_column type=&#8220;1_2&#8243; _builder_version=&#8220;4.16&#8243; custom_padding=&#8220;|||&#8220; global_colors_info=&#8220;{}&#8220; custom_padding__hover=&#8220;|||&#8220;][et_pb_text _builder_version=&#8220;4.16&#8243; text_font=&#8220;||||||||&#8220; header_font=&#8220;Yanone Kaffeesatz||||||||&#8220; header_text_color=&#8220;#fbd302&#8243; header_font_size=&#8220;58px&#8220; header_line_height=&#8220;1.5em&#8220; header_2_font=&#8220;||||||||&#8220; header_3_font=&#8220;||||||||&#8220; header_4_font=&#8220;||||||||&#8220; header_5_font=&#8220;||||||||&#8220; header_6_font=&#8220;||||||||&#8220; background_color=&#8220;rgba(255,255,255,0)&#8220; background_size=&#8220;initial&#8220; background_position=&#8220;top_left&#8220; background_repeat=&#8220;repeat&#8220; min_height=&#8220;101px&#8220; custom_margin=&#8220;||6px|&#8220; locked=&#8220;off&#8220; inline_fonts=&#8220;Yanone Kaffeesatz&#8220; global_colors_info=&#8220;{}&#8220;]<\/p>\n<h1>Toiletten-Training: WEBINAR\u00a0 &amp; DISKUSSIONSRUNDE\u00a0<\/h1>\n<h1><\/h1>\n<h1><\/h1>\n<p>&nbsp;<\/p>\n<p>[\/et_pb_text][\/et_pb_column][et_pb_column type=&#8220;1_2&#8243; _builder_version=&#8220;4.16&#8243; custom_padding=&#8220;|||&#8220; global_colors_info=&#8220;{}&#8220; custom_padding__hover=&#8220;|||&#8220;][et_pb_image src=&#8220;https:\/\/janert.info\/wp-content\/uploads\/2023\/08\/Toilet-training-3.jpg&#8220; title_text=&#8220;Toilet training 3&#8243; force_fullwidth=&#8220;on&#8220; _builder_version=&#8220;4.21.0&#8243; background_color=&#8220;#35B0B0&#8243; custom_margin=&#8220;|||&#8220; custom_padding=&#8220;|||&#8220; animation_style=&#8220;slide&#8220; animation_direction=&#8220;top&#8220; animation_intensity_slide=&#8220;6%&#8220; animation_starting_opacity=&#8220;100%&#8220; border_color_all=&#8220;#35B0B0&#8243; box_shadow_style=&#8220;preset1&#8243; box_shadow_horizontal=&#8220;-3px&#8220; box_shadow_color=&#8220;rgba(0,0,0,0.2)&#8220; always_center_on_mobile=&#8220;off&#8220; global_colors_info=&#8220;{}&#8220;][\/et_pb_image][\/et_pb_column][\/et_pb_row][\/et_pb_section][et_pb_section fb_built=&#8220;1&#8243; _builder_version=&#8220;4.16&#8243; global_colors_info=&#8220;{}&#8220;][et_pb_row disabled_on=&#8220;off|off|off&#8220; module_id=&#8220;community&#8220; _builder_version=&#8220;4.16.0&#8243; _module_preset=&#8220;default&#8220; custom_padding=&#8220;|20px|3px|20px|false|true&#8220; border_width_all=&#8220;2px&#8220; border_color_all=&#8220;#35B0B0&#8243; global_colors_info=&#8220;{}&#8220;][et_pb_column type=&#8220;4_4&#8243; _builder_version=&#8220;4.16.0&#8243; _module_preset=&#8220;default&#8220; global_colors_info=&#8220;{}&#8220;][et_pb_blurb icon_placement=&#8220;left&#8220; content_max_width=&#8220;1100px&#8220; _builder_version=&#8220;4.21.0&#8243; _module_preset=&#8220;default&#8220; custom_margin=&#8220;0px||0px||true|false&#8220; custom_padding=&#8220;4px||4px||true|false&#8220; global_colors_info=&#8220;{}&#8220;]<\/p>\n<div><\/div>\n<div><\/div>\n<div><\/div>\n<div>\n<h2>WEBINAR &amp; DISKUSSIONSRUNDE: Toilettentraining ist mehr als PO aufs KLO!<\/h2>\n<\/div>\n<p>[\/et_pb_blurb][et_pb_text _builder_version=&#8220;4.16&#8243; text_font=&#8220;||||||||&#8220; text_line_height=&#8220;1.6em&#8220; custom_margin=&#8220;||26px|||&#8220; custom_padding=&#8220;30px|30px|30px|30px|true|true&#8220; box_shadow_style=&#8220;preset1&#8243; global_colors_info=&#8220;{}&#8220;]<\/p>\n<h4><strong><em><img loading=\"lazy\" decoding=\"async\" src=\"https:\/\/janert.info\/wp-content\/uploads\/2019\/05\/AKBBFavicon-300x300.png\" alt=\"Autistischen Kindern Bruecken Bauen\" class=\"wp-image-3051 alignnone size-medium\" width=\"67\" height=\"67\" srcset=\"https:\/\/janert.info\/wp-content\/uploads\/2019\/05\/AKBBFavicon-300x300.png 300w, https:\/\/janert.info\/wp-content\/uploads\/2019\/05\/AKBBFavicon-150x150.png 150w, https:\/\/janert.info\/wp-content\/uploads\/2019\/05\/AKBBFavicon.png 512w\" sizes=\"(max-width: 67px) 100vw, 67px\" \/><\/em><\/strong>\u201eIch betrachte Toilettentraining jetzt auf eine ganz andere Art und Weise\u201c<\/h4>\n<p><em>&#8218;Wir waren mit dem Versuch, Navid (4,5 Jahre) auf die Toilette zu bringen, v\u00f6llig \u00fcberfordert, bis wir Sie kennenlernten. Ich betrachte das Toilettentraining jetzt auf eine ganz andere Art und Weise. Ich habe mir fr\u00fcher Sorgen gemacht, dass Navids Diagnose und die Tatsache, dass er weder spricht noch zuh\u00f6rt, bedeutet, dass er nicht auf die Toilette gehen kann. Jetzt wei\u00df ich, dass das Erlernen der Toilette eine komplexe Angelegenheit und eine Beziehungsfrage ist, bei der es nicht nur um Gehorsam und Verhaltenstraining geht, sondern vor allem um Gef\u00fchle, Empfindungen und Beziehungen. Navid war so \u00fcberrascht, als ich einfach sagte: \u201eAh, du machst Kacka!\u201c, anstatt ihm eilig die Windel zu wechseln. Man konnte f\u00f6rmlich sehen, dass ihn das zum Nachdenken brachte. Ihm wurde klar, dass er das Gef\u00fchl nicht mochte und dass er etwas \u00e4ndern wollte. Das war definitiv der Anfang, dass er auf die Toilette gehen konnte. Anstatt ihm zu sagen, was er tun soll, konzentrierte ich mich darauf, Navid dabei zu unterst\u00fctzen, herauszufinden, wie alles funktioniert: sein K\u00f6rper, seine Empfindungen, seine Gef\u00fchle, die Toilette usw. Und er hat es geschafft! Ich bin so gl\u00fccklich und erleichtert!\u2018<\/em><span><strong><translate-press data-trp-translate-id=\"3610\" data-trp-node-group=\"Liste von Zeichenfolgen\" class=\" trp-highlight\"><\/translate-press><\/strong><\/span><\/p>\n<p><span style=\"color: #0fa3ae;\"><strong>Navid&#8217;s Mutter<\/strong><\/span><br \/>Mutter eines Jungen mit autistisch-\u00e4hnlichen Verhaltensweisen<\/p>\n<p>[\/et_pb_text][et_pb_text _builder_version=&#8220;4.21.0&#8243; _module_preset=&#8220;default&#8220; global_colors_info=&#8220;{}&#8220;]<\/p>\n<ul>\n<li>Wann ist der richtige Zeitpunkt f\u00fcr ein Kind, um sauber zu werden und die Toilette benutzen zu lernen?<span style=\"font-weight: inherit;\"><\/span><\/li>\n<li><span style=\"font-size: 16px; font-weight: inherit;\">Wie ist das bei einem Kind, das immer nur rumrennt und sich nicht daf\u00fcr interessiert?<\/span><\/li>\n<li>Woher wei\u00df man eigentlich, ob ein Kind bereit ist f\u00fcrs Toilettentraining?<\/li>\n<\/ul>\n<p>Manche Kinder haben Schwierigkeiten mit den grundlegendsten Meilensteine der fr\u00fchen Entwicklung. Aber oft scheitern Eltern und Betreuer mit ihren Versuchen, dem Kind beizubringen, wie man aufs Klo geht. Warum das manchmal so schwierig sein kann, und welche komplexen Zusammenh\u00e4nge sich hinter diesem Thema verbergen, darum geht es in diesem Webinar mit Diskussionsrunde f\u00fcr Fragen und Beispiele von TeilnehmerInnen.<\/p>\n<p><span style=\"font-weight: inherit;\"><\/span><\/p>\n<p>[\/et_pb_text][\/et_pb_column][\/et_pb_row][et_pb_row column_structure=&#8220;1_2,1_2&#8243; disabled_on=&#8220;off|off|off&#8220; _builder_version=&#8220;4.18.0&#8243; _module_preset=&#8220;default&#8220; custom_padding=&#8220;11px||5px|||&#8220; global_colors_info=&#8220;{}&#8220;][et_pb_column type=&#8220;1_2&#8243; _builder_version=&#8220;4.18.0&#8243; _module_preset=&#8220;default&#8220; global_colors_info=&#8220;{}&#8220;][et_pb_text _builder_version=&#8220;4.16.0&#8243; _module_preset=&#8220;default&#8220; custom_margin=&#8220;||23px|||&#8220; custom_padding=&#8220;15px||||false|false&#8220; global_colors_info=&#8220;{}&#8220;]<\/p>\n<p><strong><span style=\"font-weight: inherit;\">Maximale Teilnehmerzahl: 24<br \/>Teilnahmegeb\u00fchr: \u20ac 55,00<\/span><\/strong><\/p>\n<p><strong><span style=\"font-weight: inherit;\">N\u00e4chster Termin: Mi. 20.5.2026, 17 &#8211; 19 Uhr<br \/><\/span><\/strong>Du erh\u00e4lst den Zoomlink ca 1 Tag vor dem Webinar.<\/p>\n<p><span style=\"font-size: 16px;\"><\/span><\/p>\n<p>[\/et_pb_text][\/et_pb_column][et_pb_column type=&#8220;1_2&#8243; _builder_version=&#8220;4.18.0&#8243; _module_preset=&#8220;default&#8220; global_colors_info=&#8220;{}&#8220;][et_pb_button button_url=&#8220;https:\/\/www.digistore24.com\/product\/510456&#8243; button_text=&#8220;Hier WEBINAR buchen&#8220; button_alignment=&#8220;left&#8220; disabled_on=&#8220;off|off|off&#8220; _builder_version=&#8220;4.22.1&#8243; custom_button=&#8220;on&#8220; button_text_color=&#8220;#FBD302&#8243; button_bg_color=&#8220;#0FA3AE&#8220; button_border_color=&#8220;#0FA3AE&#8220; button_font=&#8220;||||||||&#8220; custom_margin=&#8220;28px|||||&#8220; global_colors_info=&#8220;{}&#8220;][\/et_pb_button][et_pb_text _builder_version=&#8220;4.16.0&#8243; _module_preset=&#8220;default&#8220; text_font_size=&#8220;14px&#8220; custom_margin=&#8220;-20px||||false|false&#8220; global_colors_info=&#8220;{}&#8220;]<\/p>\n<p>Sie werden weitergeleitet zum Zahlungsanbieter Digistore24.<\/p>\n<p>[\/et_pb_text][et_pb_text _builder_version=&#8220;4.18.0&#8243; _module_preset=&#8220;default&#8220; text_font_size=&#8220;14px&#8220; custom_margin=&#8220;-20px||||false|false&#8220; global_colors_info=&#8220;{}&#8220;][\/et_pb_text][\/et_pb_column][\/et_pb_row][\/et_pb_section]<\/p>\n<span class=\"et_bloom_bottom_trigger\"><\/span>","protected":false},"excerpt":{"rendered":"<p>Toiletten-Training: WEBINAR\u00a0 &amp; DISKUSSIONSRUNDE\u00a0 &nbsp; WEBINAR &amp; DISKUSSIONSRUNDE: Toilettentraining ist mehr als PO aufs KLO! \u201eIch betrachte Toilettentraining jetzt auf eine ganz andere Art und Weise\u201c &#8218;Wir waren mit dem Versuch, Navid (4,5 Jahre) auf die Toilette zu bringen, v\u00f6llig \u00fcberfordert, bis wir Sie kennenlernten. Ich betrachte das Toilettentraining jetzt auf eine ganz andere Art [&hellip;]<\/p>\n","protected":false},"author":11,"featured_media":0,"parent":0,"menu_order":0,"comment_status":"closed","ping_status":"closed","template":"","meta":{"_acf_changed":false,"_et_pb_use_builder":"on","_et_pb_old_content":"","_et_gb_content_width":"","footnotes":""},"class_list":["post-8476","page","type-page","status-publish","hentry"],"acf":[],"yoast_head":"<!-- This site is optimized with the Yoast SEO plugin v27.3 - https:\/\/yoast.com\/product\/yoast-seo-wordpress\/ -->\n<title>Webinar TOILETTEN-TRAINING - Anmeldung - Autistische Kinder<\/title>\n<meta name=\"robots\" content=\"index, follow, max-snippet:-1, max-image-preview:large, max-video-preview:-1\" \/>\n<link rel=\"canonical\" href=\"https:\/\/janert.info\/en\/community-4\/\" \/>\n<meta property=\"og:locale\" content=\"en_US\" \/>\n<meta property=\"og:type\" content=\"article\" \/>\n<meta property=\"og:title\" content=\"Webinar TOILETTEN-TRAINING - Anmeldung - Autistische Kinder\" \/>\n<meta property=\"og:description\" content=\"Toiletten-Training: WEBINAR\u00a0 &amp; DISKUSSIONSRUNDE\u00a0 &nbsp; WEBINAR &amp; DISKUSSIONSRUNDE: Toilettentraining ist mehr als PO aufs KLO! \u201eIch betrachte Toilettentraining jetzt auf eine ganz andere Art und Weise\u201c &#039;Wir waren mit dem Versuch, Navid (4,5 Jahre) auf die Toilette zu bringen, v\u00f6llig \u00fcberfordert, bis wir Sie kennenlernten. Ich betrachte das Toilettentraining jetzt auf eine ganz andere Art [&hellip;]\" \/>\n<meta property=\"og:url\" content=\"https:\/\/janert.info\/en\/community-4\/\" \/>\n<meta property=\"og:site_name\" content=\"Autistische Kinder\" \/>\n<meta property=\"article:modified_time\" content=\"2025-12-08T10:06:09+00:00\" \/>\n<meta property=\"og:image\" content=\"https:\/\/janert.info\/wp-content\/uploads\/2019\/05\/AKBBFavicon-300x300.png\" \/>\n<meta name=\"twitter:card\" content=\"summary_large_image\" \/>\n<meta name=\"twitter:label1\" content=\"Est. reading time\" \/>\n\t<meta name=\"twitter:data1\" content=\"2 minutes\" \/>\n<script type=\"application\/ld+json\" class=\"yoast-schema-graph\">{\"@context\":\"https:\\\/\\\/schema.org\",\"@graph\":[{\"@type\":\"WebPage\",\"@id\":\"https:\\\/\\\/janert.info\\\/webinar-toiletten-training-anmeldung\\\/\",\"url\":\"https:\\\/\\\/janert.info\\\/webinar-toiletten-training-anmeldung\\\/\",\"name\":\"Webinar TOILETTEN-TRAINING - Anmeldung - Autistische Kinder\",\"isPartOf\":{\"@id\":\"https:\\\/\\\/janert.info\\\/#website\"},\"primaryImageOfPage\":{\"@id\":\"https:\\\/\\\/janert.info\\\/webinar-toiletten-training-anmeldung\\\/#primaryimage\"},\"image\":{\"@id\":\"https:\\\/\\\/janert.info\\\/webinar-toiletten-training-anmeldung\\\/#primaryimage\"},\"thumbnailUrl\":\"https:\\\/\\\/janert.info\\\/wp-content\\\/uploads\\\/2019\\\/05\\\/AKBBFavicon-300x300.png\",\"datePublished\":\"2023-08-06T09:08:36+00:00\",\"dateModified\":\"2025-12-08T10:06:09+00:00\",\"breadcrumb\":{\"@id\":\"https:\\\/\\\/janert.info\\\/webinar-toiletten-training-anmeldung\\\/#breadcrumb\"},\"inLanguage\":\"en-US\",\"potentialAction\":[{\"@type\":\"ReadAction\",\"target\":[\"https:\\\/\\\/janert.info\\\/webinar-toiletten-training-anmeldung\\\/\"]}]},{\"@type\":\"ImageObject\",\"inLanguage\":\"en-US\",\"@id\":\"https:\\\/\\\/janert.info\\\/webinar-toiletten-training-anmeldung\\\/#primaryimage\",\"url\":\"https:\\\/\\\/janert.info\\\/wp-content\\\/uploads\\\/2019\\\/05\\\/AKBBFavicon-300x300.png\",\"contentUrl\":\"https:\\\/\\\/janert.info\\\/wp-content\\\/uploads\\\/2019\\\/05\\\/AKBBFavicon-300x300.png\"},{\"@type\":\"BreadcrumbList\",\"@id\":\"https:\\\/\\\/janert.info\\\/webinar-toiletten-training-anmeldung\\\/#breadcrumb\",\"itemListElement\":[{\"@type\":\"ListItem\",\"position\":1,\"name\":\"Startseite\",\"item\":\"https:\\\/\\\/janert.info\\\/\"},{\"@type\":\"ListItem\",\"position\":2,\"name\":\"Webinar TOILETTEN-TRAINING &#8211; Anmeldung\"}]},{\"@type\":\"WebSite\",\"@id\":\"https:\\\/\\\/janert.info\\\/#website\",\"url\":\"https:\\\/\\\/janert.info\\\/\",\"name\":\"Autistische Kinder\",\"description\":\"beziehungs-orientiert behandeln\",\"potentialAction\":[{\"@type\":\"SearchAction\",\"target\":{\"@type\":\"EntryPoint\",\"urlTemplate\":\"https:\\\/\\\/janert.info\\\/?s={search_term_string}\"},\"query-input\":{\"@type\":\"PropertyValueSpecification\",\"valueRequired\":true,\"valueName\":\"search_term_string\"}}],\"inLanguage\":\"en-US\"}]}<\/script>\n<!-- \/ Yoast SEO plugin. -->","yoast_head_json":{"title":"Webinar TOILETTEN-TRAINING - Registration - Autistic children","robots":{"index":"index","follow":"follow","max-snippet":"max-snippet:-1","max-image-preview":"max-image-preview:large","max-video-preview":"max-video-preview:-1"},"canonical":"https:\/\/janert.info\/en\/community-4\/","og_locale":"en_US","og_type":"article","og_title":"Webinar TOILETTEN-TRAINING - Anmeldung - Autistische Kinder","og_description":"Toiletten-Training: WEBINAR\u00a0 &amp; DISKUSSIONSRUNDE\u00a0 &nbsp; WEBINAR &amp; DISKUSSIONSRUNDE: Toilettentraining ist mehr als PO aufs KLO! \u201eIch betrachte Toilettentraining jetzt auf eine ganz andere Art und Weise\u201c 'Wir waren mit dem Versuch, Navid (4,5 Jahre) auf die Toilette zu bringen, v\u00f6llig \u00fcberfordert, bis wir Sie kennenlernten. Ich betrachte das Toilettentraining jetzt auf eine ganz andere Art [&hellip;]","og_url":"https:\/\/janert.info\/en\/community-4\/","og_site_name":"Autistische Kinder","article_modified_time":"2025-12-08T10:06:09+00:00","og_image":[{"url":"https:\/\/janert.info\/wp-content\/uploads\/2019\/05\/AKBBFavicon-300x300.png","type":"","width":"","height":""}],"twitter_card":"summary_large_image","twitter_misc":{"Est. reading time":"2 minutes"},"schema":{"@context":"https:\/\/schema.org","@graph":[{"@type":"WebPage","@id":"https:\/\/janert.info\/webinar-toiletten-training-anmeldung\/","url":"https:\/\/janert.info\/webinar-toiletten-training-anmeldung\/","name":"Webinar TOILETTEN-TRAINING - Registration - Autistic children","isPartOf":{"@id":"https:\/\/janert.info\/#website"},"primaryImageOfPage":{"@id":"https:\/\/janert.info\/webinar-toiletten-training-anmeldung\/#primaryimage"},"image":{"@id":"https:\/\/janert.info\/webinar-toiletten-training-anmeldung\/#primaryimage"},"thumbnailUrl":"https:\/\/janert.info\/wp-content\/uploads\/2019\/05\/AKBBFavicon-300x300.png","datePublished":"2023-08-06T09:08:36+00:00","dateModified":"2025-12-08T10:06:09+00:00","breadcrumb":{"@id":"https:\/\/janert.info\/webinar-toiletten-training-anmeldung\/#breadcrumb"},"inLanguage":"en-US","potentialAction":[{"@type":"ReadAction","target":["https:\/\/janert.info\/webinar-toiletten-training-anmeldung\/"]}]},{"@type":"ImageObject","inLanguage":"en-US","@id":"https:\/\/janert.info\/webinar-toiletten-training-anmeldung\/#primaryimage","url":"https:\/\/janert.info\/wp-content\/uploads\/2019\/05\/AKBBFavicon-300x300.png","contentUrl":"https:\/\/janert.info\/wp-content\/uploads\/2019\/05\/AKBBFavicon-300x300.png"},{"@type":"BreadcrumbList","@id":"https:\/\/janert.info\/webinar-toiletten-training-anmeldung\/#breadcrumb","itemListElement":[{"@type":"ListItem","position":1,"name":"Startseite","item":"https:\/\/janert.info\/"},{"@type":"ListItem","position":2,"name":"Webinar TOILETTEN-TRAINING &#8211; Anmeldung"}]},{"@type":"WebSite","@id":"https:\/\/janert.info\/#website","url":"https:\/\/janert.info\/","name":"Autistic children","description":"treat relationship-oriented","potentialAction":[{"@type":"SearchAction","target":{"@type":"EntryPoint","urlTemplate":"https:\/\/janert.info\/?s={search_term_string}"},"query-input":{"@type":"PropertyValueSpecification","valueRequired":true,"valueName":"search_term_string"}}],"inLanguage":"en-US"}]}},"_links":{"self":[{"href":"https:\/\/janert.info\/en\/wp-json\/wp\/v2\/pages\/8476","targetHints":{"allow":["GET"]}}],"collection":[{"href":"https:\/\/janert.info\/en\/wp-json\/wp\/v2\/pages"}],"about":[{"href":"https:\/\/janert.info\/en\/wp-json\/wp\/v2\/types\/page"}],"author":[{"embeddable":true,"href":"https:\/\/janert.info\/en\/wp-json\/wp\/v2\/users\/11"}],"replies":[{"embeddable":true,"href":"https:\/\/janert.info\/en\/wp-json\/wp\/v2\/comments?post=8476"}],"version-history":[{"count":9,"href":"https:\/\/janert.info\/en\/wp-json\/wp\/v2\/pages\/8476\/revisions"}],"predecessor-version":[{"id":10135,"href":"https:\/\/janert.info\/en\/wp-json\/wp\/v2\/pages\/8476\/revisions\/10135"}],"wp:attachment":[{"href":"https:\/\/janert.info\/en\/wp-json\/wp\/v2\/media?parent=8476"}],"curies":[{"name":"wp","href":"https:\/\/api.w.org\/{rel}","templated":true}]}}