{"id":8496,"date":"2023-08-08T18:21:44","date_gmt":"2023-08-08T16:21:44","guid":{"rendered":"https:\/\/janert.info\/?page_id=8496"},"modified":"2024-01-30T09:54:26","modified_gmt":"2024-01-30T08:54:26","slug":"community-6","status":"publish","type":"page","link":"https:\/\/janert.info\/en\/webinar-spielideen-ueber-behaelter-und-lose-teile-anmeldung\/","title":{"rendered":"WEBINAR + game ideas: About containers &amp; \u201aloose parts\u2018 - Registration"},"content":{"rendered":"<p>[et_pb_section fb_built=&#8220;1&#8243; admin_label=&#8220;Hero Section&#8220; _builder_version=&#8220;4.16&#8243; background_color=&#8220;#05896a&#8220; use_background_color_gradient=&#8220;on&#8220; background_color_gradient_direction=&#8220;1deg&#8220; background_color_gradient_stops=&#8220;#0fa3ae 0%|#0fa3ae 100%&#8220; background_color_gradient_start=&#8220;#0fa3ae&#8220; background_color_gradient_end=&#8220;#0fa3ae&#8220; custom_padding=&#8220;0||0||true|false&#8220; animation_style=&#8220;slide&#8220; animation_direction=&#8220;top&#8220; animation_intensity_slide=&#8220;2%&#8220; animation_starting_opacity=&#8220;100%&#8220; box_shadow_style=&#8220;preset7&#8243; box_shadow_horizontal=&#8220;0px&#8220; box_shadow_vertical=&#8220;-120px&#8220; box_shadow_color=&#8220;#ffffff&#8220; locked=&#8220;off&#8220; global_colors_info=&#8220;{}&#8220;][et_pb_row column_structure=&#8220;1_2,1_2&#8243; _builder_version=&#8220;4.16&#8243; background_size=&#8220;initial&#8220; background_position=&#8220;top_left&#8220; background_repeat=&#8220;repeat&#8220; custom_padding=&#8220;40px|0px|0|0px|false|false&#8220; custom_width_px=&#8220;1440px&#8220; global_colors_info=&#8220;{}&#8220;][et_pb_column type=&#8220;1_2&#8243; _builder_version=&#8220;4.16&#8243; custom_padding=&#8220;|||&#8220; global_colors_info=&#8220;{}&#8220; custom_padding__hover=&#8220;|||&#8220;][et_pb_text _builder_version=&#8220;4.16&#8243; text_font=&#8220;||||||||&#8220; header_font=&#8220;Yanone Kaffeesatz||||||||&#8220; header_text_color=&#8220;#fbd302&#8243; header_font_size=&#8220;58px&#8220; header_line_height=&#8220;1.5em&#8220; header_2_font=&#8220;||||||||&#8220; header_3_font=&#8220;||||||||&#8220; header_4_font=&#8220;||||||||&#8220; header_5_font=&#8220;||||||||&#8220; header_6_font=&#8220;||||||||&#8220; background_color=&#8220;rgba(255,255,255,0)&#8220; background_size=&#8220;initial&#8220; background_position=&#8220;top_left&#8220; background_repeat=&#8220;repeat&#8220; min_height=&#8220;101px&#8220; custom_margin=&#8220;||6px|&#8220; locked=&#8220;off&#8220; inline_fonts=&#8220;Yanone Kaffeesatz&#8220; global_colors_info=&#8220;{}&#8220;]<\/p>\n<h1>WEBINAR:<\/h1>\n<h1>Kreative Spielideen f\u00fcr Fr\u00fches Spiel<\/h1>\n<h1><\/h1>\n<h1><\/h1>\n<p>&nbsp;<\/p>\n<p>[\/et_pb_text][et_pb_text _builder_version=&#8220;4.16.0&#8243; _module_preset=&#8220;default&#8220; global_colors_info=&#8220;{}&#8220;][\/et_pb_text][et_pb_divider show_divider=&#8220;off&#8220; disabled_on=&#8220;on|on|off&#8220; _builder_version=&#8220;4.16&#8243; max_width=&#8220;80px&#8220; module_alignment=&#8220;left&#8220; height=&#8220;10px&#8220; custom_margin=&#8220;||20px|&#8220; animation_style=&#8220;slide&#8220; animation_direction=&#8220;bottom&#8220; saved_tabs=&#8220;all&#8220; locked=&#8220;off&#8220; global_colors_info=&#8220;{}&#8220;][\/et_pb_divider][\/et_pb_column][et_pb_column type=&#8220;1_2&#8243; _builder_version=&#8220;4.16&#8243; custom_padding=&#8220;|||&#8220; global_colors_info=&#8220;{}&#8220; custom_padding__hover=&#8220;|||&#8220;][et_pb_image src=&#8220;https:\/\/janert.info\/wp-content\/uploads\/2023\/08\/IMG_2449-scaled.jpg&#8220; title_text=&#8220;IMG_2449&#8243; force_fullwidth=&#8220;on&#8220; _builder_version=&#8220;4.21.2&#8243; background_color=&#8220;#35B0B0&#8243; custom_margin=&#8220;|||&#8220; custom_padding=&#8220;|||&#8220; animation_style=&#8220;slide&#8220; animation_direction=&#8220;top&#8220; animation_intensity_slide=&#8220;6%&#8220; animation_starting_opacity=&#8220;100%&#8220; border_color_all=&#8220;#35B0B0&#8243; box_shadow_style=&#8220;preset1&#8243; box_shadow_horizontal=&#8220;-3px&#8220; box_shadow_color=&#8220;rgba(0,0,0,0.2)&#8220; always_center_on_mobile=&#8220;off&#8220; global_colors_info=&#8220;{}&#8220;][\/et_pb_image][\/et_pb_column][\/et_pb_row][\/et_pb_section][et_pb_section fb_built=&#8220;1&#8243; _builder_version=&#8220;4.16&#8243; global_colors_info=&#8220;{}&#8220;][et_pb_row disabled_on=&#8220;off|off|off&#8220; module_id=&#8220;community&#8220; _builder_version=&#8220;4.16.0&#8243; _module_preset=&#8220;default&#8220; custom_padding=&#8220;|20px|3px|20px|false|true&#8220; border_width_all=&#8220;2px&#8220; border_color_all=&#8220;#35B0B0&#8243; global_colors_info=&#8220;{}&#8220;][et_pb_column type=&#8220;4_4&#8243; _builder_version=&#8220;4.16.0&#8243; _module_preset=&#8220;default&#8220; global_colors_info=&#8220;{}&#8220;][et_pb_blurb icon_placement=&#8220;left&#8220; content_max_width=&#8220;1100px&#8220; _builder_version=&#8220;4.21.0&#8243; _module_preset=&#8220;default&#8220; custom_margin=&#8220;0px||0px||true|false&#8220; custom_padding=&#8220;4px||4px||true|false&#8220; global_colors_info=&#8220;{}&#8220;]<\/p>\n<div><\/div>\n<div><\/div>\n<div><\/div>\n<div>\n<h1>WEBINAR: Spielideen &amp; Fr\u00fches Spiel: Beh\u00e4lter &amp; &#8218;lose Teile&#8216;<\/h1>\n<\/div>\n<p>[\/et_pb_blurb][et_pb_text _builder_version=&#8220;4.21.2&#8243; _module_preset=&#8220;default&#8220; custom_margin=&#8220;||-1px|||&#8220; global_colors_info=&#8220;{}&#8220;]<\/p>\n<p>Wusstest du, dass Beh\u00e4lter, Schachteln und Kartons zu den besten Spielmaterialien f\u00fcr Kinder in der fr\u00fchen Entwicklung geh\u00f6ren?<\/p>\n<ul>\n<li>Warum sind Schachteln und Beh\u00e4lter so wertvoll als Spielmaterial, um Floortime-Spiel zu f\u00f6rdern?<\/li>\n<li><span style=\"font-size: 16px;\">Was sind lose Teile und warum sind sie so wichtig, um die Entwicklungsleiter der FEDLs zu erklimmen?<\/span><\/li>\n<li>W<span>arum reichen herk\u00f6mmliche Spielmaterialien manchmal nicht aus oder schr\u00e4nken die Entwicklung und das Spiel eines Kindes ein?<\/span><\/li>\n<li><span style=\"font-size: 16px;\"><\/span>Wie k\u00f6nnen Beh\u00e4lter und lose Teile als Spielmaterialien von sensorisch bis symbolisch bei FEDLs 1-6 eingesetzt werden?<\/li>\n<\/ul>\n<p>Als Ergebnis dieses Webinars werden Teilnehmer in der Lage sein<\/p>\n<ul>\n<li>ein breiteres Spektrum an hilfreichen und oft kostenlosen Spielmaterialien f\u00fcr das Floortime-Spiel in allen 6 FEDCs zu erkennen, z.B. Recycling-Materialien oder Dinge aus K\u00fcche und Bad<\/li>\n<li>noch kreativer im Floortime-Spiel mit Kindern zu sein und so die Kreativit\u00e4t der Kinder zu f\u00f6rdern, &#8211; und sich selbst zu \u00fcberraschen<\/li>\n<li>zu verstehen, wie ein breiteres Spektrum an preiswerten sensorischen Spielmaterialien dem Kind hilft, von der sensorischen zur symbolischen Ebene der geistig-emotionalen Funktion zu gelangen<\/li>\n<\/ul>\n<p>[\/et_pb_text][et_pb_text _builder_version=&#8220;4.16.0&#8243; _module_preset=&#8220;default&#8220; custom_margin=&#8220;||23px|||&#8220; custom_padding=&#8220;15px||||false|false&#8220; global_colors_info=&#8220;{}&#8220;]<\/p>\n<p><strong><span style=\"font-weight: inherit;\"><\/span><\/strong><strong><span style=\"font-weight: inherit;\">Maximale Teilnehmerzahl: 24<br \/>Teilnahmegeb\u00fchr: \u20ac 45,00 <\/span><\/strong><\/p>\n<p><strong><span style=\"font-weight: inherit;\"><\/span><\/strong><strong> N\u00e4chster Termin: Mo.19.2.2024, 19-21 Uhr &#8211; Den Zoomlink erh\u00e4lst du ca 1 Tag vor dem Webinar.<\/strong><\/p>\n<p><span style=\"font-size: 16px;\"><\/span><\/p>\n<p>[\/et_pb_text][\/et_pb_column][\/et_pb_row][et_pb_row column_structure=&#8220;2_5,3_5&#8243; disabled_on=&#8220;off|off|off&#8220; _builder_version=&#8220;4.18.0&#8243; _module_preset=&#8220;default&#8220; custom_padding=&#8220;11px||5px|||&#8220; global_colors_info=&#8220;{}&#8220;][et_pb_column type=&#8220;2_5&#8243; _builder_version=&#8220;4.18.0&#8243; _module_preset=&#8220;default&#8220; global_colors_info=&#8220;{}&#8220;][et_pb_button button_url=&#8220;https:\/\/www.digistore24.com\/product\/510908&#8243; button_text=&#8220;Hier WEBINAR buchen&#8220; button_alignment=&#8220;left&#8220; disabled_on=&#8220;off|off|off&#8220; _builder_version=&#8220;4.23.4&#8243; custom_button=&#8220;on&#8220; button_text_color=&#8220;#FBD302&#8243; button_bg_color=&#8220;#0FA3AE&#8220; button_border_color=&#8220;#0FA3AE&#8220; button_font=&#8220;||||||||&#8220; custom_margin=&#8220;28px|||||&#8220; global_colors_info=&#8220;{}&#8220;][\/et_pb_button][\/et_pb_column][et_pb_column type=&#8220;3_5&#8243; _builder_version=&#8220;4.18.0&#8243; _module_preset=&#8220;default&#8220; global_colors_info=&#8220;{}&#8220;][et_pb_text _builder_version=&#8220;4.16.0&#8243; _module_preset=&#8220;default&#8220; text_font_size=&#8220;14px&#8220; custom_margin=&#8220;-20px||||false|false&#8220; custom_padding=&#8220;3px|||||&#8220; global_colors_info=&#8220;{}&#8220;][\/et_pb_text][et_pb_text _builder_version=&#8220;4.16.0&#8243; _module_preset=&#8220;default&#8220; text_font_size=&#8220;14px&#8220; custom_margin=&#8220;-20px||||false|false&#8220; global_colors_info=&#8220;{}&#8220;]<\/p>\n<p>Sie werden weitergeleitet zum Zahlungsanbieter Digistore24.<\/p>\n<p>[\/et_pb_text][et_pb_text _builder_version=&#8220;4.18.0&#8243; _module_preset=&#8220;default&#8220; text_font_size=&#8220;14px&#8220; custom_margin=&#8220;-20px||||false|false&#8220; global_colors_info=&#8220;{}&#8220;][\/et_pb_text][\/et_pb_column][\/et_pb_row][\/et_pb_section]<\/p>\n<span class=\"et_bloom_bottom_trigger\"><\/span>","protected":false},"excerpt":{"rendered":"<p>WEBINAR: Kreative Spielideen f\u00fcr Fr\u00fches Spiel &nbsp; WEBINAR: Spielideen &amp; Fr\u00fches Spiel: Beh\u00e4lter &amp; &#8218;lose Teile&#8216; Wusstest du, dass Beh\u00e4lter, Schachteln und Kartons zu den besten Spielmaterialien f\u00fcr Kinder in der fr\u00fchen Entwicklung geh\u00f6ren? Warum sind Schachteln und Beh\u00e4lter so wertvoll als Spielmaterial, um Floortime-Spiel zu f\u00f6rdern? Was sind lose Teile und warum sind sie [&hellip;]<\/p>\n","protected":false},"author":11,"featured_media":0,"parent":0,"menu_order":0,"comment_status":"closed","ping_status":"closed","template":"","meta":{"_acf_changed":false,"_et_pb_use_builder":"on","_et_pb_old_content":"","_et_gb_content_width":"","footnotes":""},"class_list":["post-8496","page","type-page","status-publish","hentry"],"acf":[],"yoast_head":"<!-- This site is optimized with the Yoast SEO plugin v27.3 - https:\/\/yoast.com\/product\/yoast-seo-wordpress\/ -->\n<title>WEBINAR + Spielideen: \u00dcber Beh\u00e4lter &amp; &#039;lose Teile&#039; - Anmeldung - Autistische Kinder<\/title>\n<meta name=\"robots\" content=\"index, follow, max-snippet:-1, max-image-preview:large, max-video-preview:-1\" \/>\n<link rel=\"canonical\" href=\"https:\/\/janert.info\/en\/community-6\/\" \/>\n<meta property=\"og:locale\" content=\"en_US\" \/>\n<meta property=\"og:type\" content=\"article\" \/>\n<meta property=\"og:title\" content=\"WEBINAR + Spielideen: \u00dcber Beh\u00e4lter &amp; &#039;lose Teile&#039; - Anmeldung - Autistische Kinder\" \/>\n<meta property=\"og:description\" content=\"WEBINAR: Kreative Spielideen f\u00fcr Fr\u00fches Spiel &nbsp; WEBINAR: Spielideen &amp; Fr\u00fches Spiel: Beh\u00e4lter &amp; &#039;lose Teile&#039; Wusstest du, dass Beh\u00e4lter, Schachteln und Kartons zu den besten Spielmaterialien f\u00fcr Kinder in der fr\u00fchen Entwicklung geh\u00f6ren? Warum sind Schachteln und Beh\u00e4lter so wertvoll als Spielmaterial, um Floortime-Spiel zu f\u00f6rdern? Was sind lose Teile und warum sind sie [&hellip;]\" \/>\n<meta property=\"og:url\" content=\"https:\/\/janert.info\/en\/community-6\/\" \/>\n<meta property=\"og:site_name\" content=\"Autistische Kinder\" \/>\n<meta property=\"article:modified_time\" content=\"2024-01-30T08:54:26+00:00\" \/>\n<meta name=\"twitter:card\" content=\"summary_large_image\" \/>\n<meta name=\"twitter:label1\" content=\"Est. reading time\" \/>\n\t<meta name=\"twitter:data1\" content=\"2 minutes\" \/>\n<script type=\"application\/ld+json\" class=\"yoast-schema-graph\">{\"@context\":\"https:\\\/\\\/schema.org\",\"@graph\":[{\"@type\":\"WebPage\",\"@id\":\"https:\\\/\\\/janert.info\\\/webinar-spielideen-ueber-behaelter-und-lose-teile-anmeldung\\\/\",\"url\":\"https:\\\/\\\/janert.info\\\/webinar-spielideen-ueber-behaelter-und-lose-teile-anmeldung\\\/\",\"name\":\"WEBINAR + Spielideen: \u00dcber Beh\u00e4lter & 'lose Teile' - Anmeldung - Autistische Kinder\",\"isPartOf\":{\"@id\":\"https:\\\/\\\/janert.info\\\/#website\"},\"datePublished\":\"2023-08-08T16:21:44+00:00\",\"dateModified\":\"2024-01-30T08:54:26+00:00\",\"breadcrumb\":{\"@id\":\"https:\\\/\\\/janert.info\\\/webinar-spielideen-ueber-behaelter-und-lose-teile-anmeldung\\\/#breadcrumb\"},\"inLanguage\":\"en-US\",\"potentialAction\":[{\"@type\":\"ReadAction\",\"target\":[\"https:\\\/\\\/janert.info\\\/webinar-spielideen-ueber-behaelter-und-lose-teile-anmeldung\\\/\"]}]},{\"@type\":\"BreadcrumbList\",\"@id\":\"https:\\\/\\\/janert.info\\\/webinar-spielideen-ueber-behaelter-und-lose-teile-anmeldung\\\/#breadcrumb\",\"itemListElement\":[{\"@type\":\"ListItem\",\"position\":1,\"name\":\"Startseite\",\"item\":\"https:\\\/\\\/janert.info\\\/\"},{\"@type\":\"ListItem\",\"position\":2,\"name\":\"WEBINAR + Spielideen: \u00dcber Beh\u00e4lter &#038; &#8218;lose Teile&#8216; &#8211; Anmeldung\"}]},{\"@type\":\"WebSite\",\"@id\":\"https:\\\/\\\/janert.info\\\/#website\",\"url\":\"https:\\\/\\\/janert.info\\\/\",\"name\":\"Autistische Kinder\",\"description\":\"beziehungs-orientiert behandeln\",\"potentialAction\":[{\"@type\":\"SearchAction\",\"target\":{\"@type\":\"EntryPoint\",\"urlTemplate\":\"https:\\\/\\\/janert.info\\\/?s={search_term_string}\"},\"query-input\":{\"@type\":\"PropertyValueSpecification\",\"valueRequired\":true,\"valueName\":\"search_term_string\"}}],\"inLanguage\":\"en-US\"}]}<\/script>\n<!-- \/ Yoast SEO plugin. -->","yoast_head_json":{"title":"WEBINAR + game ideas: About containers &amp; 'loose parts' - Registration - Autistic children","robots":{"index":"index","follow":"follow","max-snippet":"max-snippet:-1","max-image-preview":"max-image-preview:large","max-video-preview":"max-video-preview:-1"},"canonical":"https:\/\/janert.info\/en\/community-6\/","og_locale":"en_US","og_type":"article","og_title":"WEBINAR + Spielideen: \u00dcber Beh\u00e4lter & 'lose Teile' - Anmeldung - Autistische Kinder","og_description":"WEBINAR: Kreative Spielideen f\u00fcr Fr\u00fches Spiel &nbsp; WEBINAR: Spielideen &amp; Fr\u00fches Spiel: Beh\u00e4lter &amp; 'lose Teile' Wusstest du, dass Beh\u00e4lter, Schachteln und Kartons zu den besten Spielmaterialien f\u00fcr Kinder in der fr\u00fchen Entwicklung geh\u00f6ren? Warum sind Schachteln und Beh\u00e4lter so wertvoll als Spielmaterial, um Floortime-Spiel zu f\u00f6rdern? Was sind lose Teile und warum sind sie [&hellip;]","og_url":"https:\/\/janert.info\/en\/community-6\/","og_site_name":"Autistische Kinder","article_modified_time":"2024-01-30T08:54:26+00:00","twitter_card":"summary_large_image","twitter_misc":{"Est. reading time":"2 minutes"},"schema":{"@context":"https:\/\/schema.org","@graph":[{"@type":"WebPage","@id":"https:\/\/janert.info\/webinar-spielideen-ueber-behaelter-und-lose-teile-anmeldung\/","url":"https:\/\/janert.info\/webinar-spielideen-ueber-behaelter-und-lose-teile-anmeldung\/","name":"WEBINAR + game ideas: About containers &amp; 'loose parts' - Registration - Autistic children","isPartOf":{"@id":"https:\/\/janert.info\/#website"},"datePublished":"2023-08-08T16:21:44+00:00","dateModified":"2024-01-30T08:54:26+00:00","breadcrumb":{"@id":"https:\/\/janert.info\/webinar-spielideen-ueber-behaelter-und-lose-teile-anmeldung\/#breadcrumb"},"inLanguage":"en-US","potentialAction":[{"@type":"ReadAction","target":["https:\/\/janert.info\/webinar-spielideen-ueber-behaelter-und-lose-teile-anmeldung\/"]}]},{"@type":"BreadcrumbList","@id":"https:\/\/janert.info\/webinar-spielideen-ueber-behaelter-und-lose-teile-anmeldung\/#breadcrumb","itemListElement":[{"@type":"ListItem","position":1,"name":"Startseite","item":"https:\/\/janert.info\/"},{"@type":"ListItem","position":2,"name":"WEBINAR + Spielideen: \u00dcber Beh\u00e4lter &#038; &#8218;lose Teile&#8216; &#8211; Anmeldung"}]},{"@type":"WebSite","@id":"https:\/\/janert.info\/#website","url":"https:\/\/janert.info\/","name":"Autistic children","description":"treat relationship-oriented","potentialAction":[{"@type":"SearchAction","target":{"@type":"EntryPoint","urlTemplate":"https:\/\/janert.info\/?s={search_term_string}"},"query-input":{"@type":"PropertyValueSpecification","valueRequired":true,"valueName":"search_term_string"}}],"inLanguage":"en-US"}]}},"_links":{"self":[{"href":"https:\/\/janert.info\/en\/wp-json\/wp\/v2\/pages\/8496","targetHints":{"allow":["GET"]}}],"collection":[{"href":"https:\/\/janert.info\/en\/wp-json\/wp\/v2\/pages"}],"about":[{"href":"https:\/\/janert.info\/en\/wp-json\/wp\/v2\/types\/page"}],"author":[{"embeddable":true,"href":"https:\/\/janert.info\/en\/wp-json\/wp\/v2\/users\/11"}],"replies":[{"embeddable":true,"href":"https:\/\/janert.info\/en\/wp-json\/wp\/v2\/comments?post=8496"}],"version-history":[{"count":10,"href":"https:\/\/janert.info\/en\/wp-json\/wp\/v2\/pages\/8496\/revisions"}],"predecessor-version":[{"id":8950,"href":"https:\/\/janert.info\/en\/wp-json\/wp\/v2\/pages\/8496\/revisions\/8950"}],"wp:attachment":[{"href":"https:\/\/janert.info\/en\/wp-json\/wp\/v2\/media?parent=8496"}],"curies":[{"name":"wp","href":"https:\/\/api.w.org\/{rel}","templated":true}]}}