{"id":9049,"date":"2024-05-14T11:04:11","date_gmt":"2024-05-14T09:04:11","guid":{"rendered":"https:\/\/janert.info\/?page_id=9049"},"modified":"2025-12-05T17:58:01","modified_gmt":"2025-12-05T16:58:01","slug":"practice-webinar-waldon-active-use","status":"publish","type":"page","link":"https:\/\/janert.info\/en\/praxis-webinar-waldon-aktiv-anwenden\/","title":{"rendered":"Practical webinar: Actively using WALDON"},"content":{"rendered":"<p>[et_pb_section fb_built=&#8220;1&#8243; admin_label=&#8220;Hero Section&#8220; _builder_version=&#8220;4.16&#8243; background_color=&#8220;#05896a&#8220; use_background_color_gradient=&#8220;on&#8220; background_color_gradient_direction=&#8220;1deg&#8220; background_color_gradient_stops=&#8220;#0fa3ae 0%|#0fa3ae 100%&#8220; background_color_gradient_start=&#8220;#0fa3ae&#8220; background_color_gradient_end=&#8220;#0fa3ae&#8220; custom_padding=&#8220;0||0||true|false&#8220; animation_style=&#8220;slide&#8220; animation_direction=&#8220;top&#8220; animation_intensity_slide=&#8220;2%&#8220; animation_starting_opacity=&#8220;100%&#8220; box_shadow_style=&#8220;preset7&#8243; box_shadow_horizontal=&#8220;0px&#8220; box_shadow_vertical=&#8220;-120px&#8220; box_shadow_color=&#8220;#ffffff&#8220; locked=&#8220;off&#8220; global_colors_info=&#8220;{}&#8220;][et_pb_row column_structure=&#8220;1_2,1_2&#8243; _builder_version=&#8220;4.16&#8243; background_size=&#8220;initial&#8220; background_position=&#8220;top_left&#8220; background_repeat=&#8220;repeat&#8220; custom_padding=&#8220;40px|0px|0|0px|false|false&#8220; custom_width_px=&#8220;1440px&#8220; global_colors_info=&#8220;{}&#8220;][et_pb_column type=&#8220;1_2&#8243; _builder_version=&#8220;4.16&#8243; custom_padding=&#8220;|||&#8220; global_colors_info=&#8220;{}&#8220; custom_padding__hover=&#8220;|||&#8220;][et_pb_text _builder_version=&#8220;4.16&#8243; text_font=&#8220;||||||||&#8220; header_font=&#8220;Yanone Kaffeesatz||||||||&#8220; header_text_color=&#8220;#fbd302&#8243; header_font_size=&#8220;58px&#8220; header_line_height=&#8220;1.5em&#8220; header_2_font=&#8220;||||||||&#8220; header_3_font=&#8220;||||||||&#8220; header_4_font=&#8220;||||||||&#8220; header_5_font=&#8220;||||||||&#8220; header_6_font=&#8220;||||||||&#8220; background_color=&#8220;rgba(255,255,255,0)&#8220; background_size=&#8220;initial&#8220; background_position=&#8220;top_left&#8220; background_repeat=&#8220;repeat&#8220; min_height=&#8220;101px&#8220; custom_margin=&#8220;||6px|&#8220; locked=&#8220;off&#8220; inline_fonts=&#8220;Yanone Kaffeesatz&#8220; global_colors_info=&#8220;{}&#8220;]<\/p>\n<h1>Praxis-WEBINAR:\u00a0<\/h1>\n<h1>Waldon aktiv anwenden<\/h1>\n<h1><\/h1>\n<p>&nbsp;<\/p>\n<p>[\/et_pb_text][et_pb_text _builder_version=&#8220;4.16.0&#8243; _module_preset=&#8220;default&#8220; global_colors_info=&#8220;{}&#8220;][\/et_pb_text][et_pb_divider show_divider=&#8220;off&#8220; disabled_on=&#8220;on|on|off&#8220; _builder_version=&#8220;4.16&#8243; max_width=&#8220;80px&#8220; module_alignment=&#8220;left&#8220; height=&#8220;10px&#8220; custom_margin=&#8220;||20px|&#8220; animation_style=&#8220;slide&#8220; animation_direction=&#8220;bottom&#8220; saved_tabs=&#8220;all&#8220; locked=&#8220;off&#8220; global_colors_info=&#8220;{}&#8220;][\/et_pb_divider][\/et_pb_column][et_pb_column type=&#8220;1_2&#8243; _builder_version=&#8220;4.16&#8243; custom_padding=&#8220;|||&#8220; global_colors_info=&#8220;{}&#8220; custom_padding__hover=&#8220;|||&#8220;][et_pb_image src=&#8220;https:\/\/janert.info\/wp-content\/uploads\/2025\/11\/IMG_6237-scaled.jpg&#8220; title_text=&#8220;IMG_6237&#8243; force_fullwidth=&#8220;on&#8220; _builder_version=&#8220;4.27.4&#8243; background_color=&#8220;#35B0B0&#8243; custom_margin=&#8220;|||&#8220; custom_padding=&#8220;|||&#8220; animation_style=&#8220;slide&#8220; animation_direction=&#8220;top&#8220; animation_intensity_slide=&#8220;6%&#8220; animation_starting_opacity=&#8220;100%&#8220; border_color_all=&#8220;#35B0B0&#8243; box_shadow_style=&#8220;preset1&#8243; box_shadow_horizontal=&#8220;-3px&#8220; box_shadow_color=&#8220;rgba(0,0,0,0.2)&#8220; always_center_on_mobile=&#8220;off&#8220; global_colors_info=&#8220;{}&#8220;][\/et_pb_image][\/et_pb_column][\/et_pb_row][\/et_pb_section][et_pb_section fb_built=&#8220;1&#8243; _builder_version=&#8220;4.16&#8243; global_colors_info=&#8220;{}&#8220;][et_pb_row disabled_on=&#8220;off|off|off&#8220; module_id=&#8220;community&#8220; _builder_version=&#8220;4.16.0&#8243; _module_preset=&#8220;default&#8220; custom_padding=&#8220;|20px|3px|20px|false|true&#8220; border_width_all=&#8220;2px&#8220; border_color_all=&#8220;#35B0B0&#8243; global_colors_info=&#8220;{}&#8220;][et_pb_column type=&#8220;4_4&#8243; _builder_version=&#8220;4.16.0&#8243; _module_preset=&#8220;default&#8220; global_colors_info=&#8220;{}&#8220;][et_pb_blurb icon_placement=&#8220;left&#8220; content_max_width=&#8220;1100px&#8220; _builder_version=&#8220;4.21.0&#8243; _module_preset=&#8220;default&#8220; custom_margin=&#8220;0px||0px||true|false&#8220; custom_padding=&#8220;4px||4px||true|false&#8220; global_colors_info=&#8220;{}&#8220;]<\/p>\n<div><\/div>\n<div><\/div>\n<div><\/div>\n<div>\n<h2><\/h2>\n<h2><\/h2>\n<h2>Fr\u00fches Spiel: Wie Kinder Lernen erlernen<\/h2>\n<p>Der englische Kinderneurologe Dr. Geoffrey Waldon interessierte sich darf\u00fcr, wie Kinder spielen lernen und was sie brauchen, um Lernen zu lernen und Verstehen zu verstehen. Das mu\u00df jedes Kind selber aus seinen eigenen aktiven\u00a0 Erfahrungen heraus entwickeln. Man kann es dem Kind weder erkl\u00e4ren oder beibringen. Das behindert nur diese grundlegende Entwicklung. Denn sie findet explorativ, und vor allem ohne verbale Anweisungen statt, und bildet so das Fundament, aus dem Verstehen und gemeinsame Bedeutungen, und damit Worte und Sprechen, entstehen k\u00f6nnen. Kindern mit autistisch-\u00e4hnlichen Verhaltensweisen (und zu vielen &#8218;modernen&#8216; oder &#8218;p\u00e4dagogisch-wertvollen&#8216; Spielsachen) fehlen h\u00e4ufig diese fundamentalen Erfahrungen, &#8211; und so stagnieren sie in ihrer Spiel- und Lernentwicklung.<\/p>\n<h3><\/h3>\n<h3><\/h3>\n<h3>Dieses PRAXIS-Webinar ist f\u00fcr Eltern und Fachleute, die<\/h3>\n<\/div>\n<ul>\n<li>Grundkenntnisse \u00fcber die Waldon Methode haben, z.B. Schnupper-Webinar, &#8218;Lernen zu lernen&#8216; Waldon I Grundkurs\u00a0<\/li>\n<li>die Waldon-Ideen aktiv mit einem Kind nutzen wollen<\/li>\n<li>sich \u00fcber die nicht-interakive Waldon-Lernstunde austauschen wollen<\/li>\n<li>anhand von eigenen Videos mit einem Kind\/ Klienten<\/li>\n<li>Ideen suchen f\u00fcr Spielmaterialien in der Lernen-erlernen Waldonstunde<\/li>\n<li>Fragen aus der eigenen Praxis diskutieren m\u00f6chten\u00a0<\/li>\n<\/ul>\n<p><strong style=\"font-size: 16px;\">Dieses Webinar setzt Grundkenntnisse \u00fcber die Waldonmethode voraus und beinhaltet:<\/strong><\/p>\n<div>\n<ul>\n<li>Feedback zu Videos von Eltern\/Fachleuten zur aktiven Umsetzung von Waldon-Ideen mit einem Kind\/Klienten<\/li>\n<li>Diskussion von Zielen und Inhalten der nicht-interakiven Waldon-Lernstunde\u00a0<\/li>\n<li>Ideen f\u00fcr Spielmaterialien in der Lernen-erlernen Waldonstunde<\/li>\n<li>Austausch und Fragen aus der eigenen Praxis<\/li>\n<\/ul>\n<\/div>\n<p>[\/et_pb_blurb][\/et_pb_column][\/et_pb_row][et_pb_row column_structure=&#8220;1_3,2_3&#8243; _builder_version=&#8220;4.25.0&#8243; _module_preset=&#8220;default&#8220; custom_padding=&#8220;||0px|||&#8220; global_colors_info=&#8220;{}&#8220;][et_pb_column type=&#8220;1_3&#8243; _builder_version=&#8220;4.25.0&#8243; _module_preset=&#8220;default&#8220; global_colors_info=&#8220;{}&#8220;][et_pb_button button_url=&#8220;https:\/\/www.digistore24.com\/product\/552539&#8243; button_text=&#8220;Hier WEBINAR buchen&#8220; button_alignment=&#8220;left&#8220; disabled_on=&#8220;off|off|off&#8220; _builder_version=&#8220;4.27.2&#8243; custom_button=&#8220;on&#8220; button_text_color=&#8220;#FBD302&#8243; button_bg_color=&#8220;#0FA3AE&#8220; button_border_color=&#8220;#0FA3AE&#8220; button_font=&#8220;||||||||&#8220; custom_margin=&#8220;28px|||||&#8220; global_colors_info=&#8220;{}&#8220;][\/et_pb_button][\/et_pb_column][et_pb_column type=&#8220;2_3&#8243; _builder_version=&#8220;4.25.0&#8243; _module_preset=&#8220;default&#8220; global_colors_info=&#8220;{}&#8220;][et_pb_text _builder_version=&#8220;4.16.0&#8243; _module_preset=&#8220;default&#8220; custom_margin=&#8220;||23px|||&#8220; custom_padding=&#8220;15px||||false|false&#8220; global_colors_info=&#8220;{}&#8220;]<\/p>\n<p><strong><span>Teilnahmegeb\u00fchr: \u20ac 55,00\u00a0 \u00a0 \u00a0 \u00a0&#8211;\u00a0 \u00a0 \u00a0\u00a0<\/span><\/strong><strong><span><\/span><\/strong><strong><span>Maximale Teilnehmerzahl: 24\u00a0 \u00a0 \u00a0\u00a0<\/span><\/strong><\/p>\n<p><strong><span>Den Zoom-link erh\u00e4ltst du ca. 1 Tag vorher!<\/span><\/strong><\/p>\n<p><span style=\"font-size: 16px;\"><\/span><\/p>\n<p>[\/et_pb_text][et_pb_text _builder_version=&#8220;4.27.4&#8243; _module_preset=&#8220;default&#8220; hover_enabled=&#8220;0&#8243; sticky_enabled=&#8220;0&#8243;][\/et_pb_text][\/et_pb_column][\/et_pb_row][\/et_pb_section][et_pb_section fb_built=&#8220;1&#8243; _builder_version=&#8220;4.25.0&#8243; _module_preset=&#8220;default&#8220; global_colors_info=&#8220;{}&#8220;][\/et_pb_section]<\/p>\n<span class=\"et_bloom_bottom_trigger\"><\/span>","protected":false},"excerpt":{"rendered":"<p>Praxis-WEBINAR:\u00a0 Waldon aktiv anwenden &nbsp; Fr\u00fches Spiel: Wie Kinder Lernen erlernen Der englische Kinderneurologe Dr. Geoffrey Waldon interessierte sich darf\u00fcr, wie Kinder spielen lernen und was sie brauchen, um Lernen zu lernen und Verstehen zu verstehen. Das mu\u00df jedes Kind selber aus seinen eigenen aktiven\u00a0 Erfahrungen heraus entwickeln. Man kann es dem Kind weder erkl\u00e4ren [&hellip;]<\/p>\n","protected":false},"author":3,"featured_media":0,"parent":0,"menu_order":0,"comment_status":"closed","ping_status":"closed","template":"","meta":{"_acf_changed":false,"_et_pb_use_builder":"on","_et_pb_old_content":"","_et_gb_content_width":"","footnotes":""},"class_list":["post-9049","page","type-page","status-publish","hentry"],"acf":[],"yoast_head":"<!-- This site is optimized with the Yoast SEO plugin v27.3 - https:\/\/yoast.com\/product\/yoast-seo-wordpress\/ -->\n<title>Praxis-Webinar: WALDON aktiv anwenden - Autistische Kinder<\/title>\n<meta name=\"robots\" content=\"index, follow, max-snippet:-1, max-image-preview:large, max-video-preview:-1\" \/>\n<link rel=\"canonical\" href=\"https:\/\/janert.info\/en\/practice-webinar-waldon-active-use\/\" \/>\n<meta property=\"og:locale\" content=\"en_US\" \/>\n<meta property=\"og:type\" content=\"article\" \/>\n<meta property=\"og:title\" content=\"Praxis-Webinar: WALDON aktiv anwenden - Autistische Kinder\" \/>\n<meta property=\"og:description\" content=\"Praxis-WEBINAR:\u00a0 Waldon aktiv anwenden &nbsp; Fr\u00fches Spiel: Wie Kinder Lernen erlernen Der englische Kinderneurologe Dr. Geoffrey Waldon interessierte sich darf\u00fcr, wie Kinder spielen lernen und was sie brauchen, um Lernen zu lernen und Verstehen zu verstehen. Das mu\u00df jedes Kind selber aus seinen eigenen aktiven\u00a0 Erfahrungen heraus entwickeln. Man kann es dem Kind weder erkl\u00e4ren [&hellip;]\" \/>\n<meta property=\"og:url\" content=\"https:\/\/janert.info\/en\/practice-webinar-waldon-active-use\/\" \/>\n<meta property=\"og:site_name\" content=\"Autistische Kinder\" \/>\n<meta property=\"article:modified_time\" content=\"2025-12-05T16:58:01+00:00\" \/>\n<meta name=\"twitter:card\" content=\"summary_large_image\" \/>\n<meta name=\"twitter:label1\" content=\"Est. reading time\" \/>\n\t<meta name=\"twitter:data1\" content=\"2 minutes\" \/>\n<script type=\"application\/ld+json\" class=\"yoast-schema-graph\">{\"@context\":\"https:\\\/\\\/schema.org\",\"@graph\":[{\"@type\":\"WebPage\",\"@id\":\"https:\\\/\\\/janert.info\\\/praxis-webinar-waldon-aktiv-anwenden\\\/\",\"url\":\"https:\\\/\\\/janert.info\\\/praxis-webinar-waldon-aktiv-anwenden\\\/\",\"name\":\"Praxis-Webinar: WALDON aktiv anwenden - Autistische Kinder\",\"isPartOf\":{\"@id\":\"https:\\\/\\\/janert.info\\\/#website\"},\"datePublished\":\"2024-05-14T09:04:11+00:00\",\"dateModified\":\"2025-12-05T16:58:01+00:00\",\"breadcrumb\":{\"@id\":\"https:\\\/\\\/janert.info\\\/praxis-webinar-waldon-aktiv-anwenden\\\/#breadcrumb\"},\"inLanguage\":\"en-US\",\"potentialAction\":[{\"@type\":\"ReadAction\",\"target\":[\"https:\\\/\\\/janert.info\\\/praxis-webinar-waldon-aktiv-anwenden\\\/\"]}]},{\"@type\":\"BreadcrumbList\",\"@id\":\"https:\\\/\\\/janert.info\\\/praxis-webinar-waldon-aktiv-anwenden\\\/#breadcrumb\",\"itemListElement\":[{\"@type\":\"ListItem\",\"position\":1,\"name\":\"Startseite\",\"item\":\"https:\\\/\\\/janert.info\\\/\"},{\"@type\":\"ListItem\",\"position\":2,\"name\":\"Praxis-Webinar: WALDON aktiv anwenden\"}]},{\"@type\":\"WebSite\",\"@id\":\"https:\\\/\\\/janert.info\\\/#website\",\"url\":\"https:\\\/\\\/janert.info\\\/\",\"name\":\"Autistische Kinder\",\"description\":\"beziehungs-orientiert behandeln\",\"potentialAction\":[{\"@type\":\"SearchAction\",\"target\":{\"@type\":\"EntryPoint\",\"urlTemplate\":\"https:\\\/\\\/janert.info\\\/?s={search_term_string}\"},\"query-input\":{\"@type\":\"PropertyValueSpecification\",\"valueRequired\":true,\"valueName\":\"search_term_string\"}}],\"inLanguage\":\"en-US\"}]}<\/script>\n<!-- \/ Yoast SEO plugin. -->","yoast_head_json":{"title":"Practical webinar: Actively using WALDON - Autistic children","robots":{"index":"index","follow":"follow","max-snippet":"max-snippet:-1","max-image-preview":"max-image-preview:large","max-video-preview":"max-video-preview:-1"},"canonical":"https:\/\/janert.info\/en\/practice-webinar-waldon-active-use\/","og_locale":"en_US","og_type":"article","og_title":"Praxis-Webinar: WALDON aktiv anwenden - Autistische Kinder","og_description":"Praxis-WEBINAR:\u00a0 Waldon aktiv anwenden &nbsp; Fr\u00fches Spiel: Wie Kinder Lernen erlernen Der englische Kinderneurologe Dr. Geoffrey Waldon interessierte sich darf\u00fcr, wie Kinder spielen lernen und was sie brauchen, um Lernen zu lernen und Verstehen zu verstehen. Das mu\u00df jedes Kind selber aus seinen eigenen aktiven\u00a0 Erfahrungen heraus entwickeln. Man kann es dem Kind weder erkl\u00e4ren [&hellip;]","og_url":"https:\/\/janert.info\/en\/practice-webinar-waldon-active-use\/","og_site_name":"Autistische Kinder","article_modified_time":"2025-12-05T16:58:01+00:00","twitter_card":"summary_large_image","twitter_misc":{"Est. reading time":"2 minutes"},"schema":{"@context":"https:\/\/schema.org","@graph":[{"@type":"WebPage","@id":"https:\/\/janert.info\/praxis-webinar-waldon-aktiv-anwenden\/","url":"https:\/\/janert.info\/praxis-webinar-waldon-aktiv-anwenden\/","name":"Practical webinar: Actively using WALDON - Autistic children","isPartOf":{"@id":"https:\/\/janert.info\/#website"},"datePublished":"2024-05-14T09:04:11+00:00","dateModified":"2025-12-05T16:58:01+00:00","breadcrumb":{"@id":"https:\/\/janert.info\/praxis-webinar-waldon-aktiv-anwenden\/#breadcrumb"},"inLanguage":"en-US","potentialAction":[{"@type":"ReadAction","target":["https:\/\/janert.info\/praxis-webinar-waldon-aktiv-anwenden\/"]}]},{"@type":"BreadcrumbList","@id":"https:\/\/janert.info\/praxis-webinar-waldon-aktiv-anwenden\/#breadcrumb","itemListElement":[{"@type":"ListItem","position":1,"name":"Startseite","item":"https:\/\/janert.info\/"},{"@type":"ListItem","position":2,"name":"Praxis-Webinar: WALDON aktiv anwenden"}]},{"@type":"WebSite","@id":"https:\/\/janert.info\/#website","url":"https:\/\/janert.info\/","name":"Autistic children","description":"treat relationship-oriented","potentialAction":[{"@type":"SearchAction","target":{"@type":"EntryPoint","urlTemplate":"https:\/\/janert.info\/?s={search_term_string}"},"query-input":{"@type":"PropertyValueSpecification","valueRequired":true,"valueName":"search_term_string"}}],"inLanguage":"en-US"}]}},"_links":{"self":[{"href":"https:\/\/janert.info\/en\/wp-json\/wp\/v2\/pages\/9049","targetHints":{"allow":["GET"]}}],"collection":[{"href":"https:\/\/janert.info\/en\/wp-json\/wp\/v2\/pages"}],"about":[{"href":"https:\/\/janert.info\/en\/wp-json\/wp\/v2\/types\/page"}],"author":[{"embeddable":true,"href":"https:\/\/janert.info\/en\/wp-json\/wp\/v2\/users\/3"}],"replies":[{"embeddable":true,"href":"https:\/\/janert.info\/en\/wp-json\/wp\/v2\/comments?post=9049"}],"version-history":[{"count":10,"href":"https:\/\/janert.info\/en\/wp-json\/wp\/v2\/pages\/9049\/revisions"}],"predecessor-version":[{"id":10118,"href":"https:\/\/janert.info\/en\/wp-json\/wp\/v2\/pages\/9049\/revisions\/10118"}],"wp:attachment":[{"href":"https:\/\/janert.info\/en\/wp-json\/wp\/v2\/media?parent=9049"}],"curies":[{"name":"wp","href":"https:\/\/api.w.org\/{rel}","templated":true}]}}