{"id":9153,"date":"2024-07-29T09:52:06","date_gmt":"2024-07-29T07:52:06","guid":{"rendered":"https:\/\/janert.info\/?page_id=9153"},"modified":"2024-12-03T11:55:58","modified_gmt":"2024-12-03T10:55:58","slug":"early-play-learning-landing-page","status":"publish","type":"page","link":"https:\/\/janert.info\/en\/early-play-learning-landing-page\/","title":{"rendered":"Early Play &amp; Learning landing page"},"content":{"rendered":"<p>[et_pb_section fb_built=&#8220;1&#8243; _builder_version=&#8220;4.16&#8243; global_colors_info=&#8220;{}&#8220;][et_pb_row _builder_version=&#8220;4.16&#8243; _module_preset=&#8220;default&#8220; global_colors_info=&#8220;{}&#8220;][et_pb_column type=&#8220;4_4&#8243; _builder_version=&#8220;4.16&#8243; _module_preset=&#8220;default&#8220; global_colors_info=&#8220;{}&#8220;][et_pb_image src=&#8220;https:\/\/janert.info\/wp-content\/uploads\/2024\/11\/Fruehes-Spiel-Lernen.jpg&#8220; title_text=&#8220;Fr\u00fches Spiel &#038; Lernen&#8220; _builder_version=&#8220;4.27.2&#8243; _module_preset=&#8220;default&#8220; global_colors_info=&#8220;{}&#8220;][\/et_pb_image][\/et_pb_column][\/et_pb_row][et_pb_row _builder_version=&#8220;4.16&#8243; width=&#8220;79.8%&#8220; global_colors_info=&#8220;{}&#8220;][et_pb_column type=&#8220;4_4&#8243; _builder_version=&#8220;4.16&#8243; custom_padding=&#8220;|||&#8220; global_colors_info=&#8220;{}&#8220; custom_padding__hover=&#8220;|||&#8220;][et_pb_text _builder_version=&#8220;4.16.0&#8243; custom_padding=&#8220;||12px|||&#8220; global_colors_info=&#8220;{}&#8220;]<\/p>\n<h2><strong><span style=\"color: #0fa3ae;\"><span style=\"color: #0fa3ae;\">Wie k\u00f6nnen wir dem Kind helfen, Spielen und Lernen zu lernen?<\/span><\/span><\/strong><\/h2>\n<p>Machen Sie sich Sorgen, weil Ihr Kind<em><span style=\"font-size: 16px;\"><\/span><\/em><\/p>\n<ul>\n<li>oft passiv ist oder sich in repetitiven Aktivit\u00e4ten verliert?<\/li>\n<li>nicht spielt und kein Interesse daran hat, zu lernen und seine Umgebung aktiv zu erkunden?<\/li>\n<li>nicht aktiv seine H\u00e4nde zum Spielen einsetzt, um Gegenst\u00e4nde zu erkunden?<\/li>\n<\/ul>\n<p><em><\/em><\/p>\n<p><span style=\"font-size: 16px;\">Dies ist ein immer h\u00e4ufigeres Problem. Manche Kinder haben Schwierigkeiten in der grundlegenden fr\u00fchen Entwicklung und k\u00f6nnen nicht spielen, haben kein Interesse, Gegenst\u00e4nde zu erkunden, was ihr Lernen einschr\u00e4nkt oder sogar behindert. <\/span><span style=\"font-size: 16px;\">Die Erwachsenen sind oft verzweifelt, weil ihr Kind nicht zu verstehen scheint und sie ihrem Kind nichts beibringen k\u00f6nnen<\/span><span style=\"font-size: 16px;\">, und suchen dringend <\/span><span style=\"font-size: 16px;\">nach Unterst\u00fctzung, um ihrem Kind zu helfen.<\/span><\/p>\n<p>In diesem Kapitel zeige <span style=\"font-size: 16px;\">ich Ihnen, wie Sie Ihrem Kind helfen k\u00f6nnen, spielen zu lernen und anhand von einfachen Spielaktivit\u00e4ten zu begreifen, wie man lernt und wie die Welt funkioniert.<\/span><\/p>\n<p><span style=\"font-size: 16px;\"><\/span>\u00a0<\/p>\n<h4>Auch Ihr Kind kann Spielen und Lernen lernen!<\/h4>\n<p>[\/et_pb_text][et_pb_button button_url=&#8220;https:\/\/www.digistore24.com\/product\/563501&#8243; button_text=&#8220;HIER BUCHEN&#8220; button_alignment=&#8220;left&#8220; disabled_on=&#8220;off|off|off&#8220; _builder_version=&#8220;4.25.2&#8243; custom_button=&#8220;on&#8220; button_text_color=&#8220;#0fa3ae&#8220; button_bg_color=&#8220;#F1C91A&#8220; button_border_color=&#8220;rgba(0,0,0,0)&#8220; button_border_radius=&#8220;0px&#8220; button_font=&#8220;|600|||||||&#8220; custom_margin=&#8220;23px|||||&#8220; global_colors_info=&#8220;{}&#8220;][\/et_pb_button][et_pb_text _builder_version=&#8220;4.21.0&#8243; text_font=&#8220;||||||||&#8220; text_line_height=&#8220;1.6em&#8220; custom_padding=&#8220;30px|30px|30px|30px|true|true&#8220; box_shadow_style=&#8220;preset1&#8243; global_colors_info=&#8220;{}&#8220;]<\/p>\n<h4><strong><em><img loading=\"lazy\" decoding=\"async\" src=\"https:\/\/janert.info\/wp-content\/uploads\/2022\/05\/ASDFavicon2-300x300-1-300x300.png\" width=\"58\" height=\"58\" alt=\"\" class=\"wp-image-6632 alignnone size-medium\" srcset=\"https:\/\/janert.info\/wp-content\/uploads\/2022\/05\/ASDFavicon2-300x300-1.png 300w, https:\/\/janert.info\/wp-content\/uploads\/2022\/05\/ASDFavicon2-300x300-1-150x150.png 150w, https:\/\/janert.info\/wp-content\/uploads\/2022\/05\/ASDFavicon2-300x300-1-12x12.png 12w\" sizes=\"(max-width: 58px) 100vw, 58px\" \/>\u00a0 \u00a0 <\/em><\/strong>Entdecken, wie man spielt<\/h4>\n<p><em>Gestern hob Kiril im Garten einen Blumentopf auf und drehte ihn um. Er war sichtlich \u00fcberrascht, als ein paar Keramikscherben herausfielen. Ich konnte es kum glauben, als er sich b\u00fcckte, um sie aufzuheben und sie wieder in den Blumentopf zu tun, um sie dann wieder auszukippen. Als N\u00e4chstes hockte er sich hin, kippte sie aus und legte sie wieder hinein, &#8211; ein neues Spiel, das er noch nie gespielt hatte.\u00a0<\/em><em><\/em><\/p>\n<p><em>Dann wurde er ein wenig \u00fcberm\u00fctig und die Schreben verteilten sich \u00fcber den ganzen Boden. Eine landete auf einem kleinen Metallteller. Es machte ein klingendes Ger\u00e4usch und er wiederholte nun seine vorherige Aktion, offenbar um dieses Ger\u00e4usch nochmal zu erzeugen. Dann nahm er den Teller und stellte ihn auf den Blumentopf, dann hob er ihn wieder an, um hineinzusp\u00e4hen. Er bemerkte, dass er leer war, streckte die Hand aus und gab etwas von der Erde hinein, mit der ich meine T\u00f6pfe bepflanzte. Ich konnte es kaum fassen: Er spielte tats\u00e4chlich! Ich hatte ihn noch nie so spielen sehen!\u00a0<\/em><\/p>\n<p><em>Ich bin so froh, dass wir neulich dar\u00fcber gesprochen haben, wie sich Spiel entwickelt. Zuerst wiederholte er ihm bekannte Handlungen, die wir in den Waldon-Stunden ge\u00fcbt haben.<span>\u00a0<\/span><\/em><em>Ich konnte wirklich sehen, wie viel er von den unerwarteten Ereignissen lernte, &#8211; und er f\u00fcgte dann sogar noch eine Variation hinzu, indem er Erde eintat. Er war so fokussiert. Und\u00a0<\/em><em>Ich wusste, dass ich den Mund halten und meinem Drang widerstehen musste, zu \u00fcbernehmen, zu loben oder zu versuchen, ihm etwas beizubringen.\u00a0<\/em><em><\/em><\/p>\n<p><span><strong><span style=\"color: #35b0b0;\">Shashenka<\/span>\u00a0<\/strong><\/span><span>&#8211; Mutter von Kiril (6 Jahre alt)<\/span><\/p>\n<p><strong style=\"color: #0fa3ae; font-size: 16px;\"><\/strong><\/p>\n<p>[\/et_pb_text][et_pb_text _builder_version=&#8220;4.25.2&#8243; header_2_text_color=&#8220;#0fa3ae&#8220; header_3_font_size=&#8220;23px&#8220; background_color=&#8220;rgba(15,163,174,0.11)&#8220; custom_margin=&#8220;0px||0px||true|false&#8220; custom_padding=&#8220;30px|30px|30px|30px|true|true&#8220; global_colors_info=&#8220;{}&#8220;]<\/p>\n<h2><em>Wie k\u00f6nnen Sie Ihrem Kind helfen:<\/em><\/h2>\n<p>In diesem Kurs geht es um die kognitive Entwicklung des Kindes und <span style=\"font-size: 16px;\">die Prinzipien des fr\u00fchen Lernens anhand eines einz<\/span><span style=\"font-size: 16px;\">igartigen und in Deutschland fast vollkommen unbekannten Entwicklungsmodells \u00fcber das Fr\u00fche Spiel. Dieses erm\u00f6glicht eine ganz neue <\/span><span style=\"font-size: 16px;\">Sicht auf das fr\u00fche Spiel und wie Kinder Lernen lernen, und lernen zu verstehen, und l\u00e4\u00dft uns Lernschwierigkeiten und herausfordernde Verhaltensweisen mit neuen Augen sehen und angehen.<\/span><\/p>\n<p><span style=\"font-size: 16px;\"> <\/span><span style=\"font-size: 16px;\">Es enth\u00e4lt in kurzen Texten vieles, was ich seit 40 Jahren \u00fcber fr\u00fches Spiel und die Waldon Methode von <\/span><span style=\"font-size: 16px;\">erfahrenen KollegInnen und aus meiner eigenen Erfahrung mit Kindern, Jugendlichen und ihren Familien <\/span><span style=\"font-size: 16px;\">gelernt habe <\/span><span style=\"font-size: 16px;\">und hier gesammelt zur Verf\u00fcgung stellen m\u00f6chte, &#8211; zum ersten Mal auf deutsch.\u00a0<\/span><\/p>\n<p>Dieses Kapitel besteht aus 7 Lektionen, in denen ich Ihnen zeige, <span style=\"font-size: 16px;\">wie Sie Ihr Kind anhand von einfachsten Spielaktivit\u00e4ten <\/span><span style=\"font-size: 16px;\">dabei unterst\u00fctzen k\u00f6nnen, Spielen und Lernen zu lernen.<\/span><\/p>\n<p><span style=\"font-size: 16px;\">Was Sie in diesem Kurs finden:<\/span><\/p>\n<ul>\n<li><em style=\"font-size: 16px;\"><span style=\"font-size: 16px;\"><strong>\u00dcberblick <\/strong><\/span><\/em><em style=\"font-size: 16px;\"><span style=\"font-size: 16px;\"><strong>&amp; Erkl\u00e4rungsmodell<\/strong>, um Lernschwierigkeiten neu verstehen und beheben zu k\u00f6nnen<\/span><\/em><\/li>\n<li><em style=\"font-size: 16px;\"><strong style=\"font-size: 16px;\">Spielmaterialien, Aktivit\u00e4ten &amp; Strategien,<\/strong> damit das Kind ins Tun kommen kann, um <span style=\"font-size: 16px;\">Spielen und Lernen zu lernen<\/span><\/em><\/li>\n<li><em><strong>Klare Anleitung<\/strong> mit vielen Beispielen und Bildern<\/em><\/li>\n<li><em style=\"font-size: 16px;\"><span style=\"font-size: 16px;\"><strong>Beispiele &amp; echte Geschichten<\/strong> \u00fcber Entwicklungsfortschritte von Kindern<\/span><\/em><\/li>\n<li><em><strong>Checklisten<\/strong> als PDF zum Herunterladen<\/em><\/li>\n<\/ul>\n<p><em><\/em><\/p>\n<p><span style=\"font-size: 16px;\">Manches in diesem Kurs mag Sie \u00fcberraschen und Sie einladen, auf neue und vielleicht ungewohnte Weise mit Ihrem Kind zu spielen und ihm mit Spielaktivit\u00e4ten, die einfacher sind, als Sie es sich vorstellen k\u00f6nnen, zu helfen, die Welt zu begreifen und dadurch Spielen und Lernen zu lernen.<\/span><\/p>\n<h3><\/h3>\n<h4>2.1. EINLEITUNG: Kinder, die nicht spielen und lernen<\/h4>\n<ul>\n<li>Das Problem neu definieren<\/li>\n<li>\u00dcberblick \u00fcber den Kurs<\/li>\n<li>Lernschwierigkeiten: Eine einzigartige Sichtweise<\/li>\n<li>Herausforderungen: Prim\u00e4r oder sekund\u00e4r<\/li>\n<li>Herausfordernde Verhaltensweisen und ihre Funktion<\/li>\n<\/ul>\n<h4>2.2 Ein evolution\u00e4res Entwicklungsmodell<\/h4>\n<ul>\n<li>Parallele Entwicklungsstr\u00e4nge<\/li>\n<li>Prinzipien des fr\u00fchen Lernens<\/li>\n<li>Die Entwicklung von Verstehen<\/li>\n<li>Wie entwickelt sich Interesse?<\/li>\n<li>Lernen beginnt NICHT mit Nachahmen<\/li>\n<li>Lernen f\u00fcr Kinder mit Lernschwierigkeiten<\/li>\n<li>Die Entwicklung der Lernen zu lernen Fertigkeiten: Entwicklungsdiagramm<\/li>\n<\/ul>\n<h4>2.3 Fr\u00fches Spiel I: Die GRUNDLAGEN &#8211; K\u00f6rperliche Bewegung<\/h4>\n<ul>\n<li>Lernen beginnt mit Bewegung<\/li>\n<li>Sensorische Integration<\/li>\n<li>Wissen, wo sich der K\u00f6rper im Raum befindet<\/li>\n<li>Autismus beginnt als Bewegungsst\u00f6rung<\/li>\n<\/ul>\n<h4>2.4 Fr\u00fches Spiel II: Die ANF\u00c4NGE &#8211; Die H\u00e4nde benutzen<\/h4>\n<ul>\n<li>Lernen durch TUN<\/li>\n<li>Voraussetzungen um Lernen zu lernen<\/li>\n<li>Die Bedeutung der H\u00c4NDE<\/li>\n<li>Schatzk\u00f6rbe: Das beste Aktivit\u00e4tszentrum f\u00fcr kleine Kinder<\/li>\n<\/ul>\n<h4>2.5 Fr\u00fches Spiel III: VERSTEHEN, wie man spielt &#8211; Kontinuanzf\u00e4higkeit<\/h4>\n<ul>\n<li>Die F\u00e4higkeit, Verbindungen herzustellen: Kontinuanzverhalten<\/li>\n<li>Komponenten der Kontinuanzf\u00e4higkeit<\/li>\n<li>Muster bilden: BEISPIELE von Kontinuanzf\u00e4higkeit<\/li>\n<\/ul>\n<h4>2.6 Entwicklungsl\u00fccken f\u00fcllen: Nicht-interaktive LERN-Stunden<\/h4>\n<ul>\n<li>Die nicht-interaktive Waldon-Stunde<\/li>\n<li>Der Waldon-Begleiter<\/li>\n<li>Warum man NICHT loben sollte<\/li>\n<li>Die Grundausstattung f\u00fcr Waldon-Stunden<\/li>\n<li>Das \u201eLearning by Doing\u201c-Profil des Kindes<\/li>\n<li>Erste Schritte: GRUNDLEGENDE Waldon-Aktivit\u00e4ten<\/li>\n<li>Learning by Doing 1: NEHMEN &amp; REINTUN<\/li>\n<li>Learning by Doing 2: KLOPFEN + SCHLAGEN &amp; WISCHEN + SCHABEN<\/li>\n<li>Learning by Doing 3: HANDWERKZEUGE<\/li>\n<li>Wie es weitergeht: VARIATIONEN hinzuf\u00fcgen<\/li>\n<li>Umgang mit herausforderndem Verhalten<\/li>\n<li>Spezifische Waldon Materialien\/Ausr\u00fcstung<\/li>\n<\/ul>\n<h4>2.7. Lernen zu LERNEN F\u00e4higkeiten: Die Welt ordnen<\/h4>\n<ul>\n<li>LERNF\u00c4HIGKEITEN &#8211; Die Welt ordnen<\/li>\n<li>UNTERSCHIEDE verstehen: Zuordnen<\/li>\n<li>\u00c4HNLICHKEITEN verstehen: Sortieren<\/li>\n<li>REIHENFOLGEN &amp; SERIEN verstehen: Sequenzen<\/li>\n<li>ZEICHNEN verstehen: 2D &amp; Kritzeln &amp; Zeichen setzen<\/li>\n<li>BAUEN verstehen: 3D &amp; Perspektiven wahrnehmen<\/li>\n<li>KODIEREN verstehen: die Anf\u00e4nge von Lesen und Schreiben<\/li>\n<\/ul>\n<p><span><\/span><\/p>\n<p>[\/et_pb_text][et_pb_button button_url=&#8220;https:\/\/www.digistore24.com\/product\/563501&#8243; button_text=&#8220;Ja, ich m\u00f6chte anfangen&#8220; button_alignment=&#8220;left&#8220; disabled_on=&#8220;off|off|off&#8220; _builder_version=&#8220;4.25.2&#8243; custom_button=&#8220;on&#8220; button_text_color=&#8220;#0fa3ae&#8220; button_bg_color=&#8220;#F1C91A&#8220; button_border_color=&#8220;rgba(0,0,0,0)&#8220; button_border_radius=&#8220;0px&#8220; button_font=&#8220;|600|||||||&#8220; custom_margin=&#8220;23px|||||&#8220; global_colors_info=&#8220;{}&#8220;][\/et_pb_button][et_pb_text _builder_version=&#8220;4.16.0&#8243; custom_margin=&#8220;31px||-8px|||&#8220; custom_padding=&#8220;21px|||||&#8220; global_colors_info=&#8220;{}&#8220;]<\/p>\n<h4><span>Buchen Sie den Kurs f\u00fcr nur ~ \u20ac 249.00 zzgl. MwSt.<br \/><\/span><\/h4>\n<p>[\/et_pb_text][et_pb_text _builder_version=&#8220;4.16.0&#8243; custom_margin=&#8220;10px||||false|false&#8220; global_colors_info=&#8220;{}&#8220;]<\/p>\n<div class=\"et_pb_module et_pb_text et_pb_text_4  et_pb_text_align_left et_pb_bg_layout_light\">\n<div class=\"et_pb_text_inner\"><translate-press data-trp-translate-id=\"619\" data-trp-node-group=\"Liste von Zeichenfolgen\" class=\" trp-highlight\">Ihre Zahlung wird verschl\u00fcsselt und sicher \u00fcber den deutschen Zahlungsanbieter DigiStore24 abgewickelt.<\/translate-press><\/div>\n<div class=\"et_pb_text_inner\">14 Tage R\u00fcckgaberecht<\/div>\n<\/div>\n<div class=\"et_pb_module et_pb_text et_pb_text_5  et_pb_text_align_left et_pb_bg_layout_light\">\n<div class=\"et_pb_text_inner\"><\/div>\n<\/div>\n<p>[\/et_pb_text][et_pb_text _builder_version=&#8220;4.16.0&#8243; header_4_font_size=&#8220;24px&#8220; custom_margin=&#8220;48px||-8px|||&#8220; global_colors_info=&#8220;{}&#8220;]<\/p>\n<h4><span>Haben Sie noch Fragen?\u00a0<br \/><\/span><\/h4>\n<p>Schreiben Sie eine E-Mail an <a href=\"mailto:perspektiven@janert.info\" target=\"_blank\" rel=\"noopener noreferrer\"><span>\u00a0<\/span><span>perspektiven@janert.info<\/span><\/a><\/p>\n<p>[\/et_pb_text][\/et_pb_column][\/et_pb_row][\/et_pb_section]<\/p>\n<span class=\"et_bloom_bottom_trigger\"><\/span>","protected":false},"excerpt":{"rendered":"<p>Wie k\u00f6nnen wir dem Kind helfen, Spielen und Lernen zu lernen? Machen Sie sich Sorgen, weil Ihr Kind oft passiv ist oder sich in repetitiven Aktivit\u00e4ten verliert? nicht spielt und kein Interesse daran hat, zu lernen und seine Umgebung aktiv zu erkunden? nicht aktiv seine H\u00e4nde zum Spielen einsetzt, um Gegenst\u00e4nde zu erkunden? Dies ist [&hellip;]<\/p>\n","protected":false},"author":11,"featured_media":0,"parent":0,"menu_order":0,"comment_status":"closed","ping_status":"closed","template":"","meta":{"_acf_changed":false,"_et_pb_use_builder":"on","_et_pb_old_content":"","_et_gb_content_width":"","footnotes":""},"class_list":["post-9153","page","type-page","status-publish","hentry"],"acf":[],"yoast_head":"<!-- This site is optimized with the Yoast SEO plugin v27.2 - https:\/\/yoast.com\/product\/yoast-seo-wordpress\/ -->\n<title>Early Play &amp; Learning Landing-Page - Autistische Kinder<\/title>\n<meta name=\"description\" content=\"structure-autism-children-therapy-home-\" \/>\n<meta name=\"robots\" content=\"index, follow, max-snippet:-1, max-image-preview:large, max-video-preview:-1\" \/>\n<link rel=\"canonical\" href=\"https:\/\/janert.info\/en\/early-play-learning-landing-page\/\" \/>\n<meta property=\"og:locale\" content=\"en_US\" \/>\n<meta property=\"og:type\" content=\"article\" \/>\n<meta property=\"og:title\" content=\"Early Play &amp; Learning Landing-Page - Autistische Kinder\" \/>\n<meta property=\"og:description\" content=\"structure-autism-children-therapy-home-\" \/>\n<meta property=\"og:url\" content=\"https:\/\/janert.info\/en\/early-play-learning-landing-page\/\" \/>\n<meta property=\"og:site_name\" content=\"Autistische Kinder\" \/>\n<meta property=\"article:modified_time\" content=\"2024-12-03T10:55:58+00:00\" \/>\n<meta property=\"og:image\" content=\"https:\/\/janert.info\/wp-content\/uploads\/2022\/05\/ASDFavicon2-300x300-1-300x300.png\" \/>\n<meta name=\"twitter:card\" content=\"summary_large_image\" \/>\n<meta name=\"twitter:label1\" content=\"Est. reading time\" \/>\n\t<meta name=\"twitter:data1\" content=\"4 minutes\" \/>\n<script type=\"application\/ld+json\" class=\"yoast-schema-graph\">{\"@context\":\"https:\/\/schema.org\",\"@graph\":[{\"@type\":\"WebPage\",\"@id\":\"https:\/\/janert.info\/early-play-learning-landing-page\/\",\"url\":\"https:\/\/janert.info\/early-play-learning-landing-page\/\",\"name\":\"Early Play & Learning Landing-Page - Autistische Kinder\",\"isPartOf\":{\"@id\":\"https:\/\/janert.info\/#website\"},\"primaryImageOfPage\":{\"@id\":\"https:\/\/janert.info\/early-play-learning-landing-page\/#primaryimage\"},\"image\":{\"@id\":\"https:\/\/janert.info\/early-play-learning-landing-page\/#primaryimage\"},\"thumbnailUrl\":\"https:\/\/janert.info\/wp-content\/uploads\/2022\/05\/ASDFavicon2-300x300-1-300x300.png\",\"datePublished\":\"2024-07-29T07:52:06+00:00\",\"dateModified\":\"2024-12-03T10:55:58+00:00\",\"description\":\"structure-autism-children-therapy-home-\",\"breadcrumb\":{\"@id\":\"https:\/\/janert.info\/early-play-learning-landing-page\/#breadcrumb\"},\"inLanguage\":\"en-US\",\"potentialAction\":[{\"@type\":\"ReadAction\",\"target\":[\"https:\/\/janert.info\/early-play-learning-landing-page\/\"]}]},{\"@type\":\"ImageObject\",\"inLanguage\":\"en-US\",\"@id\":\"https:\/\/janert.info\/early-play-learning-landing-page\/#primaryimage\",\"url\":\"https:\/\/janert.info\/wp-content\/uploads\/2022\/05\/ASDFavicon2-300x300-1-300x300.png\",\"contentUrl\":\"https:\/\/janert.info\/wp-content\/uploads\/2022\/05\/ASDFavicon2-300x300-1-300x300.png\"},{\"@type\":\"BreadcrumbList\",\"@id\":\"https:\/\/janert.info\/early-play-learning-landing-page\/#breadcrumb\",\"itemListElement\":[{\"@type\":\"ListItem\",\"position\":1,\"name\":\"Startseite\",\"item\":\"https:\/\/janert.info\/\"},{\"@type\":\"ListItem\",\"position\":2,\"name\":\"Early Play &#038; Learning Landing-Page\"}]},{\"@type\":\"WebSite\",\"@id\":\"https:\/\/janert.info\/#website\",\"url\":\"https:\/\/janert.info\/\",\"name\":\"Autistische Kinder\",\"description\":\"beziehungs-orientiert behandeln\",\"potentialAction\":[{\"@type\":\"SearchAction\",\"target\":{\"@type\":\"EntryPoint\",\"urlTemplate\":\"https:\/\/janert.info\/?s={search_term_string}\"},\"query-input\":{\"@type\":\"PropertyValueSpecification\",\"valueRequired\":true,\"valueName\":\"search_term_string\"}}],\"inLanguage\":\"en-US\"}]}<\/script>\n<!-- \/ Yoast SEO plugin. -->","yoast_head_json":{"title":"Early Play &amp; Learning landing page - Autistic children","description":"structure-autism-children-therapy-home-","robots":{"index":"index","follow":"follow","max-snippet":"max-snippet:-1","max-image-preview":"max-image-preview:large","max-video-preview":"max-video-preview:-1"},"canonical":"https:\/\/janert.info\/en\/early-play-learning-landing-page\/","og_locale":"en_US","og_type":"article","og_title":"Early Play & Learning Landing-Page - Autistische Kinder","og_description":"structure-autism-children-therapy-home-","og_url":"https:\/\/janert.info\/en\/early-play-learning-landing-page\/","og_site_name":"Autistische Kinder","article_modified_time":"2024-12-03T10:55:58+00:00","og_image":[{"url":"https:\/\/janert.info\/wp-content\/uploads\/2022\/05\/ASDFavicon2-300x300-1-300x300.png","type":"","width":"","height":""}],"twitter_card":"summary_large_image","twitter_misc":{"Est. reading time":"4 minutes"},"schema":{"@context":"https:\/\/schema.org","@graph":[{"@type":"WebPage","@id":"https:\/\/janert.info\/early-play-learning-landing-page\/","url":"https:\/\/janert.info\/early-play-learning-landing-page\/","name":"Early Play &amp; Learning landing page - Autistic children","isPartOf":{"@id":"https:\/\/janert.info\/#website"},"primaryImageOfPage":{"@id":"https:\/\/janert.info\/early-play-learning-landing-page\/#primaryimage"},"image":{"@id":"https:\/\/janert.info\/early-play-learning-landing-page\/#primaryimage"},"thumbnailUrl":"https:\/\/janert.info\/wp-content\/uploads\/2022\/05\/ASDFavicon2-300x300-1-300x300.png","datePublished":"2024-07-29T07:52:06+00:00","dateModified":"2024-12-03T10:55:58+00:00","description":"structure-autism-children-therapy-home-","breadcrumb":{"@id":"https:\/\/janert.info\/early-play-learning-landing-page\/#breadcrumb"},"inLanguage":"en-US","potentialAction":[{"@type":"ReadAction","target":["https:\/\/janert.info\/early-play-learning-landing-page\/"]}]},{"@type":"ImageObject","inLanguage":"en-US","@id":"https:\/\/janert.info\/early-play-learning-landing-page\/#primaryimage","url":"https:\/\/janert.info\/wp-content\/uploads\/2022\/05\/ASDFavicon2-300x300-1-300x300.png","contentUrl":"https:\/\/janert.info\/wp-content\/uploads\/2022\/05\/ASDFavicon2-300x300-1-300x300.png"},{"@type":"BreadcrumbList","@id":"https:\/\/janert.info\/early-play-learning-landing-page\/#breadcrumb","itemListElement":[{"@type":"ListItem","position":1,"name":"Startseite","item":"https:\/\/janert.info\/"},{"@type":"ListItem","position":2,"name":"Early Play &#038; Learning Landing-Page"}]},{"@type":"WebSite","@id":"https:\/\/janert.info\/#website","url":"https:\/\/janert.info\/","name":"Autistic children","description":"treat relationship-oriented","potentialAction":[{"@type":"SearchAction","target":{"@type":"EntryPoint","urlTemplate":"https:\/\/janert.info\/?s={search_term_string}"},"query-input":{"@type":"PropertyValueSpecification","valueRequired":true,"valueName":"search_term_string"}}],"inLanguage":"en-US"}]}},"_links":{"self":[{"href":"https:\/\/janert.info\/en\/wp-json\/wp\/v2\/pages\/9153","targetHints":{"allow":["GET"]}}],"collection":[{"href":"https:\/\/janert.info\/en\/wp-json\/wp\/v2\/pages"}],"about":[{"href":"https:\/\/janert.info\/en\/wp-json\/wp\/v2\/types\/page"}],"author":[{"embeddable":true,"href":"https:\/\/janert.info\/en\/wp-json\/wp\/v2\/users\/11"}],"replies":[{"embeddable":true,"href":"https:\/\/janert.info\/en\/wp-json\/wp\/v2\/comments?post=9153"}],"version-history":[{"count":9,"href":"https:\/\/janert.info\/en\/wp-json\/wp\/v2\/pages\/9153\/revisions"}],"predecessor-version":[{"id":9416,"href":"https:\/\/janert.info\/en\/wp-json\/wp\/v2\/pages\/9153\/revisions\/9416"}],"wp:attachment":[{"href":"https:\/\/janert.info\/en\/wp-json\/wp\/v2\/media?parent=9153"}],"curies":[{"name":"wp","href":"https:\/\/api.w.org\/{rel}","templated":true}]}}