{"id":9551,"date":"2025-02-22T10:48:35","date_gmt":"2025-02-22T09:48:35","guid":{"rendered":"https:\/\/janert.info\/?page_id=9551"},"modified":"2025-03-04T19:38:01","modified_gmt":"2025-03-04T18:38:01","slug":"webinar-making-development-progress-imaginable-videos","status":"publish","type":"page","link":"https:\/\/janert.info\/en\/webinar-entwicklungsfortschritte-vorstellbar-machen-videos\/","title":{"rendered":"Webinar: Making development progress imaginable (videos)"},"content":{"rendered":"<p>[et_pb_section fb_built=&#8220;1&#8243; admin_label=&#8220;Hero Section&#8220; _builder_version=&#8220;4.16&#8243; background_color=&#8220;#05896a&#8220; use_background_color_gradient=&#8220;on&#8220; background_color_gradient_direction=&#8220;1deg&#8220; background_color_gradient_stops=&#8220;#0fa3ae 0%|#0fa3ae 100%&#8220; background_color_gradient_start=&#8220;#0fa3ae&#8220; background_color_gradient_end=&#8220;#0fa3ae&#8220; custom_padding=&#8220;0||0||true|false&#8220; animation_style=&#8220;slide&#8220; animation_direction=&#8220;top&#8220; animation_intensity_slide=&#8220;2%&#8220; animation_starting_opacity=&#8220;100%&#8220; box_shadow_style=&#8220;preset7&#8243; box_shadow_horizontal=&#8220;0px&#8220; box_shadow_vertical=&#8220;-120px&#8220; box_shadow_color=&#8220;#ffffff&#8220; locked=&#8220;off&#8220; global_colors_info=&#8220;{}&#8220;][et_pb_row column_structure=&#8220;1_2,1_2&#8243; _builder_version=&#8220;4.16&#8243; background_size=&#8220;initial&#8220; background_position=&#8220;top_left&#8220; background_repeat=&#8220;repeat&#8220; custom_padding=&#8220;45px|0px|0|0px|false|false&#8220; custom_width_px=&#8220;1440px&#8220; global_colors_info=&#8220;{}&#8220;][et_pb_column type=&#8220;1_2&#8243; _builder_version=&#8220;4.16&#8243; custom_padding=&#8220;|||&#8220; global_colors_info=&#8220;{}&#8220; custom_padding__hover=&#8220;|||&#8220;][et_pb_text _builder_version=&#8220;4.16&#8243; text_font=&#8220;||||||||&#8220; header_font=&#8220;Yanone Kaffeesatz||||||||&#8220; header_text_color=&#8220;#fbd302&#8243; header_font_size=&#8220;58px&#8220; header_line_height=&#8220;1.5em&#8220; header_2_font=&#8220;||||||||&#8220; header_3_font=&#8220;||||||||&#8220; header_4_font=&#8220;||||||||&#8220; header_5_font=&#8220;||||||||&#8220; header_6_font=&#8220;||||||||&#8220; background_color=&#8220;rgba(255,255,255,0)&#8220; background_size=&#8220;initial&#8220; background_position=&#8220;top_left&#8220; background_repeat=&#8220;repeat&#8220; min_height=&#8220;101px&#8220; custom_margin=&#8220;||6px|&#8220; locked=&#8220;off&#8220; inline_fonts=&#8220;Yanone Kaffeesatz&#8220; global_colors_info=&#8220;{}&#8220;]<\/p>\n<h1>WEBINAR:\u00a0<\/h1>\n<h1>Entwicklungsfortschritte vorstellbar machen<\/h1>\n<h1><\/h1>\n<p>&nbsp;<\/p>\n<p>[\/et_pb_text][et_pb_text _builder_version=&#8220;4.16.0&#8243; _module_preset=&#8220;default&#8220; global_colors_info=&#8220;{}&#8220;][\/et_pb_text][et_pb_divider show_divider=&#8220;off&#8220; disabled_on=&#8220;on|on|off&#8220; _builder_version=&#8220;4.16&#8243; max_width=&#8220;80px&#8220; module_alignment=&#8220;left&#8220; height=&#8220;10px&#8220; custom_margin=&#8220;||20px|&#8220; animation_style=&#8220;slide&#8220; animation_direction=&#8220;bottom&#8220; saved_tabs=&#8220;all&#8220; locked=&#8220;off&#8220; global_colors_info=&#8220;{}&#8220;][\/et_pb_divider][\/et_pb_column][et_pb_column type=&#8220;1_2&#8243; _builder_version=&#8220;4.16&#8243; custom_padding=&#8220;|||&#8220; global_colors_info=&#8220;{}&#8220; custom_padding__hover=&#8220;|||&#8220;][et_pb_image src=&#8220;https:\/\/janert.info\/wp-content\/uploads\/2025\/02\/125-c-Naim-mum-shoe.jpg&#8220; title_text=&#8220;125 c Naim-mum-shoe&#8220; force_fullwidth=&#8220;on&#8220; _builder_version=&#8220;4.27.4&#8243; background_color=&#8220;#35B0B0&#8243; custom_margin=&#8220;|||&#8220; custom_padding=&#8220;|||&#8220; animation_style=&#8220;slide&#8220; animation_direction=&#8220;top&#8220; animation_intensity_slide=&#8220;6%&#8220; animation_starting_opacity=&#8220;100%&#8220; border_color_all=&#8220;#35B0B0&#8243; box_shadow_style=&#8220;preset1&#8243; box_shadow_horizontal=&#8220;-3px&#8220; box_shadow_color=&#8220;rgba(0,0,0,0.2)&#8220; always_center_on_mobile=&#8220;off&#8220; global_colors_info=&#8220;{}&#8220;][\/et_pb_image][\/et_pb_column][\/et_pb_row][\/et_pb_section][et_pb_section fb_built=&#8220;1&#8243; _builder_version=&#8220;4.16&#8243; global_colors_info=&#8220;{}&#8220;][et_pb_row disabled_on=&#8220;off|off|off&#8220; module_id=&#8220;community&#8220; _builder_version=&#8220;4.16.0&#8243; _module_preset=&#8220;default&#8220; custom_padding=&#8220;|20px|3px|20px|false|true&#8220; border_width_all=&#8220;2px&#8220; border_color_all=&#8220;#35B0B0&#8243; global_colors_info=&#8220;{}&#8220;][et_pb_column type=&#8220;4_4&#8243; _builder_version=&#8220;4.16.0&#8243; _module_preset=&#8220;default&#8220; global_colors_info=&#8220;{}&#8220;][et_pb_blurb icon_placement=&#8220;left&#8220; content_max_width=&#8220;1100px&#8220; _builder_version=&#8220;4.27.4&#8243; _module_preset=&#8220;default&#8220; custom_margin=&#8220;0px||0px||true|false&#8220; custom_padding=&#8220;4px||4px||true|false&#8220; global_colors_info=&#8220;{}&#8220;]<\/p>\n<h2>Wieviel Entwicklung ist m\u00f6glich bei Kindern mit einer Autismusdiagnose?<\/h2>\n<p>Eine beziehungsorientierte Floortime-Haltung zielt darauf ab, genau die (fehlenden) interaktiven Kapazit\u00e4ten zu entwickeln, die oft zu einer Autismusdiagnose f\u00fchren, indem wir dem Kind genau dieses Entwicklungspotential zutrauen und den Fokus eindeutig auf diese Kompetenzannahme richten, anstatt uns von defizitorientierten Autismusdiagnosen verunsichern und l\u00e4hmen zu lassen. Denn der Mensch und sein Gehirn sind daf\u00fcr angelegt, sich zu entwickeln und neue Daseinsweisen lernen zu k\u00f6nnen. Daf\u00fcr braucht ein Kind allerdings eine einf\u00fchlsame aufmerksame Bezugsperson, die an es glaubt, auf es eingeht, sich wirklich f\u00fcr seine innere Situation und Gef\u00fchle interessiert, und diese gezielt durch einf\u00fchlsame Co-Regulation f\u00f6rdert.<\/p>\n<p>Diese Webinare bieten eine einzigartige Gelegenheit anhand von Videos den Entwicklungsverlauf \u00fcber mehrere Jahre von verschiedenen Kindern mit autistisch-\u00e4hnlichen Verhaltensweisen und\/oder einer Autismusdiagnose zu verfolgen, deren Eltern ihr Kind beziehungsorientiert und mit einer ganzheitlichen einf\u00fchlsamen Floortimehaltung behandeln und erziehen.\u00a0<\/p>\n<p>Sieh dir an, was diese Eltern gemacht oder versucht haben, um ihr Kind aus autistisch-\u00e4hnlichen R\u00fcckzugsverhaltensweisen herauszulocken und sich der Welt und Beziehungen mit anderen Menschen mit Interesse zuzuwenden? Was hat funktioniert und warum, und was nicht?<\/p>\n<p>&nbsp;<\/p>\n<h4>In diesem Webinar lernst du<\/h4>\n<h4><\/h4>\n<ul>\n<li>anhand von Videobeispielen<\/li>\n<li>ein Kind mit autistisch-\u00e4hnlichen Verhaltensweisen und\/oder einer Autismusdiagnose kennen<\/li>\n<li>wie sich dieses Kind mit Hilfe seiner Eltern und einer Floortime-Haltung von einem unerreichbaren zu einem Kind weiterentwickelt hat, das gerne in Beziehung geht, sich mit Interesse der Welt zuwendet und mit anderen Menschen kommunizieren m\u00f6chte<\/li>\n<\/ul>\n<h4>Dieses Webinar beinhaltet<span style=\"color: #35b0b0; font-family: 'Yanone Kaffeesatz', sans-serif; font-size: 32px; letter-spacing: 1px;\"><\/span><\/h4>\n<ul>\n<li>Videobeispiele von Kindern mit autistisch-\u00e4hnlichen Verhaltensweisen und\/oder Autismusdiagnose<\/li>\n<li>gemeinsames Anschauen, um genaues Beobachten (&#8218;kleiner gucken&#8216;) und die feinen Kommunikationssignale des Kindes wahrnehmen zu lernen<\/li>\n<li>Spieltechniken und Strategien, um Interesse, Interaktion und Kommunikationsf\u00e4higkeiten des Kindes zu f\u00f6rdern<\/li>\n<li>Ideen zu hilfreichen Spielmaterialien und Spielaktivit\u00e4ten<\/li>\n<li>Austausch, Fragen und Diskussion zur Umsetzung mit deinem eigenen Kind\u00a0<\/li>\n<\/ul>\n<p>[\/et_pb_blurb][\/et_pb_column][\/et_pb_row][et_pb_row column_structure=&#8220;2_3,1_3&#8243; _builder_version=&#8220;4.25.0&#8243; _module_preset=&#8220;default&#8220; custom_padding=&#8220;||0px|||&#8220; global_colors_info=&#8220;{}&#8220;][et_pb_column type=&#8220;2_3&#8243; _builder_version=&#8220;4.25.0&#8243; _module_preset=&#8220;default&#8220; global_colors_info=&#8220;{}&#8220;][et_pb_text _builder_version=&#8220;4.16.0&#8243; _module_preset=&#8220;default&#8220; custom_margin=&#8220;||23px|||&#8220; custom_padding=&#8220;15px||||false|false&#8220; global_colors_info=&#8220;{}&#8220;]<\/p>\n<p><strong>Termin: Di. 11.3.2025, 19-21 Uhr &#8211; <\/strong><strong>Den Zoom-link erh\u00e4lst du ca. 1 Tag vorher!<\/strong><\/p>\n<p><span style=\"font-size: 16px;\"><\/span><\/p>\n<p>[\/et_pb_text][et_pb_button button_text=&#8220;Hier WEBINAR buchen&#8220; button_alignment=&#8220;left&#8220; disabled_on=&#8220;off|off|off&#8220; _builder_version=&#8220;4.27.4&#8243; custom_button=&#8220;on&#8220; button_text_color=&#8220;#FBD302&#8243; button_bg_color=&#8220;#0FA3AE&#8220; button_border_color=&#8220;#0FA3AE&#8220; button_font=&#8220;||||||||&#8220; custom_margin=&#8220;28px|||||&#8220; hover_enabled=&#8220;0&#8243; global_colors_info=&#8220;{}&#8220; sticky_enabled=&#8220;0&#8243; button_url=&#8220;https:\/\/www.digistore24.com\/product\/597823&#8243;][\/et_pb_button][\/et_pb_column][et_pb_column type=&#8220;1_3&#8243; _builder_version=&#8220;4.25.0&#8243; _module_preset=&#8220;default&#8220; global_colors_info=&#8220;{}&#8220;][et_pb_text _builder_version=&#8220;4.27.4&#8243; _module_preset=&#8220;default&#8220; custom_margin=&#8220;||23px|||&#8220; custom_padding=&#8220;15px||||false|false&#8220; global_colors_info=&#8220;{}&#8220;]<\/p>\n<p><strong><span>Zielgruppe: <\/span><\/strong>Eltern, Fachleute<\/p>\n<p><strong><span>M<\/span><\/strong><strong><span>aximale Teilnehmerzahl: <\/span><\/strong>24<strong><span><br \/>Teilnahmegeb\u00fchr: <\/span><\/strong>\u20ac 55,00<\/p>\n<p><span style=\"font-size: 16px;\"><\/span><\/p>\n<p>[\/et_pb_text][\/et_pb_column][\/et_pb_row][\/et_pb_section][et_pb_section fb_built=&#8220;1&#8243; _builder_version=&#8220;4.25.0&#8243; _module_preset=&#8220;default&#8220; global_colors_info=&#8220;{}&#8220;][\/et_pb_section]<\/p>\n<span class=\"et_bloom_bottom_trigger\"><\/span>","protected":false},"excerpt":{"rendered":"<p>WEBINAR:\u00a0 Entwicklungsfortschritte vorstellbar machen &nbsp;Wieviel Entwicklung ist m\u00f6glich bei Kindern mit einer Autismusdiagnose? Eine beziehungsorientierte Floortime-Haltung zielt darauf ab, genau die (fehlenden) interaktiven Kapazit\u00e4ten zu entwickeln, die oft zu einer Autismusdiagnose f\u00fchren, indem wir dem Kind genau dieses Entwicklungspotential zutrauen und den Fokus eindeutig auf diese Kompetenzannahme richten, anstatt uns von defizitorientierten Autismusdiagnosen verunsichern und [&hellip;]<\/p>\n","protected":false},"author":3,"featured_media":0,"parent":0,"menu_order":0,"comment_status":"closed","ping_status":"closed","template":"","meta":{"_acf_changed":false,"_et_pb_use_builder":"on","_et_pb_old_content":"","_et_gb_content_width":"","footnotes":""},"class_list":["post-9551","page","type-page","status-publish","hentry"],"acf":[],"yoast_head":"<!-- This site is optimized with the Yoast SEO plugin v27.3 - https:\/\/yoast.com\/product\/yoast-seo-wordpress\/ -->\n<title>Webinar: Entwicklungsfortschritte vorstellbar machen (Videos) - Autistische Kinder<\/title>\n<meta name=\"robots\" content=\"index, follow, max-snippet:-1, max-image-preview:large, max-video-preview:-1\" \/>\n<link rel=\"canonical\" href=\"https:\/\/janert.info\/en\/webinar-making-development-progress-imaginable-videos\/\" \/>\n<meta property=\"og:locale\" content=\"en_US\" \/>\n<meta property=\"og:type\" content=\"article\" \/>\n<meta property=\"og:title\" content=\"Webinar: Entwicklungsfortschritte vorstellbar machen (Videos) - Autistische Kinder\" \/>\n<meta property=\"og:description\" content=\"WEBINAR:\u00a0 Entwicklungsfortschritte vorstellbar machen &nbsp;Wieviel Entwicklung ist m\u00f6glich bei Kindern mit einer Autismusdiagnose? Eine beziehungsorientierte Floortime-Haltung zielt darauf ab, genau die (fehlenden) interaktiven Kapazit\u00e4ten zu entwickeln, die oft zu einer Autismusdiagnose f\u00fchren, indem wir dem Kind genau dieses Entwicklungspotential zutrauen und den Fokus eindeutig auf diese Kompetenzannahme richten, anstatt uns von defizitorientierten Autismusdiagnosen verunsichern und [&hellip;]\" \/>\n<meta property=\"og:url\" content=\"https:\/\/janert.info\/en\/webinar-making-development-progress-imaginable-videos\/\" \/>\n<meta property=\"og:site_name\" content=\"Autistische Kinder\" \/>\n<meta property=\"article:modified_time\" content=\"2025-03-04T18:38:01+00:00\" \/>\n<meta name=\"twitter:card\" content=\"summary_large_image\" \/>\n<meta name=\"twitter:label1\" content=\"Est. reading time\" \/>\n\t<meta name=\"twitter:data1\" content=\"2 minutes\" \/>\n<script type=\"application\/ld+json\" class=\"yoast-schema-graph\">{\"@context\":\"https:\\\/\\\/schema.org\",\"@graph\":[{\"@type\":\"WebPage\",\"@id\":\"https:\\\/\\\/janert.info\\\/webinar-entwicklungsfortschritte-vorstellbar-machen-videos\\\/\",\"url\":\"https:\\\/\\\/janert.info\\\/webinar-entwicklungsfortschritte-vorstellbar-machen-videos\\\/\",\"name\":\"Webinar: Entwicklungsfortschritte vorstellbar machen (Videos) - Autistische Kinder\",\"isPartOf\":{\"@id\":\"https:\\\/\\\/janert.info\\\/#website\"},\"datePublished\":\"2025-02-22T09:48:35+00:00\",\"dateModified\":\"2025-03-04T18:38:01+00:00\",\"breadcrumb\":{\"@id\":\"https:\\\/\\\/janert.info\\\/webinar-entwicklungsfortschritte-vorstellbar-machen-videos\\\/#breadcrumb\"},\"inLanguage\":\"en-US\",\"potentialAction\":[{\"@type\":\"ReadAction\",\"target\":[\"https:\\\/\\\/janert.info\\\/webinar-entwicklungsfortschritte-vorstellbar-machen-videos\\\/\"]}]},{\"@type\":\"BreadcrumbList\",\"@id\":\"https:\\\/\\\/janert.info\\\/webinar-entwicklungsfortschritte-vorstellbar-machen-videos\\\/#breadcrumb\",\"itemListElement\":[{\"@type\":\"ListItem\",\"position\":1,\"name\":\"Startseite\",\"item\":\"https:\\\/\\\/janert.info\\\/\"},{\"@type\":\"ListItem\",\"position\":2,\"name\":\"Webinar: Entwicklungsfortschritte vorstellbar machen (Videos)\"}]},{\"@type\":\"WebSite\",\"@id\":\"https:\\\/\\\/janert.info\\\/#website\",\"url\":\"https:\\\/\\\/janert.info\\\/\",\"name\":\"Autistische Kinder\",\"description\":\"beziehungs-orientiert behandeln\",\"potentialAction\":[{\"@type\":\"SearchAction\",\"target\":{\"@type\":\"EntryPoint\",\"urlTemplate\":\"https:\\\/\\\/janert.info\\\/?s={search_term_string}\"},\"query-input\":{\"@type\":\"PropertyValueSpecification\",\"valueRequired\":true,\"valueName\":\"search_term_string\"}}],\"inLanguage\":\"en-US\"}]}<\/script>\n<!-- \/ Yoast SEO plugin. -->","yoast_head_json":{"title":"Webinar: Making developmental progress imaginable (videos) - Autistic children","robots":{"index":"index","follow":"follow","max-snippet":"max-snippet:-1","max-image-preview":"max-image-preview:large","max-video-preview":"max-video-preview:-1"},"canonical":"https:\/\/janert.info\/en\/webinar-making-development-progress-imaginable-videos\/","og_locale":"en_US","og_type":"article","og_title":"Webinar: Entwicklungsfortschritte vorstellbar machen (Videos) - Autistische Kinder","og_description":"WEBINAR:\u00a0 Entwicklungsfortschritte vorstellbar machen &nbsp;Wieviel Entwicklung ist m\u00f6glich bei Kindern mit einer Autismusdiagnose? Eine beziehungsorientierte Floortime-Haltung zielt darauf ab, genau die (fehlenden) interaktiven Kapazit\u00e4ten zu entwickeln, die oft zu einer Autismusdiagnose f\u00fchren, indem wir dem Kind genau dieses Entwicklungspotential zutrauen und den Fokus eindeutig auf diese Kompetenzannahme richten, anstatt uns von defizitorientierten Autismusdiagnosen verunsichern und [&hellip;]","og_url":"https:\/\/janert.info\/en\/webinar-making-development-progress-imaginable-videos\/","og_site_name":"Autistische Kinder","article_modified_time":"2025-03-04T18:38:01+00:00","twitter_card":"summary_large_image","twitter_misc":{"Est. reading time":"2 minutes"},"schema":{"@context":"https:\/\/schema.org","@graph":[{"@type":"WebPage","@id":"https:\/\/janert.info\/webinar-entwicklungsfortschritte-vorstellbar-machen-videos\/","url":"https:\/\/janert.info\/webinar-entwicklungsfortschritte-vorstellbar-machen-videos\/","name":"Webinar: Making developmental progress imaginable (videos) - Autistic children","isPartOf":{"@id":"https:\/\/janert.info\/#website"},"datePublished":"2025-02-22T09:48:35+00:00","dateModified":"2025-03-04T18:38:01+00:00","breadcrumb":{"@id":"https:\/\/janert.info\/webinar-entwicklungsfortschritte-vorstellbar-machen-videos\/#breadcrumb"},"inLanguage":"en-US","potentialAction":[{"@type":"ReadAction","target":["https:\/\/janert.info\/webinar-entwicklungsfortschritte-vorstellbar-machen-videos\/"]}]},{"@type":"BreadcrumbList","@id":"https:\/\/janert.info\/webinar-entwicklungsfortschritte-vorstellbar-machen-videos\/#breadcrumb","itemListElement":[{"@type":"ListItem","position":1,"name":"Startseite","item":"https:\/\/janert.info\/"},{"@type":"ListItem","position":2,"name":"Webinar: Entwicklungsfortschritte vorstellbar machen (Videos)"}]},{"@type":"WebSite","@id":"https:\/\/janert.info\/#website","url":"https:\/\/janert.info\/","name":"Autistic children","description":"treat relationship-oriented","potentialAction":[{"@type":"SearchAction","target":{"@type":"EntryPoint","urlTemplate":"https:\/\/janert.info\/?s={search_term_string}"},"query-input":{"@type":"PropertyValueSpecification","valueRequired":true,"valueName":"search_term_string"}}],"inLanguage":"en-US"}]}},"_links":{"self":[{"href":"https:\/\/janert.info\/en\/wp-json\/wp\/v2\/pages\/9551","targetHints":{"allow":["GET"]}}],"collection":[{"href":"https:\/\/janert.info\/en\/wp-json\/wp\/v2\/pages"}],"about":[{"href":"https:\/\/janert.info\/en\/wp-json\/wp\/v2\/types\/page"}],"author":[{"embeddable":true,"href":"https:\/\/janert.info\/en\/wp-json\/wp\/v2\/users\/3"}],"replies":[{"embeddable":true,"href":"https:\/\/janert.info\/en\/wp-json\/wp\/v2\/comments?post=9551"}],"version-history":[{"count":10,"href":"https:\/\/janert.info\/en\/wp-json\/wp\/v2\/pages\/9551\/revisions"}],"predecessor-version":[{"id":9596,"href":"https:\/\/janert.info\/en\/wp-json\/wp\/v2\/pages\/9551\/revisions\/9596"}],"wp:attachment":[{"href":"https:\/\/janert.info\/en\/wp-json\/wp\/v2\/media?parent=9551"}],"curies":[{"name":"wp","href":"https:\/\/api.w.org\/{rel}","templated":true}]}}