{"id":9795,"date":"2025-06-23T06:47:42","date_gmt":"2025-06-23T04:47:42","guid":{"rendered":"https:\/\/janert.info\/?page_id=9795"},"modified":"2025-06-23T11:12:17","modified_gmt":"2025-06-23T09:12:17","slug":"accessibility-declaration","status":"publish","type":"page","link":"https:\/\/janert.info\/en\/barrierefreiheitserklaerung\/","title":{"rendered":"Declaration of accessibility"},"content":{"rendered":"<p>[et_pb_section fb_built=&#8220;1&#8243; _builder_version=&#8220;4.27.4&#8243; _module_preset=&#8220;default&#8220; global_colors_info=&#8220;{}&#8220;][et_pb_row _builder_version=&#8220;4.27.4&#8243; _module_preset=&#8220;default&#8220; global_colors_info=&#8220;{}&#8220;][et_pb_column type=&#8220;4_4&#8243; _builder_version=&#8220;4.27.4&#8243; _module_preset=&#8220;default&#8220; global_colors_info=&#8220;{}&#8220;][et_pb_text _builder_version=&#8220;4.27.4&#8243; _module_preset=&#8220;default&#8220; global_colors_info=&#8220;{}&#8220;]<\/p>\n<h1>Erkl\u00e4rung zur Barrierefreiheit f\u00fcr Dienstleistungen<\/h1>\n<p>[\/et_pb_text][et_pb_text _builder_version=&#8220;4.27.4&#8243; _module_preset=&#8220;default&#8220; global_colors_info=&#8220;{}&#8220;]<\/p>\n<p>Im Rahmen unserer Barrierefreiheitserkl\u00e4rung m\u00f6chten wir Ihnen einen \u00dcberblick \u00fcber den Stand der Vereinbarkeit der unten beschriebenen Dienstleistung(en) mit den Anforderungen der Barrierefreiheit nach gesetzlichen Vorschriften (insbesondere mit dem Barrierefreiheitsst\u00e4rkungsgesetz \u2013 BFSG) geben.<\/p>\n<h2>Angaben zum Dienstleistungserbringer<\/h2>\n<p>Sibylle Janert<br \/>An der Au 3<br \/>83324 Ruhpolding<br \/>Deutschland<\/p>\n<h2>Allgemeine Beschreibung der Dienstleistung<\/h2>\n<p>Sibylle Janert bietet beziehungsorientierte therapeutische Entwicklungsans\u00e4tze an, um Eltern von Kindern mit autistisch-\u00e4hnlichen Verhaltensweisen oder Autismusdiagnosen zu unterst\u00fctzen. Ihr Ansatz ist fokussiert auf kreative und individuelle Methoden, die helfen, die sprachliche, spielerische und soziale Entwicklung der Kinder zu f\u00f6rdern. Dabei legt sie Wert darauf, die sensorisch-emotionalen Bed\u00fcrfnisse der Kinder zu verstehen und die Beziehung zwischen Eltern und Kind zu st\u00e4rken.<\/p>\n<p>Das Angebot richtet sich an Eltern und Fachpersonen, die mit herausfordernden Verhaltensweisen, verz\u00f6gerter Sprachentwicklung oder Lern- und Beziehungsschwierigkeiten bei Kindern konfrontiert sind, \u2013 sowohl mit als auch ohne offizielle Autismusdiagnose. Neben pers\u00f6nlichem Coaching f\u00fcr Eltern bietet Sibylle Janert Fortbildungen f\u00fcr Fachkr\u00e4fte, Webinare sowie praxisnahe Materialien und B\u00fccher an. Ein regelm\u00e4\u00dfiger Newsletter versorgt Interessierte mit Tipps, Spielideen und aktuellen Informationen rund um das Thema Autismus, Entwicklungsf\u00f6rderung und therapeutische Interventionen.<\/p>\n<h2>Erl\u00e4uterungen zur Durchf\u00fchrung der Dienstleistung<\/h2>\n<p><span>Die Unterst\u00fctzung durch Sibylle Janert erfolgt individuell und praxisnah, meist in Form von pers\u00f6nlichem Coaching f\u00fcr Eltern, die lernen m\u00f6chten, ihr Kind besser zu verstehen und gezielt zu f\u00f6rdern. Der Einstieg erfolgt \u00fcber ein Erstgespr\u00e4ch, in dem die aktuelle Situation besprochen und erste Strategien entwickelt werden. Erg\u00e4nzend gibt es Fortbildungen und Webinare, die sich an Fachkr\u00e4fte und Eltern richten und tiefer in die Methoden und Hintergr\u00fcnde einf\u00fchren.<\/span><\/p>\n<p>Die Arbeit basiert auf beziehungsorientierten, kreativen Ans\u00e4tzen wie DIRFloortime und der Waldon-Methode, die spielerische Interaktion und emotionale Verbindung bzw. das aktive Erfahrungslernen in den Mittelpunkt stellen. Eltern erhalten konkrete \u00dcbungen, Tipps und Materialien, um die Entwicklung ihres Kindes zuhause aktiv zu unterst\u00fctzen. Zus\u00e4tzlich bietet der regelm\u00e4\u00dfige Newsletter wertvolle Impulse, Spielideen und Informationen zu aktuellen Angeboten. Die Begleitung ist darauf ausgerichtet, Familien Handlungskompetenz zu geben und die Lebensqualit\u00e4t von Kindern mit autistischen Merkmalen nachhaltig zu verbessern.\u00a0<\/p>\n<h2>Stand der Vereinbarkeit mit den Anforderungen<\/h2>\n<p>Die oben genannte Dienstleistung ist teilweise mit dem Barrierefreiheitsst\u00e4rkungsgesetz (BFSG) vereinbar.<\/p>\n<p>Folgende Teile\/Inhalte\/Funktionen der Dienstleistung sind nicht barrierefrei:<\/p>\n<p>Folgende Inhalte und Funktionen sind derzeit noch nicht vollst\u00e4ndig barrierefrei:<\/p>\n<ul>\n<li>Einzelne Bilder verf\u00fcgen \u00fcber Alternativtexte, die vorrangig suchmaschinenoptimiert und nicht speziell auf Barrierefreiheit abgestimmt sind<\/li>\n<li>Eingesetzte externe Tools oder Plugins (z.B. Newsletterformulare) k\u00f6nnen in Teilen nicht barrierefrei sein<\/li>\n<li>Kontrastverh\u00e4ltnisse entsprechen nicht auf allen Elementen den Anforderungen der WCAG 2.1 AA<\/li>\n<li>PDF-Dokumente oder eingebunden Videos sind nicht vollst\u00e4ndig barrierefrei aufbereitet<\/li>\n<\/ul>\n<p>Diese Einschr\u00e4nkungen betreffen insbesondere technische Fremdinhalte und bestehende Inhalte aus fr\u00fcheren Projektphasen.<\/p>\n<p>Wir bem\u00fchen uns im Rahmen unserer M\u00f6glichkeiten um eine kontinuierliche Verbesserung der Zug\u00e4nglichkeit.<\/p>\n<h3>Barrierefreie Alternativen<\/h3>\n<p>Informationen aus nicht barrierefreien PDF-Dokumenten stellen wir auf Anfrage gerne in alternativen Formaten zur Verf\u00fcgung.<\/p>\n<p>Bei Fragen oder Unterst\u00fctzungsbedarf kannst du dich jederzeit an uns wenden.<\/p>\n<h3>Nicht barrierefreie Teile der Dienstleistung \u2013 Umsetzungsfristen<\/h3>\n<p>Bestehende Barrieren werden im Rahmen zuk\u00fcnftiger technischer oder inhaltlicher \u00dcberarbeitungen schrittweise reduziert.<\/p>\n<p>Eine vollst\u00e4ndige Umsetzung ist abh\u00e4ngig von den eingesetzten Systemen, technischen M\u00f6glichkeiten und personellen Kapazit\u00e4ten.<\/p>\n<p>Wir \u00fcberpr\u00fcfen unsere Website regelm\u00e4\u00dfig und nehmen Anpassungen kontinuierlich vor.<\/p>\n<h2>Erstellung der Barrierefreiheitserkl\u00e4rung<\/h2>\n<p>Datum der Erstellung der Barrierefreiheitserkl\u00e4rung: 23.06.2025<br \/>Datum der letzten \u00dcberpr\u00fcfung der o. g. Leistungen hinsichtlich der Anforderungen zur Barrierefreiheit: 23.06.2025<\/p>\n<h2>Einsch\u00e4tzung zum Stand der Barrierefreiheit<\/h2>\n<p>Die Einsch\u00e4tzung zum Stand der Barrierefreiheit beruht auf unserer Selbsteinsch\u00e4tzung.<\/p>\n<h2>Feedbackm\u00f6glichkeit und Kontaktangaben<\/h2>\n<p>E-Mail: perspektiven@janert.info<\/p>\n<p>[\/et_pb_text][\/et_pb_column][\/et_pb_row][\/et_pb_section]<\/p>\n<span class=\"et_bloom_bottom_trigger\"><\/span>","protected":false},"excerpt":{"rendered":"<p>Erkl\u00e4rung zur Barrierefreiheit f\u00fcr DienstleistungenIm Rahmen unserer Barrierefreiheitserkl\u00e4rung m\u00f6chten wir Ihnen einen \u00dcberblick \u00fcber den Stand der Vereinbarkeit der unten beschriebenen Dienstleistung(en) mit den Anforderungen der Barrierefreiheit nach gesetzlichen Vorschriften (insbesondere mit dem Barrierefreiheitsst\u00e4rkungsgesetz \u2013 BFSG) geben. Angaben zum Dienstleistungserbringer Sibylle JanertAn der Au 383324 RuhpoldingDeutschland Allgemeine Beschreibung der Dienstleistung Sibylle Janert bietet beziehungsorientierte therapeutische [&hellip;]<\/p>\n","protected":false},"author":6,"featured_media":0,"parent":0,"menu_order":0,"comment_status":"closed","ping_status":"closed","template":"","meta":{"_acf_changed":false,"_et_pb_use_builder":"on","_et_pb_old_content":"","_et_gb_content_width":"","footnotes":""},"class_list":["post-9795","page","type-page","status-publish","hentry"],"acf":[],"yoast_head":"<!-- This site is optimized with the Yoast SEO plugin v27.3 - https:\/\/yoast.com\/product\/yoast-seo-wordpress\/ -->\n<title>Barrierefreiheitserkl\u00e4rung - Autistische Kinder<\/title>\n<meta name=\"robots\" content=\"noindex, nofollow\" \/>\n<meta property=\"og:locale\" content=\"en_US\" \/>\n<meta property=\"og:type\" content=\"article\" \/>\n<meta property=\"og:title\" content=\"Barrierefreiheitserkl\u00e4rung - Autistische Kinder\" \/>\n<meta property=\"og:description\" content=\"Erkl\u00e4rung zur Barrierefreiheit f\u00fcr DienstleistungenIm Rahmen unserer Barrierefreiheitserkl\u00e4rung m\u00f6chten wir Ihnen einen \u00dcberblick \u00fcber den Stand der Vereinbarkeit der unten beschriebenen Dienstleistung(en) mit den Anforderungen der Barrierefreiheit nach gesetzlichen Vorschriften (insbesondere mit dem Barrierefreiheitsst\u00e4rkungsgesetz \u2013 BFSG) geben. Angaben zum Dienstleistungserbringer Sibylle JanertAn der Au 383324 RuhpoldingDeutschland Allgemeine Beschreibung der Dienstleistung Sibylle Janert bietet beziehungsorientierte therapeutische [&hellip;]\" \/>\n<meta property=\"og:url\" content=\"https:\/\/janert.info\/en\/accessibility-declaration\/\" \/>\n<meta property=\"og:site_name\" content=\"Autistische Kinder\" \/>\n<meta property=\"article:modified_time\" content=\"2025-06-23T09:12:17+00:00\" \/>\n<meta name=\"twitter:card\" content=\"summary_large_image\" \/>\n<script type=\"application\/ld+json\" class=\"yoast-schema-graph\">{\"@context\":\"https:\\\/\\\/schema.org\",\"@graph\":[{\"@type\":\"WebPage\",\"@id\":\"https:\\\/\\\/janert.info\\\/barrierefreiheitserklaerung\\\/\",\"url\":\"https:\\\/\\\/janert.info\\\/barrierefreiheitserklaerung\\\/\",\"name\":\"Barrierefreiheitserkl\u00e4rung - Autistische Kinder\",\"isPartOf\":{\"@id\":\"https:\\\/\\\/janert.info\\\/#website\"},\"datePublished\":\"2025-06-23T04:47:42+00:00\",\"dateModified\":\"2025-06-23T09:12:17+00:00\",\"breadcrumb\":{\"@id\":\"https:\\\/\\\/janert.info\\\/barrierefreiheitserklaerung\\\/#breadcrumb\"},\"inLanguage\":\"en-US\",\"potentialAction\":[{\"@type\":\"ReadAction\",\"target\":[\"https:\\\/\\\/janert.info\\\/barrierefreiheitserklaerung\\\/\"]}]},{\"@type\":\"BreadcrumbList\",\"@id\":\"https:\\\/\\\/janert.info\\\/barrierefreiheitserklaerung\\\/#breadcrumb\",\"itemListElement\":[{\"@type\":\"ListItem\",\"position\":1,\"name\":\"Startseite\",\"item\":\"https:\\\/\\\/janert.info\\\/\"},{\"@type\":\"ListItem\",\"position\":2,\"name\":\"Barrierefreiheitserkl\u00e4rung\"}]},{\"@type\":\"WebSite\",\"@id\":\"https:\\\/\\\/janert.info\\\/#website\",\"url\":\"https:\\\/\\\/janert.info\\\/\",\"name\":\"Autistische Kinder\",\"description\":\"beziehungs-orientiert behandeln\",\"potentialAction\":[{\"@type\":\"SearchAction\",\"target\":{\"@type\":\"EntryPoint\",\"urlTemplate\":\"https:\\\/\\\/janert.info\\\/?s={search_term_string}\"},\"query-input\":{\"@type\":\"PropertyValueSpecification\",\"valueRequired\":true,\"valueName\":\"search_term_string\"}}],\"inLanguage\":\"en-US\"}]}<\/script>\n<!-- \/ Yoast SEO plugin. -->","yoast_head_json":{"title":"Declaration of accessibility - Autistic children","robots":{"index":"noindex","follow":"nofollow"},"og_locale":"en_US","og_type":"article","og_title":"Barrierefreiheitserkl\u00e4rung - Autistische Kinder","og_description":"Erkl\u00e4rung zur Barrierefreiheit f\u00fcr DienstleistungenIm Rahmen unserer Barrierefreiheitserkl\u00e4rung m\u00f6chten wir Ihnen einen \u00dcberblick \u00fcber den Stand der Vereinbarkeit der unten beschriebenen Dienstleistung(en) mit den Anforderungen der Barrierefreiheit nach gesetzlichen Vorschriften (insbesondere mit dem Barrierefreiheitsst\u00e4rkungsgesetz \u2013 BFSG) geben. Angaben zum Dienstleistungserbringer Sibylle JanertAn der Au 383324 RuhpoldingDeutschland Allgemeine Beschreibung der Dienstleistung Sibylle Janert bietet beziehungsorientierte therapeutische [&hellip;]","og_url":"https:\/\/janert.info\/en\/accessibility-declaration\/","og_site_name":"Autistische Kinder","article_modified_time":"2025-06-23T09:12:17+00:00","twitter_card":"summary_large_image","schema":{"@context":"https:\/\/schema.org","@graph":[{"@type":"WebPage","@id":"https:\/\/janert.info\/barrierefreiheitserklaerung\/","url":"https:\/\/janert.info\/barrierefreiheitserklaerung\/","name":"Declaration of accessibility - Autistic children","isPartOf":{"@id":"https:\/\/janert.info\/#website"},"datePublished":"2025-06-23T04:47:42+00:00","dateModified":"2025-06-23T09:12:17+00:00","breadcrumb":{"@id":"https:\/\/janert.info\/barrierefreiheitserklaerung\/#breadcrumb"},"inLanguage":"en-US","potentialAction":[{"@type":"ReadAction","target":["https:\/\/janert.info\/barrierefreiheitserklaerung\/"]}]},{"@type":"BreadcrumbList","@id":"https:\/\/janert.info\/barrierefreiheitserklaerung\/#breadcrumb","itemListElement":[{"@type":"ListItem","position":1,"name":"Startseite","item":"https:\/\/janert.info\/"},{"@type":"ListItem","position":2,"name":"Barrierefreiheitserkl\u00e4rung"}]},{"@type":"WebSite","@id":"https:\/\/janert.info\/#website","url":"https:\/\/janert.info\/","name":"Autistic children","description":"treat relationship-oriented","potentialAction":[{"@type":"SearchAction","target":{"@type":"EntryPoint","urlTemplate":"https:\/\/janert.info\/?s={search_term_string}"},"query-input":{"@type":"PropertyValueSpecification","valueRequired":true,"valueName":"search_term_string"}}],"inLanguage":"en-US"}]}},"_links":{"self":[{"href":"https:\/\/janert.info\/en\/wp-json\/wp\/v2\/pages\/9795","targetHints":{"allow":["GET"]}}],"collection":[{"href":"https:\/\/janert.info\/en\/wp-json\/wp\/v2\/pages"}],"about":[{"href":"https:\/\/janert.info\/en\/wp-json\/wp\/v2\/types\/page"}],"author":[{"embeddable":true,"href":"https:\/\/janert.info\/en\/wp-json\/wp\/v2\/users\/6"}],"replies":[{"embeddable":true,"href":"https:\/\/janert.info\/en\/wp-json\/wp\/v2\/comments?post=9795"}],"version-history":[{"count":6,"href":"https:\/\/janert.info\/en\/wp-json\/wp\/v2\/pages\/9795\/revisions"}],"predecessor-version":[{"id":9812,"href":"https:\/\/janert.info\/en\/wp-json\/wp\/v2\/pages\/9795\/revisions\/9812"}],"wp:attachment":[{"href":"https:\/\/janert.info\/en\/wp-json\/wp\/v2\/media?parent=9795"}],"curies":[{"name":"wp","href":"https:\/\/api.w.org\/{rel}","templated":true}]}}